{"id":462,"date":"2026-01-14T08:26:17","date_gmt":"2026-01-14T08:26:17","guid":{"rendered":"https:\/\/aircompressorforlasercutter.com\/product\/air-assist-pump-for-xtool-d1-pro-laser-engraver\/"},"modified":"2026-01-14T08:50:32","modified_gmt":"2026-01-14T08:50:32","slug":"air-assist-pump-for-xtool-d1-pro-laser-engraver","status":"publish","type":"product","link":"https:\/\/aircompressorforlasercutter.com\/sv\/produkt\/luftpump-for-xtool-d1-pro-lasergravor\/","title":{"rendered":"Luftpump f\u00f6r xTool D1 Pro lasergrav\u00f6r"},"content":{"rendered":"<h1>Luftassistanspump f\u00f6r xTool D1 Pro lasergrav\u00f6r: Lasersk\u00e4rningens ok\u00e4nda hj\u00e4lte<\/h1>\n<h2>1. Bakgrund: En f\u00f6rbisedd marknad<\/h2>\n<p>I det konkurrensutsatta landskapet inom lasergravering \u00e4r det vanligt att k\u00f6pare investerar betydande resurser i att f\u00f6rv\u00e4rva h\u00f6gkvalitativa lasermaskiner som xTool D1 Pro. En ofta f\u00f6rbisedd komponent \u00e4r dock luftpump, ett viktigt tillbeh\u00f6r som direkt p\u00e5verkar prestandan och livsl\u00e4ngden hos dessa maskiner. Medan lasergrav\u00f6ren i sig f\u00e5r mycket uppm\u00e4rksamhet spelar luftpump en avg\u00f6rande roll f\u00f6r att f\u00f6rb\u00e4ttra sk\u00e4rkvaliteten och s\u00e4kerst\u00e4lla maskinens h\u00e5llbarhet.<\/p>\n<p>Luftassistans \u00e4r inte bara ett kompletterande tillbeh\u00f6r; det \u00e4r en avg\u00f6rande faktor som p\u00e5verkar slutresultatet av lasergraveringsprojekt. F\u00f6r B2B-kunder leder valet av r\u00e4tt luftassistanspump till f\u00e4rre kundklagom\u00e5l om problem som otillr\u00e4ckligt sk\u00e4rdjup eller skadade linser, vilket i slut\u00e4ndan leder till h\u00f6gre kundlojalitet.<\/p>\n<h2>2. Analys av sm\u00e4rtpunkter: De dolda kostnaderna f\u00f6r billiga luftpumpar<\/h2>\n<h3>S\u00e4mre sk\u00e4rkvalitet<\/h3>\n<p>Att anv\u00e4nda en billig luftpump kan resultera i instabilt luftfl\u00f6de, vilket avsev\u00e4rt p\u00e5verkar sk\u00e4rkvaliteten. D\u00e5ligt luftfl\u00f6de leder till f\u00f6rkolnade kanter p\u00e5 material, l\u00e5g sk\u00e4reffektivitet och ett f\u00f6rs\u00e4mrat utseende p\u00e5 slutprodukten, vilket kan avskr\u00e4cka potentiella k\u00f6pare. Detta f\u00f6rs\u00e4mrar inte bara slutanv\u00e4ndarupplevelsen utan p\u00e5verkar ocks\u00e5 det \u00f6vergripande varum\u00e4rkesryktet f\u00f6r f\u00f6retag som f\u00f6rlitar sig p\u00e5 lasergraveringsteknik.<\/p>\n<h3>Risk f\u00f6r utrustningsskada<\/h3>\n<p>Underm\u00e5liga luftpumpar, s\u00e4rskilt de som \u00e4r oljebaserade, utg\u00f6r en betydande risk f\u00f6r lasergrav\u00f6rer. De kan avge oljedimma eller fukt som kan f\u00f6rorena laserlinsen, vilket resulterar i kostsamma reparationer och \u00f6kade returer. Denna dolda kostnad kan ackumuleras snabbt och p\u00e5verka l\u00f6nsamhet och kundn\u00f6jdhet.<\/p>\n<h3>Bulleravskr\u00e4ckande medel<\/h3>\n<p>Traditionella luftkompressorer genererar ofta h\u00f6ga ljudniv\u00e5er, vilket g\u00f6r dem ol\u00e4mpliga f\u00f6r hemmabruk och utbildningsmilj\u00f6er. Den betydande ljudniv\u00e5n begr\u00e4nsar marknadsr\u00e4ckvidden och kundsegment som skulle kunna dra nytta av lasergraveringsteknik, vilket begr\u00e4nsar f\u00f6rs\u00e4ljningsm\u00f6jligheterna.<\/p>\n<h2>3. V\u00e5r l\u00f6sning<\/h2>\n<h3>Oljefri och vattenfri design<\/h3>\n<p>V\u00e5r luftassistanspump har en olje- och vattenfri 100%-design, vilket garanterar maximalt skydd f\u00f6r laserlinsen. Det inneb\u00e4r att slutanv\u00e4ndare kan anv\u00e4nda maskinen utan att beh\u00f6va oroa sig f\u00f6r frekvent underh\u00e5ll. Den f\u00f6rb\u00e4ttrar anv\u00e4ndarupplevelsen samtidigt som den ger sinnesro, vilket g\u00f6r den till ett idealiskt val f\u00f6r professionella milj\u00f6er.<\/p>\n<h3>Ultratyst teknik<\/h3>\n<p>V\u00e5r luftassistanspump \u00e4r speciellt konstruerad f\u00f6r inomhus- och hemmastudiomilj\u00f6er och arbetar p\u00e5 en extremt tyst niv\u00e5 p\u00e5 under 60 dB. Detta f\u00f6rb\u00e4ttrar inte bara anv\u00e4ndarupplevelsen utan m\u00f6jligg\u00f6r ocks\u00e5 st\u00f6rre flexibilitet i olika milj\u00f6er, vilket s\u00e4kerst\u00e4ller att ljud inte l\u00e4ngre \u00e4r ett hinder f\u00f6r att anv\u00e4nda h\u00f6gkvalitativa lasergrav\u00f6rer.<\/p>\n<h3>Robust prestanda<\/h3>\n<p>Med en j\u00e4mn kapacitet p\u00e5 30 l\/min garanterar v\u00e5r luftassisterade pump ett p\u00e5litligt fl\u00f6de. Detta \u00e4r avg\u00f6rande f\u00f6r att sk\u00e4ra igenom tjocka material som l\u00f6vtr\u00e4 eller akryl, och s\u00e4kerst\u00e4ller att snitten \u00e4r rena och fria fr\u00e5n r\u00f6k eller rester. S\u00e5dan prestanda \u00e4r avg\u00f6rande f\u00f6r att bibeh\u00e5lla produktkvaliteten och uppfylla kundernas f\u00f6rv\u00e4ntningar i olika till\u00e4mpningar.<\/p>\n<h2>4. Bred kompatibilitet: Matchning p\u00e5 ett st\u00e4lle f\u00f6r enkel lagerhantering<\/h2>\n<h3>Brett anv\u00e4ndningsomr\u00e5de<\/h3>\n<p>V\u00e5r luftassistanspump \u00e4r utformad f\u00f6r att perfekt passa 95% av de vanligaste maskinerna p\u00e5 marknaden, inklusive xTool, Ortur, Atomstack och olika CO2-lasrar. Denna m\u00e5ngsidighet g\u00f6r den till en utm\u00e4rkt investering f\u00f6r distribut\u00f6rer som vill effektivisera sitt lager.<\/p>\n<h3>Distribut\u00f6rsf\u00f6rdelar<\/h3>\n<p>Genom att erbjuda en enda SKU som \u00e4r kompatibel med flera maskiner kan du avsev\u00e4rt minska lagertrycket och komplexiteten i lagerhanteringen. Denna effektivitet leder till b\u00e4ttre driftseffektivitet och kostnadsbesparingar f\u00f6r ditt f\u00f6retag.<\/p>\n<h2>5. F\u00f6rdelar med leveranskedjan och partnerskap<\/h2>\n<h3>Tillverkningsstyrka<\/h3>\n<p>Vi f\u00f6ljer strikta kvalitetskontrollprocesser, vilket s\u00e4kerst\u00e4ller en exceptionellt l\u00e5g defektfrekvens p\u00e5 mindre \u00e4n 1%. Denna kvalitetss\u00e4kring leder till minskade logistikkostnader i samband med returer och byten, vilket g\u00f6r att du kan f\u00f6rdela resurser mer effektivt.<\/p>\n<h3>Anpassade tj\u00e4nster (OEM\/ODM)<\/h3>\n<p>Ever-power st\u00f6der anpassning av varum\u00e4rkeslogotyper, f\u00f6rpackningsdesign och kontaktspecifikationer f\u00f6r olika l\u00e4nder. Denna flexibilitet g\u00f6r att du kan utveckla din egen varum\u00e4rkesidentitet och tillgodose specifika marknadsbehov, vilket st\u00e4rker din konkurrensf\u00f6rdel.<\/p>\n<h3>Eftermarknadssupport<\/h3>\n<p>V\u00e5rt engagemang f\u00f6r att tillhandah\u00e5lla snabb teknisk support och tillg\u00e5ng till reservdelar s\u00e4kerst\u00e4ller att ni kan uppr\u00e4tth\u00e5lla h\u00f6g kundn\u00f6jdhet l\u00e5ngt efter den f\u00f6rsta f\u00f6rs\u00e4ljningen. Vi inser att kontinuerlig support \u00e4r avg\u00f6rande f\u00f6r att fr\u00e4mja l\u00e5ngsiktiga relationer med slutanv\u00e4ndare.<\/p>\n<h2>6. Slutsats och uppmaning till handling<\/h2>\n<p>L\u00e5t inte s\u00e4mre tillbeh\u00f6r skada dina premiummaskiners rykte. Att v\u00e4lja en h\u00f6gkvalitativ luftassistanspump som passar din utrustnings kaliber \u00e4r avg\u00f6rande f\u00f6r att uppn\u00e5 optimal prestanda och kundn\u00f6jdhet.<\/p>\n<p>Agera nu! Kontakta oss idag f\u00f6r att beg\u00e4ra ett provtest eller f\u00e5 den senaste informationen om B2B-grossistpriser. Bes\u00f6k oss p\u00e5 <a href=\"https:\/\/aircompressorforlasercutter.com\/sv\/kontakta-oss\/\">Kontakt f\u00f6r st\u00e4ndig kraft<\/a>.<\/p>","protected":false},"excerpt":{"rendered":"<p>Air Assist Pump for xTool D1 Pro Laser Engraver: The Unsung Hero of Laser Cutting 1. Background: A Market Overlooked In the competitive landscape of laser engraving, it is commonplace for buyers to invest significant resources into acquiring high-quality laser machines like the xTool D1 Pro. However, an often overlooked component is the air assist [&hellip;]<\/p>","protected":false},"featured_media":454,"comment_status":"open","ping_status":"closed","template":"","meta":{"_et_pb_use_builder":"","_et_pb_old_content":"","_et_gb_content_width":""},"product_brand":[],"product_cat":[1093],"product_tag":[1094],"class_list":{"0":"post-462","1":"product","2":"type-product","3":"status-publish","4":"has-post-thumbnail","6":"product_cat-air-compressor-for-laser-cutter","7":"product_tag-air-compressor-for-laser-cutter","9":"first","10":"instock","11":"shipping-taxable","12":"product-type-simple"},"_links":{"self":[{"href":"https:\/\/aircompressorforlasercutter.com\/sv\/wp-json\/wp\/v2\/product\/462","targetHints":{"allow":["GET"]}}],"collection":[{"href":"https:\/\/aircompressorforlasercutter.com\/sv\/wp-json\/wp\/v2\/product"}],"about":[{"href":"https:\/\/aircompressorforlasercutter.com\/sv\/wp-json\/wp\/v2\/types\/product"}],"replies":[{"embeddable":true,"href":"https:\/\/aircompressorforlasercutter.com\/sv\/wp-json\/wp\/v2\/comments?post=462"}],"wp:featuredmedia":[{"embeddable":true,"href":"https:\/\/aircompressorforlasercutter.com\/sv\/wp-json\/wp\/v2\/media\/454"}],"wp:attachment":[{"href":"https:\/\/aircompressorforlasercutter.com\/sv\/wp-json\/wp\/v2\/media?parent=462"}],"wp:term":[{"taxonomy":"product_brand","embeddable":true,"href":"https:\/\/aircompressorforlasercutter.com\/sv\/wp-json\/wp\/v2\/product_brand?post=462"},{"taxonomy":"product_cat","embeddable":true,"href":"https:\/\/aircompressorforlasercutter.com\/sv\/wp-json\/wp\/v2\/product_cat?post=462"},{"taxonomy":"product_tag","embeddable":true,"href":"https:\/\/aircompressorforlasercutter.com\/sv\/wp-json\/wp\/v2\/product_tag?post=462"}],"curies":[{"name":"wp","href":"https:\/\/api.w.org\/{rel}","templated":true}]}}