{"id":463,"date":"2026-01-14T08:26:17","date_gmt":"2026-01-14T08:26:17","guid":{"rendered":"https:\/\/aircompressorforlasercutter.com\/product\/laser-cutter-air-compressor-for-ortur-laser-master-3\/"},"modified":"2026-01-14T08:50:02","modified_gmt":"2026-01-14T08:50:02","slug":"laser-cutter-air-compressor-for-ortur-laser-master-3","status":"publish","type":"product","link":"https:\/\/aircompressorforlasercutter.com\/sv\/produkt\/laserskarare-luftkompressor-for-ortur-lasermaster-3\/","title":{"rendered":"Lasersk\u00e4rare luftkompressor f\u00f6r Ortur Laser Master 3"},"content":{"rendered":"<h1>Lasersk\u00e4rare Luftkompressor f\u00f6r Ortur Laser Master 3: Den ok\u00e4nda hj\u00e4lten<\/h1>\n<h2>1. Bakgrund: Den f\u00f6rbisedda komponenten<\/h2>\n<p>P\u00e5 dagens konkurrensutsatta marknad investerar m\u00e5nga k\u00f6pare avsev\u00e4rt i h\u00f6gkvalitativa lasergraveringsmaskiner och f\u00f6rbiser ofta den kritiska st\u00f6dutrustningen: luftkompressorn. Medan en lasersk\u00e4rare i toppklass kan bearbeta material med precision, \u00e4r det hj\u00e4lpsystemen som verkligen f\u00f6rb\u00e4ttrar prestandan.<\/p>\n<p>Luftassistans \u00e4r inte bara ett tillbeh\u00f6r; den spelar en avg\u00f6rande roll f\u00f6r att avg\u00f6ra b\u00e5de det slutliga <strong>sk\u00e4rkvalitet<\/strong> och den <strong>maskinens livsl\u00e4ngd<\/strong>I en bransch d\u00e4r kundn\u00f6jdhet \u00e4r av st\u00f6rsta vikt kan f\u00f6rst\u00e5elsen av v\u00e4rdet av en p\u00e5litlig luftkompressor skilja dig fr\u00e5n konkurrenterna.<\/p>\n<p>F\u00f6r distribut\u00f6rer inneb\u00e4r valet av r\u00e4tt luftpump f\u00e4rre klagom\u00e5l om problem som \"ofullst\u00e4ndiga sk\u00e4rs\u00e5r\" och \"skadade linser\", vilket i slut\u00e4ndan leder till h\u00f6gre kundlojalitet.<\/p>\n<h2>2. Analys av sm\u00e4rtpunkter: De dolda kostnaderna f\u00f6r billiga kompressorer<\/h2>\n<h3>D\u00e5lig sk\u00e4rkvalitet<\/h3>\n<p>N\u00e4r man anv\u00e4nder en underm\u00e5lig luftpump kan instabilitet i luftfl\u00f6det leda till o\u00f6nskade resultat. Till exempel kan kanterna bli f\u00f6rkolnade eller br\u00e4nda, vilket avsev\u00e4rt p\u00e5verkar slutproduktens estetiska tilltal. Detta p\u00e5verkar inte bara kundn\u00f6jdheten utan kan ocks\u00e5 leda till f\u00f6rlorad f\u00f6rs\u00e4ljning.<\/p>\n<h3>Risk f\u00f6r utrustningsskada<\/h3>\n<p>L\u00e5gkvalitativa luftkompressorer, s\u00e4rskilt de som \u00e4r oljebaserade, kan sl\u00e4ppa ut oljedimma eller fukt som f\u00f6rorenar laseroptiken. S\u00e5dan f\u00f6rorening kan leda till kostsamma reparationer och returer, vilket kunde ha undvikits med ett p\u00e5litligt lufttillf\u00f6rselsystem.<\/p>\n<h3>Bulleravskr\u00e4ckande<\/h3>\n<p>Traditionella luftkompressorer \u00e4r notoriskt h\u00f6gljudda, vilket skapar en barri\u00e4r f\u00f6r hemmabrukare och utbildningsmilj\u00f6er. Denna bullerf\u00f6rorening minskar anv\u00e4ndbarheten av din produkt i bostadsmilj\u00f6er och begr\u00e4nsar din marknadsr\u00e4ckvidd.<\/p>\n<h2>3. V\u00e5r l\u00f6sning<\/h2>\n<h3>Oljefri, fuktfri design<\/h3>\n<p>V\u00e5r luftkompressor har en olje- och vattenfri 100%-design som garanterar skydd f\u00f6r laserlinserna. Slutanv\u00e4ndarna kan njuta av sinnesro i vetskapen om att de inte kommer att st\u00f6ta p\u00e5 underh\u00e5llsproblem, vilket g\u00f6r att de kan fokusera enbart p\u00e5 sina kreativa projekt.<\/p>\n<h3>Ultratyst teknik<\/h3>\n<p>V\u00e5r kompressor \u00e4r speciellt konstruerad f\u00f6r inomhus- och hemmastudiomilj\u00f6er och arbetar med en f\u00f6rv\u00e5nansv\u00e4rt l\u00e5g ljudniv\u00e5 p\u00e5 <strong>&lt;60dB<\/strong>Detta h\u00f6jer anv\u00e4ndarupplevelsen, vilket g\u00f6r den idealisk f\u00f6r hantverksentusiaster som beh\u00f6ver en lugn arbetsyta.<\/p>\n<h3>Robust prestanda<\/h3>\n<p>Med en kontinuerlig och stabil kapacitet p\u00e5 30 l\/min s\u00e4kerst\u00e4ller v\u00e5r kompressor att \u00e4ven de tjockaste materialen, s\u00e5som l\u00f6vtr\u00e4 eller akryl, f\u00e5r ett rent och r\u00f6kfritt snitt. Denna prestanda f\u00f6rb\u00e4ttrar inte bara sk\u00e4reffektiviteten utan bibeh\u00e5ller \u00e4ven slutproduktens kvalitet.<\/p>\n<h2>4. Omfattande kompatibilitet: Matchning p\u00e5 ett st\u00e4lle (bekymmersfri inventering)<\/h2>\n<h3>Brett till\u00e4mpningsomr\u00e5de<\/h3>\n<p>V\u00e5r luftkompressor \u00e4r perfekt kompatibel med 95% fr\u00e5n vanliga lasersk\u00e4rarmodeller, inklusive xTool, Ortur, Atomstack och diverse CO2-lasermaskiner. Denna kompatibilitetsniv\u00e5 s\u00e4kerst\u00e4ller att du kan m\u00f6ta olika kunders behov utan problem.<\/p>\n<h3>Distribut\u00f6rsf\u00f6rdelar<\/h3>\n<p>Med en enda SKU som passar flera maskiner minskar du lagertrycket drastiskt och f\u00f6renklar lagerhanteringen. Denna effektiviserade metod l\u00e5ter dig fokusera p\u00e5 att expandera din verksamhet snarare \u00e4n att brottas med komplex logistik.<\/p>\n<h2>5. F\u00f6rdelar med leveranskedjan och partnerskap<\/h2>\n<h3>Fabriksstyrka<\/h3>\n<p>V\u00e5ra rigor\u00f6sa kvalitetskontrollprocesser s\u00e4kerst\u00e4ller en imponerande l\u00e5g felfrekvens p\u00e5 mindre \u00e4n <strong>1%<\/strong>Detta minimerar inte bara dina returlogistikkostnader utan fr\u00e4mjar ocks\u00e5 f\u00f6rtroendet hos dina kunder eftersom de f\u00e5r h\u00f6gkvalitativa produkter.<\/p>\n<h3>Anpassade l\u00f6sningar (OEM\/ODM)<\/h3>\n<p>Vi erbjuder skr\u00e4ddarsydda l\u00f6sningar inklusive logotypanpassning, f\u00f6rpackningsdesign och olika kontaktspecifikationer f\u00f6r olika l\u00e4nder. Denna flexibilitet g\u00f6r att du kan bygga din egen varum\u00e4rkesidentitet och tillgodose specifika marknadskrav.<\/p>\n<h3>Eftermarknadssupport<\/h3>\n<p>V\u00e5rt engagemang f\u00f6r kundn\u00f6jdhet str\u00e4cker sig bortom f\u00f6rs\u00e4ljningen. Vi erbjuder snabb teknisk support och reservdelsleveranser f\u00f6r att s\u00e4kerst\u00e4lla att din verksamhet l\u00f6per smidigt och effektivt.<\/p>\n<h2>6. Slutsats och uppmaning till handling<\/h2>\n<p>L\u00e5t inte s\u00e4mre komponenter skada dina avancerade maskiners rykte. V\u00e4lj en luftkompressor som motsvarar kvaliteten p\u00e5 din utrustning.<\/p>\n<p><strong>Kontakta oss<\/strong> idag f\u00f6r att beg\u00e4ra ett prov f\u00f6r testning, eller f\u00f6r att f\u00e5 den senaste B2B-grossistprislistan p\u00e5 <a href=\"https:\/\/aircompressorforlasercutter.com\/sv\/kontakta-oss\/\">St\u00e4ndig kraft<\/a>Dina kunder f\u00f6rtj\u00e4nar det b\u00e4sta, och vi finns h\u00e4r f\u00f6r att ge dem det.<\/p>","protected":false},"excerpt":{"rendered":"<p>Laser Cutter Air Compressor for Ortur Laser Master 3: The Unsung Hero 1. Background: The Overlooked Component In today&#8217;s competitive market, many buyers invest significantly in high-quality laser engraving machines, often overlooking the critical support equipment: the air compressor. While a top-of-the-line laser cutter can transform materials with precision, it is the auxiliary systems that [&hellip;]<\/p>","protected":false},"featured_media":454,"comment_status":"open","ping_status":"closed","template":"","meta":{"_et_pb_use_builder":"","_et_pb_old_content":"","_et_gb_content_width":""},"product_brand":[],"product_cat":[1093],"product_tag":[1095],"class_list":{"0":"post-463","1":"product","2":"type-product","3":"status-publish","4":"has-post-thumbnail","6":"product_cat-air-compressor-for-laser-cutter","7":"product_tag-air-compressor-for-laser-cutter-price","9":"first","10":"instock","11":"shipping-taxable","12":"product-type-simple"},"_links":{"self":[{"href":"https:\/\/aircompressorforlasercutter.com\/sv\/wp-json\/wp\/v2\/product\/463","targetHints":{"allow":["GET"]}}],"collection":[{"href":"https:\/\/aircompressorforlasercutter.com\/sv\/wp-json\/wp\/v2\/product"}],"about":[{"href":"https:\/\/aircompressorforlasercutter.com\/sv\/wp-json\/wp\/v2\/types\/product"}],"replies":[{"embeddable":true,"href":"https:\/\/aircompressorforlasercutter.com\/sv\/wp-json\/wp\/v2\/comments?post=463"}],"wp:featuredmedia":[{"embeddable":true,"href":"https:\/\/aircompressorforlasercutter.com\/sv\/wp-json\/wp\/v2\/media\/454"}],"wp:attachment":[{"href":"https:\/\/aircompressorforlasercutter.com\/sv\/wp-json\/wp\/v2\/media?parent=463"}],"wp:term":[{"taxonomy":"product_brand","embeddable":true,"href":"https:\/\/aircompressorforlasercutter.com\/sv\/wp-json\/wp\/v2\/product_brand?post=463"},{"taxonomy":"product_cat","embeddable":true,"href":"https:\/\/aircompressorforlasercutter.com\/sv\/wp-json\/wp\/v2\/product_cat?post=463"},{"taxonomy":"product_tag","embeddable":true,"href":"https:\/\/aircompressorforlasercutter.com\/sv\/wp-json\/wp\/v2\/product_tag?post=463"}],"curies":[{"name":"wp","href":"https:\/\/api.w.org\/{rel}","templated":true}]}}