{"id":464,"date":"2026-01-14T08:26:17","date_gmt":"2026-01-14T08:26:17","guid":{"rendered":"https:\/\/aircompressorforlasercutter.com\/product\/co2-laser-air-compressor-for-k40-laser-cutter\/"},"modified":"2026-01-14T08:48:53","modified_gmt":"2026-01-14T08:48:53","slug":"co2-laser-air-compressor-for-k40-laser-cutter","status":"publish","type":"product","link":"https:\/\/aircompressorforlasercutter.com\/sv\/produkt\/co2-laserluftkompressor-for-k40-laserskarare\/","title":{"rendered":"CO2-laserluftkompressor f\u00f6r K40 lasersk\u00e4rare"},"content":{"rendered":"<h1>CO2-laserluftkompressor f\u00f6r K40-lasersk\u00e4rare: Den ok\u00e4nda hj\u00e4lten<\/h1>\n<h2>1. Bakgrund: Det f\u00f6rbisedda v\u00e4sentliga<\/h2>\n<p>P\u00e5 dagens konkurrensutsatta lasergraveringsmarknad \u00e4r det vanligt att k\u00f6pare investerar avsev\u00e4rt i h\u00f6gkvalitativa lasersk\u00e4rmaskiner och ofta f\u00f6rbiser ett viktigt tillbeh\u00f6r: luftkompressorn. Medan lasersk\u00e4raren i sig \u00e4r avg\u00f6rande f\u00f6r precision och effektivitet, fungerar luftkompressorn som dess tysta partner och s\u00e4kerst\u00e4ller optimal prestanda. Luftassistans \u00e4r inte bara ett till\u00e4gg; det p\u00e5verkar direkt den slutliga sk\u00e4rkvaliteten och maskinens livsl\u00e4ngd.<\/p>\n<p>F\u00f6r B2B-kunder inneb\u00e4r valet av r\u00e4tt luftpump f\u00e4rre klagom\u00e5l g\u00e4llande problem som \"ofullst\u00e4ndiga sk\u00e4rs\u00e5r\" och \"skadade linser\". Detta leder i sin tur till h\u00f6gre kundlojalitet, eftersom n\u00f6jda kunder \u00e4r mer ben\u00e4gna att \u00e5terv\u00e4nda f\u00f6r framtida k\u00f6p.<\/p>\n<p><img loading=\"lazy\" decoding=\"async\" class=\"size-full wp-image-456 aligncenter\" src=\"https:\/\/aircompressorforlasercutter.com\/wp-content\/uploads\/2026\/01\/Air-Compressor-For-Laser-Cutter4.webp\" alt=\"Luftkompressor f\u00f6r lasersk\u00e4rare\" width=\"800\" height=\"800\" srcset=\"https:\/\/aircompressorforlasercutter.com\/wp-content\/uploads\/2026\/01\/Air-Compressor-For-Laser-Cutter4.webp 800w, https:\/\/aircompressorforlasercutter.com\/wp-content\/uploads\/2026\/01\/Air-Compressor-For-Laser-Cutter4-480x480.webp 480w\" sizes=\"auto, (min-width: 0px) and (max-width: 480px) 480px, (min-width: 481px) 800px, 100vw\" \/><\/p>\n<h2>2. Analys av sm\u00e4rtpunkter: Dolda kostnader f\u00f6r billiga luftpumpar<\/h2>\n<h3>D\u00e5lig sk\u00e4rkvalitet<\/h3>\n<p>L\u00e5gkvalitativa luftpumpar leder ofta till instabilt luftfl\u00f6de, vilket leder till br\u00e4nda kanter p\u00e5 material och minskad sk\u00e4reffektivitet. Detta \u00e4ventyrar slutproduktens estetiska tilltal, vilket p\u00e5verkar den \u00f6vergripande kundn\u00f6jdheten och marknadskonkurrenskraften.<\/p>\n<h3>Risk f\u00f6r utrustningsskada<\/h3>\n<p>S\u00e4mre luftpumpar, s\u00e4rskilt de som \u00e4r oljefyllda, kan avge oljedimma eller fukt som f\u00f6rorenar laserlinsen. Denna f\u00f6rorening leder till dyra reparationer och returer efter f\u00f6rs\u00e4ljning, vilket urholkar vinstmarginalerna och skadar varum\u00e4rkets rykte.<\/p>\n<h3>Bullerst\u00f6rningar<\/h3>\n<p>Traditionella luftkompressorer \u00e4r \u00f6k\u00e4nda f\u00f6r sina h\u00f6ga ljudniv\u00e5er, vilket avskr\u00e4cker hemmabrukare och begr\u00e4nsar anv\u00e4ndningsomr\u00e5den i utbildningsmilj\u00f6er f\u00f6r skapare. \u00d6verdrivet buller begr\u00e4nsar din potentiella marknad och f\u00f6rs\u00e4mrar anv\u00e4ndarupplevelsen, s\u00e4rskilt f\u00f6r g\u00f6r-det-sj\u00e4lv-entusiaster som s\u00f6ker en tystare milj\u00f6.<\/p>\n<h2>3. V\u00e5r l\u00f6sning<\/h2>\n<h3>Oljefri och vattenfri design<\/h3>\n<p>V\u00e5r CO2-laserluftkompressor har en olje- och vattenfri 100%-design, vilket ger ett komplett skydd f\u00f6r laserlinser. Slutanv\u00e4ndare kan njuta av en problemfri upplevelse utan behov av regelbundet underh\u00e5ll, vilket sparar tid och anstr\u00e4ngning.<\/p>\n<h3>Ultratyst teknik<\/h3>\n<p>V\u00e5r kompressor \u00e4r speciellt konstruerad f\u00f6r inomhus- och hemmastudiomilj\u00f6er och arbetar med en exceptionellt l\u00e5g ljudniv\u00e5 (&lt;60 dB). Denna innovation f\u00f6rb\u00e4ttrar anv\u00e4ndarupplevelsen genom att skapa en lugn arbetsyta, l\u00e4mplig f\u00f6r b\u00e5de hobbyister och proffs.<\/p>\n<h3>Robust prestanda<\/h3>\n<p>Med en kontinuerlig stabil kapacitet p\u00e5 30 l\/min garanterar v\u00e5r kompressor ett rent och r\u00f6kfritt snitt, \u00e4ven vid arbete med tjockt tr\u00e4 eller akrylmaterial. Denna prestandaniv\u00e5 s\u00e4kerst\u00e4ller att dina projekt \u00e5terspeglar de h\u00f6ga krav du str\u00e4var efter att uppr\u00e4tth\u00e5lla.<\/p>\n<h2>4. Omfattande kompatibilitet: En komplett matchningsl\u00f6sning<\/h2>\n<h3>Bred till\u00e4mpbarhet<\/h3>\n<p>Denna luftkompressor \u00e4r utformad f\u00f6r att s\u00f6ml\u00f6st passa 95% fr\u00e5n popul\u00e4ra modeller p\u00e5 marknaden, inklusive xTool, Ortur, Atomstack och olika CO2-lasermaskiner. Denna kompatibilitetsniv\u00e5 f\u00f6renklar dina k\u00f6pbeslut.<\/p>\n<h3>Distribut\u00f6rsf\u00f6rdelar<\/h3>\n<p>Med en enda SKU kompatibel med flera maskiner kan distribut\u00f6rer avsev\u00e4rt minska lagertrycket och effektivisera lagerh\u00e5llningen. Denna f\u00f6renklade metod fr\u00e4mjar en effektivare leveranskedja, vilket m\u00f6jligg\u00f6r st\u00f6rre fokus p\u00e5 f\u00f6rs\u00e4ljning och kundengagemang.<\/p>\n<h2>5. F\u00f6rdelar med leveranskedjan och partnerskap<\/h2>\n<h3>Fabriksstyrka<\/h3>\n<p>V\u00e5ra strikta kvalitetskontrollprocesser s\u00e4kerst\u00e4ller en exceptionellt l\u00e5g defektfrekvens (&lt;1%), vilket sparar dig logistikkostnader i samband med returer och byten. Genom att v\u00e4lja oss investerar du i p\u00e5litlighet och trygghet.<\/p>\n<h3>Anpassningstj\u00e4nster (OEM\/ODM)<\/h3>\n<p>Vi erbjuder anpassningsbara alternativ, inklusive varum\u00e4rkesbyggande med er logotyp, skr\u00e4ddarsydda f\u00f6rpackningsdesigner och olika kontaktspecifikationer f\u00f6r olika l\u00e4nder. Denna flexibilitet ger er m\u00f6jlighet att skapa en unik varum\u00e4rkesidentitet samtidigt som ni m\u00f6ter olika kundbehov.<\/p>\n<h3>Eftermarknadssupport<\/h3>\n<p>V\u00e5rt engagemang str\u00e4cker sig bortom f\u00f6rs\u00e4ljningen. Vi erbjuder snabba tekniska svar och levererar reservdelar omg\u00e5ende, vilket s\u00e4kerst\u00e4ller att din verksamhet forts\u00e4tter att vara oavbruten och dina kunder f\u00f6rblir n\u00f6jda.<\/p>\n<p><img loading=\"lazy\" decoding=\"async\" class=\"aligncenter size-full wp-image-458\" src=\"https:\/\/aircompressorforlasercutter.com\/wp-content\/uploads\/2026\/01\/Air-Compressor-For-Laser-Cutter6.webp\" alt=\"Luftkompressor f\u00f6r lasersk\u00e4rare\" width=\"800\" height=\"800\" srcset=\"https:\/\/aircompressorforlasercutter.com\/wp-content\/uploads\/2026\/01\/Air-Compressor-For-Laser-Cutter6.webp 800w, https:\/\/aircompressorforlasercutter.com\/wp-content\/uploads\/2026\/01\/Air-Compressor-For-Laser-Cutter6-480x480.webp 480w\" sizes=\"auto, (min-width: 0px) and (max-width: 480px) 480px, (min-width: 481px) 800px, 100vw\" \/><\/p>\n<h2>6.<\/h2>\n<p>L\u00e5t inte underm\u00e5liga komponenter skada dina avancerade maskiners rykte. Att v\u00e4lja en luftpump som \u00f6verensst\u00e4mmer med kvaliteten p\u00e5 din utrustning \u00e4r avg\u00f6rande f\u00f6r ditt varum\u00e4rkes framg\u00e5ng.<\/p>\n<p>Kontakta oss idag f\u00f6r att beg\u00e4ra ett prov f\u00f6r testning eller f\u00f6r att f\u00e5 de senaste B2B-grossistpriserna. Upplev sj\u00e4lv hur v\u00e5r CO2-laserluftkompressor kan h\u00f6ja din sk\u00e4rkvalitet och kundn\u00f6jdhet.<\/p>\n<p>F\u00f6r mer information, bes\u00f6k <a href=\"https:\/\/aircompressorforlasercutter.com\/sv\/kontakta-oss\/\">v\u00e5r kontaktsida<\/a>.<\/p>","protected":false},"excerpt":{"rendered":"<p>CO2 Laser Air Compressor for K40 Laser Cutter: The Unsung Hero 1. Background: The Overlooked Essential In today&#8217;s competitive laser engraving market, it&#8217;s common for buyers to invest significantly in high-quality laser cutting machines, often overlooking a critical accessory: the air compressor. While the laser cutter itself is pivotal for precision and efficiency, the air [&hellip;]<\/p>","protected":false},"featured_media":454,"comment_status":"open","ping_status":"closed","template":"","meta":{"_et_pb_use_builder":"","_et_pb_old_content":"","_et_gb_content_width":""},"product_brand":[],"product_cat":[1093],"product_tag":[1096],"class_list":{"0":"post-464","1":"product","2":"type-product","3":"status-publish","4":"has-post-thumbnail","6":"product_cat-air-compressor-for-laser-cutter","7":"product_tag-air-compressor-for-laser-cutter-cost","9":"first","10":"instock","11":"shipping-taxable","12":"product-type-simple"},"_links":{"self":[{"href":"https:\/\/aircompressorforlasercutter.com\/sv\/wp-json\/wp\/v2\/product\/464","targetHints":{"allow":["GET"]}}],"collection":[{"href":"https:\/\/aircompressorforlasercutter.com\/sv\/wp-json\/wp\/v2\/product"}],"about":[{"href":"https:\/\/aircompressorforlasercutter.com\/sv\/wp-json\/wp\/v2\/types\/product"}],"replies":[{"embeddable":true,"href":"https:\/\/aircompressorforlasercutter.com\/sv\/wp-json\/wp\/v2\/comments?post=464"}],"wp:featuredmedia":[{"embeddable":true,"href":"https:\/\/aircompressorforlasercutter.com\/sv\/wp-json\/wp\/v2\/media\/454"}],"wp:attachment":[{"href":"https:\/\/aircompressorforlasercutter.com\/sv\/wp-json\/wp\/v2\/media?parent=464"}],"wp:term":[{"taxonomy":"product_brand","embeddable":true,"href":"https:\/\/aircompressorforlasercutter.com\/sv\/wp-json\/wp\/v2\/product_brand?post=464"},{"taxonomy":"product_cat","embeddable":true,"href":"https:\/\/aircompressorforlasercutter.com\/sv\/wp-json\/wp\/v2\/product_cat?post=464"},{"taxonomy":"product_tag","embeddable":true,"href":"https:\/\/aircompressorforlasercutter.com\/sv\/wp-json\/wp\/v2\/product_tag?post=464"}],"curies":[{"name":"wp","href":"https:\/\/api.w.org\/{rel}","templated":true}]}}