{"id":465,"date":"2026-01-14T08:26:17","date_gmt":"2026-01-14T08:26:17","guid":{"rendered":"https:\/\/aircompressorforlasercutter.com\/product\/air-assist-kit-for-sculpfun-s9-s10-s30\/"},"modified":"2026-01-14T08:47:40","modified_gmt":"2026-01-14T08:47:40","slug":"air-assist-kit-for-sculpfun-s9-s10-s30","status":"publish","type":"product","link":"https:\/\/aircompressorforlasercutter.com\/sv\/produkt\/luftassistanssats-for-sculpfun-s9-s10-s30\/","title":{"rendered":"Luftassistanssats f\u00f6r SCULPFUN S9 S10 S30"},"content":{"rendered":"<h1>Luftassistanssats f\u00f6r SCULPFUN S9 S10 S30: Lasersk\u00e4rningens ok\u00e4nda hj\u00e4lte<\/h1>\n<h2>1. Bakgrund: Det f\u00f6rbisedda v\u00e4sentliga<\/h2>\n<p>P\u00e5 dagens pulserande marknad f\u00f6r lasergraveringsmaskiner investerar m\u00e5nga k\u00f6pare kraftigt i sin utrustning och fokuserar p\u00e5 de senaste modellerna och avancerade funktionerna. En viktig komponent som ofta g\u00e5r obem\u00e4rkt f\u00f6rbi \u00e4r dock luftpumpen. Medan lasermaskinen i sig \u00e4r ett tekniskt underverk, \u00e4r luftassistanspaketet den osynliga m\u00e4staren som kan h\u00f6ja anv\u00e4ndarupplevelsen avsev\u00e4rt.<\/p>\n<p>Luftassistans \u00e4r mer \u00e4n bara en kringutrustning; den spelar en avg\u00f6rande roll f\u00f6r att best\u00e4mma den slutliga \"sk\u00e4rkvaliteten\" och \"maskinens livsl\u00e4ngd\". F\u00f6r f\u00f6retag kan valet av r\u00e4tt luftpump leda till f\u00e4rre kundklagom\u00e5l g\u00e4llande problem som \"ofullst\u00e4ndiga snitt\" eller \"skadade linser\", vilket f\u00f6rb\u00e4ttrar kundlojaliteten.<\/p>\n<h2>2. Analys av sm\u00e4rtpunkter: De dolda kostnaderna f\u00f6r billiga luftpumpar<\/h2>\n<h3>D\u00e5lig sk\u00e4rkvalitet<\/h3>\n<p>Att anv\u00e4nda en luftpump av l\u00e5g kvalitet kan leda till underm\u00e5liga sk\u00e4rresultat. Ett instabilt luftfl\u00f6de g\u00f6r att materialkanterna f\u00f6rkolnas och br\u00e4nns, vilket i slut\u00e4ndan p\u00e5verkar slutproduktens visuella tilltal f\u00f6r slutanv\u00e4ndarna. Denna inkonsekvens kan ge ett d\u00e5ligt intryck av ditt varum\u00e4rke.<\/p>\n<h3>Risk f\u00f6r utrustningsskada<\/h3>\n<p>Att investera i en underm\u00e5lig luftpump, s\u00e4rskilt de som introducerar oljedimma eller fukt i systemet, utg\u00f6r en betydande risk f\u00f6r att laserlinsen kontamineras. S\u00e5dana skador resulterar i dyra reparationer efter k\u00f6pet och kan leda till h\u00f6gre returer, vilket ytterligare p\u00e5verkar ditt resultat.<\/p>\n<h3>Bulleravskr\u00e4ckning<\/h3>\n<p>Traditionella luftkompressorer kan vara extremt bullriga, ofta \u00f6verstigande acceptabla decibelniv\u00e5er. Denna bullerf\u00f6rorening avskr\u00e4cker hemmabrukare och utbildningsmilj\u00f6er fr\u00e5n att anv\u00e4nda lasersk\u00e4rningsteknik, vilket effektivt minskar din potentiella kundbas.<\/p>\n<h2>3. V\u00e5r l\u00f6sning: Omdefiniera professionell luftassistans<\/h2>\n<h3>Oljefri och vattenfri design<\/h3>\n<p>V\u00e5rt luftassistanskit har en olje- och vattenfri 100%-design, vilket garanterar ett komplett skydd f\u00f6r laserlinsen. Slutanv\u00e4ndare f\u00e5r en underh\u00e5llsfri upplevelse som g\u00f6r att de kan fokusera p\u00e5 sina kreativa projekt utan att beh\u00f6va oroa sig f\u00f6r frekvent underh\u00e5ll.<\/p>\n<h3>Ultratyst teknik<\/h3>\n<p>V\u00e5r luftpump \u00e4r speciellt utformad f\u00f6r inomhus- eller hemmastudiotill\u00e4mpningar och arbetar med en imponerande l\u00e5g ljudniv\u00e5 p\u00e5 mindre \u00e4n 60 dB. Denna ultratysta funktion f\u00f6rb\u00e4ttrar anv\u00e4ndarupplevelsen avsev\u00e4rt, vilket g\u00f6r den idealisk f\u00f6r milj\u00f6er d\u00e4r buller \u00e4r ett problem.<\/p>\n<h3>Robust prestanda<\/h3>\n<p>Med en j\u00e4mn utmatning p\u00e5 30 l\/min s\u00e4kerst\u00e4ller v\u00e5r luftpump ett stabilt luftfl\u00f6de, vilket \u00e4r avg\u00f6rande vid s\u00e5gning i tjockt tr\u00e4 eller akrylmaterial. Resultatet blir renare snitt med minimala r\u00f6krester, vilket leder till en mer polerad produktfinish.<\/p>\n<h2>4. Omfattande kompatibilitet: Matchning p\u00e5 ett st\u00e4lle<\/h2>\n<h3>Bred till\u00e4mpbarhet<\/h3>\n<p>V\u00e5rt luftassistanskit \u00e4r utformat f\u00f6r att passa perfekt till 95% av de vanligaste lasermodellerna som f\u00f6r n\u00e4rvarande finns p\u00e5 marknaden, inklusive xTool, Ortur, Atomstack och olika CO2-lasermaskiner. Denna breda kompatibilitet g\u00f6r det m\u00f6jligt f\u00f6r kunder att ut\u00f6ka sina m\u00f6jligheter utan att beh\u00f6va leta efter flera olika l\u00f6sningar.<\/p>\n<h3>F\u00f6rdelar med \u00e5terf\u00f6rs\u00e4ljaren<\/h3>\n<p>Att erbjuda en enda SKU som \u00e4r kompatibel med flera maskiner minskar lagertrycket och komplexiteten f\u00f6r \u00e5terf\u00f6rs\u00e4ljare avsev\u00e4rt. Denna effektiviserade metod m\u00f6jligg\u00f6r b\u00e4ttre lagerhantering och f\u00f6rb\u00e4ttrad driftseffektivitet.<\/p>\n<h2>5. F\u00f6rdelar med leveranskedjan och partnerskap<\/h2>\n<h3>Fabriksstyrka<\/h3>\n<p>Vi f\u00f6ljer strikta kvalitetskontrollprocesser, vilket s\u00e4kerst\u00e4ller en exceptionellt l\u00e5g defektfrekvens p\u00e5 mindre \u00e4n 1%. Detta engagemang f\u00f6r kvalitet minimerar returer och logistikkostnader, vilket g\u00f6r att du kan hantera dina resurser b\u00e4ttre.<\/p>\n<h3>Anpassningstj\u00e4nster (OEM\/ODM)<\/h3>\n<p>Vi erbjuder skr\u00e4ddarsydda tj\u00e4nster, inklusive anpassade varum\u00e4rkesalternativ, f\u00f6rpackningsdesign och kontaktspecifikationer f\u00f6r olika l\u00e4nder. Denna flexibilitet ger dig m\u00f6jlighet att bygga din egen varum\u00e4rkesidentitet samtidigt som du m\u00f6ter specifika marknadskrav.<\/p>\n<h3>Eftermarknadssupport<\/h3>\n<p>V\u00e5rt lyh\u00f6rda tekniska supportteam och snabba leverans av reservdelar s\u00e4kerst\u00e4ller att du kan lita p\u00e5 oss n\u00e4r du beh\u00f6ver hj\u00e4lp. Detta garanterar att din verksamhet f\u00f6rblir smidig och utan avbrott.<\/p>\n<h2>6. Slutsats och uppmaning till handling<\/h2>\n<p>L\u00e5t inte s\u00e4mre komponenter skada dina avancerade maskiners rykte. V\u00e4lj en luftpump som matchar kvaliteten p\u00e5 din utrustning. V\u00e5rt luftassistanskit \u00e4r det perfekta valet f\u00f6r att s\u00e4kerst\u00e4lla optimal sk\u00e4rprestanda och l\u00e5ng livsl\u00e4ngd.<\/p>\n<p>Kontakta oss idag f\u00f6r provtestning eller f\u00f6r att f\u00e5 de senaste B2B-grossistpriserna. F\u00f6rb\u00e4ttra din lasersk\u00e4rningsupplevelse med Ever-power.<\/p>\n<p><a href=\"https:\/\/aircompressorforlasercutter.com\/sv\/kontakta-oss\/\">Kontakta oss<\/a><\/p>","protected":false},"excerpt":{"rendered":"<p>Air Assist Kit for SCULPFUN S9 S10 S30: The Unsung Hero of Laser Cutting 1. Background: The Overlooked Essential In today&#8217;s vibrant market for laser engraving machines, many buyers invest heavily in their equipment, focusing on the latest models and advanced features. However, a critical component that often goes unnoticed is the air pump. While [&hellip;]<\/p>","protected":false},"featured_media":454,"comment_status":"open","ping_status":"closed","template":"","meta":{"_et_pb_use_builder":"","_et_pb_old_content":"","_et_gb_content_width":""},"product_brand":[],"product_cat":[1093],"product_tag":[1094],"class_list":{"0":"post-465","1":"product","2":"type-product","3":"status-publish","4":"has-post-thumbnail","6":"product_cat-air-compressor-for-laser-cutter","7":"product_tag-air-compressor-for-laser-cutter","9":"first","10":"instock","11":"shipping-taxable","12":"product-type-simple"},"_links":{"self":[{"href":"https:\/\/aircompressorforlasercutter.com\/sv\/wp-json\/wp\/v2\/product\/465","targetHints":{"allow":["GET"]}}],"collection":[{"href":"https:\/\/aircompressorforlasercutter.com\/sv\/wp-json\/wp\/v2\/product"}],"about":[{"href":"https:\/\/aircompressorforlasercutter.com\/sv\/wp-json\/wp\/v2\/types\/product"}],"replies":[{"embeddable":true,"href":"https:\/\/aircompressorforlasercutter.com\/sv\/wp-json\/wp\/v2\/comments?post=465"}],"wp:featuredmedia":[{"embeddable":true,"href":"https:\/\/aircompressorforlasercutter.com\/sv\/wp-json\/wp\/v2\/media\/454"}],"wp:attachment":[{"href":"https:\/\/aircompressorforlasercutter.com\/sv\/wp-json\/wp\/v2\/media?parent=465"}],"wp:term":[{"taxonomy":"product_brand","embeddable":true,"href":"https:\/\/aircompressorforlasercutter.com\/sv\/wp-json\/wp\/v2\/product_brand?post=465"},{"taxonomy":"product_cat","embeddable":true,"href":"https:\/\/aircompressorforlasercutter.com\/sv\/wp-json\/wp\/v2\/product_cat?post=465"},{"taxonomy":"product_tag","embeddable":true,"href":"https:\/\/aircompressorforlasercutter.com\/sv\/wp-json\/wp\/v2\/product_tag?post=465"}],"curies":[{"name":"wp","href":"https:\/\/api.w.org\/{rel}","templated":true}]}}