{"id":466,"date":"2026-01-14T08:26:17","date_gmt":"2026-01-14T08:26:17","guid":{"rendered":"https:\/\/aircompressorforlasercutter.com\/product\/quiet-air-pump-for-omtech-60w-co2-laser\/"},"modified":"2026-01-14T08:26:17","modified_gmt":"2026-01-14T08:26:17","slug":"quiet-air-pump-for-omtech-60w-co2-laser","status":"publish","type":"product","link":"https:\/\/aircompressorforlasercutter.com\/sv\/produkt\/tyst-luftpump-for-omtech-60w-co2-laser\/","title":{"rendered":"Tyst luftpump f\u00f6r OmTech 60W CO2-laser"},"content":{"rendered":"<h1>Tyst luftpump f\u00f6r OmTech 60W CO2-laser: Lasersk\u00e4rningens ok\u00e4nda hj\u00e4lte<\/h1>\n<h2>1. Bakgrund: Det f\u00f6rbisedda v\u00e4sentliga<\/h2>\n<p>Inom lasergravering och sk\u00e4rning investerar de flesta k\u00f6pare avsev\u00e4rt i h\u00f6gkvalitativa lasermaskiner och f\u00f6rbiser ofta ett viktigt tillbeh\u00f6r \u2013 luftpumpen. Medan lasersk\u00e4raren utan tvekan \u00e4r stj\u00e4rnan i showen, spelar luftpumpen en avg\u00f6rande roll bakom kulisserna och s\u00e4kerst\u00e4ller optimal prestanda och livsl\u00e4ngd. Luftassistans \u00e4r inte bara ett tillbeh\u00f6r; det p\u00e5verkar direkt sk\u00e4rkvaliteten och maskinernas livsl\u00e4ngd. F\u00f6r B2B-intressenter leder valet av r\u00e4tt luftpump till f\u00e4rre kundklagom\u00e5l om problem som otillr\u00e4cklig sk\u00e4rning och skadade linser, vilket i slut\u00e4ndan leder till h\u00f6gre kundlojalitet.<\/p>\n<h2>2. Analys av sm\u00e4rtpunkter: De dolda kostnaderna f\u00f6r billiga luftpumpar<\/h2>\n<h3>Underm\u00e5lig sk\u00e4rkvalitet<\/h3>\n<p>Att anv\u00e4nda en billig luftpump kan leda till inkonsekvent luftfl\u00f6de, vilket resulterar i br\u00e4nda eller f\u00f6rkolnade kanter p\u00e5 material och minskad sk\u00e4reffektivitet. Detta \u00e4ventyrar inte bara slutproduktens estetiska kvalitet utan p\u00e5verkar \u00e4ven kundn\u00f6jdheten och \u00e5terkommande aff\u00e4rer.<\/p>\n<h3>Risk f\u00f6r utrustningsskada<\/h3>\n<p>S\u00e4mre luftpumpar, s\u00e4rskilt de med oljebaserade komponenter, riskerar att kontaminera laserlinsen med oljedimma eller fukt. S\u00e5dana skador kan leda till kostsamma reparationer och returer, vilket undergr\u00e4ver l\u00f6nsamhet och kundernas f\u00f6rtroende.<\/p>\n<h3>Bulleravskr\u00e4ckande<\/h3>\n<p>Traditionella luftkompressorer kan producera mycket buller, vilket avskr\u00e4cker hemmabrukare och tillverkare i utbildningsmilj\u00f6er fr\u00e5n att anv\u00e4nda dem. Denna begr\u00e4nsning minskar din potentiella marknad och minskar f\u00f6rs\u00e4ljningsm\u00f6jligheterna avsev\u00e4rt.<\/p>\n<h2>3. V\u00e5r l\u00f6sning: Omdefiniera ??Professionell flygassistans??<\/h2>\n<h3>Oljefri, vattenfri design<\/h3>\n<p>V\u00e5r luftpump garanterar 100%-skydd f\u00f6r laserlinser, vilket eliminerar behovet av underh\u00e5ll f\u00f6r slutanv\u00e4ndarna. Denna problemfria drift sparar inte bara tid utan f\u00f6rb\u00e4ttrar ocks\u00e5 anv\u00e4ndarupplevelsen.<\/p>\n<h3>Ultratyst teknik<\/h3>\n<p>V\u00e5r luftpump \u00e4r speciellt konstruerad f\u00f6r inomhus- och hemmastudior och arbetar med en exceptionellt l\u00e5g ljudniv\u00e5 (<60dB). This feature significantly improves the user experience, allowing for a conducive working environment.<\/p>\n<h3>Robust prestanda<\/h3>\n<p>Med ett j\u00e4mnt fl\u00f6de p\u00e5 30 l\/min s\u00e4kerst\u00e4ller v\u00e5r luftpump rena, r\u00f6kfria snitt \u00e4ven vid arbete med tjocka material som l\u00f6vtr\u00e4 eller akryl. Denna o\u00f6vertr\u00e4ffade prestanda f\u00f6rb\u00e4ttrar b\u00e5de effektivitet och kvalitet i varje projekt.<\/p>\n<h2>4. Omfattande kompatibilitet: Matchning p\u00e5 ett st\u00e4lle<\/h2>\n<h3>Bred till\u00e4mpbarhet<\/h3>\n<p>Denna luftpump anpassar sig perfekt till 95% av vanliga modeller p\u00e5 marknaden, inklusive xTool, Ortur, Atomstack och diverse CO2-lasermaskiner. Denna m\u00e5ngsidighet g\u00f6r den till ett idealiskt val f\u00f6r f\u00f6retag som vill effektivisera sitt lager.<\/p>\n<h3>Distribut\u00f6rsf\u00f6rdelar<\/h3>\n<p>Att erbjuda en enda SKU som passar flera maskiner minskar lagertrycket och komplexiteten f\u00f6r distribut\u00f6rer avsev\u00e4rt. Denna strategiska f\u00f6rdel m\u00f6jligg\u00f6r effektivare lagerhantering och f\u00f6renklade upphandlingsprocesser.<\/p>\n<h2>5. F\u00f6rdelar med leveranskedjan och partnerskap<\/h2>\n<h3>Fabriksstyrka<\/h3>\n<p>Vi anv\u00e4nder strikta kvalitetskontrollprocesser, vilket s\u00e4kerst\u00e4ller en exceptionellt l\u00e5g felfrekvens (<1%). This commitment to quality translates into savings on return logistics and boosts customer confidence in your offerings.<\/p>\n<h3>Anpassningstj\u00e4nster (OEM\/ODM)<\/h3>\n<p>Vi st\u00f6der anpassning av varum\u00e4rkeslogotyper, f\u00f6rpackningsdesign och olika kontaktspecifikationer, vilket ger dig m\u00f6jlighet att bygga din unika varum\u00e4rkesidentitet s\u00f6ml\u00f6st.<\/p>\n<h3>Eftermarknadssupport<\/h3>\n<p>V\u00e5r snabba tekniska respons och reservdelsf\u00f6rs\u00f6rjning s\u00e4kerst\u00e4ller att du f\u00e5r den support du beh\u00f6ver snabbt, vilket fr\u00e4mjar l\u00e5ngsiktiga relationer med dina kunder.<\/p>\n<h2>6. Slutsats och uppmaning till handling (CTA)<\/h2>\n<p>L\u00e5t inte underm\u00e5liga tillbeh\u00f6r skada dina exklusiva maskiners rykte. V\u00e4lj en luftpump som matchar kvaliteten p\u00e5 din utrustning. Kontakta oss idag f\u00f6r att beg\u00e4ra provprovning eller f\u00e5 den senaste B2B-grossistprislistan. Bes\u00f6k. <a href=\"https:\/\/aircompressorforlasercutter.com\/sv\/kontakta-oss\/\">v\u00e5r kontaktsida<\/a> f\u00f6r mer information.<\/p>","protected":false},"excerpt":{"rendered":"<p>Quiet Air Pump for OmTech 60W CO2 Laser: The Unsung Hero of Laser Cutting 1. Background: The Overlooked Essential In the realm of laser engraving and cutting, most buyers invest significantly in high-quality laser machines, often overlooking a crucial accessory??the air pump. While the laser cutter is undoubtedly the star of the show, the air [&hellip;]<\/p>","protected":false},"featured_media":454,"comment_status":"open","ping_status":"closed","template":"","meta":{"_et_pb_use_builder":"","_et_pb_old_content":"","_et_gb_content_width":""},"product_brand":[],"product_cat":[1093],"product_tag":[1095],"class_list":{"0":"post-466","1":"product","2":"type-product","3":"status-publish","4":"has-post-thumbnail","6":"product_cat-air-compressor-for-laser-cutter","7":"product_tag-air-compressor-for-laser-cutter-price","9":"first","10":"instock","11":"shipping-taxable","12":"product-type-simple"},"_links":{"self":[{"href":"https:\/\/aircompressorforlasercutter.com\/sv\/wp-json\/wp\/v2\/product\/466","targetHints":{"allow":["GET"]}}],"collection":[{"href":"https:\/\/aircompressorforlasercutter.com\/sv\/wp-json\/wp\/v2\/product"}],"about":[{"href":"https:\/\/aircompressorforlasercutter.com\/sv\/wp-json\/wp\/v2\/types\/product"}],"replies":[{"embeddable":true,"href":"https:\/\/aircompressorforlasercutter.com\/sv\/wp-json\/wp\/v2\/comments?post=466"}],"wp:featuredmedia":[{"embeddable":true,"href":"https:\/\/aircompressorforlasercutter.com\/sv\/wp-json\/wp\/v2\/media\/454"}],"wp:attachment":[{"href":"https:\/\/aircompressorforlasercutter.com\/sv\/wp-json\/wp\/v2\/media?parent=466"}],"wp:term":[{"taxonomy":"product_brand","embeddable":true,"href":"https:\/\/aircompressorforlasercutter.com\/sv\/wp-json\/wp\/v2\/product_brand?post=466"},{"taxonomy":"product_cat","embeddable":true,"href":"https:\/\/aircompressorforlasercutter.com\/sv\/wp-json\/wp\/v2\/product_cat?post=466"},{"taxonomy":"product_tag","embeddable":true,"href":"https:\/\/aircompressorforlasercutter.com\/sv\/wp-json\/wp\/v2\/product_tag?post=466"}],"curies":[{"name":"wp","href":"https:\/\/api.w.org\/{rel}","templated":true}]}}