{"id":467,"date":"2026-01-14T08:26:17","date_gmt":"2026-01-14T08:26:17","guid":{"rendered":"https:\/\/aircompressorforlasercutter.com\/product\/air-compressor-for-neje-master-2s-max\/"},"modified":"2026-01-14T08:47:11","modified_gmt":"2026-01-14T08:47:11","slug":"air-compressor-for-neje-master-2s-max","status":"publish","type":"product","link":"https:\/\/aircompressorforlasercutter.com\/sv\/produkt\/luftkompressor-for-neje-master-2s-max\/","title":{"rendered":"Luftkompressor f\u00f6r NEJE Master 2S Max"},"content":{"rendered":"<h1>Luftkompressor f\u00f6r NEJE Master 2S Max: Den ok\u00e4nda hj\u00e4lten bakom precisionssk\u00e4rning<\/h1>\n<h2>1. Bakgrund: Den f\u00f6rbisedda komponenten<\/h2>\n<p>Marknaden f\u00f6r lasergravering har sett en betydande \u00f6kning av efterfr\u00e5gan, med k\u00f6pare som investerar kraftigt i lasersk\u00e4rmaskiner i toppklass, som NEJE Master 2S Max. En viktig komponent som ofta f\u00f6rbises \u00e4r dock luftkompressorn. Medan kunder fokuserar p\u00e5 specifikationerna och kapaciteten hos sina lasermaskiner, f\u00f6rsummar de ofta vikten av en effektiv luftpump. Detta f\u00f6rsummande kan leda till underm\u00e5lig prestanda och en kortare livsl\u00e4ngd f\u00f6r deras utrustning.<\/p>\n<h2>K\u00e4rnargument: Luftassistans \u00e4r inte bara ett tillbeh\u00f6r<\/h2>\n<p>Luftassistansfunktionen \u00e4r grundl\u00e4ggande, eftersom den direkt p\u00e5verkar b\u00e5de sk\u00e4rkvaliteten och lasermaskinens livsl\u00e4ngd. F\u00f6r B2B-kunder inneb\u00e4r valet av en h\u00f6gkvalitativ luftkompressor f\u00e4rre klagom\u00e5l g\u00e4llande problem som \"ofullst\u00e4ndiga snitt\" eller \"skadade linser\". Detta fr\u00e4mjar i sin tur h\u00f6gre kundlojalitet och \u00f6kar varum\u00e4rkeslojaliteten.<\/p>\n<h2>2. Analys av sm\u00e4rtpunkter: De dolda kostnaderna f\u00f6r billiga luftpumpar<\/h2>\n<h3>Otillr\u00e4cklig sk\u00e4rkvalitet<\/h3>\n<p>Att anv\u00e4nda en billig luftpump kan allvarligt f\u00f6rs\u00e4mra sk\u00e4rkvaliteten. Instabilt luftfl\u00f6de resulterar i f\u00f6rkolnade kanter p\u00e5 materialen, vilket minskar slutproduktens estetiska tilltal. N\u00e4r resultatet inte uppfyller f\u00f6rv\u00e4ntningarna kan kunderna s\u00f6ka alternativa leverant\u00f6rer, vilket i slut\u00e4ndan kostar dig pengar.<\/p>\n<h3>Risk f\u00f6r utrustningsskada<\/h3>\n<p>S\u00e4mre luftpumpar, s\u00e4rskilt de som inneh\u00e5ller olja, kan avge oljedimma eller fukt och f\u00f6rorena laserlinsen. Denna f\u00f6rorening kan leda till kostsamma reparationer och returer, vilket inte bara f\u00f6rbrukar resurser utan ocks\u00e5 skadar ditt varum\u00e4rkes rykte.<\/p>\n<h3>Bulleravskr\u00e4ckning<\/h3>\n<p>Traditionella luftkompressorer \u00e4r \u00f6k\u00e4nda f\u00f6r sin h\u00f6gljudda drift, vilket kan avskr\u00e4cka hemmabrukare och utbildningsmilj\u00f6er fr\u00e5n att anv\u00e4nda lasersk\u00e4rningsteknik. Denna begr\u00e4nsning kan allvarligt begr\u00e4nsa din marknadsr\u00e4ckvidd och minska f\u00f6rs\u00e4ljningspotentialen.<\/p>\n<h2>3. V\u00e5r l\u00f6sning: Omdefiniera professionell luftassistans<\/h2>\n<h3>Oljefri, vattenfri design<\/h3>\n<p>V\u00e5r luftkompressor har en olje- och vattenfri 100%-design, vilket garanterar ett fullst\u00e4ndigt skydd f\u00f6r laserlinsen. Anv\u00e4ndarna drar nytta av problemfri drift, vilket minskar behovet av regelbundet underh\u00e5ll och l\u00e5ter dem fokusera p\u00e5 sina projekt.<\/p>\n<h3>Ultratyst teknik<\/h3>\n<p>V\u00e5r kompressor \u00e4r speciellt konstruerad f\u00f6r hemmabruk och studiobruk och h\u00e5ller en ljudniv\u00e5 under 60 dB. Denna innovation f\u00f6rb\u00e4ttrar anv\u00e4ndarupplevelsen avsev\u00e4rt, vilket g\u00f6r den l\u00e4mplig f\u00f6r utbildnings- och g\u00f6r-det-sj\u00e4lv-milj\u00f6er utan st\u00f6rande bakgrundsljud.<\/p>\n<h3>Robust prestanda<\/h3>\n<p>Med ett konstant luftfl\u00f6de p\u00e5 30 l\/min garanterar v\u00e5r kompressor rena och restfria snitt, \u00e4ven vid arbete med tjockare material som plywood eller akryl. Denna tillf\u00f6rlitlighet fr\u00e4mjar h\u00f6gre kvalitet, vilket s\u00e4kerst\u00e4ller kundn\u00f6jdhet och \u00e5terkommande aff\u00e4rer.<\/p>\n<h2>4. Bred kompatibilitet: Matchning p\u00e5 ett st\u00e4lle<\/h2>\n<h3>Bred till\u00e4mpbarhet<\/h3>\n<p>V\u00e5r luftkompressor \u00e4r utformad f\u00f6r att vara kompatibel med 95% av de popul\u00e4ra lasergraveringsmaskinerna p\u00e5 marknaden, inklusive m\u00e4rken som xTool, Ortur, Atomstack och olika CO2-lasermodeller. Denna anpassningsf\u00f6rm\u00e5ga f\u00f6renklar lagerhanteringen f\u00f6r distribut\u00f6rer.<\/p>\n<h3>Distribut\u00f6rsf\u00f6rdelar<\/h3>\n<p>Genom att erbjuda en enda SKU som fungerar med flera maskiner kan du avsev\u00e4rt minska lagertrycket och effektivisera lagerh\u00e5llningen, vilket i slut\u00e4ndan f\u00f6rb\u00e4ttrar den operativa effektiviteten.<\/p>\n<h2>5. F\u00f6rdelar med leveranskedjan och samarbete<\/h2>\n<h3>Fabriksstyrka<\/h3>\n<p>Vi \u00e4r stolta \u00f6ver v\u00e5ra strikta kvalitetskontrollprocesser som s\u00e4kerst\u00e4ller en exceptionellt l\u00e5g defektfrekvens p\u00e5 mindre \u00e4n 1%. Denna noggranna uppm\u00e4rksamhet p\u00e5 detaljer hj\u00e4lper till att minimera logistikkostnaderna i samband med returer och byten, vilket i slut\u00e4ndan skyddar ditt slutresultat.<\/p>\n<h3>Anpassade tj\u00e4nster (OEM\/ODM)<\/h3>\n<p>Vi erbjuder skr\u00e4ddarsydda tj\u00e4nster, inklusive varum\u00e4rkesbyggande med er logotyp, skr\u00e4ddarsydda f\u00f6rpackningsdesigner och specifikationer f\u00f6r olika typer av kontakter. Denna flexibilitet g\u00f6r att ni kan bygga och marknadsf\u00f6ra ert varum\u00e4rke effektivt p\u00e5 olika marknader.<\/p>\n<h3>Support efter f\u00f6rs\u00e4ljning<\/h3>\n<p>V\u00e5rt engagemang f\u00f6r kundservice inkluderar snabba tekniska svar och effektiv reservdelsf\u00f6rs\u00f6rjning, vilket s\u00e4kerst\u00e4ller att din verksamhet l\u00f6per smidigt utan on\u00f6diga driftstopp.<\/p>\n<h2>6. Slutsats och uppmaning till handling<\/h2>\n<p>L\u00e5t inte s\u00e4mre komponenter undergr\u00e4va kvaliteten p\u00e5 dina avancerade maskiners rykte. V\u00e4lj en luftkompressor som matchar kalibern p\u00e5 din utrustning. Kontakta oss idag f\u00f6r att beg\u00e4ra ett prov f\u00f6r testning, eller f\u00f6r att f\u00e5 de senaste B2B-grossistpriserna genom att bes\u00f6ka <a href=\"https:\/\/aircompressorforlasercutter.com\/sv\/kontakta-oss\/\">den h\u00e4r l\u00e4nken<\/a>.<\/p>","protected":false},"excerpt":{"rendered":"<p>Air Compressor for NEJE Master 2S Max: The Unsung Hero Behind Precision Cutting 1. Background: The Overlooked Component The laser engraving market has seen a significant uptick in demand, with buyers investing heavily in top-tier laser cutting machines such as the NEJE Master 2S Max. However, a critical component often overlooked is the air compressor. [&hellip;]<\/p>","protected":false},"featured_media":455,"comment_status":"open","ping_status":"closed","template":"","meta":{"_et_pb_use_builder":"","_et_pb_old_content":"","_et_gb_content_width":""},"product_brand":[],"product_cat":[1093],"product_tag":[1096],"class_list":{"0":"post-467","1":"product","2":"type-product","3":"status-publish","4":"has-post-thumbnail","6":"product_cat-air-compressor-for-laser-cutter","7":"product_tag-air-compressor-for-laser-cutter-cost","9":"first","10":"instock","11":"shipping-taxable","12":"product-type-simple"},"_links":{"self":[{"href":"https:\/\/aircompressorforlasercutter.com\/sv\/wp-json\/wp\/v2\/product\/467","targetHints":{"allow":["GET"]}}],"collection":[{"href":"https:\/\/aircompressorforlasercutter.com\/sv\/wp-json\/wp\/v2\/product"}],"about":[{"href":"https:\/\/aircompressorforlasercutter.com\/sv\/wp-json\/wp\/v2\/types\/product"}],"replies":[{"embeddable":true,"href":"https:\/\/aircompressorforlasercutter.com\/sv\/wp-json\/wp\/v2\/comments?post=467"}],"wp:featuredmedia":[{"embeddable":true,"href":"https:\/\/aircompressorforlasercutter.com\/sv\/wp-json\/wp\/v2\/media\/455"}],"wp:attachment":[{"href":"https:\/\/aircompressorforlasercutter.com\/sv\/wp-json\/wp\/v2\/media?parent=467"}],"wp:term":[{"taxonomy":"product_brand","embeddable":true,"href":"https:\/\/aircompressorforlasercutter.com\/sv\/wp-json\/wp\/v2\/product_brand?post=467"},{"taxonomy":"product_cat","embeddable":true,"href":"https:\/\/aircompressorforlasercutter.com\/sv\/wp-json\/wp\/v2\/product_cat?post=467"},{"taxonomy":"product_tag","embeddable":true,"href":"https:\/\/aircompressorforlasercutter.com\/sv\/wp-json\/wp\/v2\/product_tag?post=467"}],"curies":[{"name":"wp","href":"https:\/\/api.w.org\/{rel}","templated":true}]}}