{"id":468,"date":"2026-01-14T08:26:18","date_gmt":"2026-01-14T08:26:18","guid":{"rendered":"https:\/\/aircompressorforlasercutter.com\/product\/air-assist-compressor-for-two-trees-ts2-engraver\/"},"modified":"2026-01-14T08:46:55","modified_gmt":"2026-01-14T08:46:55","slug":"air-assist-compressor-for-two-trees-ts2-engraver","status":"publish","type":"product","link":"https:\/\/aircompressorforlasercutter.com\/sv\/produkt\/luftassistanskompressor-for-two-trees-ts2-gravor\/","title":{"rendered":"Luftassistanskompressor f\u00f6r Two Trees TS2 grav\u00f6r"},"content":{"rendered":"<h1>Luftassistanskompressor f\u00f6r Two Trees TS2 Engraver: Den ok\u00e4nda hj\u00e4lten<\/h1>\n<h2>1. Bakgrund: Det nuvarande marknadslandskapet<\/h2>\n<p>Inom lasergraveringsbranschen investerar de flesta k\u00f6pare betydande summor i avancerade lasergraveringsmaskiner och f\u00f6rbiser ofta ett viktigt tillbeh\u00f6r: luftassistanskompressorn. Denna underskattade komponent spelar en viktig roll f\u00f6r att f\u00f6rb\u00e4ttra laserutrustningens totala prestanda och livsl\u00e4ngd. Det \u00e4r viktigt att inse att luftassistans inte bara \u00e4r ett kompletterande tillbeh\u00f6r; det \u00e4r en avg\u00f6rande faktor f\u00f6r din maskins sk\u00e4rkvalitet och livsl\u00e4ngd.<\/p>\n<h3>K\u00e4rninsikter: V\u00e4rdet av Air Assist<\/h3>\n<p>F\u00f6r distribut\u00f6rer leder valet av r\u00e4tt luftassistanskompressor direkt till f\u00e4rre kundklagom\u00e5l g\u00e4llande problem som \"ofullst\u00e4ndiga sk\u00e4rs\u00e5r\" och \"skadade linser\". Den uppenbara dominoeffekten \u00e4r en h\u00f6gre kundlojalitet. Att investera i en luftkompressor av h\u00f6g kvalitet inneb\u00e4r att ge dina kunder exceptionella resultat och p\u00e5litlig prestanda.<\/p>\n<h2>2. Analys av sm\u00e4rtpunkter: De dolda kostnaderna f\u00f6r billiga kompressorer<\/h2>\n<p>N\u00e4r f\u00f6retag v\u00e4ljer en billig luftkompressor st\u00f6ter de ofta p\u00e5 flera dolda kostnader som kan \u00f6verv\u00e4ga de initiala besparingarna.<\/p>\n<h3>D\u00e5lig sk\u00e4rkvalitet<\/h3>\n<p>Instabilt luftfl\u00f6de fr\u00e5n s\u00e4mre kompressorer kan leda till o\u00f6nskade resultat, s\u00e5som f\u00f6rkolnade kanter p\u00e5 material, vilket resulterar i fula f\u00e4rdiga produkter. Detta p\u00e5verkar inte bara estetiken utan minskar ocks\u00e5 slutproduktens upplevda v\u00e4rde.<\/p>\n<h3>Risk f\u00f6r utrustningsskada<\/h3>\n<p>Underm\u00e5liga kompressorer, s\u00e4rskilt de som \u00e4r oljebaserade, utg\u00f6r en betydande risk genom att de avger oljedimma eller fukt som kan f\u00f6rorena laseroptiken. Denna f\u00f6rorening kan leda till kostsamma reparationer och potentiell avkastning, vilket urholkar vinsterna.<\/p>\n<h3>Bulleravskr\u00e4ckning<\/h3>\n<p>Traditionella luftkompressorer \u00e4r notoriskt h\u00f6gljudda, vilket begr\u00e4nsar deras anv\u00e4ndbarhet i hemmilj\u00f6er eller utbildningsmilj\u00f6er. Detta ljud kan avskr\u00e4cka potentiella kunder och effektivt begr\u00e4nsa din marknadsr\u00e4ckvidd.<\/p>\n<h2>3. V\u00e5r l\u00f6sning: Omdefiniera professionell luftassistans<\/h2>\n<p>Vi presenterar n\u00e4sta generations luftassisterade kompressor, utformad f\u00f6r att hantera de vanliga fallgropar som anv\u00e4ndare av lasergraveringsmaskiner m\u00f6ter.<\/p>\n<h3>Oljefri och vattenfri design<\/h3>\n<p>V\u00e5r kompressor garanterar 100%-skydd f\u00f6r laseroptik och kr\u00e4ver inget underh\u00e5ll fr\u00e5n slutanv\u00e4ndarna. Detta inneb\u00e4r sinnesro och betydande besparingar i tid och resurser.<\/p>\n<h3>Ultratyst teknik<\/h3>\n<p>V\u00e5r kompressor \u00e4r konstruerad f\u00f6r inomhus- och hemmastudioapplikationer och arbetar med en exceptionellt l\u00e5g ljudniv\u00e5 (under 60 dB), vilket avsev\u00e4rt f\u00f6rb\u00e4ttrar anv\u00e4ndarupplevelsen och g\u00f6r den l\u00e4mplig f\u00f6r en bredare publik.<\/p>\n<h3>Robust prestanda<\/h3>\n<p>Med en j\u00e4mn och robust kapacitet p\u00e5 30 l\/min s\u00e4kerst\u00e4ller v\u00e5r kompressor att snitt p\u00e5 tjocka material, som tr\u00e4 och akryl, blir rena och fria fr\u00e5n r\u00f6k eller sot, vilket f\u00f6rb\u00e4ttrar kvalitet och effektivitet.<\/p>\n<h2>4. Omfattande kompatibilitet: Matchning p\u00e5 ett st\u00e4lle<\/h2>\n<p>V\u00e5r luftassisterade kompressor \u00e4r utformad f\u00f6r att vara kompatibel med \u00f6ver 95% av popul\u00e4ra gravyrmaskiner p\u00e5 marknaden, inklusive modeller fr\u00e5n xTool, Ortur, Atomstack och olika CO2-lasermaskiner.<\/p>\n<h3>Distribut\u00f6rsf\u00f6rdelar<\/h3>\n<p>Att erbjuda en enda SKU som passar flera maskiner minskar avsev\u00e4rt lagerb\u00f6rdan och komplexiteten i samband med att lagerh\u00e5lla flera produkter. Detta effektiviserar verksamheten och f\u00f6rb\u00e4ttrar l\u00f6nsamheten.<\/p>\n<h2>5. F\u00f6rdelar med leveranskedjan och partnerskap<\/h2>\n<p>Vi \u00e4r stolta \u00f6ver v\u00e5r robusta leveranskedja och tillverkningskapacitet, vilket s\u00e4kerst\u00e4ller kvalitet och tillf\u00f6rlitlighet i varje enhet.<\/p>\n<h3>Fabrikens styrkor<\/h3>\n<p>V\u00e5ra strikta kvalitetskontrollprocesser (QC) s\u00e4kerst\u00e4ller en anm\u00e4rkningsv\u00e4rt l\u00e5g felfrekvens (mindre \u00e4n 1%), vilket i slut\u00e4ndan sparar dig kostnader i samband med returer och logistik.<\/p>\n<h3>Anpassningsbara tj\u00e4nster (OEM\/ODM)<\/h3>\n<p>Vi st\u00f6der varum\u00e4rkesbyggande genom anpassningsbara logotyper, f\u00f6rpackningsdesigner och kontaktspecifikationer f\u00f6r olika l\u00e4nder, vilket ger dig m\u00f6jlighet att effektivt bygga din varum\u00e4rkesidentitet.<\/p>\n<h3>Omfattande eftermarknadssupport<\/h3>\n<p>V\u00e5r snabba tekniska respons och tillg\u00e5ng till reservdelar s\u00e4kerst\u00e4ller att dina kunder f\u00e5r exceptionell support, vilket st\u00e4rker deras f\u00f6rtroende f\u00f6r ditt varum\u00e4rke.<\/p>\n<h2>6. Slutsats och uppmaning till handling<\/h2>\n<p>Sammanfattningsvis, l\u00e5t inte underm\u00e5liga tillbeh\u00f6r skada dina avancerade maskiners rykte. Att v\u00e4lja en kompressor som \u00f6verensst\u00e4mmer med din utrustnings kvalitet \u00e4r avg\u00f6rande f\u00f6r att bibeh\u00e5lla h\u00f6gsta prestanda.<\/p>\n<p>Kontakta oss idag f\u00f6r provtestning eller f\u00f6r att f\u00e5 de senaste B2B-grossistpriserna. Missa inte denna m\u00f6jlighet att lyfta din verksamhet med \u00f6verl\u00e4gsen luftassistansteknik.<\/p>\n<p>Bes\u00f6k oss p\u00e5 <a href=\"https:\/\/aircompressorforlasercutter.com\/sv\/kontakta-oss\/\">v\u00e5r kontaktsida<\/a> att l\u00e4ra sig mer.<\/p>","protected":false},"excerpt":{"rendered":"<p>Air Assist Compressor for Two Trees TS2 Engraver: The Unsung Hero 1. Background: The Current Market Landscape In the laser engraving industry, most buyers invest significant sums into high-end laser engraving machines, often overlooking a critical accessory: the air assist compressor. This underappreciated component plays a vital role in enhancing the overall performance and longevity [&hellip;]<\/p>","protected":false},"featured_media":455,"comment_status":"open","ping_status":"closed","template":"","meta":{"_et_pb_use_builder":"","_et_pb_old_content":"","_et_gb_content_width":""},"product_brand":[],"product_cat":[1093],"product_tag":[1094],"class_list":{"0":"post-468","1":"product","2":"type-product","3":"status-publish","4":"has-post-thumbnail","6":"product_cat-air-compressor-for-laser-cutter","7":"product_tag-air-compressor-for-laser-cutter","9":"first","10":"instock","11":"shipping-taxable","12":"product-type-simple"},"_links":{"self":[{"href":"https:\/\/aircompressorforlasercutter.com\/sv\/wp-json\/wp\/v2\/product\/468","targetHints":{"allow":["GET"]}}],"collection":[{"href":"https:\/\/aircompressorforlasercutter.com\/sv\/wp-json\/wp\/v2\/product"}],"about":[{"href":"https:\/\/aircompressorforlasercutter.com\/sv\/wp-json\/wp\/v2\/types\/product"}],"replies":[{"embeddable":true,"href":"https:\/\/aircompressorforlasercutter.com\/sv\/wp-json\/wp\/v2\/comments?post=468"}],"wp:featuredmedia":[{"embeddable":true,"href":"https:\/\/aircompressorforlasercutter.com\/sv\/wp-json\/wp\/v2\/media\/455"}],"wp:attachment":[{"href":"https:\/\/aircompressorforlasercutter.com\/sv\/wp-json\/wp\/v2\/media?parent=468"}],"wp:term":[{"taxonomy":"product_brand","embeddable":true,"href":"https:\/\/aircompressorforlasercutter.com\/sv\/wp-json\/wp\/v2\/product_brand?post=468"},{"taxonomy":"product_cat","embeddable":true,"href":"https:\/\/aircompressorforlasercutter.com\/sv\/wp-json\/wp\/v2\/product_cat?post=468"},{"taxonomy":"product_tag","embeddable":true,"href":"https:\/\/aircompressorforlasercutter.com\/sv\/wp-json\/wp\/v2\/product_tag?post=468"}],"curies":[{"name":"wp","href":"https:\/\/api.w.org\/{rel}","templated":true}]}}