{"id":469,"date":"2026-01-14T08:26:18","date_gmt":"2026-01-14T08:26:18","guid":{"rendered":"https:\/\/aircompressorforlasercutter.com\/product\/universal-air-assist-pump-for-diode-laser-machines\/"},"modified":"2026-01-14T08:46:24","modified_gmt":"2026-01-14T08:46:24","slug":"universal-air-assist-pump-for-diode-laser-machines","status":"publish","type":"product","link":"https:\/\/aircompressorforlasercutter.com\/sv\/produkt\/universell-luftassistanspump-for-diodlasermaskiner\/","title":{"rendered":"Universell luftassistanspump f\u00f6r diodlasermaskiner"},"content":{"rendered":"<h1>Universell luftassistanspump f\u00f6r diodlasermaskiner: Den ok\u00e4nda hj\u00e4lten<\/h1>\n<h2>1. Bakgrund: En kritisk komponent som ofta f\u00f6rbises<\/h2>\n<p>I det konkurrensutsatta landskapet p\u00e5 lasergraveringsmarknaden investerar m\u00e5nga k\u00f6pare kraftigt i avancerade lasersk\u00e4rmaskiner samtidigt som de f\u00f6rsummar ett viktigt tillbeh\u00f6r: luftassistanspumpen. Detta f\u00f6rsummande kan vara skadligt, eftersom luftassistans inte bara \u00e4r ett komplement; det p\u00e5verkar direkt b\u00e5de sk\u00e4rkvaliteten och maskinens livsl\u00e4ngd.<\/p>\n<p>Verkligheten \u00e4r att en h\u00f6gpresterande luftassistanspump \u00e4r avg\u00f6rande f\u00f6r att uppn\u00e5 optimala resultat. N\u00e4r k\u00f6pare fokuserar enbart p\u00e5 laserenheten missar de m\u00f6jligheten att f\u00f6rb\u00e4ttra sin verksamhet avsev\u00e4rt, vilket resulterar i underm\u00e5liga resultat och \u00f6kade driftskostnader.<\/p>\n<h2>K\u00e4rninsikt: Den direkta effekten av luftassistans p\u00e5 prestanda<\/h2>\n<p>F\u00f6r B2B-distribut\u00f6rer inneb\u00e4r valet av en \u00f6verl\u00e4gsen luftpump f\u00e4rre klagom\u00e5l g\u00e4llande \"ofullst\u00e4ndiga snitt\" eller \"skadade linser\", vilket leder till h\u00f6gre kundlojalitet. Luftassistanspumpen \u00e4r en avg\u00f6rande faktor som kan avg\u00f6ra skillnaden mellan n\u00f6jda kunder och de som kan v\u00e4nda sig till konkurrenter p\u00e5 grund av frustration \u00f6ver snittkvaliteten.<\/p>\n<h2>2. Analys av sm\u00e4rtpunkter: De dolda kostnaderna f\u00f6r billiga luftpumpar<\/h2>\n<p>Att investera i billiga luftpumpar leder ofta till dolda kostnader som kan undergr\u00e4va den totala effektiviteten och l\u00f6nsamheten:<\/p>\n<h3>D\u00e5lig sk\u00e4rkvalitet<\/h3>\n<p>Inkonsekvent luftfl\u00f6de fr\u00e5n s\u00e4mre pumpar kan leda till br\u00e4nda kanter och minskad sk\u00e4reffektivitet. Detta p\u00e5verkar inte bara den f\u00e4rdiga produktens estetiska tilltal utan minskar \u00e4ven dess s\u00e4ljbarhet. Kunderna f\u00f6rv\u00e4ntar sig precision, och alla avvikelser kan p\u00e5verka deras n\u00f6jdhet och \u00e5terkommande aff\u00e4rer.<\/p>\n<h3>Risk f\u00f6r utrustningsskada<\/h3>\n<p>Underm\u00e5liga luftpumpar, s\u00e4rskilt de som avger olja eller fukt, kan f\u00f6rorena laserlinser, vilket leder till kostsamma reparationer och returer. Denna f\u00f6rorening kan resultera i betydande driftstopp och f\u00f6rlorad produktivitet, vilket i slut\u00e4ndan p\u00e5verkar resultatet.<\/p>\n<h3>Bulleravskr\u00e4ckning<\/h3>\n<p>Traditionella luftkompressorer kan generera mycket buller, vilket begr\u00e4nsar deras anv\u00e4ndbarhet i hemmaverkst\u00e4der och utbildningsmilj\u00f6er. Detta bullerproblem begr\u00e4nsar marknaden f\u00f6r dina produkter, eftersom potentiella kunder undviker att anv\u00e4nda h\u00f6gljudda maskiner i bostadsomr\u00e5den.<\/p>\n<h2>3. V\u00e5r l\u00f6sning: Omdefiniera professionell luftassistans<\/h2>\n<p>Vi introducerar en banbrytande luftassistanspump utformad f\u00f6r att hantera de befintliga utmaningarna p\u00e5 marknaden:<\/p>\n<h3>Oljefri och vattenfri design<\/h3>\n<p>V\u00e5r universella luftassistanspump har en olje- och vattenfri 100%-design, vilket garanterar ett komplett skydd f\u00f6r laserlinser. Detta eliminerar behovet av underh\u00e5ll f\u00f6r slutanv\u00e4ndarna, vilket ger dem en problemfri upplevelse samtidigt som utrustningens livsl\u00e4ngd f\u00f6rl\u00e4ngs.<\/p>\n<h3>Ultratyst teknik<\/h3>\n<p>V\u00e5r luftassistanspump \u00e4r speciellt konstruerad f\u00f6r inomhusbruk och hemmabruk i studior och arbetar med en exceptionellt l\u00e5g ljudniv\u00e5 (&lt;60 dB), vilket f\u00f6rb\u00e4ttrar anv\u00e4ndarupplevelsen. Denna funktion \u00f6ppnar upp nya m\u00f6jligheter inom hemmafix och utbildningssektorn, vilket m\u00f6jligg\u00f6r bredare till\u00e4mpningar och kundr\u00e4ckvidd.<\/p>\n<h3>Robust prestanda<\/h3>\n<p>Med en j\u00e4mn och kraftfull kapacitet p\u00e5 30 l\/min garanterar v\u00e5r pump rena, r\u00f6kfria snitt, \u00e4ven vid arbete med tjockt tr\u00e4 eller akrylmaterial. Anv\u00e4ndare kan lita p\u00e5 att deras projekt kommer att uppfylla h\u00f6ga standarder, vilket \u00f6kar kundn\u00f6jdheten och ger fler \u00e5terkommande kunder.<\/p>\n<h2>4. Omfattande kompatibilitet: En komplett matchningsl\u00f6sning<\/h2>\n<p>V\u00e5r luftassistanspump \u00e4r utformad f\u00f6r att s\u00f6ml\u00f6st integreras med 95% fr\u00e5n m\u00e5nga vanliga modeller p\u00e5 marknaden, inklusive xTool, Ortur, Atomstack och olika CO2-lasermaskiner. Denna omfattande kompatibilitet s\u00e4kerst\u00e4ller att distribut\u00f6rer kan m\u00f6ta olika kundbehov utan att beh\u00f6va hantera flera SKU:er.<\/p>\n<h3>F\u00f6rdelar f\u00f6r distribut\u00f6rer<\/h3>\n<p>Med \"en SKU som passar flera maskiner\" minskar v\u00e5r l\u00f6sning avsev\u00e4rt lagertrycket och komplexiteten f\u00f6r distribut\u00f6rer, vilket g\u00f6r den till ett effektivt val f\u00f6r att uppr\u00e4tth\u00e5lla lagerniv\u00e5er samtidigt som den tillgodoser ett brett spektrum av kunder.<\/p>\n<h2>5. F\u00f6rdelar med leveranskedjan och partnerskap<\/h2>\n<p>V\u00e5rt engagemang f\u00f6r kvalitet och kundn\u00f6jdhet skiljer oss fr\u00e5n m\u00e4ngden i branschen:<\/p>\n<h3>Fabriksh\u00e5rd kraft<\/h3>\n<p>Vi har implementerat strikta kvalitetskontrollprocesser som garanterar en exceptionellt l\u00e5g defektfrekvens (&lt;1%), vilket minimerar returer och logistikkostnader f\u00f6r dig. V\u00e5r p\u00e5litlighet s\u00e4kerst\u00e4ller att du kan lita p\u00e5 de produkter du erbjuder dina kunder.<\/p>\n<h3>Anpassningsbara tj\u00e4nster (OEM\/ODM)<\/h3>\n<p>Vi erbjuder skr\u00e4ddarsydda tj\u00e4nster, inklusive design av varum\u00e4rkeslogotyper, f\u00f6rpackningsl\u00f6sningar och kontaktspecifikationer som \u00e4r l\u00e4mpliga f\u00f6r olika l\u00e4nder. Denna flexibilitet g\u00f6r att du kan skapa en stark varum\u00e4rkesidentitet samtidigt som du m\u00f6ter lokala marknadskrav.<\/p>\n<h3>Eftermarknadssupport<\/h3>\n<p>V\u00e5rt team erbjuder snabba tekniska svar och reservdelsleveranser, vilket s\u00e4kerst\u00e4ller att eventuella problem \u00e5tg\u00e4rdas snabbt och fr\u00e4mjar f\u00f6rtroende och l\u00e5ngsiktiga relationer med era kunder.<\/p>\n<h2>6. Slutsats och uppmaning till handling<\/h2>\n<p>L\u00e5t inte s\u00e4mre tillbeh\u00f6r \u00e4ventyra dina avancerade lasermaskiners rykte. V\u00e4lj en luftassistanspump som matchar kvaliteten p\u00e5 din utrustning f\u00f6r att s\u00e4kerst\u00e4lla optimal prestanda.<\/p>\n<p>Kontakta oss idag f\u00f6r provtestning eller f\u00f6r att f\u00e5 de senaste B2B-grossistpriserna. Ta det f\u00f6rsta steget mot att f\u00f6rb\u00e4ttra dina produkterbjudanden och \u00f6ka kundn\u00f6jdheten med v\u00e5r universella luftassistanspump.<\/p>\n<p>F\u00f6r fr\u00e5gor, bes\u00f6k <a href=\"https:\/\/aircompressorforlasercutter.com\/sv\/kontakta-oss\/\">den h\u00e4r l\u00e4nken<\/a>.<\/p>","protected":false},"excerpt":{"rendered":"<p>Universal Air Assist Pump for Diode Laser Machines: The Unsung Hero 1. Background: A Critical Component Often Overlooked In the competitive landscape of the laser engraving market, many buyers invest heavily in high-end laser cutting machines while neglecting a crucial accessory: the air assist pump. This oversight can be detrimental, as air assist is not [&hellip;]<\/p>","protected":false},"featured_media":455,"comment_status":"open","ping_status":"closed","template":"","meta":{"_et_pb_use_builder":"","_et_pb_old_content":"","_et_gb_content_width":""},"product_brand":[],"product_cat":[1093],"product_tag":[1095],"class_list":{"0":"post-469","1":"product","2":"type-product","3":"status-publish","4":"has-post-thumbnail","6":"product_cat-air-compressor-for-laser-cutter","7":"product_tag-air-compressor-for-laser-cutter-price","9":"first","10":"instock","11":"shipping-taxable","12":"product-type-simple"},"_links":{"self":[{"href":"https:\/\/aircompressorforlasercutter.com\/sv\/wp-json\/wp\/v2\/product\/469","targetHints":{"allow":["GET"]}}],"collection":[{"href":"https:\/\/aircompressorforlasercutter.com\/sv\/wp-json\/wp\/v2\/product"}],"about":[{"href":"https:\/\/aircompressorforlasercutter.com\/sv\/wp-json\/wp\/v2\/types\/product"}],"replies":[{"embeddable":true,"href":"https:\/\/aircompressorforlasercutter.com\/sv\/wp-json\/wp\/v2\/comments?post=469"}],"wp:featuredmedia":[{"embeddable":true,"href":"https:\/\/aircompressorforlasercutter.com\/sv\/wp-json\/wp\/v2\/media\/455"}],"wp:attachment":[{"href":"https:\/\/aircompressorforlasercutter.com\/sv\/wp-json\/wp\/v2\/media?parent=469"}],"wp:term":[{"taxonomy":"product_brand","embeddable":true,"href":"https:\/\/aircompressorforlasercutter.com\/sv\/wp-json\/wp\/v2\/product_brand?post=469"},{"taxonomy":"product_cat","embeddable":true,"href":"https:\/\/aircompressorforlasercutter.com\/sv\/wp-json\/wp\/v2\/product_cat?post=469"},{"taxonomy":"product_tag","embeddable":true,"href":"https:\/\/aircompressorforlasercutter.com\/sv\/wp-json\/wp\/v2\/product_tag?post=469"}],"curies":[{"name":"wp","href":"https:\/\/api.w.org\/{rel}","templated":true}]}}