{"id":470,"date":"2026-01-14T08:26:18","date_gmt":"2026-01-14T08:26:18","guid":{"rendered":"https:\/\/aircompressorforlasercutter.com\/product\/ultra-quiet-air-compressor-for-indoor-laser-engraving\/"},"modified":"2026-01-14T08:46:04","modified_gmt":"2026-01-14T08:46:04","slug":"ultra-quiet-air-compressor-for-indoor-laser-engraving","status":"publish","type":"product","link":"https:\/\/aircompressorforlasercutter.com\/sv\/produkt\/ultratyst-luftkompressor-for-lasergravering-inomhus\/","title":{"rendered":"Ultratyst luftkompressor f\u00f6r lasergravering inomhus"},"content":{"rendered":"<h1>Ultratyst luftkompressor f\u00f6r lasergravering inomhus<\/h1>\n<h2>Lasergravyrens ok\u00e4nda hj\u00e4lte<\/h2>\n<p>P\u00e5 den livliga marknaden f\u00f6r lasergravering investerar k\u00f6pare ofta betydande summor i h\u00f6gkvalitativa maskiner, men tenderar att f\u00f6rbise den viktiga luftpumpen som avsev\u00e4rt p\u00e5verkar den totala prestandan. Detta f\u00f6rsummande kan leda till en m\u00e4ngd driftsproblem som minskar graveringsprocessens kvalitet och livsl\u00e4ngd. Lufttillf\u00f6rseln \u00e4r inte bara ett tillbeh\u00f6r; den spelar en avg\u00f6rande roll f\u00f6r att best\u00e4mma b\u00e5de sk\u00e4rkvaliteten och maskinens livsl\u00e4ngd, viktiga komponenter f\u00f6r alla B2B-relationer.<\/p>\n<h2>Att f\u00f6rst\u00e5 marknadslandskapet<\/h2>\n<p>Eftersom de flesta f\u00f6retag fokuserar p\u00e5 att f\u00f6rv\u00e4rva avancerad lasersk\u00e4rningsutrustning f\u00f6rblir luftkompressorn en sekund\u00e4r faktor. Sanningen \u00e4r dock att luftassistans direkt p\u00e5verkar sk\u00e4rkvaliteten och driftseffektiviteten. F\u00f6r distribut\u00f6rer inneb\u00e4r valet av en premiumluftpump f\u00e4rre kundklagom\u00e5l g\u00e4llande otillr\u00e4cklig sk\u00e4rprestanda eller skadade linser, vilket i slut\u00e4ndan resulterar i h\u00f6gre kundlojalitet.<\/p>\n<h2>Sm\u00e4rtpunkter med l\u00e5gkvalitativa luftpumpar<\/h2>\n<p>\u00c4ven om det kan vara frestande att v\u00e4lja billigare luftkompressorer, kan de dolda kostnaderna som \u00e4r f\u00f6rknippade med underm\u00e5lig utrustning vara skadliga:<\/p>\n<h3>D\u00e5lig sk\u00e4rkvalitet<\/h3>\n<p>Instabilt luftfl\u00f6de fr\u00e5n billiga luftpumpar kan leda till svarta eller f\u00f6rkolnade kanter p\u00e5 material, vilket negativt p\u00e5verkar slutprodukternas estetiska tilltal. Detta kan resultera i besvikna kunder och f\u00f6rlorade aff\u00e4rsm\u00f6jligheter.<\/p>\n<h3>Risk f\u00f6r utrustningsskada<\/h3>\n<p>Luftkompressorer av l\u00e5g kvalitet, s\u00e4rskilt de som anv\u00e4nder olja, kan spruta ut oljedimma eller fukt och f\u00f6rorena laserlinser. Detta \u00f6kar inte bara sannolikheten f\u00f6r kostsamma reparationer utan kan ocks\u00e5 leda till produktreturer, vilket ytterligare p\u00e5verkar l\u00f6nsamheten.<\/p>\n<h3>Bulleravskr\u00e4ckande<\/h3>\n<p>Traditionella luftkompressorer \u00e4r ofta oproportionerligt h\u00f6gljudda, vilket kan avskr\u00e4cka hemmaanv\u00e4ndare och utbildningsmilj\u00f6er fr\u00e5n att anv\u00e4nda lasergraveringsteknik och d\u00e4rmed begr\u00e4nsa potentiella f\u00f6rs\u00e4ljningsmarknader.<\/p>\n<h2>V\u00e5r l\u00f6sning: Omdefiniera professionell flygassistans<\/h2>\n<p>P\u00e5 Ever-power erbjuder vi en luftkompressor som omdefinierar vad en professionell luftassistans b\u00f6r vara:<\/p>\n<h3>Oljefri och vattenfri design<\/h3>\n<p>V\u00e5r ultratysta luftkompressor har en olje- och vattenfri 100%-design, vilket garanterar ett komplett skydd f\u00f6r laserlinser. Det inneb\u00e4r att slutanv\u00e4ndarna kan njuta av o\u00f6vertr\u00e4ffad sinnesro, eftersom de inte beh\u00f6ver oroa sig f\u00f6r underh\u00e5ll eller kontaminering.<\/p>\n<h3>Ultratyst teknik<\/h3>\n<p>V\u00e5r kompressor \u00e4r speciellt konstruerad f\u00f6r inomhus- och hemmastudiomilj\u00f6er och h\u00e5ller ljudniv\u00e5erna under 60 dB, vilket f\u00f6rb\u00e4ttrar anv\u00e4ndarupplevelsen avsev\u00e4rt. Detta s\u00e4kerst\u00e4ller en mer gynnsam arbetsyta f\u00f6r kreativitet och produktivitet.<\/p>\n<h3>Kraftfull prestanda<\/h3>\n<p>Med ett robust fl\u00f6de p\u00e5 30 l\/min s\u00e4kerst\u00e4ller v\u00e5r kompressor ett j\u00e4mnt och stabilt luftfl\u00f6de, vilket \u00e4r avg\u00f6rande vid s\u00e5gning i tjocka material som tr\u00e4 eller akryl. Detta garanterar rena snitt utan r\u00f6k eller rester, vilket f\u00f6rb\u00e4ttrar kvalitet och effektivitet.<\/p>\n<h2>Bred kompatibilitet: En komplett l\u00f6sning<\/h2>\n<p>V\u00e5r luftkompressor \u00e4r utformad f\u00f6r att s\u00f6ml\u00f6st integreras med 95% av vanliga lasergraveringsmaskiner p\u00e5 marknaden, inklusive m\u00e4rken som xTool, Ortur, Atomstack och olika CO2-lasersystem.<\/p>\n<h3>Distribut\u00f6rsf\u00f6rdelar<\/h3>\n<p>Genom att v\u00e4lja v\u00e5r luftkompressor kan distribut\u00f6rer dra nytta av minskat lagertryck, eftersom en SKU \u00e4r kompatibel med flera maskiner. Detta f\u00f6renklar lagerhanteringen och effektiviserar leveranskedjorna.<\/p>\n<h2>F\u00f6rdelar med leveranskedjan och partnerskap<\/h2>\n<p>Med en solid tillverkningsgrund s\u00e4kerst\u00e4ller Ever-power strikta kvalitetskontrollprocesser som resulterar i en felfrekvens p\u00e5 mindre \u00e4n 1%. Detta minimerar logistikkostnader i samband med returer och utbyten.<\/p>\n<h3>Anpassningsbara tj\u00e4nster<\/h3>\n<p>Vi erbjuder helt\u00e4ckande OEM\/ODM-tj\u00e4nster, vilket m\u00f6jligg\u00f6r anpassning av varum\u00e4rkeslogotyper, f\u00f6rpackningsdesign och kontaktspecifikationer skr\u00e4ddarsydda f\u00f6r olika marknader, vilket hj\u00e4lper f\u00f6retag att bygga sin unika varum\u00e4rkesidentitet.<\/p>\n<h3>Eftermarknadssupport<\/h3>\n<p>V\u00e5rt engagemang str\u00e4cker sig bortom f\u00f6rs\u00e4ljningen och tillhandah\u00e5ller snabba tekniska svar och tillg\u00e5ng till reservdelar f\u00f6r att s\u00e4kerst\u00e4lla att v\u00e5ra partners kan uppr\u00e4tth\u00e5lla en effektiv operativ drift.<\/p>\n<p>L\u00e5t inte l\u00e5gkvalitativa komponenter skada dina avancerade maskiners rykte. V\u00e4lj en luftkompressor som matchar kvaliteten p\u00e5 din utrustning. Kontakta oss idag f\u00f6r provtester eller f\u00f6r att f\u00e5 v\u00e5ra senaste B2B-grossistpriser. L\u00e5t oss tillsammans f\u00f6rb\u00e4ttra dina produkterbjudanden och s\u00e4kerst\u00e4lla dina kunders n\u00f6jdhet.<\/p>\n<p><a href=\"https:\/\/aircompressorforlasercutter.com\/sv\/kontakta-oss\/\">Kontakta oss<\/a> f\u00f6r ytterligare fr\u00e5gor och f\u00f6r att \u00f6ka din aff\u00e4rspotential.<\/p>","protected":false},"excerpt":{"rendered":"<p>Ultra Quiet Air Compressor for Indoor Laser Engraving The Unsung Hero of Laser Engraving In the bustling market of laser engraving, buyers often invest substantial amounts in high-quality machines, yet tend to overlook the crucial air pump that significantly impacts overall performance. This oversight can lead to a myriad of operational issues that diminish the [&hellip;]<\/p>","protected":false},"featured_media":455,"comment_status":"open","ping_status":"closed","template":"","meta":{"_et_pb_use_builder":"","_et_pb_old_content":"","_et_gb_content_width":""},"product_brand":[],"product_cat":[1093],"product_tag":[1096],"class_list":{"0":"post-470","1":"product","2":"type-product","3":"status-publish","4":"has-post-thumbnail","6":"product_cat-air-compressor-for-laser-cutter","7":"product_tag-air-compressor-for-laser-cutter-cost","9":"first","10":"instock","11":"shipping-taxable","12":"product-type-simple"},"_links":{"self":[{"href":"https:\/\/aircompressorforlasercutter.com\/sv\/wp-json\/wp\/v2\/product\/470","targetHints":{"allow":["GET"]}}],"collection":[{"href":"https:\/\/aircompressorforlasercutter.com\/sv\/wp-json\/wp\/v2\/product"}],"about":[{"href":"https:\/\/aircompressorforlasercutter.com\/sv\/wp-json\/wp\/v2\/types\/product"}],"replies":[{"embeddable":true,"href":"https:\/\/aircompressorforlasercutter.com\/sv\/wp-json\/wp\/v2\/comments?post=470"}],"wp:featuredmedia":[{"embeddable":true,"href":"https:\/\/aircompressorforlasercutter.com\/sv\/wp-json\/wp\/v2\/media\/455"}],"wp:attachment":[{"href":"https:\/\/aircompressorforlasercutter.com\/sv\/wp-json\/wp\/v2\/media?parent=470"}],"wp:term":[{"taxonomy":"product_brand","embeddable":true,"href":"https:\/\/aircompressorforlasercutter.com\/sv\/wp-json\/wp\/v2\/product_brand?post=470"},{"taxonomy":"product_cat","embeddable":true,"href":"https:\/\/aircompressorforlasercutter.com\/sv\/wp-json\/wp\/v2\/product_cat?post=470"},{"taxonomy":"product_tag","embeddable":true,"href":"https:\/\/aircompressorforlasercutter.com\/sv\/wp-json\/wp\/v2\/product_tag?post=470"}],"curies":[{"name":"wp","href":"https:\/\/api.w.org\/{rel}","templated":true}]}}