{"id":471,"date":"2026-01-14T08:26:18","date_gmt":"2026-01-14T08:26:18","guid":{"rendered":"https:\/\/aircompressorforlasercutter.com\/product\/oil-free-air-compressor-for-laser-optics-protection\/"},"modified":"2026-01-14T08:45:27","modified_gmt":"2026-01-14T08:45:27","slug":"oil-free-air-compressor-for-laser-optics-protection","status":"publish","type":"product","link":"https:\/\/aircompressorforlasercutter.com\/sv\/produkt\/oljefri-luftkompressor-for-skydd-av-laseroptik\/","title":{"rendered":"Oljefri luftkompressor f\u00f6r skydd av laseroptik"},"content":{"rendered":"<h1>Oljefri luftkompressor f\u00f6r laseroptikskydd<\/h1>\n<h2>Den ok\u00e4nda hj\u00e4lten bakom kulisserna<\/h2>\n<p>Inom lasersk\u00e4rnings- och gravyrindustrin investerar k\u00f6pare ofta betydande resurser i avancerade maskiner, men de f\u00f6rbiser ofta en kritisk komponent: luftkompressorn. Denna f\u00f6rsummelse kan leda till betydande prestandaproblem, vilket i slut\u00e4ndan p\u00e5verkar kvaliteten p\u00e5 deras f\u00e4rdiga produkter. Luftassistansen \u00e4r inte bara ett kompletterande tillbeh\u00f6r; det \u00e4r en avg\u00f6rande faktor som direkt p\u00e5verkar b\u00e5de sk\u00e4rkvalitet och maskinens livsl\u00e4ngd.<\/p>\n<h2>Marknads\u00f6versikt: De dolda kostnaderna f\u00f6r f\u00f6rsummelse<\/h2>\n<p>Trots den kraftiga tillv\u00e4xten p\u00e5 marknaden f\u00f6r laserutrustning misslyckas m\u00e5nga f\u00f6retag med att inse att prestandan hos deras lasersk\u00e4rare \u00e4r ouppl\u00f6sligt kopplad till lufttillf\u00f6rselns kvalitet. En p\u00e5litlig luftkompressor kan dramatiskt f\u00f6rb\u00e4ttra sk\u00e4rprecisionen och f\u00f6rl\u00e4nga utrustningens livsl\u00e4ngd.<\/p>\n<h3>K\u00e4rninsikter f\u00f6r B2B-kunder<\/h3>\n<p>F\u00f6r distribut\u00f6rer inneb\u00e4r valet av en h\u00f6gkvalitativ luftpump minskade kundklagom\u00e5l g\u00e4llande problem som \"otillr\u00e4cklig sk\u00e4rning\" eller \"skadade linser\". Denna f\u00f6rb\u00e4ttring leder till h\u00f6gre kundlojalitet och n\u00f6jdhet, vilket positionerar ert f\u00f6retag som en leverant\u00f6r av kvalitetsl\u00f6sningar.<\/p>\n<h2>Analys av sm\u00e4rtpunkter: De dolda kostnaderna f\u00f6r billiga luftpumpar<\/h2>\n<h3>D\u00e5lig sk\u00e4rkvalitet<\/h3>\n<p>Budgetkompressorer levererar ofta instabilt luftfl\u00f6de, vilket leder till otillfredsst\u00e4llande sk\u00e4rresultat. Denna instabilitet kan resultera i att materialen f\u00e5r f\u00f6rkolnade kanter och minskad sk\u00e4reffektivitet, vilket negativt p\u00e5verkar slutprodukternas estetiska tilltal.<\/p>\n<h3>Risk f\u00f6r utrustningsskada<\/h3>\n<p>L\u00e5gkvalitativa luftpumpar, s\u00e4rskilt de som \u00e4r oljefyllda, utg\u00f6r en betydande risk f\u00f6r laseroptiken. De kan avge oljedimma eller fukt som f\u00f6rorenar laserlinsen, vilket leder till dyra reparationer och potentiella returer. Kostnadskonsekvenserna kan snabbt eskalera och skada ditt f\u00f6retags rykte.<\/p>\n<h3>Bulleravskr\u00e4ckning<\/h3>\n<p>Traditionella luftkompressorer \u00e4r notoriskt h\u00f6gljudda och \u00f6verstiger ofta acceptabla ljudniv\u00e5er f\u00f6r hemmabruk och utbildningsmilj\u00f6er. Denna bullerf\u00f6rorening begr\u00e4nsar marknadsm\u00f6jligheterna och st\u00f6ter bort en del potentiella kunder som \u00e4r intresserade av g\u00f6r-det-sj\u00e4lv-projekt eller utbildningstill\u00e4mpningar.<\/p>\n<h2>V\u00e5r innovativa l\u00f6sning: Omdefiniera professionell flygassistans<\/h2>\n<h3>Oljefri och vattenfri design<\/h3>\n<p>V\u00e5r oljefria, vattenfria luftkompressor garanterar 100%-skydd f\u00f6r laseroptik, vilket g\u00f6r att slutanv\u00e4ndare kan anv\u00e4nda sin utrustning utan att st\u00e4ndigt beh\u00f6va oroa sig f\u00f6r underh\u00e5ll. Detta leder till sinnesro och ett effektiviserat arbetsfl\u00f6de.<\/p>\n<h3>Ultratyst teknik<\/h3>\n<p>V\u00e5r kompressor \u00e4r speciellt konstruerad f\u00f6r inomhusmilj\u00f6er och hemmastudior och arbetar med en imponerande l\u00e5g ljudniv\u00e5 p\u00e5 mindre \u00e4n 60 dB. Denna ultratysta prestanda f\u00f6rb\u00e4ttrar anv\u00e4ndarupplevelsen och g\u00f6r den l\u00e4mplig f\u00f6r olika till\u00e4mpningar.<\/p>\n<h3>Robust prestanda<\/h3>\n<p>Med ett konsekvent h\u00f6gt luftfl\u00f6de p\u00e5 30 l\/min garanterar v\u00e5r luftkompressor rena, r\u00f6kfria snitt \u00e4ven vid hantering av tjockare material som plywood eller akryl. Produktens tillf\u00f6rlitlighet leder till \u00f6verl\u00e4gsna sk\u00e4rresultat, vilket s\u00e4kerst\u00e4ller kundn\u00f6jdhet.<\/p>\n<h2>Bred kompatibilitet: En komplett l\u00f6sning<\/h2>\n<h3>Brett anv\u00e4ndningsomr\u00e5de<\/h3>\n<p>V\u00e5r luftkompressor \u00e4r utformad f\u00f6r att s\u00f6ml\u00f6st integreras med 95% av de ledande lasersk\u00e4rmaskinerna p\u00e5 marknaden, inklusive m\u00e4rken som xTool, Ortur, Atomstack och olika CO2-lasermaskiner. Denna m\u00e5ngsidighet f\u00f6renklar lagerhanteringen f\u00f6r distribut\u00f6rer.<\/p>\n<h3>Distribut\u00f6rsf\u00f6rdelar<\/h3>\n<p>Att erbjuda en enda SKU som passar flera maskiner minskar er lagerb\u00f6rda avsev\u00e4rt och f\u00f6renklar lagerh\u00e5llningsprocesser. Denna strategiska f\u00f6rdel ger ert f\u00f6retag m\u00f6jlighet att snabbt reagera p\u00e5 marknadens krav.<\/p>\n<h2>F\u00f6rdelar med leveranskedjan och partnerskap<\/h2>\n<h3>Fabriksstyrka<\/h3>\n<p>V\u00e5r tillverkningsprocess f\u00f6ljer strikta kvalitetskontrollprotokoll, vilket s\u00e4kerst\u00e4ller en exceptionellt l\u00e5g defektfrekvens p\u00e5 mindre \u00e4n 1%. Denna kvalitetss\u00e4kring sparar dig logistikkostnader relaterade till returer och byten.<\/p>\n<h3>Anpassningstj\u00e4nster (OEM\/ODM)<\/h3>\n<p>Vi erbjuder skr\u00e4ddarsydda tj\u00e4nster som inkluderar placering av anpassad logotyp, f\u00f6rpackningsdesign och anpassning till olika kontaktspecifikationer v\u00e4rlden \u00f6ver. Denna flexibilitet g\u00f6r att du kan bygga din egen varum\u00e4rkesidentitet p\u00e5 marknaden.<\/p>\n<h3>Eftermarknadssupport<\/h3>\n<p>V\u00e5rt engagemang f\u00f6r kundservice inkluderar snabba tekniska svarstider och p\u00e5litlig leverans av reservdelar, vilket s\u00e4kerst\u00e4ller att din verksamhet kan forts\u00e4tta utan avbrott.<\/p>\n<h2>Slutsats och uppmaning till handling<\/h2>\n<p>L\u00e5t inte underm\u00e5liga komponenter skada dina h\u00f6gklassiga maskiners rykte. Att v\u00e4lja en kompressor som \u00f6verensst\u00e4mmer med kvaliteten p\u00e5 din utrustning \u00e4r avg\u00f6rande f\u00f6r din aff\u00e4rsframg\u00e5ng. Vi inbjuder dig att <a href=\"https:\/\/aircompressorforlasercutter.com\/sv\/kontakta-oss\/\">kontakta oss<\/a> f\u00f6r provtestning eller f\u00f6r att f\u00e5 de senaste B2B-grossistpriserna.<\/p>","protected":false},"excerpt":{"rendered":"<p>Oil Free Air Compressor for Laser Optics Protection The Unsung Hero Behind the Scenes In the laser cutting and engraving industry, buyers often invest substantial resources in high-end machines, yet they frequently overlook a critical component: the air compressor. This neglect can lead to significant performance issues, ultimately impacting the quality of their finished products. [&hellip;]<\/p>","protected":false},"featured_media":455,"comment_status":"open","ping_status":"closed","template":"","meta":{"_et_pb_use_builder":"","_et_pb_old_content":"","_et_gb_content_width":""},"product_brand":[],"product_cat":[1093],"product_tag":[1094],"class_list":{"0":"post-471","1":"product","2":"type-product","3":"status-publish","4":"has-post-thumbnail","6":"product_cat-air-compressor-for-laser-cutter","7":"product_tag-air-compressor-for-laser-cutter","9":"first","10":"instock","11":"shipping-taxable","12":"product-type-simple"},"_links":{"self":[{"href":"https:\/\/aircompressorforlasercutter.com\/sv\/wp-json\/wp\/v2\/product\/471","targetHints":{"allow":["GET"]}}],"collection":[{"href":"https:\/\/aircompressorforlasercutter.com\/sv\/wp-json\/wp\/v2\/product"}],"about":[{"href":"https:\/\/aircompressorforlasercutter.com\/sv\/wp-json\/wp\/v2\/types\/product"}],"replies":[{"embeddable":true,"href":"https:\/\/aircompressorforlasercutter.com\/sv\/wp-json\/wp\/v2\/comments?post=471"}],"wp:featuredmedia":[{"embeddable":true,"href":"https:\/\/aircompressorforlasercutter.com\/sv\/wp-json\/wp\/v2\/media\/455"}],"wp:attachment":[{"href":"https:\/\/aircompressorforlasercutter.com\/sv\/wp-json\/wp\/v2\/media?parent=471"}],"wp:term":[{"taxonomy":"product_brand","embeddable":true,"href":"https:\/\/aircompressorforlasercutter.com\/sv\/wp-json\/wp\/v2\/product_brand?post=471"},{"taxonomy":"product_cat","embeddable":true,"href":"https:\/\/aircompressorforlasercutter.com\/sv\/wp-json\/wp\/v2\/product_cat?post=471"},{"taxonomy":"product_tag","embeddable":true,"href":"https:\/\/aircompressorforlasercutter.com\/sv\/wp-json\/wp\/v2\/product_tag?post=471"}],"curies":[{"name":"wp","href":"https:\/\/api.w.org\/{rel}","templated":true}]}}