{"id":472,"date":"2026-01-14T08:26:18","date_gmt":"2026-01-14T08:26:18","guid":{"rendered":"https:\/\/aircompressorforlasercutter.com\/product\/low-vibration-air-pump-for-desktop-laser-cutter\/"},"modified":"2026-01-14T08:45:10","modified_gmt":"2026-01-14T08:45:10","slug":"low-vibration-air-pump-for-desktop-laser-cutter","status":"publish","type":"product","link":"https:\/\/aircompressorforlasercutter.com\/sv\/produkt\/lagvibrationsluftpump-for-stationar-laserskarare\/","title":{"rendered":"L\u00e5gvibrationsluftpump f\u00f6r station\u00e4r lasersk\u00e4rare"},"content":{"rendered":"<h1>L\u00e5gvibrationsluftpump f\u00f6r station\u00e4r lasersk\u00e4rare: Den ok\u00e4nda hj\u00e4lten<\/h1>\n<h2>1. Bakgrund: Marknadsverkligheten<\/h2>\n<p>I den v\u00e4xande v\u00e4rlden av lasersk\u00e4rning och gravering investerar m\u00e5nga k\u00f6pare avsev\u00e4rt i avancerade lasermaskiner och f\u00f6rbiser ofta en avg\u00f6rande komponent: luftpumpen. Detta f\u00f6rsummande kan leda till f\u00f6rs\u00e4mrade resultat och on\u00f6diga kostnader. M\u00e5nga inser inte att luftassistans inte bara \u00e4r ett tillbeh\u00f6r; det p\u00e5verkar direkt sk\u00e4rkvaliteten och i sin tur best\u00e4mmer maskineriets livsl\u00e4ngd. R\u00e4tt luftpump kan h\u00f6ja lasersystemens totala prestanda och s\u00e4kerst\u00e4lla att projekt slutf\u00f6rs med precision och effektivitet.<\/p>\n<h2>K\u00e4rninsikt: Flygassistans som en integrerad komponent<\/h2>\n<p>F\u00f6r B2B-distribut\u00f6rer inneb\u00e4r valet av en h\u00f6gkvalitativ luftpump f\u00e4rre kundklagom\u00e5l g\u00e4llande problem som ofullst\u00e4ndiga snitt eller skadade linser. Denna f\u00f6rb\u00e4ttring \u00f6kar inte bara kundn\u00f6jdheten utan fr\u00e4mjar ocks\u00e5 en h\u00f6gre kundlojalitet. Distribut\u00f6rer som f\u00f6rst\u00e5r vikten av att para ihop sina lasermaskiner med en effektiv luftpump kan dra stor nytta av minskade krav p\u00e5 eftermarknadsservice och \u00f6kad kundlojalitet.<\/p>\n<h2>2. Analys av sm\u00e4rtpunkter: De dolda kostnaderna f\u00f6r billiga luftpumpar<\/h2>\n<h3>D\u00e5lig sk\u00e4rkvalitet<\/h3>\n<p>Kostnadseffektiva luftpumpar kan verka som ett bra k\u00f6p till en b\u00f6rjan, men de leder ofta till underm\u00e5lig sk\u00e4rkvalitet. Instabilt luftfl\u00f6de kan orsaka att materialkanterna f\u00f6rkolnas, vilket minskar slutproduktens estetiska tilltal. Detta p\u00e5verkar inte bara kundn\u00f6jdheten utan ocks\u00e5 slutproduktens upplevda v\u00e4rde.<\/p>\n<h3>Risk f\u00f6r utrustningsskada<\/h3>\n<p>Billiga luftpumpar, s\u00e4rskilt de som \u00e4r oljefyllda, kan frig\u00f6ra oljedimma eller fukt som f\u00f6rorenar laserlinser. Denna f\u00f6rorening kan leda till kostsamma reparationer och returer, vilket skadar vinstmarginaler och rykte.<\/p>\n<h3>Bulleravskr\u00e4ckning<\/h3>\n<p>Traditionella luftkompressorer \u00e4r \u00f6k\u00e4nda f\u00f6r sin h\u00f6gljudda drift, vilket kan avskr\u00e4cka hemmabrukare och tillverkare i utbildningsmilj\u00f6er. Denna bullerf\u00f6rorening begr\u00e4nsar anv\u00e4ndbarheten av lasersk\u00e4rare i mindre utrymmen och begr\u00e4nsar marknadsm\u00f6jligheterna f\u00f6r leverant\u00f6rer.<\/p>\n<h2>3. V\u00e5r l\u00f6sning: Omdefiniera professionell flygassistans<\/h2>\n<h3>Oljefri och fuktfri design<\/h3>\n<p>V\u00e5r l\u00e5gvibrerande luftpump har en oljefri och fuktfri 100%-design, vilket garanterar b\u00e4sta m\u00f6jliga skydd f\u00f6r laserlinser. Detta eliminerar behovet f\u00f6r slutanv\u00e4ndarna att utf\u00f6ra regelbundet underh\u00e5ll, vilket ger trygghet och minskar driftskostnaderna.<\/p>\n<h3>Ultratyst teknik<\/h3>\n<p>V\u00e5r luftpump \u00e4r speciellt konstruerad f\u00f6r inomhus- och hemmastudior och har en anm\u00e4rkningsv\u00e4rt l\u00e5g ljudniv\u00e5 p\u00e5 mindre \u00e4n 60 dB. Denna ultratysta drift f\u00f6rb\u00e4ttrar anv\u00e4ndarupplevelsen avsev\u00e4rt, vilket g\u00f6r den idealisk f\u00f6r kreativa yrkesverksamma som beh\u00f6ver en gynnsam arbetsmilj\u00f6.<\/p>\n<h3>Robust prestanda<\/h3>\n<p>Med ett j\u00e4mnt luftfl\u00f6de p\u00e5 30 l\/min s\u00e4kerst\u00e4ller v\u00e5r luftpump att \u00e4ven de tuffaste materialen, som tjockt tr\u00e4 eller akryl, sk\u00e4rs med rena, r\u00f6kfria kanter. Detta f\u00f6rb\u00e4ttrar inte bara sk\u00e4reffektiviteten utan f\u00f6rl\u00e4nger \u00e4ven livsl\u00e4ngden p\u00e5 sj\u00e4lva lasersk\u00e4raren.<\/p>\n<h2>4. Omfattande kompatibilitet: Matchning p\u00e5 ett st\u00e4lle<\/h2>\n<h3>Brett anv\u00e4ndningsomr\u00e5de<\/h3>\n<p>V\u00e5r luftpump \u00e4r utformad f\u00f6r att vara perfekt kompatibel med 95% av vanliga modeller p\u00e5 marknaden, inklusive xTool, Ortur, Atomstack och olika CO2-lasermaskiner. Denna breda kompatibilitet s\u00e4kerst\u00e4ller att kunderna s\u00f6ml\u00f6st kan integrera v\u00e5r pump utan behov av ytterligare modifieringar.<\/p>\n<h3>Distribut\u00f6rsf\u00f6rdelar<\/h3>\n<p>Med en enda SKU kompatibel med flera maskiner kan distribut\u00f6rer dramatiskt minska lagertrycket och effektivisera lagerh\u00e5llningen. Denna effektivitet leder till l\u00e4gre driftskostnader och f\u00f6rb\u00e4ttrar den totala l\u00f6nsamheten.<\/p>\n<h2>5. Leveranskedjan och samarbetsf\u00f6rdelar<\/h2>\n<h3>Fabriksstyrka<\/h3>\n<p>Vi \u00e4r stolta \u00f6ver v\u00e5ra strikta kvalitetskontrollprocesser som s\u00e4kerst\u00e4ller en exceptionellt l\u00e5g defektfrekvens p\u00e5 mindre \u00e4n 1%. Detta engagemang f\u00f6r kvalitet resulterar i betydande besparingar p\u00e5 returlogistik f\u00f6r v\u00e5ra partners.<\/p>\n<h3>Anpassade tj\u00e4nster (OEM\/ODM)<\/h3>\n<p>Vi erbjuder anpassningsbara l\u00f6sningar, inklusive design av varum\u00e4rkeslogotyper, f\u00f6rpackningsmodifieringar och kontaktspecifikationer f\u00f6r olika l\u00e4nder. Denna flexibilitet g\u00f6r att du kan skapa en unik varum\u00e4rkesidentitet som resonerar med din m\u00e5lmarknad.<\/p>\n<h3>Eftermarknadssupport<\/h3>\n<p>V\u00e5rt engagemang str\u00e4cker sig bortom f\u00f6rs\u00e4ljningen med snabb teknisk support och tillg\u00e5ng till reservdelar, vilket s\u00e4kerst\u00e4ller att din verksamhet l\u00f6per smidigt utan on\u00f6diga driftstopp.<\/p>\n<h2>6. Slutsats och uppmaning till handling<\/h2>\n<p>L\u00e5t inte s\u00e4mre komponenter skada dina h\u00f6gklassiga maskiners rykte. Investera i en luftpump som matchar kvaliteten p\u00e5 din utrustning. Genom att v\u00e4lja v\u00e5r l\u00e5gvibrerande luftpump s\u00e4kerst\u00e4ller du att dina sk\u00e4rprocesser inte bara \u00e4r effektiva utan ocks\u00e5 ger \u00f6verl\u00e4gsna resultat.<\/p>\n<p>Kontakta oss idag f\u00f6r provtestning eller f\u00f6r att f\u00e5 de senaste B2B-grossistpriserna. Bes\u00f6k v\u00e5r webbplats p\u00e5 <a href=\"https:\/\/aircompressorforlasercutter.com\/sv\/kontakta-oss\/\">Kontakta oss f\u00f6r st\u00e4ndig kraft<\/a> f\u00f6r att l\u00e4ra dig mer om hur v\u00e5ra l\u00f6sningar kan gynna ditt f\u00f6retag.<\/p>","protected":false},"excerpt":{"rendered":"<p>Low Vibration Air Pump for Desktop Laser Cutter: The Unsung Hero 1. Background: The Market Reality In the burgeoning world of laser cutting and engraving, many buyers invest significantly in high-end laser machines, often overlooking a crucial component: the air pump. This oversight can lead to compromised results and unnecessary costs. Many do not realize [&hellip;]<\/p>","protected":false},"featured_media":455,"comment_status":"open","ping_status":"closed","template":"","meta":{"_et_pb_use_builder":"","_et_pb_old_content":"","_et_gb_content_width":""},"product_brand":[],"product_cat":[1093],"product_tag":[1095],"class_list":{"0":"post-472","1":"product","2":"type-product","3":"status-publish","4":"has-post-thumbnail","6":"product_cat-air-compressor-for-laser-cutter","7":"product_tag-air-compressor-for-laser-cutter-price","9":"first","10":"instock","11":"shipping-taxable","12":"product-type-simple"},"_links":{"self":[{"href":"https:\/\/aircompressorforlasercutter.com\/sv\/wp-json\/wp\/v2\/product\/472","targetHints":{"allow":["GET"]}}],"collection":[{"href":"https:\/\/aircompressorforlasercutter.com\/sv\/wp-json\/wp\/v2\/product"}],"about":[{"href":"https:\/\/aircompressorforlasercutter.com\/sv\/wp-json\/wp\/v2\/types\/product"}],"replies":[{"embeddable":true,"href":"https:\/\/aircompressorforlasercutter.com\/sv\/wp-json\/wp\/v2\/comments?post=472"}],"wp:featuredmedia":[{"embeddable":true,"href":"https:\/\/aircompressorforlasercutter.com\/sv\/wp-json\/wp\/v2\/media\/455"}],"wp:attachment":[{"href":"https:\/\/aircompressorforlasercutter.com\/sv\/wp-json\/wp\/v2\/media?parent=472"}],"wp:term":[{"taxonomy":"product_brand","embeddable":true,"href":"https:\/\/aircompressorforlasercutter.com\/sv\/wp-json\/wp\/v2\/product_brand?post=472"},{"taxonomy":"product_cat","embeddable":true,"href":"https:\/\/aircompressorforlasercutter.com\/sv\/wp-json\/wp\/v2\/product_cat?post=472"},{"taxonomy":"product_tag","embeddable":true,"href":"https:\/\/aircompressorforlasercutter.com\/sv\/wp-json\/wp\/v2\/product_tag?post=472"}],"curies":[{"name":"wp","href":"https:\/\/api.w.org\/{rel}","templated":true}]}}