{"id":473,"date":"2026-01-14T08:26:18","date_gmt":"2026-01-14T08:26:18","guid":{"rendered":"https:\/\/aircompressorforlasercutter.com\/product\/portable-mini-air-compressor-for-laser-marking\/"},"modified":"2026-01-14T08:41:19","modified_gmt":"2026-01-14T08:41:19","slug":"portable-mini-air-compressor-for-laser-marking","status":"publish","type":"product","link":"https:\/\/aircompressorforlasercutter.com\/sv\/produkt\/barbar-mini-luftkompressor-for-lasermarkning\/","title":{"rendered":"B\u00e4rbar mini-luftkompressor f\u00f6r laserm\u00e4rkning"},"content":{"rendered":"<h1>B\u00e4rbar miniluftkompressor f\u00f6r laserm\u00e4rkning: Den ok\u00e4nda hj\u00e4lten i din lasergraveringsanl\u00e4ggning<\/h1>\n<h2>1. Bakgrund: Marknadsverkligheten<\/h2>\n<p>I det konkurrensutsatta landskapet inom lasergravering investerar de flesta k\u00f6pare avsev\u00e4rt i avancerade lasersk\u00e4rmaskiner och f\u00f6rbiser ofta en lika viktig komponent: luftkompressorn. Detta viktiga tillbeh\u00f6r spelar en avg\u00f6rande roll f\u00f6r att f\u00f6rb\u00e4ttra lasersystemens totala prestanda och livsl\u00e4ngd.<\/p>\n<p>Luftassistans \u00e4r inte bara en hj\u00e4lpenhet; det \u00e4r en avg\u00f6rande faktor som p\u00e5verkar b\u00e5de <strong>sk\u00e4rkvalitet<\/strong> och den <strong>maskinens h\u00e5llbarhet<\/strong>En h\u00f6gkvalitativ luftkompressor kan vara skillnaden mellan en felfri gravyr och ett underm\u00e5ligt resultat.<\/p>\n<h2>K\u00e4rnv\u00e4rde<\/h2>\n<p>F\u00f6r distribut\u00f6rer leder valet av en p\u00e5litlig luftpump direkt till minskade kundklagom\u00e5l g\u00e4llande problem som <strong>ofullst\u00e4ndiga snitt<\/strong> eller <strong>skadade linser<\/strong>Detta \u00f6kar inte bara kundn\u00f6jdheten utan \u00f6kar ocks\u00e5 avsev\u00e4rt <strong>kundlojalitet<\/strong>Att investera i en premiumluftkompressor kan d\u00e4rf\u00f6r ses som en investering i kundrelationernas l\u00e5nga varaktighet.<\/p>\n<h2>2. Analys av sm\u00e4rtpunkter: Dolda kostnader f\u00f6r billiga luftpumpar<\/h2>\n<h3>D\u00e5lig sk\u00e4rkvalitet<\/h3>\n<p>En av de vanligaste fallgroparna med billiga luftpumpar \u00e4r instabiliteten i luftfl\u00f6det. Detta kan leda till o\u00f6nskade resultat som f\u00f6rkolnade materialkanter, minskad sk\u00e4reffektivitet och en \u00f6vergripande negativ inverkan p\u00e5 slutprodukternas estetiska tilltal.<\/p>\n<h3>Risk f\u00f6r utrustningsskada<\/h3>\n<p>Underm\u00e5liga luftpumpar, s\u00e4rskilt de som \u00e4r oljebaserade, kan oavsiktligt spruta oljedimma eller fukt p\u00e5 laserlinsen, vilket resulterar i kostsamma reparationer och returlogistik. Denna dolda kostnad kan urholka vinstmarginalerna f\u00f6r alla f\u00f6retag.<\/p>\n<h3>Bullrig drift<\/h3>\n<p>Traditionella luftkompressorer arbetar ofta med st\u00f6rande ljudniv\u00e5er, vilket begr\u00e4nsar deras anv\u00e4ndbarhet i hemmilj\u00f6er eller utbildningsmilj\u00f6er. Detta begr\u00e4nsar din marknadsr\u00e4ckvidd och minskar f\u00f6rs\u00e4ljningsm\u00f6jligheterna.<\/p>\n<h2>3. V\u00e5r l\u00f6sning: Omdefiniera professionell luftassistans<\/h2>\n<h3>Oljefri och fuktfri design<\/h3>\n<p>V\u00e5r b\u00e4rbara miniluftkompressor har en oljefri och fuktfri 100%-design, vilket s\u00e4kerst\u00e4ller att laserlinserna f\u00f6rblir rena. Detta f\u00f6renklar inte bara underh\u00e5llet f\u00f6r slutanv\u00e4ndarna utan \u00f6kar \u00e4ven produktiviteten och sinnesroen.<\/p>\n<h3>Ultratyst teknik<\/h3>\n<p>V\u00e5r kompressor \u00e4r speciellt konstruerad f\u00f6r inomhus- och hemmastudiotill\u00e4mpningar och h\u00e5ller ljudniv\u00e5erna under 60 dB. Denna ultratysta drift f\u00f6rb\u00e4ttrar anv\u00e4ndarupplevelsen, vilket g\u00f6r den idealisk f\u00f6r milj\u00f6er d\u00e4r buller kan vara ett problem.<\/p>\n<h3>Robust prestanda<\/h3>\n<p>Med en stabil uteffekt p\u00e5 30 l\/min garanterar denna luftkompressor rena och r\u00f6kfria snitt, \u00e4ven vid arbete med tjockare material som plywood eller akryl. Det j\u00e4mna luftfl\u00f6det \u00e4r avg\u00f6rande f\u00f6r att uppn\u00e5 \u00f6verl\u00e4gsna gravyrresultat.<\/p>\n<h2>4. Bred kompatibilitet: Matchning p\u00e5 ett st\u00e4lle (lagerproblem l\u00f6sta)<\/h2>\n<h3>Bred till\u00e4mpbarhet<\/h3>\n<p>Denna kompressor har utformats f\u00f6r att s\u00f6ml\u00f6st integreras med 95% av vanliga lasermodeller p\u00e5 marknaden, inklusive popul\u00e4ra m\u00e4rken som xTool, Ortur, Atomstack och olika CO2-lasermaskiner.<\/p>\n<h3>Distribut\u00f6rsf\u00f6rdelar<\/h3>\n<p>Genom att tillhandah\u00e5lla en enda SKU som \u00e4r kompatibel med flera maskiner kan distribut\u00f6rer avsev\u00e4rt minska lagertrycket och effektivisera lagerh\u00e5llningen, vilket g\u00f6r det enklare att hantera produktlinjer.<\/p>\n<h2>5. F\u00f6rdelar med leveranskedjan och partnerskap<\/h2>\n<h3>Fabriksstyrka<\/h3>\n<p>V\u00e5ra strikta kvalitetskontrollprocesser s\u00e4kerst\u00e4ller en anm\u00e4rkningsv\u00e4rt l\u00e5g defektfrekvens p\u00e5 mindre \u00e4n 1%. Denna tillf\u00f6rlitlighet g\u00f6r att du sparar p\u00e5 logistikkostnader i samband med returer och byten.<\/p>\n<h3>Anpassningstj\u00e4nster (OEM\/ODM)<\/h3>\n<p>Vi erbjuder skr\u00e4ddarsydda l\u00f6sningar, inklusive logotyptryck, f\u00f6rpackningsdesign och anpassningar f\u00f6r olika kontaktspecifikationer baserat p\u00e5 regionala krav. Denna flexibilitet g\u00f6r att du kan etablera och marknadsf\u00f6ra ditt eget varum\u00e4rke effektivt.<\/p>\n<h3>Eftermarknadssupport<\/h3>\n<p>V\u00e5rt engagemang f\u00f6r kundservice inkluderar snabba tekniska svar och reservdelsleveranser, vilket s\u00e4kerst\u00e4ller att din verksamhet l\u00f6per smidigt utan on\u00f6diga driftstopp.<\/p>\n<h2>6.<\/h2>\n<p>L\u00e5t inte s\u00e4mre komponenter skada dina h\u00f6gklassiga maskiners rykte. Att v\u00e4lja en h\u00f6gkvalitativ luftkompressor \u00e4r avg\u00f6rande f\u00f6r att bibeh\u00e5lla den kvalitet och tillf\u00f6rlitlighet som dina kunder f\u00f6rv\u00e4ntar sig.<\/p>\n<p>Kontakta oss idag f\u00f6r provtestning eller f\u00f6r att f\u00e5 de senaste B2B-grossistpriserna. L\u00e5t oss hj\u00e4lpa dig att f\u00f6rb\u00e4ttra dina produkterbjudanden och st\u00e4rka kundrelationer.<\/p>\n<p>F\u00f6r mer information, bes\u00f6k <a href=\"https:\/\/aircompressorforlasercutter.com\/sv\/kontakta-oss\/\">v\u00e5r kontaktsida<\/a>.<\/p>","protected":false},"excerpt":{"rendered":"<p>Portable Mini Air Compressor for Laser Marking: The Unsung Hero of Your Laser Engraving Setup 1. Background: The Market Reality In the competitive landscape of laser engraving, most buyers invest significantly in high-end laser cutting machines, often overlooking an equally crucial component: the air compressor. This essential accessory plays a pivotal role in enhancing the [&hellip;]<\/p>","protected":false},"featured_media":456,"comment_status":"open","ping_status":"closed","template":"","meta":{"_et_pb_use_builder":"","_et_pb_old_content":"","_et_gb_content_width":""},"product_brand":[],"product_cat":[1093],"product_tag":[1096],"class_list":{"0":"post-473","1":"product","2":"type-product","3":"status-publish","4":"has-post-thumbnail","6":"product_cat-air-compressor-for-laser-cutter","7":"product_tag-air-compressor-for-laser-cutter-cost","9":"first","10":"instock","11":"shipping-taxable","12":"product-type-simple"},"_links":{"self":[{"href":"https:\/\/aircompressorforlasercutter.com\/sv\/wp-json\/wp\/v2\/product\/473","targetHints":{"allow":["GET"]}}],"collection":[{"href":"https:\/\/aircompressorforlasercutter.com\/sv\/wp-json\/wp\/v2\/product"}],"about":[{"href":"https:\/\/aircompressorforlasercutter.com\/sv\/wp-json\/wp\/v2\/types\/product"}],"replies":[{"embeddable":true,"href":"https:\/\/aircompressorforlasercutter.com\/sv\/wp-json\/wp\/v2\/comments?post=473"}],"wp:featuredmedia":[{"embeddable":true,"href":"https:\/\/aircompressorforlasercutter.com\/sv\/wp-json\/wp\/v2\/media\/456"}],"wp:attachment":[{"href":"https:\/\/aircompressorforlasercutter.com\/sv\/wp-json\/wp\/v2\/media?parent=473"}],"wp:term":[{"taxonomy":"product_brand","embeddable":true,"href":"https:\/\/aircompressorforlasercutter.com\/sv\/wp-json\/wp\/v2\/product_brand?post=473"},{"taxonomy":"product_cat","embeddable":true,"href":"https:\/\/aircompressorforlasercutter.com\/sv\/wp-json\/wp\/v2\/product_cat?post=473"},{"taxonomy":"product_tag","embeddable":true,"href":"https:\/\/aircompressorforlasercutter.com\/sv\/wp-json\/wp\/v2\/product_tag?post=473"}],"curies":[{"name":"wp","href":"https:\/\/api.w.org\/{rel}","templated":true}]}}