{"id":474,"date":"2026-01-14T08:26:19","date_gmt":"2026-01-14T08:26:19","guid":{"rendered":"https:\/\/aircompressorforlasercutter.com\/product\/continuous-duty-air-pump-for-commercial-laser-cutting\/"},"modified":"2026-01-14T08:39:03","modified_gmt":"2026-01-14T08:39:03","slug":"continuous-duty-air-pump-for-commercial-laser-cutting","status":"publish","type":"product","link":"https:\/\/aircompressorforlasercutter.com\/sv\/produkt\/kontinuerlig-luftpump-for-kommersiell-laserskarning\/","title":{"rendered":"Kontinuerlig luftpump f\u00f6r kommersiell lasersk\u00e4rning"},"content":{"rendered":"<h1>Kontinuerlig luftpump f\u00f6r kommersiell lasersk\u00e4rning<\/h1>\n<h2>Den ok\u00e4nda hj\u00e4lten<\/h2>\n<p>Inom lasersk\u00e4rning, d\u00e4r precision och kvalitet \u00e4r h\u00f6gsta prioritet, hamnar ofta en kritisk komponent i bakgrunden: luftpumpen. Medan k\u00f6pare investerar betydande summor i avancerade lasergraveringsmaskiner, f\u00f6rblir vikten av luftpumpen \u2013 ett viktigt tillbeh\u00f6r \u2013 i stor utstr\u00e4ckning f\u00f6rbisedd. Detta f\u00f6rsummelse kan \u00e4ventyra de m\u00e5l som dessa k\u00f6pare str\u00e4var efter att uppn\u00e5.<\/p>\n<p>Luftassistans \u00e4r inte bara ett tillbeh\u00f6r; den spelar en avg\u00f6rande roll f\u00f6r att best\u00e4mma den slutliga sk\u00e4rkvaliteten och utrustningens livsl\u00e4ngd. P\u00e5 en marknad d\u00e4r effektivitet och kundn\u00f6jdhet \u00e4r av st\u00f6rsta vikt kan valet av r\u00e4tt luftpump p\u00e5verka aff\u00e4rsresultaten avsev\u00e4rt.<\/p>\n<h2>Marknadsinsikter: Kostnaden f\u00f6r att ignorera luftpumpar<\/h2>\n<p>F\u00f6r distribut\u00f6rer inneb\u00e4r valet av en h\u00f6gkvalitativ luftpump att minska kundklagom\u00e5l g\u00e4llande problem som \"ofullst\u00e4ndiga sk\u00e4rs\u00e5r\" och \"skadade linser\". Detta val korrelerar direkt med h\u00f6gre kundlojalitet, fr\u00e4mjar l\u00e5ngsiktiga relationer och \u00f6kar varum\u00e4rkeslojaliteten.<\/p>\n<h3>Analysera sm\u00e4rtpunkter: De dolda kostnaderna f\u00f6r billiga luftpumpar<\/h3>\n<p>\u00c4ven om det kan vara frestande att v\u00e4lja billigare alternativ, kan de dolda kostnaderna som \u00e4r f\u00f6rknippade med billiga luftpumpar vara skadliga:<\/p>\n<ul>\n<li><strong>D\u00e5lig sk\u00e4rkvalitet:<\/strong> Instabilt luftfl\u00f6de leder till f\u00f6rkolnade materialkanter och minskad sk\u00e4reffektivitet, vilket negativt p\u00e5verkar slutproduktens utseende f\u00f6r slutanv\u00e4ndarna.<\/li>\n<li><strong>Risk f\u00f6r utrustningsskada:<\/strong> S\u00e4mre pumpar, s\u00e4rskilt oljefyllda, kan avge oljedimma eller fukt som f\u00f6rorenar laseroptiken, vilket resulterar i dyra reparationskostnader och produktreturer.<\/li>\n<li><strong>Bullerf\u00f6roreningar:<\/strong> Traditionella luftkompressorer arbetar ofta med h\u00f6ga ljudniv\u00e5er, vilket begr\u00e4nsar deras anv\u00e4ndning i hemmilj\u00f6er och kreativa utbildningsmilj\u00f6er, och d\u00e4rmed minskar den potentiella marknadsr\u00e4ckvidden.<\/li>\n<\/ul>\n<h2>V\u00e5r l\u00f6sning: Omdefiniera flygassistans av \"professionell kvalitet\"<\/h2>\n<p>Ever-power \u00e4r stolta \u00f6ver att presentera en revolutionerande luftpump som \u00e4r speciellt utformad f\u00f6r kommersiella lasersk\u00e4rningsapplikationer. V\u00e5r kontinuerliga luftpump omdefinierar standarderna f\u00f6r luftassistans med fokus p\u00e5 prestanda, tillf\u00f6rlitlighet och anv\u00e4ndarupplevelse.<\/p>\n<h3>Oljefri och vattenfri design<\/h3>\n<p>V\u00e5r luftpump har en olje- och vattenfri 100%-design som garanterar b\u00e4sta m\u00f6jliga skydd f\u00f6r laserlinser. Anv\u00e4ndare beh\u00f6ver inte l\u00e4ngre oroa sig f\u00f6r underh\u00e5ll, vilket g\u00f6r att de kan fokusera p\u00e5 sina k\u00e4rnaktiviteter utan anstr\u00e4ngning.<\/p>\n<h3>Ultratyst teknik<\/h3>\n<p>V\u00e5r luftpump \u00e4r speciellt utvecklad f\u00f6r inomhus- och hemmastudiomilj\u00f6er och arbetar med en ljudniv\u00e5 p\u00e5 mindre \u00e4n 60 dB. Denna ultratysta drift f\u00f6rb\u00e4ttrar anv\u00e4ndarupplevelsen avsev\u00e4rt, vilket g\u00f6r den idealisk f\u00f6r utbildnings- och kreativa till\u00e4mpningar.<\/p>\n<h3>Robust prestanda<\/h3>\n<p>Med en kontinuerlig kapacitet p\u00e5 30 liter per minut s\u00e4kerst\u00e4ller v\u00e5r luftpump ett stabilt och kraftfullt luftfl\u00f6de, vilket ger rena, r\u00f6kfria snitt \u00e4ven vid bearbetning av tjockt tr\u00e4 eller akrylmaterial. Denna prestanda f\u00f6rb\u00e4ttrar inte bara sk\u00e4rkvaliteten utan f\u00f6rb\u00e4ttrar \u00e4ven arbetsfl\u00f6dets effektivitet.<\/p>\n<h2>Omfattande kompatibilitet: En komplett l\u00f6sning<\/h2>\n<p>V\u00e5r luftpump \u00e4r utformad f\u00f6r bred kompatibilitet och passar s\u00f6ml\u00f6st upp till 95% av vanliga lasersk\u00e4rmaskiner som finns p\u00e5 marknaden, inklusive popul\u00e4ra modeller som xTool, Ortur, Atomstack och olika CO2-lasermaskiner.<\/p>\n<p>F\u00f6r distribut\u00f6rer inneb\u00e4r detta att en enda SKU kan tillgodose flera maskintyper, vilket effektivt minskar lagertrycket och f\u00f6renklar lagerhanteringen.<\/p>\n<h2>F\u00f6rdelar med leveranskedjan och partnerskap<\/h2>\n<p>P\u00e5 Ever-power \u00e4r vi stolta \u00f6ver v\u00e5ra rigor\u00f6sa kvalitetskontrollprocesser, vilket s\u00e4kerst\u00e4ller en exceptionellt l\u00e5g defektfrekvens p\u00e5 mindre \u00e4n 1%. Detta \u00e5tagande leder till kostnadsbesparingar f\u00f6r distribut\u00f6rer genom att minimera returer och logistikkostnader.<\/p>\n<p>Vi erbjuder \u00e4ven skr\u00e4ddarsydda tj\u00e4nster, inklusive OEM- och ODM-alternativ, vilket m\u00f6jligg\u00f6r skr\u00e4ddarsydd varum\u00e4rkesbyggande, f\u00f6rpackningsdesign och kontaktspecifikationer f\u00f6r att passa olika marknader. V\u00e5ra snabba tekniska svarstider och kapacitet f\u00f6r reservdelsleveranser st\u00e4rker ytterligare v\u00e5r position som en p\u00e5litlig partner.<\/p>\n<p>L\u00e5t inte underm\u00e5liga tillbeh\u00f6r skada dina exklusiva maskiners rykte. Att v\u00e4lja en luftpump som \u00f6verensst\u00e4mmer med din utrustnings kvalitet \u00e4r avg\u00f6rande f\u00f6r att uppr\u00e4tth\u00e5lla driftskvalitet.<\/p>\n<p>Kontakta oss idag f\u00f6r att beg\u00e4ra ett prov f\u00f6r testning, eller f\u00f6r att f\u00e5 den senaste B2B-grossistprislistan. F\u00f6rb\u00e4ttra ditt produkterbjudande med en kontinuerlig luftpump som ger o\u00f6vertr\u00e4ffad prestanda och tillf\u00f6rlitlighet.<\/p>\n<p><a href=\"https:\/\/aircompressorforlasercutter.com\/sv\/kontakta-oss\/\">Kontakta oss<\/a><\/p>","protected":false},"excerpt":{"rendered":"<p>Continuous Duty Air Pump for Commercial Laser Cutting The Unsung Hero In the realm of laser cutting, where precision and quality reign supreme, one critical component often fades into the background: the air pump. While buyers invest substantial sums into high-end laser engraving machines, the importance of the air pump??a vital accessory??remains largely overlooked. This [&hellip;]<\/p>","protected":false},"featured_media":456,"comment_status":"open","ping_status":"closed","template":"","meta":{"_et_pb_use_builder":"","_et_pb_old_content":"","_et_gb_content_width":""},"product_brand":[],"product_cat":[1093],"product_tag":[1094],"class_list":{"0":"post-474","1":"product","2":"type-product","3":"status-publish","4":"has-post-thumbnail","6":"product_cat-air-compressor-for-laser-cutter","7":"product_tag-air-compressor-for-laser-cutter","9":"first","10":"instock","11":"shipping-taxable","12":"product-type-simple"},"_links":{"self":[{"href":"https:\/\/aircompressorforlasercutter.com\/sv\/wp-json\/wp\/v2\/product\/474","targetHints":{"allow":["GET"]}}],"collection":[{"href":"https:\/\/aircompressorforlasercutter.com\/sv\/wp-json\/wp\/v2\/product"}],"about":[{"href":"https:\/\/aircompressorforlasercutter.com\/sv\/wp-json\/wp\/v2\/types\/product"}],"replies":[{"embeddable":true,"href":"https:\/\/aircompressorforlasercutter.com\/sv\/wp-json\/wp\/v2\/comments?post=474"}],"wp:featuredmedia":[{"embeddable":true,"href":"https:\/\/aircompressorforlasercutter.com\/sv\/wp-json\/wp\/v2\/media\/456"}],"wp:attachment":[{"href":"https:\/\/aircompressorforlasercutter.com\/sv\/wp-json\/wp\/v2\/media?parent=474"}],"wp:term":[{"taxonomy":"product_brand","embeddable":true,"href":"https:\/\/aircompressorforlasercutter.com\/sv\/wp-json\/wp\/v2\/product_brand?post=474"},{"taxonomy":"product_cat","embeddable":true,"href":"https:\/\/aircompressorforlasercutter.com\/sv\/wp-json\/wp\/v2\/product_cat?post=474"},{"taxonomy":"product_tag","embeddable":true,"href":"https:\/\/aircompressorforlasercutter.com\/sv\/wp-json\/wp\/v2\/product_tag?post=474"}],"curies":[{"name":"wp","href":"https:\/\/api.w.org\/{rel}","templated":true}]}}