{"id":475,"date":"2026-01-14T08:26:19","date_gmt":"2026-01-14T08:26:19","guid":{"rendered":"https:\/\/aircompressorforlasercutter.com\/product\/high-output-air-assist-pump-30l-min\/"},"modified":"2026-01-14T08:38:39","modified_gmt":"2026-01-14T08:38:39","slug":"high-output-air-assist-pump-30l-min","status":"publish","type":"product","link":"https:\/\/aircompressorforlasercutter.com\/sv\/produkt\/hogpresterande-luftassistanspump-30-l-min\/","title":{"rendered":"H\u00f6gpresterande luftassistanspump 30 l\/min"},"content":{"rendered":"<h1>H\u00f6gpresterande luftassistanspump 30 l\/min: Den ok\u00e4nda hj\u00e4lten inom lasersk\u00e4rning<\/h1>\n<h2>Introduktion: Den ok\u00e4nda hj\u00e4lten bakom kulisserna<\/h2>\n<p>Inom lasergravering och sk\u00e4rning ligger ofta rampljuset p\u00e5 sj\u00e4lva maskinerna, d\u00e4r k\u00f6pare investerar betydande kapital i avancerade lasersk\u00e4rare. En viktig komponent som ofta f\u00f6rbises \u00e4r dock luftassistanspumpen. Detta kritiska st\u00f6dsystem spelar en avg\u00f6rande roll f\u00f6r lasersk\u00e4rningsutrustningens prestanda och livsl\u00e4ngd, vilket g\u00f6r den till mer \u00e4n bara ett tillbeh\u00f6r.<\/p>\n<h2>Marknadskontext: Den f\u00f6rbisedda n\u00f6dv\u00e4ndigheten<\/h2>\n<p>Medan k\u00f6pare fokuserar p\u00e5 specifikationerna och kapaciteten hos lasersk\u00e4rmaskiner, f\u00f6rblir luftassistanspumpen en avg\u00f6rande men underskattad faktor. Den nuvarande marknaden \u00e4r m\u00e4ttad med alternativ, men m\u00e5nga k\u00f6pare f\u00f6rsummar vikten av att v\u00e4lja en h\u00f6gkvalitativ luftpump. Detta f\u00f6rsummande kan avsev\u00e4rt p\u00e5verka sk\u00e4rkvaliteten och maskinens livsl\u00e4ngd, vilket leder till underm\u00e5liga resultat och potentiella utrustningsfel.<\/p>\n<h2>K\u00e4rnid\u00e9n: Luftassistans som en kvalitetsbest\u00e4mningsfaktor<\/h2>\n<p>Luftassistans \u00e4r inte bara en hj\u00e4lpkomponent; den p\u00e5verkar direkt kvaliteten p\u00e5 de producerade snitten och maskinens h\u00e5llbarhet. En p\u00e5litlig luftassistanspump kan drastiskt f\u00f6rb\u00e4ttra sk\u00e4rupplevelsen genom att ge ett j\u00e4mnt luftfl\u00f6de som f\u00f6rb\u00e4ttrar precisionen i snitten samtidigt som det skyddar laserlinsen.<\/p>\n<h2>Vikten av att v\u00e4lja r\u00e4tt luftpump<\/h2>\n<p>F\u00f6r distribut\u00f6rer inneb\u00e4r valet av r\u00e4tt luftpump konkreta f\u00f6rdelar. En h\u00f6gpresterande luftassisterad pump minskar frekvensen av kundklagom\u00e5l g\u00e4llande problem som \"ofullst\u00e4ndiga sk\u00e4rs\u00e5r\" eller \"skadade linser\". Detta leder till \u00f6kad kundn\u00f6jdhet och kundlojalitet, vilket i slut\u00e4ndan f\u00f6rb\u00e4ttrar aff\u00e4rsresultatet.<\/p>\n<h2>Analys av sm\u00e4rtpunkter: De dolda kostnaderna f\u00f6r billiga luftpumpar<\/h2>\n<h3>D\u00e5lig sk\u00e4rkvalitet<\/h3>\n<p>Att anv\u00e4nda en luftpump av l\u00e5g kvalitet kan leda till inkonsekvent luftfl\u00f6de, vilket resulterar i d\u00e5lig sk\u00e4rkvalitet. Denna instabilitet kan orsaka att materialkanterna br\u00e4nns eller f\u00f6rkolnas, vilket negativt p\u00e5verkar slutanv\u00e4ndarens produktutseende. Den visuella kvaliteten p\u00e5 ett snitt kan avsev\u00e4rt p\u00e5verka kundernas uppfattning och f\u00f6rs\u00e4ljning.<\/p>\n<h3>Risker f\u00f6r utrustningsskador<\/h3>\n<p>S\u00e4mre luftpumpar, s\u00e4rskilt de som \u00e4r oljebaserade, utg\u00f6r en betydande risk f\u00f6r kontaminering. De kan avge oljedimma eller fukt som skadar laserlinsen, vilket leder till kostsamma reparationer och potentiella produktreturer. De ekonomiska konsekvenserna av s\u00e5dana driftstopp kan ackumuleras snabbt, vilket g\u00f6r det absolut n\u00f6dv\u00e4ndigt att investera i en kvalitetsl\u00f6sning.<\/p>\n<h3>Bulleravskr\u00e4ckande<\/h3>\n<p>Traditionella luftkompressorer \u00e4r \u00f6k\u00e4nda f\u00f6r sina h\u00f6ga ljudniv\u00e5er, vilket kan vara en betydande nackdel, s\u00e4rskilt f\u00f6r hemmabruk och utbildningsmilj\u00f6er. \u00d6verdrivet buller kan begr\u00e4nsa anv\u00e4ndbarheten hos lasersk\u00e4rmaskiner i bostadsomr\u00e5den och skolor, vilket begr\u00e4nsar din f\u00f6rs\u00e4ljningsmarknad och kundr\u00e4ckvidd.<\/p>\n<h2>V\u00e5r l\u00f6sning<\/h2>\n<h3>Oljefri och fuktfri design<\/h3>\n<p>V\u00e5r luftassistanspump har en oljefri och fuktfri 100%-design, vilket garanterar fullst\u00e4ndigt skydd f\u00f6r laserlinser. Slutanv\u00e4ndare kan njuta av en problemfri upplevelse med minimala underh\u00e5llskrav, vilket g\u00f6r att de kan fokusera p\u00e5 sina projekt utan att beh\u00f6va oroa sig f\u00f6r frekvent underh\u00e5ll.<\/p>\n<h3>Ultratyst teknik<\/h3>\n<p>V\u00e5r luftpump \u00e4r speciellt konstruerad f\u00f6r inomhus- och verkstadsmilj\u00f6er i hemmet och arbetar med en ljudniv\u00e5 under 60 dB. Denna ultratysta drift f\u00f6rb\u00e4ttrar anv\u00e4ndarupplevelsen avsev\u00e4rt, vilket g\u00f6r den l\u00e4mplig f\u00f6r hemmafixarprojekt och utbildningsscenarier f\u00f6r skapare.<\/p>\n<h3>Robust prestanda<\/h3>\n<p>Med en kontinuerlig och stabil kapacitet p\u00e5 30 l\/min s\u00e4kerst\u00e4ller v\u00e5r luftassisterade pump rena, r\u00f6kfria snitt \u00e4ven vid arbete med tjocka material som tr\u00e4 och akryl. Detta j\u00e4mna luftfl\u00f6de \u00e4r avg\u00f6rande f\u00f6r att uppn\u00e5 h\u00f6gkvalitativa resultat, s\u00e4rskilt i kr\u00e4vande applikationer.<\/p>\n<h2>Bred kompatibilitet: Matchning p\u00e5 ett st\u00e4lle f\u00f6r trygg lagerhantering<\/h2>\n<h3>Bred till\u00e4mpbarhet<\/h3>\n<p>V\u00e5r luftassistanspump \u00e4r utformad f\u00f6r att vara perfekt kompatibel med 95% fr\u00e5n vanliga lasersk\u00e4rmaskiner, inklusive xTool, Ortur, Atomstack och olika CO2-lasermodeller. Denna m\u00e5ngsidighet inneb\u00e4r att du tryggt kan ha v\u00e5r pump i lager, i vetskap om att den kommer att passa en m\u00e4ngd olika kundbehov.<\/p>\n<h3>Distribut\u00f6rsf\u00f6rdelar<\/h3>\n<p>Genom att erbjuda en enda SKU som passar flera maskiner kan du avsev\u00e4rt minska lagertrycket och komplexiteten i lagerhanteringen. Denna f\u00f6renkling g\u00f6r att du kan fokusera p\u00e5 att expandera din verksamhet utan besv\u00e4ret med att hantera en omfattande produktlinje.<\/p>\n<h2>F\u00f6rdelar med leveranskedjan och partnerskap<\/h2>\n<h3>Fabriksstyrka: Strikt kvalitetskontroll<\/h3>\n<p>Vi f\u00f6ljer en strikt kvalitetskontrollprocess med en exceptionellt l\u00e5g defektfrekvens p\u00e5 mindre \u00e4n 1%. Detta engagemang f\u00f6r kvalitet skyddar inte bara ditt rykte utan sparar dig ocks\u00e5 logistikkostnader relaterade till returer och byten.<\/p>\n<h3>Anpassade tj\u00e4nster (OEM\/ODM)<\/h3>\n<p>Vi erbjuder anpassningsalternativ, inklusive design av varum\u00e4rkeslogotyper, f\u00f6rpackningar och kontaktspecifikationer f\u00f6r olika l\u00e4nder. Denna flexibilitet g\u00f6r att du kan skapa en unik varum\u00e4rkesidentitet och effektivt tillgodose specifika marknadskrav.<\/p>\n<h3>Eftermarknadssupport<\/h3>\n<p>Vi \u00e4r stolta \u00f6ver v\u00e5ra snabba tekniska svarstider och robusta reservdelsf\u00f6rs\u00f6rjningsm\u00f6jligheter. V\u00e5rt engagerade supportteam \u00e4r alltid redo att hj\u00e4lpa till och s\u00e4kerst\u00e4ller att din verksamhet l\u00f6per smidigt och effektivt.<\/p>\n<p>L\u00e5t inte s\u00e4mre komponenter skada dina h\u00f6gklassiga maskiners rykte. V\u00e4lj en luftpump som matchar kvaliteten p\u00e5 din utrustning, vilket f\u00f6rb\u00e4ttrar b\u00e5de prestanda och kundn\u00f6jdhet.<\/p>\n<p>Kontakta oss idag f\u00f6r att beg\u00e4ra ett prov f\u00f6r testning eller f\u00f6r att f\u00e5 de senaste B2B-grossistpriserna. Se till att dina kunder f\u00e5r den b\u00e4sta m\u00f6jliga sk\u00e4rupplevelsen.<\/p>\n<p><a href=\"https:\/\/aircompressorforlasercutter.com\/sv\/kontakta-oss\/\">Kontakta oss nu!<\/a><\/p>","protected":false},"excerpt":{"rendered":"<p>High Output Air Assist Pump 30L\/min: The Unsung Hero in Laser Cutting Introduction: The Unsung Hero Behind the Scenes In the realm of laser engraving and cutting, the spotlight often shines on the machines themselves, where buyers invest significant capital in high-end laser cutters. However, an essential component that frequently gets overlooked is the air [&hellip;]<\/p>","protected":false},"featured_media":456,"comment_status":"open","ping_status":"closed","template":"","meta":{"_et_pb_use_builder":"","_et_pb_old_content":"","_et_gb_content_width":""},"product_brand":[],"product_cat":[1093],"product_tag":[1095],"class_list":{"0":"post-475","1":"product","2":"type-product","3":"status-publish","4":"has-post-thumbnail","6":"product_cat-air-compressor-for-laser-cutter","7":"product_tag-air-compressor-for-laser-cutter-price","9":"first","10":"instock","11":"shipping-taxable","12":"product-type-simple"},"_links":{"self":[{"href":"https:\/\/aircompressorforlasercutter.com\/sv\/wp-json\/wp\/v2\/product\/475","targetHints":{"allow":["GET"]}}],"collection":[{"href":"https:\/\/aircompressorforlasercutter.com\/sv\/wp-json\/wp\/v2\/product"}],"about":[{"href":"https:\/\/aircompressorforlasercutter.com\/sv\/wp-json\/wp\/v2\/types\/product"}],"replies":[{"embeddable":true,"href":"https:\/\/aircompressorforlasercutter.com\/sv\/wp-json\/wp\/v2\/comments?post=475"}],"wp:featuredmedia":[{"embeddable":true,"href":"https:\/\/aircompressorforlasercutter.com\/sv\/wp-json\/wp\/v2\/media\/456"}],"wp:attachment":[{"href":"https:\/\/aircompressorforlasercutter.com\/sv\/wp-json\/wp\/v2\/media?parent=475"}],"wp:term":[{"taxonomy":"product_brand","embeddable":true,"href":"https:\/\/aircompressorforlasercutter.com\/sv\/wp-json\/wp\/v2\/product_brand?post=475"},{"taxonomy":"product_cat","embeddable":true,"href":"https:\/\/aircompressorforlasercutter.com\/sv\/wp-json\/wp\/v2\/product_cat?post=475"},{"taxonomy":"product_tag","embeddable":true,"href":"https:\/\/aircompressorforlasercutter.com\/sv\/wp-json\/wp\/v2\/product_tag?post=475"}],"curies":[{"name":"wp","href":"https:\/\/api.w.org\/{rel}","templated":true}]}}