{"id":476,"date":"2026-01-14T08:26:19","date_gmt":"2026-01-14T08:26:19","guid":{"rendered":"https:\/\/aircompressorforlasercutter.com\/product\/electromagnetic-air-pump-for-laser-engraving-machine\/"},"modified":"2026-01-14T08:32:52","modified_gmt":"2026-01-14T08:32:52","slug":"electromagnetic-air-pump-for-laser-engraving-machine","status":"publish","type":"product","link":"https:\/\/aircompressorforlasercutter.com\/sv\/produkt\/elektromagnetisk-luftpump-for-lasergraveringsmaskin\/","title":{"rendered":"Elektromagnetisk luftpump f\u00f6r lasergraveringsmaskin"},"content":{"rendered":"<h1>Elektromagnetisk luftpump f\u00f6r lasergraveringsmaskin<\/h1>\n<h2>Den ok\u00e4nda hj\u00e4lten bakom kulisserna<\/h2>\n<p>I dagens konkurrensutsatta landskap \u00e4r det vanligt att k\u00f6pare investerar betydande kapital i lasergraveringsmaskiner samtidigt som de f\u00f6rsummar en kritisk komponent: luftpumpen. Detta f\u00f6rsummande kan f\u00e5 betydande konsekvenser f\u00f6r utrustningens totala prestanda och livsl\u00e4ngd. L\u00e5t oss utforska varf\u00f6r luftassistans \u00e4r mer \u00e4n bara ett tillbeh\u00f6r? Det \u00e4r en avg\u00f6rande faktor som p\u00e5verkar b\u00e5de sk\u00e4rkvalitet och maskinens livsl\u00e4ngd.<\/p>\n<h2>Marknadsverklighet: Att f\u00f6rbise luftpumpen<\/h2>\n<p>Den nuvarande marknadsmilj\u00f6n k\u00e4nnetecknas av h\u00f6g efterfr\u00e5gan p\u00e5 avancerade lasergraveringsmaskiner, ofta till premiumpriser. M\u00e5nga k\u00f6pare f\u00f6rbiser dock vikten av att integrera en h\u00f6gkvalitativ luftpump i sin installation. Denna brist p\u00e5 uppm\u00e4rksamhet kan leda till ineffektivitet som direkt p\u00e5verkar slutanv\u00e4ndarupplevelsen.<\/p>\n<p>Luftassistans \u00e4r avg\u00f6rande; den f\u00f6rb\u00e4ttrar inte bara sk\u00e4rprecisionen utan bidrar ocks\u00e5 avsev\u00e4rt till lasersystemets h\u00e5llbarhet. F\u00f6r B2B-\u00e5terf\u00f6rs\u00e4ljare kan valet av r\u00e4tt luftpump leda till f\u00e4rre kundklagom\u00e5l g\u00e4llande problem som \"ofullst\u00e4ndiga sk\u00e4rningar\" eller \"skadade linser\", vilket i slut\u00e4ndan resulterar i h\u00f6gre kundlojalitet.<\/p>\n<h2>Sm\u00e4rtpunkter: Dolda kostnader f\u00f6r billiga luftpumpar<\/h2>\n<h3>Underm\u00e5lig sk\u00e4rkvalitet<\/h3>\n<p>Att investera i en billig luftpump kan medf\u00f6ra en m\u00e4ngd problem, fr\u00e4mst instabilitet i luftfl\u00f6det. S\u00e5dan instabilitet kan leda till br\u00e4nda kanter p\u00e5 material, minskad sk\u00e4reffektivitet och en mindre tilltalande slutprodukt f\u00f6r slutanv\u00e4ndarna. P\u00e5 en marknad d\u00e4r estetisk kvalitet direkt p\u00e5verkar f\u00f6rs\u00e4ljningen kan dessa nackdelar vara skadliga.<\/p>\n<h3>Risk f\u00f6r utrustningsskada<\/h3>\n<p>Att anv\u00e4nda s\u00e4mre luftpumpar, s\u00e4rskilt de som \u00e4r oljefyllda, medf\u00f6r betydande risker. Dessa pumpar kan avge oljedimma eller fukt, vilket kan f\u00f6rorena laseroptiken. Denna f\u00f6rorening kan leda till kostsamma reparationer och en \u00f6kning av produktreturer, vilket i slut\u00e4ndan p\u00e5verkar ditt resultat.<\/p>\n<h3>Bulleravskr\u00e4ckande<\/h3>\n<p>Traditionella luftkompressorer \u00e4r ofta bullriga, vilket skapar en milj\u00f6 som \u00e4r ol\u00e4mplig f\u00f6r hemmabruk eller utbildningsmilj\u00f6er. De h\u00f6ga decibelniv\u00e5erna kan avskr\u00e4cka potentiella kunder, begr\u00e4nsa din marknadsr\u00e4ckvidd och begr\u00e4nsa f\u00f6rs\u00e4ljningsm\u00f6jligheterna.<\/p>\n<h2>V\u00e5r l\u00f6sning: Omdefiniera ??Professionell klass?? Flygassistans<\/h2>\n<h3>Oljefri och vattenfri design<\/h3>\n<p>V\u00e5r elektromagnetiska luftpump garanterar 100%-skydd f\u00f6r laserlinser med sin oljefria och vattenfria design. Denna funktion s\u00e4kerst\u00e4ller att slutanv\u00e4ndarna inte beh\u00f6ver oroa sig f\u00f6r underh\u00e5ll, vilket ger en problemfri upplevelse som \u00f6kar anv\u00e4ndarn\u00f6jdheten.<\/p>\n<h3>Ultratyst teknik<\/h3>\n<p>V\u00e5r luftpump \u00e4r speciellt konstruerad f\u00f6r inomhusmilj\u00f6er och anv\u00e4nder den senaste akustiska tekniken f\u00f6r att h\u00e5lla ljudniv\u00e5erna under 60 dB. Denna ultratysta drift f\u00f6rb\u00e4ttrar anv\u00e4ndarupplevelsen avsev\u00e4rt, vilket g\u00f6r den idealisk f\u00f6r hemmastudior eller utbildningsmilj\u00f6er.<\/p>\n<h3>Robust prestanda<\/h3>\n<p>V\u00e5r luftpump levererar ett kontinuerligt fl\u00f6de p\u00e5 30 l\/min, vilket s\u00e4kerst\u00e4ller ett stabilt luftfl\u00f6de. Denna prestanda \u00e4r avg\u00f6rande vid s\u00e5gning i tjocka material som tr\u00e4 eller akryl, vilket resulterar i rena snitt och minimal r\u00f6krester. Anv\u00e4ndare kan f\u00f6rv\u00e4nta sig or\u00f6rda resultat som h\u00f6jer deras produktutbud.<\/p>\n<h2>Kompatibilitet: En komplett matchningsl\u00f6sning<\/h2>\n<h3>Bred kompatibilitet<\/h3>\n<p>Denna luftpump \u00e4r utformad f\u00f6r att s\u00f6ml\u00f6st integreras med 95% fr\u00e5n vanliga lasergraveringsmodeller, inklusive xTool, Ortur, Atomstack och olika CO2-lasermaskiner. S\u00e5dan m\u00e5ngsidighet \u00e4r ov\u00e4rderlig f\u00f6r B2B-\u00e5terf\u00f6rs\u00e4ljare, eftersom den m\u00f6jligg\u00f6r effektiv lagerhantering.<\/p>\n<h3>F\u00f6rdelar f\u00f6r distribut\u00f6rer<\/h3>\n<p>Med en SKU kompatibel med flera maskiner kan distribut\u00f6rer avsev\u00e4rt minska lagertrycket och f\u00f6renkla p\u00e5fyllningsprocesser. Denna l\u00f6sning f\u00f6rb\u00e4ttrar inte bara den operativa effektiviteten utan minskar ocks\u00e5 komplexiteten i orderhanteringen.<\/p>\n<h2>F\u00f6rdelar med leveranskedjan och partnerskap<\/h2>\n<h3>Fabriksstyrka<\/h3>\n<p>V\u00e5ra rigor\u00f6sa kvalitetskontrollprocesser s\u00e4kerst\u00e4ller att vi uppr\u00e4tth\u00e5ller en exceptionellt l\u00e5g defektfrekvens p\u00e5 mindre \u00e4n 1%. Denna tillf\u00f6rlitlighet leder till minskade logistikkostnader i samband med returer och byten, vilket ger en kostnadseffektiv l\u00f6sning f\u00f6r ditt f\u00f6retag.<\/p>\n<h3>Anpassade tj\u00e4nster (OEM\/ODM)<\/h3>\n<p>Vi erbjuder skr\u00e4ddarsydda l\u00f6sningar, inklusive anpassning av varum\u00e4rkeslogotyper, f\u00f6rpackningsdesign och kontaktspecifikationer f\u00f6r att m\u00f6ta behoven p\u00e5 olika marknader. Denna flexibilitet ger dig m\u00f6jlighet att enkelt bygga din egen varum\u00e4rkesidentitet.<\/p>\n<h3>Eftermarknadssupport<\/h3>\n<p>V\u00e5rt engagemang f\u00f6r kundn\u00f6jdhet inkluderar snabba tekniska svarstider och effektiv tillg\u00e5ng till reservdelar. Detta supportramverk s\u00e4kerst\u00e4ller att du kan uppr\u00e4tth\u00e5lla driftskontinuitet och h\u00e5lla dina kunder n\u00f6jda.<\/p>\n<h2>Slutsats och uppmaning till handling<\/h2>\n<p>L\u00e5t inte underm\u00e5liga komponenter skada dina avancerade maskiners rykte. Investera i en luftpump som matchar din utrustnings kvalitet och f\u00f6rb\u00e4ttrar den \u00f6vergripande anv\u00e4ndarupplevelsen.<\/p>\n<p>Kontakta oss idag f\u00f6r provtestning eller f\u00f6r att f\u00e5 de senaste B2B-grossistpriserna. L\u00e5t oss h\u00f6ja dina erbjudanden med en produkt som verkligen lever upp till sina l\u00f6ften.<\/p>\n<p>F\u00f6r fr\u00e5gor, bes\u00f6k <a href=\"https:\/\/aircompressorforlasercutter.com\/sv\/kontakta-oss\/\">Kontaktsida f\u00f6r st\u00e4ndig kraft<\/a>.<\/p>","protected":false},"excerpt":{"rendered":"<p>Electromagnetic Air Pump for Laser Engraving Machine The Unsung Hero Behind the Scenes In today&#8217;s competitive landscape, it is common for buyers to invest significant capital into laser engraving machines while neglecting one critical component: the air pump. This oversight can have substantial implications on the overall performance and longevity of the equipment. Let&#8217;s explore [&hellip;]<\/p>","protected":false},"featured_media":456,"comment_status":"open","ping_status":"closed","template":"","meta":{"_et_pb_use_builder":"","_et_pb_old_content":"","_et_gb_content_width":""},"product_brand":[],"product_cat":[1093],"product_tag":[1096],"class_list":{"0":"post-476","1":"product","2":"type-product","3":"status-publish","4":"has-post-thumbnail","6":"product_cat-air-compressor-for-laser-cutter","7":"product_tag-air-compressor-for-laser-cutter-cost","9":"first","10":"instock","11":"shipping-taxable","12":"product-type-simple"},"_links":{"self":[{"href":"https:\/\/aircompressorforlasercutter.com\/sv\/wp-json\/wp\/v2\/product\/476","targetHints":{"allow":["GET"]}}],"collection":[{"href":"https:\/\/aircompressorforlasercutter.com\/sv\/wp-json\/wp\/v2\/product"}],"about":[{"href":"https:\/\/aircompressorforlasercutter.com\/sv\/wp-json\/wp\/v2\/types\/product"}],"replies":[{"embeddable":true,"href":"https:\/\/aircompressorforlasercutter.com\/sv\/wp-json\/wp\/v2\/comments?post=476"}],"wp:featuredmedia":[{"embeddable":true,"href":"https:\/\/aircompressorforlasercutter.com\/sv\/wp-json\/wp\/v2\/media\/456"}],"wp:attachment":[{"href":"https:\/\/aircompressorforlasercutter.com\/sv\/wp-json\/wp\/v2\/media?parent=476"}],"wp:term":[{"taxonomy":"product_brand","embeddable":true,"href":"https:\/\/aircompressorforlasercutter.com\/sv\/wp-json\/wp\/v2\/product_brand?post=476"},{"taxonomy":"product_cat","embeddable":true,"href":"https:\/\/aircompressorforlasercutter.com\/sv\/wp-json\/wp\/v2\/product_cat?post=476"},{"taxonomy":"product_tag","embeddable":true,"href":"https:\/\/aircompressorforlasercutter.com\/sv\/wp-json\/wp\/v2\/product_tag?post=476"}],"curies":[{"name":"wp","href":"https:\/\/api.w.org\/{rel}","templated":true}]}}