{"id":478,"date":"2026-01-14T08:26:19","date_gmt":"2026-01-14T08:26:19","guid":{"rendered":"https:\/\/aircompressorforlasercutter.com\/product\/air-compressor-for-cleaner-laser-engraving-edges\/"},"modified":"2026-01-14T08:36:17","modified_gmt":"2026-01-14T08:36:17","slug":"air-compressor-for-cleaner-laser-engraving-edges","status":"publish","type":"product","link":"https:\/\/aircompressorforlasercutter.com\/sv\/produkt\/luftkompressor-for-renare-lasergraveringskanter\/","title":{"rendered":"Luftkompressor f\u00f6r renare lasergraveringskanter"},"content":{"rendered":"<h1>Luftkompressor f\u00f6r renare lasergraveringskanter<\/h1>\n<h2>Den ok\u00e4nda hj\u00e4lten bakom kulisserna<\/h2>\n<p>I den snabbt f\u00f6r\u00e4nderliga v\u00e4rlden av lasergravering f\u00f6rblir en avg\u00f6rande faktor ofta i skuggorna \u2013 luftkompressorn. De flesta k\u00f6pare investerar avsev\u00e4rt i avancerade lasergraveringsmaskiner, men de f\u00f6rbiser ofta vikten av en p\u00e5litlig luftpump. Detta f\u00f6rsummande kan undergr\u00e4va kvaliteten p\u00e5 deras arbete, vilket i slut\u00e4ndan p\u00e5verkar deras rykte och produktivitet.<\/p>\n<h2>Bakgrund: Nuvarande marknadslandskap<\/h2>\n<p>Marknaden \u00e4r \u00f6versv\u00e4mmad med alternativ f\u00f6r lasergraveringsmaskiner, som alla lovar o\u00f6vertr\u00e4ffad precision och effektivitet. M\u00e5nga anv\u00e4ndare misslyckas dock med att inse att luftassistans inte bara \u00e4r ett tillbeh\u00f6r; det \u00e4r en grundl\u00e4ggande komponent som direkt p\u00e5verkar sk\u00e4rkvaliteten och maskinens livsl\u00e4ngd. R\u00e4tt luftkompressor kan g\u00f6ra en betydande skillnad i slutresultatet.<\/p>\n<h2>K\u00e4rninsikt<\/h2>\n<p>F\u00f6r distribut\u00f6rer inneb\u00e4r valet av h\u00f6gkvalitativ luftpump f\u00e4rre klagom\u00e5l fr\u00e5n kunder g\u00e4llande problem som ofullst\u00e4ndiga snitt eller linsskador. Denna f\u00f6rb\u00e4ttring f\u00f6rb\u00e4ttrar inte bara kundn\u00f6jdheten utan leder ocks\u00e5 till h\u00f6gre kundleveransgrad. Genom att f\u00f6rst\u00e5 den betydande roll som luftkompressorer spelar kan distribut\u00f6rer erbjuda sina kunder en mer robust l\u00f6sning som motsvarar deras operativa behov.<\/p>\n<p><img loading=\"lazy\" decoding=\"async\" class=\"wp-image-455 size-full aligncenter\" src=\"https:\/\/aircompressorforlasercutter.com\/wp-content\/uploads\/2026\/01\/Air-Compressor-For-Laser-Cutter2.webp\" alt=\"Luftkompressor f\u00f6r lasersk\u00e4rare\" width=\"800\" height=\"800\" srcset=\"https:\/\/aircompressorforlasercutter.com\/wp-content\/uploads\/2026\/01\/Air-Compressor-For-Laser-Cutter2.webp 800w, https:\/\/aircompressorforlasercutter.com\/wp-content\/uploads\/2026\/01\/Air-Compressor-For-Laser-Cutter2-480x480.webp 480w\" sizes=\"auto, (min-width: 0px) and (max-width: 480px) 480px, (min-width: 481px) 800px, 100vw\" \/><\/p>\n<h2>Analys av sm\u00e4rtpunkter: Dolda kostnader f\u00f6r billiga luftpumpar<\/h2>\n<h3>D\u00e5lig sk\u00e4rkvalitet<\/h3>\n<p>Att investera i en billig luftpump leder ofta till instabilt luftfl\u00f6de, vilket g\u00f6r att materialkanterna br\u00e4nns eller f\u00f6rkolnas. Denna inkonsekvens p\u00e5verkar de f\u00e4rdiga produkternas utseende negativt, vilket leder till minskad kundn\u00f6jdhet och potentiellt f\u00f6rlorade aff\u00e4rer.<\/p>\n<h3>Risk f\u00f6r utrustningsskada<\/h3>\n<p>Underm\u00e5liga luftpumpar, s\u00e4rskilt de med oljeinneh\u00e5ll, kan introducera oljedimma eller fukt som f\u00f6rorenar laserlinser. Detta \u00f6kar inte bara underh\u00e5llskostnaderna utan kan ocks\u00e5 leda till dyra reparationer eller returer, vilket skapar en betydande belastning p\u00e5 driftsbudgeten.<\/p>\n<h3>Bullriga operationer<\/h3>\n<p>Traditionella luftkompressorer \u00e4r \u00f6k\u00e4nda f\u00f6r sina h\u00f6ga ljudniv\u00e5er, vilket kan avskr\u00e4cka hemmabrukare och utbildningsinstitutioner fr\u00e5n att anv\u00e4nda lasergraveringsteknik. Denna begr\u00e4nsning minskar den potentiella kundbasen och begr\u00e4nsar marknadstillv\u00e4xtm\u00f6jligheterna.<\/p>\n<h2>V\u00e5r l\u00f6sning: Omdefiniera professionell flygassistans<\/h2>\n<h3>Oljefri och vattenfri design<\/h3>\n<p>V\u00e5r luftkompressor har en innovativ oljefri och vattenfri design, vilket garanterar 100%-skydd f\u00f6r laserlinser. Det inneb\u00e4r att anv\u00e4ndarna kan fokusera p\u00e5 sina projekt utan att beh\u00f6va oroa sig f\u00f6r underh\u00e5ll, vilket leder till ett mer effektivt arbetsfl\u00f6de.<\/p>\n<h3>Ultratyst teknik<\/h3>\n<p>V\u00e5r luftkompressor \u00e4r speciellt konstruerad f\u00f6r inomhus- och hemmastudior och arbetar med en imponerande l\u00e5g ljudniv\u00e5 p\u00e5 mindre \u00e4n 60 dB. Denna innovation f\u00f6rb\u00e4ttrar anv\u00e4ndarupplevelsen avsev\u00e4rt, vilket g\u00f6r den till ett idealiskt val f\u00f6r b\u00e5de hobbyister och proffs.<\/p>\n<h3>Robust prestanda<\/h3>\n<p>Med en stabil kapacitet p\u00e5 30 l\/min garanterar v\u00e5r luftkompressor rena och r\u00f6kfria snitt, \u00e4ven vid arbete med tjockare material som plywood eller akryl. Denna tillf\u00f6rlitlighet s\u00e4kerst\u00e4ller att anv\u00e4ndarna kan uppn\u00e5 h\u00f6gkvalitativa resultat konsekvent.<\/p>\n<p><img loading=\"lazy\" decoding=\"async\" class=\"wp-image-458 size-full aligncenter\" src=\"https:\/\/aircompressorforlasercutter.com\/wp-content\/uploads\/2026\/01\/Air-Compressor-For-Laser-Cutter6.webp\" alt=\"Luftkompressor f\u00f6r lasersk\u00e4rare\" width=\"800\" height=\"800\" srcset=\"https:\/\/aircompressorforlasercutter.com\/wp-content\/uploads\/2026\/01\/Air-Compressor-For-Laser-Cutter6.webp 800w, https:\/\/aircompressorforlasercutter.com\/wp-content\/uploads\/2026\/01\/Air-Compressor-For-Laser-Cutter6-480x480.webp 480w\" sizes=\"auto, (min-width: 0px) and (max-width: 480px) 480px, (min-width: 481px) 800px, 100vw\" \/><\/p>\n<h2>Omfattande kompatibilitet<\/h2>\n<h3>Bred till\u00e4mpbarhet<\/h3>\n<p>V\u00e5r luftkompressor \u00e4r utformad f\u00f6r att s\u00f6ml\u00f6st integreras med 95% av vanliga lasergraveringsmaskiner p\u00e5 marknaden, inklusive xTool, Ortur, Atomstack och olika CO2-lasersystem. Denna m\u00e5ngsidighet m\u00f6jligg\u00f6r enkel implementering utan behov av omfattande modifieringar.<\/p>\n<h3>Distribut\u00f6rsf\u00f6rdelar<\/h3>\n<p>Genom att erbjuda en enda SKU som \u00e4r kompatibel med flera maskiner kan distribut\u00f6rer avsev\u00e4rt minska lagertrycket och f\u00f6renkla lagerprocesser, vilket i slut\u00e4ndan f\u00f6rb\u00e4ttrar den operativa effektiviteten.<\/p>\n<h2>F\u00f6rdelar med leveranskedjan och samarbete<\/h2>\n<h3>Fabriksstyrka<\/h3>\n<p>V\u00e5ra strikta kvalitetskontrollprocesser s\u00e4kerst\u00e4ller en exceptionellt l\u00e5g defektfrekvens p\u00e5 mindre \u00e4n 1%. Denna noggranna uppm\u00e4rksamhet p\u00e5 detaljer sparar distribut\u00f6rer logistikkostnader relaterade till returer och byten, vilket st\u00e4rker l\u00f6nsamheten.<\/p>\n<h3>Anpassningstj\u00e4nster<\/h3>\n<p>Vi erbjuder skr\u00e4ddarsydda tj\u00e4nster, inklusive logotypanpassning, f\u00f6rpackningsdesign och m\u00f6jligheten att anpassa oss till olika kontaktspecifikationer f\u00f6r olika l\u00e4nder. Denna flexibilitet g\u00f6r det m\u00f6jligt f\u00f6r distribut\u00f6rer att utveckla sin egen varum\u00e4rkesidentitet samtidigt som de m\u00f6ter marknadens behov.<\/p>\n<h3>Eftermarknadssupport<\/h3>\n<p>V\u00e5r snabba tekniska respons och reservdelsf\u00f6rs\u00f6rjning s\u00e4kerst\u00e4ller att kunderna f\u00e5r snabb hj\u00e4lp, vilket ytterligare f\u00f6rb\u00e4ttrar deras driftsupplevelse och f\u00f6rtroende f\u00f6r v\u00e5ra produkter.<\/p>\n<p>L\u00e5t inte s\u00e4mre tillbeh\u00f6r skada dina exklusiva maskiners rykte. V\u00e4lj en luftpump som matchar kvaliteten p\u00e5 din utrustning f\u00f6r att s\u00e4kerst\u00e4lla \u00f6verl\u00e4gsna resultat och st\u00e4rka ditt varum\u00e4rkes trov\u00e4rdighet.<\/p>\n<p>Kontakta oss idag f\u00f6r att beg\u00e4ra ett prov f\u00f6r testning eller f\u00f6r att f\u00e5 de senaste B2B-grossistpriserna. Ta det proaktiva steget mot att lyfta din verksamhet med Ever-powers toppmoderna luftkompressorer.<\/p>\n<p style=\"text-align: center;\"><span style=\"font-size: 18pt;\"><a href=\"https:\/\/aircompressorforlasercutter.com\/sv\/kontakta-oss\/\">Kontakta oss<\/a><\/span><\/p>","protected":false},"excerpt":{"rendered":"<p>Air Compressor for Cleaner Laser Engraving Edges The Unsung Hero Behind the Scenes In the fast-evolving world of laser engraving, one crucial element often remains in the shadows??the air compressor. Most buyers invest significantly in high-end laser engraving machines, yet they frequently overlook the importance of a reliable air pump. This oversight can undermine the [&hellip;]<\/p>","protected":false},"featured_media":457,"comment_status":"open","ping_status":"closed","template":"","meta":{"_et_pb_use_builder":"","_et_pb_old_content":"","_et_gb_content_width":""},"product_brand":[],"product_cat":[1093],"product_tag":[1095],"class_list":{"0":"post-478","1":"product","2":"type-product","3":"status-publish","4":"has-post-thumbnail","6":"product_cat-air-compressor-for-laser-cutter","7":"product_tag-air-compressor-for-laser-cutter-price","9":"first","10":"instock","11":"shipping-taxable","12":"product-type-simple"},"_links":{"self":[{"href":"https:\/\/aircompressorforlasercutter.com\/sv\/wp-json\/wp\/v2\/product\/478","targetHints":{"allow":["GET"]}}],"collection":[{"href":"https:\/\/aircompressorforlasercutter.com\/sv\/wp-json\/wp\/v2\/product"}],"about":[{"href":"https:\/\/aircompressorforlasercutter.com\/sv\/wp-json\/wp\/v2\/types\/product"}],"replies":[{"embeddable":true,"href":"https:\/\/aircompressorforlasercutter.com\/sv\/wp-json\/wp\/v2\/comments?post=478"}],"wp:featuredmedia":[{"embeddable":true,"href":"https:\/\/aircompressorforlasercutter.com\/sv\/wp-json\/wp\/v2\/media\/457"}],"wp:attachment":[{"href":"https:\/\/aircompressorforlasercutter.com\/sv\/wp-json\/wp\/v2\/media?parent=478"}],"wp:term":[{"taxonomy":"product_brand","embeddable":true,"href":"https:\/\/aircompressorforlasercutter.com\/sv\/wp-json\/wp\/v2\/product_brand?post=478"},{"taxonomy":"product_cat","embeddable":true,"href":"https:\/\/aircompressorforlasercutter.com\/sv\/wp-json\/wp\/v2\/product_cat?post=478"},{"taxonomy":"product_tag","embeddable":true,"href":"https:\/\/aircompressorforlasercutter.com\/sv\/wp-json\/wp\/v2\/product_tag?post=478"}],"curies":[{"name":"wp","href":"https:\/\/api.w.org\/{rel}","templated":true}]}}