{"id":479,"date":"2026-01-14T08:26:20","date_gmt":"2026-01-14T08:26:20","guid":{"rendered":"https:\/\/aircompressorforlasercutter.com\/product\/high-pressure-air-assist-for-deep-laser-cutting\/"},"modified":"2026-01-14T08:32:16","modified_gmt":"2026-01-14T08:32:16","slug":"high-pressure-air-assist-for-deep-laser-cutting","status":"publish","type":"product","link":"https:\/\/aircompressorforlasercutter.com\/sv\/produkt\/hogtrycksluftassistans-for-djup-laserskarning\/","title":{"rendered":"H\u00f6gtrycksluftassistans f\u00f6r djup lasersk\u00e4rning"},"content":{"rendered":"<h1>H\u00f6gtrycksluftassistans f\u00f6r djup lasersk\u00e4rning: Den f\u00f6rbisedda ok\u00e4nda hj\u00e4lten<\/h1>\n<h2>1. Bakgrund: Det nuvarande marknadslandskapet<\/h2>\n<p>I det snabbt f\u00f6r\u00e4nderliga landskapet inom lasersk\u00e4rningsteknik investerar de flesta k\u00f6pare betydande summor i avancerade lasergraveringsmaskiner och f\u00f6rbiser ofta en kritisk komponent: luftkompressorn. Medan fokus fr\u00e4mst ligger p\u00e5 sj\u00e4lva sk\u00e4renheten spelar luftpumpen en avg\u00f6rande roll f\u00f6r att s\u00e4kerst\u00e4lla optimal prestanda, effektivitet och kvalitet p\u00e5 resultatet. Faktum \u00e4r att luftassistans inte bara \u00e4r ett tillbeh\u00f6r; det p\u00e5verkar i grunden sk\u00e4rkvaliteten och f\u00f6rl\u00e4nger lasermaskinernas livsl\u00e4ngd.<\/p>\n<p>Vikten av luftassistans kan inte nog betonas. F\u00f6r B2B-kunder inneb\u00e4r valet av r\u00e4tt luftpump f\u00e4rre klagom\u00e5l g\u00e4llande problem som ofullst\u00e4ndiga snitt eller skadade linser, vilket resulterar i h\u00f6gre kundlojalitet. Det \u00e4r viktigt att inse att luftassistanssystem direkt p\u00e5verkar resultatet och f\u00f6rb\u00e4ttrar b\u00e5de anv\u00e4ndbarhet och kundn\u00f6jdhet.<\/p>\n<h2>2. Analys av sm\u00e4rtpunkter: De dolda kostnaderna f\u00f6r billiga luftpumpar<\/h2>\n<p>Att v\u00e4lja billiga luftpumpar kan leda till en m\u00e4ngd dolda kostnader som \u00e4ventyrar b\u00e5de kvalitet och kundn\u00f6jdhet. Konsekvenserna av att v\u00e4lja en underm\u00e5lig luftkompressor kan manifestera sig p\u00e5 olika s\u00e4tt:<\/p>\n<h3>Problem med kvalitetssk\u00e4rning<\/h3>\n<p>Instabilt luftfl\u00f6de fr\u00e5n s\u00e4mre kompressorer kan resultera i br\u00e4nda eller f\u00f6rkolnade kanter p\u00e5 materialen, vilket minskar deras estetiska tilltal. Sk\u00e4reffektiviteten blir lidande, vilket leder till inkonsekventa resultat. N\u00e4r slutanv\u00e4ndare f\u00e5r underm\u00e5liga produkter p\u00e5verkar det deras f\u00f6rs\u00e4ljning och rykte negativt.<\/p>\n<h3>Risk f\u00f6r utrustningsskada<\/h3>\n<p>Anv\u00e4ndning av luftpumpar av l\u00e5g kvalitet, s\u00e4rskilt de som \u00e4r oljefyllda, kan frig\u00f6ra oljedimma eller fukt, vilket f\u00f6rorenar laserlinserna. Detta kr\u00e4ver inte bara dyra reparationer utan kan ocks\u00e5 leda till \u00f6kade returer, vilket i slut\u00e4ndan p\u00e5verkar din l\u00f6nsamhet.<\/p>\n<h3>Bulleravskr\u00e4ckning<\/h3>\n<p>Traditionella luftkompressorer producerar ofta mycket buller, vilket kan avskr\u00e4cka hemmabrukare och utbildningsmilj\u00f6er fr\u00e5n att anv\u00e4nda lasersk\u00e4rningsteknik. Denna begr\u00e4nsning minskar den potentiella f\u00f6rs\u00e4ljningsmarknaden, vilket p\u00e5verkar int\u00e4ktstillv\u00e4xten.<\/p>\n<h2>3. V\u00e5r l\u00f6sning: Omdefiniering av \"professionell\" luftassistans<\/h2>\n<p>P\u00e5 Ever-power \u00e4r vi engagerade i att leverera en h\u00f6gpresterande luftassistansl\u00f6sning som \u00e5tg\u00e4rdar bristerna hos konventionella luftkompressorer. V\u00e5ra innovativa funktioner h\u00f6jer anv\u00e4ndarupplevelsen och s\u00e4kerst\u00e4ller \u00f6verl\u00e4gsna sk\u00e4rresultat:<\/p>\n<h3>Oljefri och vattenfri design<\/h3>\n<p>V\u00e5ra luftpumpar har en olje- och vattenfri 100%-design, vilket garanterar skydd f\u00f6r laserlinser. Detta eliminerar underh\u00e5llsbekymmer f\u00f6r slutanv\u00e4ndarna och erbjuder en problemfri upplevelse.<\/p>\n<h3>Ultratyst teknik<\/h3>\n<p>V\u00e5ra luftpumpar \u00e4r speciellt konstruerade f\u00f6r inomhus- och hemmastudiomilj\u00f6er och h\u00e5ller en ljudniv\u00e5 under 60 dB. Denna ultratysta drift \u00f6kar anv\u00e4ndarn\u00f6jdheten och ut\u00f6kar anv\u00e4ndbarheten i olika milj\u00f6er.<\/p>\n<h3>Robust prestanda<\/h3>\n<p>Med ett j\u00e4mnt och stabilt luftfl\u00f6de p\u00e5 30 l\/min s\u00e4kerst\u00e4ller v\u00e5ra luftpumpar att \u00e4ven tjocka tr\u00e4- eller akrylmaterial sk\u00e4rs rent, fritt fr\u00e5n r\u00f6k eller damm. Detta leder till h\u00f6gkvalitativa slutprodukter f\u00f6r slutanv\u00e4ndarna.<\/p>\n<h2>4. Bred kompatibilitet: Matchning p\u00e5 ett st\u00e4lle (bekymmersfri inventering)<\/h2>\n<p>V\u00e5r luftassistansl\u00f6sning har bred kompatibilitet med 95% fr\u00e5n m\u00e5nga vanliga modeller p\u00e5 marknaden, inklusive xTool, Ortur, Atomstack och diverse CO2-lasermaskiner. Denna m\u00e5ngsidighet erbjuder betydande f\u00f6rdelar f\u00f6r distribut\u00f6rer:<\/p>\n<h3>Kompatibilitet med enskilda SKU:er<\/h3>\n<p>Med en enda SKU som passar flera maskiner kan distribut\u00f6rer avsev\u00e4rt minska lagertrycket och komplexiteten i samband med lagerhantering. Denna effektivisering leder till b\u00e4ttre driftseffektivitet.<\/p>\n<h2>5. F\u00f6rdelar med leveranskedjan och samarbete<\/h2>\n<p>Ever-power \u00e4r dedikerade till att f\u00f6rse v\u00e5ra partners med robusta leveranskedjefunktioner som f\u00f6rb\u00e4ttrar produkttillf\u00f6rlitlighet och kundn\u00f6jdhet:<\/p>\n<h3>Fabriksstyrka och kvalitetskontroll<\/h3>\n<p>V\u00e5ra strikta kvalitetskontrollprocesser s\u00e4kerst\u00e4ller en imponerande defektfrekvens p\u00e5 mindre \u00e4n 1%. Denna betydande minskning av produktfel leder till avsev\u00e4rda besparingar i returer och logistikkostnader f\u00f6r v\u00e5ra partners.<\/p>\n<h3>Anpassade tj\u00e4nster (OEM\/ODM)<\/h3>\n<p>Vi erbjuder skr\u00e4ddarsydda l\u00f6sningar, inklusive varum\u00e4rkesm\u00f6jligheter med anpassade logotyper, f\u00f6rpackningsdesign och kontaktspecifikationer f\u00f6r olika l\u00e4nder. Detta g\u00f6r att du kan bygga din unika varum\u00e4rkesidentitet p\u00e5 marknaden.<\/p>\n<h3>Eftermarknadssupport<\/h3>\n<p>V\u00e5rt engagemang f\u00f6r \u00f6verl\u00e4gsen kundservice inkluderar snabba tekniska svarstider och effektiva reservdelsf\u00f6rs\u00f6rjningsm\u00f6jligheter, vilket s\u00e4kerst\u00e4ller att din verksamhet l\u00f6per smidigt och effektivt.<\/p>\n<h2>6. Slutsats och uppmaning till handling (CTA)<\/h2>\n<p>L\u00e5t inte s\u00e4mre komponenter skada dina avancerade maskiners rykte. V\u00e4lj en luftpump som matchar kvaliteten p\u00e5 din utrustning. Genom att investera i en premium luftassistansl\u00f6sning kommer du att \u00f6ka kundn\u00f6jdheten och kundlojaliteten.<\/p>\n<p>Kontakta oss idag f\u00f6r att beg\u00e4ra provprov eller f\u00e5 den senaste informationen om B2B-grossistpriser. L\u00e5t oss tillsammans f\u00f6rb\u00e4ttra lasersk\u00e4rningsupplevelsen.<\/p>\n<p><a href=\"https:\/\/aircompressorforlasercutter.com\/sv\/kontakta-oss\/\">Kontakta oss<\/a><\/p>","protected":false},"excerpt":{"rendered":"<p>High Pressure Air Assist for Deep Laser Cutting: The Overlooked Unsung Hero 1. Background: The Current Market Landscape In the rapidly evolving landscape of laser cutting technology, most buyers invest substantial amounts in advanced laser engraving machines, often overlooking a critical component: the air compressor. While the focus is primarily on the cutting device itself, [&hellip;]<\/p>","protected":false},"featured_media":457,"comment_status":"open","ping_status":"closed","template":"","meta":{"_et_pb_use_builder":"","_et_pb_old_content":"","_et_gb_content_width":""},"product_brand":[],"product_cat":[1093],"product_tag":[1096],"class_list":{"0":"post-479","1":"product","2":"type-product","3":"status-publish","4":"has-post-thumbnail","6":"product_cat-air-compressor-for-laser-cutter","7":"product_tag-air-compressor-for-laser-cutter-cost","9":"first","10":"instock","11":"shipping-taxable","12":"product-type-simple"},"_links":{"self":[{"href":"https:\/\/aircompressorforlasercutter.com\/sv\/wp-json\/wp\/v2\/product\/479","targetHints":{"allow":["GET"]}}],"collection":[{"href":"https:\/\/aircompressorforlasercutter.com\/sv\/wp-json\/wp\/v2\/product"}],"about":[{"href":"https:\/\/aircompressorforlasercutter.com\/sv\/wp-json\/wp\/v2\/types\/product"}],"replies":[{"embeddable":true,"href":"https:\/\/aircompressorforlasercutter.com\/sv\/wp-json\/wp\/v2\/comments?post=479"}],"wp:featuredmedia":[{"embeddable":true,"href":"https:\/\/aircompressorforlasercutter.com\/sv\/wp-json\/wp\/v2\/media\/457"}],"wp:attachment":[{"href":"https:\/\/aircompressorforlasercutter.com\/sv\/wp-json\/wp\/v2\/media?parent=479"}],"wp:term":[{"taxonomy":"product_brand","embeddable":true,"href":"https:\/\/aircompressorforlasercutter.com\/sv\/wp-json\/wp\/v2\/product_brand?post=479"},{"taxonomy":"product_cat","embeddable":true,"href":"https:\/\/aircompressorforlasercutter.com\/sv\/wp-json\/wp\/v2\/product_cat?post=479"},{"taxonomy":"product_tag","embeddable":true,"href":"https:\/\/aircompressorforlasercutter.com\/sv\/wp-json\/wp\/v2\/product_tag?post=479"}],"curies":[{"name":"wp","href":"https:\/\/api.w.org\/{rel}","templated":true}]}}