{"id":480,"date":"2026-01-14T08:26:20","date_gmt":"2026-01-14T08:26:20","guid":{"rendered":"https:\/\/aircompressorforlasercutter.com\/product\/laser-lens-cooling-air-pump-system\/"},"modified":"2026-01-14T08:32:05","modified_gmt":"2026-01-14T08:32:05","slug":"laser-lens-cooling-air-pump-system","status":"publish","type":"product","link":"https:\/\/aircompressorforlasercutter.com\/sv\/produkt\/laserlins-kylluftpumpsystem\/","title":{"rendered":"Laserlins kylluftpumpsystem"},"content":{"rendered":"<h1>Laserlins kylande luftpumpsystem: Lasersk\u00e4rningens ok\u00e4nda hj\u00e4lte<\/h1>\n<h2>1. Introduktion: Den ok\u00e4nda hj\u00e4lten<\/h2>\n<p>I lasersk\u00e4rnings- och gravyrv\u00e4rlden investerar k\u00f6pare ofta avsev\u00e4rt i avancerade lasermaskiner, men luftpumpars avg\u00f6rande roll f\u00f6rbises ofta. Dessa komponenter kan verka sekund\u00e4ra, men de spelar en viktig roll f\u00f6r att f\u00f6rb\u00e4ttra lasersystemens \u00f6vergripande prestanda och livsl\u00e4ngd. Utan korrekt luftassistans kan resultaten av laseroperationer f\u00f6rs\u00e4mras kraftigt, vilket p\u00e5verkar b\u00e5de sk\u00e4rkvaliteten och maskinens livsl\u00e4ngd.<\/p>\n<h2>2. Marknadslandskapet: Den f\u00f6rbisedda komponenten<\/h2>\n<p>Dagens marknad visar en trend d\u00e4r fokus huvudsakligen ligger p\u00e5 att f\u00f6rv\u00e4rva toppmoderna lasergraveringsmaskiner. Den viktiga luftpumpen som st\u00f6der dessa maskiner f\u00f6rblir dock ofta ett f\u00f6rsummat tillbeh\u00f6r. K\u00f6pare som investerar kraftigt i laserteknik m\u00e5ste f\u00f6rst\u00e5 att luftassistans inte bara \u00e4r en kompletterande funktion; det \u00e4r en avg\u00f6rande faktor som p\u00e5verkar utrustningens slutliga sk\u00e4rkvalitet och h\u00e5llbarhet.<\/p>\n<h3>K\u00e4rninsikt: Den direkta effekten av flygassistans<\/h3>\n<p>F\u00f6r B2B-kunder inneb\u00e4r valet av r\u00e4tt luftpump f\u00e4rre klagom\u00e5l om ofullst\u00e4ndiga snitt eller skadade linser. Detta leder effektivt till h\u00f6gre kundlojalitet. En p\u00e5litlig luftpump kan eliminera problem relaterade till snittkvaliteten och s\u00e4kerst\u00e4lla en smidig driftsupplevelse, vilket \u00f6kar kundn\u00f6jdheten och lojaliteten.<\/p>\n<h2>3. Analys av sm\u00e4rtpunkter: De dolda kostnaderna f\u00f6r billiga luftpumpar<\/h2>\n<p>\u00c4ven om det kan verka kostnadseffektivt att v\u00e4lja en billigare luftpump till en b\u00f6rjan, kan det medf\u00f6ra betydande dolda kostnader som \u00e4ventyrar driftseffektiviteten.<\/p>\n<h3>D\u00e5lig sk\u00e4rkvalitet<\/h3>\n<p>Otillf\u00f6rlitligt luftfl\u00f6de p\u00e5 grund av s\u00e4mre pumpar resulterar ofta i br\u00e4nda kanter eller suddiga sk\u00e4rs\u00e5r, vilket leder till underm\u00e5liga ytbehandlingar som kan skada ett f\u00f6retags rykte. Slutproduktens estetiska kvalitet \u00e4r av st\u00f6rsta vikt, s\u00e4rskilt f\u00f6r slutanv\u00e4ndare som f\u00f6rlitar sig p\u00e5 precision och tydlighet.<\/p>\n<h3>Risk f\u00f6r utrustningsskada<\/h3>\n<p>Underm\u00e5liga luftpumpar, s\u00e4rskilt de som \u00e4r oljefyllda, kan avge oljedimma eller fukt som f\u00f6rorenar laserlinser. Detta kr\u00e4ver inte bara kostsamma reparationer utan kan ocks\u00e5 resultera i produktreturer, vilket ytterligare p\u00e5verkar l\u00f6nsamheten.<\/p>\n<h3>Bulleravskr\u00e4ckande<\/h3>\n<p>Traditionella luftkompressorer kan producera mycket buller, vilket avskr\u00e4cker hemmaanv\u00e4ndare och utbildningsinstitutioner fr\u00e5n att anv\u00e4nda lasersk\u00e4rmaskiner. Denna begr\u00e4nsning begr\u00e4nsar marknadspotentialen och begr\u00e4nsar f\u00f6rs\u00e4ljningsm\u00f6jligheterna f\u00f6r distribut\u00f6rer.<\/p>\n<h2>4. V\u00e5r l\u00f6sning: Omdefiniera professionell flygassistans<\/h2>\n<h3>Oljefri och vattenfri design<\/h3>\n<p>V\u00e5r luftpump har en olje- och vattenfri 100%-design, vilket s\u00e4kerst\u00e4ller att laserlinserna \u00e4r helt skyddade. Det inneb\u00e4r att slutanv\u00e4ndarna kan anv\u00e4nda sina maskiner med sinnesro, utan underh\u00e5llsproblem och oro f\u00f6r kontaminering.<\/p>\n<h3>Ultratyst teknik<\/h3>\n<p>V\u00e5r luftpump \u00e4r speciellt konstruerad f\u00f6r inomhus- och hemmastudiomilj\u00f6er och arbetar med en exceptionellt l\u00e5g ljudniv\u00e5 (mindre \u00e4n 60 dB). Denna funktion f\u00f6rb\u00e4ttrar anv\u00e4ndarupplevelsen avsev\u00e4rt, vilket g\u00f6r den l\u00e4mplig f\u00f6r en m\u00e4ngd olika till\u00e4mpningar utan att st\u00f6ra milj\u00f6n.<\/p>\n<h3>Kraftfull prestanda<\/h3>\n<p>Med ett j\u00e4mnt fl\u00f6de p\u00e5 30 l\/min s\u00e4kerst\u00e4ller v\u00e5r pump att \u00e4ven vid s\u00e5gning av tjockt tr\u00e4 eller akrylmaterial f\u00f6rblir snitten rena och fria fr\u00e5n r\u00f6k och skr\u00e4p. Denna tillf\u00f6rlitlighet leder till h\u00f6gre effektivitet och b\u00e4ttre utskriftskvalitet f\u00f6r slutanv\u00e4ndarna.<\/p>\n<h2>5. Omfattande kompatibilitet: Matchning p\u00e5 ett st\u00e4lle<\/h2>\n<p>V\u00e5r luftpump \u00e4r utformad f\u00f6r att vara kompatibel med 95% av de vanligaste lasersk\u00e4rmaskinerna p\u00e5 marknaden, inklusive xTool, Ortur, Atomstack och olika CO2-lasersystem. Denna breda kompatibilitet ger distribut\u00f6rer en betydande f\u00f6rdel.<\/p>\n<h3>Distribut\u00f6rsf\u00f6rdelar<\/h3>\n<p>Genom att lagerf\u00f6ra v\u00e5r luftpump kan distribut\u00f6rer dra nytta av bekv\u00e4mligheten med att \"en SKU passar flera maskiner\", vilket avsev\u00e4rt minskar lagertrycket och komplexiteten i lagerhanteringen. Denna effektivitet g\u00f6r det m\u00f6jligt f\u00f6r distribut\u00f6rer att fokusera p\u00e5 att skala upp sina verksamheter utan b\u00f6rdan av \u00f6verdriven lagerhantering.<\/p>\n<h2>6. F\u00f6rdelar med leveranskedjan och partnerskap<\/h2>\n<h3>Fabriksstyrka<\/h3>\n<p>V\u00e5rt engagemang f\u00f6r kvalitet \u00e5terspeglas i v\u00e5ra strikta kvalitetskontrollprocesser, vilket s\u00e4kerst\u00e4ller en anm\u00e4rkningsv\u00e4rt l\u00e5g felfrekvens p\u00e5 mindre \u00e4n 1%. Denna tillf\u00f6rlitlighet bidrar till att spara logistikkostnader relaterade till returer och byten, vilket ger en smidig driftsupplevelse f\u00f6r v\u00e5ra partners.<\/p>\n<h3>Anpassade tj\u00e4nster (OEM\/ODM)<\/h3>\n<p>Vi erbjuder anpassningsbara tj\u00e4nster, inklusive placering av varum\u00e4rkeslogotyper, f\u00f6rpackningsdesign och anpassning f\u00f6r olika kontaktspecifikationer. Denna flexibilitet g\u00f6r det m\u00f6jligt f\u00f6r partners att etablera sin egen varum\u00e4rkesidentitet och ytterligare st\u00e4rka marknadsn\u00e4rvaron.<\/p>\n<h3>Eftermarknadssupport<\/h3>\n<p>V\u00e5rt team \u00e4r dedikerat till att tillhandah\u00e5lla snabba tekniska svar och reservdelsleveranser. Detta engagemang f\u00f6r support s\u00e4kerst\u00e4ller att kunderna kan lita p\u00e5 oss f\u00f6r snabb hj\u00e4lp och kontinuerlig driftseffektivitet.<\/p>\n<h2>7. Slutsats och uppmaning till handling (CTA)<\/h2>\n<p>Sammanfattningsvis, l\u00e5t inte s\u00e4mre tillbeh\u00f6r kompromissa med dina avancerade maskiners rykte. Att v\u00e4lja en luftpump av h\u00f6g kvalitet som matchar din utrustnings kaliber \u00e4r avg\u00f6rande f\u00f6r att uppr\u00e4tth\u00e5lla ett utm\u00e4rkt rykte i branschen.<\/p>\n<p>Kontakta oss idag f\u00f6r provtestning eller f\u00f6r att f\u00e5 de senaste B2B-grossistpriserna.<\/p>\n<p>Bes\u00f6k <a href=\"https:\/\/aircompressorforlasercutter.com\/sv\/kontakta-oss\/\">h\u00e4r<\/a> att n\u00e5 ut.<\/p>","protected":false},"excerpt":{"rendered":"<p>Laser Lens Cooling Air Pump System: The Unsung Hero of Laser Cutting 1. Introduction: The Unsung Hero In the world of laser cutting and engraving, buyers often invest significantly in high-end laser machines, yet the critical role of air pumps is frequently overlooked. These components might seem secondary, but they play a vital role in [&hellip;]<\/p>","protected":false},"featured_media":457,"comment_status":"open","ping_status":"closed","template":"","meta":{"_et_pb_use_builder":"","_et_pb_old_content":"","_et_gb_content_width":""},"product_brand":[],"product_cat":[1093],"product_tag":[1094],"class_list":{"0":"post-480","1":"product","2":"type-product","3":"status-publish","4":"has-post-thumbnail","6":"product_cat-air-compressor-for-laser-cutter","7":"product_tag-air-compressor-for-laser-cutter","9":"first","10":"instock","11":"shipping-taxable","12":"product-type-simple"},"_links":{"self":[{"href":"https:\/\/aircompressorforlasercutter.com\/sv\/wp-json\/wp\/v2\/product\/480","targetHints":{"allow":["GET"]}}],"collection":[{"href":"https:\/\/aircompressorforlasercutter.com\/sv\/wp-json\/wp\/v2\/product"}],"about":[{"href":"https:\/\/aircompressorforlasercutter.com\/sv\/wp-json\/wp\/v2\/types\/product"}],"replies":[{"embeddable":true,"href":"https:\/\/aircompressorforlasercutter.com\/sv\/wp-json\/wp\/v2\/comments?post=480"}],"wp:featuredmedia":[{"embeddable":true,"href":"https:\/\/aircompressorforlasercutter.com\/sv\/wp-json\/wp\/v2\/media\/457"}],"wp:attachment":[{"href":"https:\/\/aircompressorforlasercutter.com\/sv\/wp-json\/wp\/v2\/media?parent=480"}],"wp:term":[{"taxonomy":"product_brand","embeddable":true,"href":"https:\/\/aircompressorforlasercutter.com\/sv\/wp-json\/wp\/v2\/product_brand?post=480"},{"taxonomy":"product_cat","embeddable":true,"href":"https:\/\/aircompressorforlasercutter.com\/sv\/wp-json\/wp\/v2\/product_cat?post=480"},{"taxonomy":"product_tag","embeddable":true,"href":"https:\/\/aircompressorforlasercutter.com\/sv\/wp-json\/wp\/v2\/product_tag?post=480"}],"curies":[{"name":"wp","href":"https:\/\/api.w.org\/{rel}","templated":true}]}}