{"id":482,"date":"2026-01-14T08:26:20","date_gmt":"2026-01-14T08:26:20","guid":{"rendered":"https:\/\/aircompressorforlasercutter.com\/product\/precision-air-assist-for-detailed-photo-engraving\/"},"modified":"2026-01-14T08:26:20","modified_gmt":"2026-01-14T08:26:20","slug":"precision-air-assist-for-detailed-photo-engraving","status":"publish","type":"product","link":"https:\/\/aircompressorforlasercutter.com\/sv\/produkt\/precisionsluftassistans-for-detaljerad-fotogravering\/","title":{"rendered":"Precisionsluftassistans f\u00f6r detaljerad fotogravering"},"content":{"rendered":"<h1>Precisionsluftassistans f\u00f6r detaljerad fotogravering<\/h1>\n<h2>Den ok\u00e4nda hj\u00e4lten inom lasergravering<\/h2>\n<p>I lasergraveringens konkurrensutsatta landskap, d\u00e4r teknik m\u00f6ter konstn\u00e4rlighet, \u00e4r det l\u00e4tt att f\u00f6rbise de viktiga komponenter som bidrar till den \u00f6vergripande kvaliteten p\u00e5 den f\u00e4rdiga produkten. Medan m\u00e5nga k\u00f6pare investerar betydande summor i att k\u00f6pa avancerade lasergraveringsmaskiner, f\u00f6rsummar de ofta luftkompressorns avg\u00f6rande roll, ett viktigt tillbeh\u00f6r som avsev\u00e4rt p\u00e5verkar graveringsprocessen.<\/p>\n<p>Precisionsluftassistanssystemet \u00e4r inte bara ett extra tillbeh\u00f6r; det spelar en avg\u00f6rande roll f\u00f6r att best\u00e4mma den slutliga sk\u00e4rkvaliteten och maskinens livsl\u00e4ngd. F\u00f6r f\u00f6retag som fokuserar p\u00e5 att leverera \u00f6verl\u00e4gsna gravyrtj\u00e4nster kan det vara revolutionerande att f\u00f6rst\u00e5 vikten av ett h\u00f6gkvalitativt luftassistanssystem.<\/p>\n<h2>Marknadskontext och k\u00e4rninsikter<\/h2>\n<p>Den nuvarande marknadssituationen visar en oroande trend. M\u00e5nga \u00e5terf\u00f6rs\u00e4ljare och slutanv\u00e4ndare prioriterar att f\u00f6rv\u00e4rva avancerade lasersk\u00e4rare och grav\u00f6rer, vilket ofta leder till ett avg\u00f6rande misstag \u2013 luftkompressorn eller luftassistanssystemet. N\u00e4r man utv\u00e4rderar den kompletta installationen f\u00f6r lasergravering \u00e4r det viktigt att inse att luftassistans inte bara f\u00f6rb\u00e4ttrar prestandan; den p\u00e5verkar i grunden kundn\u00f6jdheten och kundlojaliteten.<\/p>\n<p>F\u00f6r \u00e5terf\u00f6rs\u00e4ljare inneb\u00e4r valet av en p\u00e5litlig luftkompressor att minimera kundklagom\u00e5l relaterade till otillr\u00e4cklig sk\u00e4rkvalitet eller skador p\u00e5 gravyrlinserna. Denna faktor leder till h\u00f6gre kundlojalitet, vilket f\u00f6rst\u00e4rker vikten av att investera i en \u00f6verl\u00e4gsen luftassistansl\u00f6sning.<\/p>\n<h2>Analys av sm\u00e4rtpunkter: Dolda kostnader f\u00f6r l\u00e5gkvalitativa luftpumpar<\/h2>\n<h3>D\u00e5lig sk\u00e4rkvalitet<\/h3>\n<p>En av de st\u00f6rsta nackdelarna med att anv\u00e4nda en billig luftpump \u00e4r den skadliga effekten p\u00e5 sk\u00e4rkvaliteten. Ett instabilt luftfl\u00f6de kan leda till f\u00f6rkolnade kanter p\u00e5 material, minskad sk\u00e4reffektivitet och i slut\u00e4ndan p\u00e5verka slutanv\u00e4ndarens produkters estetiska tilltal. S\u00e5dana brister f\u00f6rs\u00e4mrar inte bara kvaliteten utan kan ocks\u00e5 leda till missn\u00f6jda kunder.<\/p>\n<h3>Risker f\u00f6r utrustningsskador<\/h3>\n<p>Att anv\u00e4nda underm\u00e5liga luftpumpar, s\u00e4rskilt de som sl\u00e4pper ut olja eller fukt, utg\u00f6r en betydande risk f\u00f6r laserlinserna. F\u00f6roreningar fr\u00e5n d\u00e5liga luftassistanssystem kan leda till kostsamma reparationer och returer p\u00e5 grund av skador, vilket p\u00e5verkar f\u00f6retagets rykte och dess resultat.<\/p>\n<h3>Bulleravskr\u00e4ckande medel<\/h3>\n<p>Traditionella luftkompressorer genererar ofta mycket buller, vilket begr\u00e4nsar deras anv\u00e4ndbarhet i hemmilj\u00f6er eller utbildningsmilj\u00f6er. Denna begr\u00e4nsning krymper din potentiella marknad, eftersom g\u00f6r-det-sj\u00e4lv-entusiaster och utbildningsinstitutioner avskr\u00e4cks av den h\u00f6gljudda driften av konventionella kompressorer.<\/p>\n<h2>V\u00e5r l\u00f6sning: Omdefiniera professionell luftassistans<\/h2>\n<h3>Oljefri, vattenfri design<\/h3>\n<p>V\u00e5rt precisionsluftassistanssystem \u00e4r konstruerat med en oljefri och vattenfri design som garanterar 100%-skydd f\u00f6r laserlinser. Denna funktion minskar inte bara underh\u00e5llsb\u00f6rdan f\u00f6r slutanv\u00e4ndarna utan f\u00f6rl\u00e4nger \u00e4ven utrustningens livsl\u00e4ngd, vilket ger trygghet och en smidig gravyrupplevelse.<\/p>\n<h3>Ultratyst teknik<\/h3>\n<p>V\u00e5rt luftassistanssystem \u00e4r utvecklat specifikt f\u00f6r inomhus- och hemmastudiotill\u00e4mpningar och anv\u00e4nder ultratyst teknik som h\u00e5ller ljudniv\u00e5erna under 60 dB. Denna betydande minskning av driftsbuller h\u00f6jer anv\u00e4ndarupplevelsen, vilket g\u00f6r det idealiskt f\u00f6r milj\u00f6er d\u00e4r bullerreducering \u00e4r av st\u00f6rsta vikt.<\/p>\n<h3>Robust prestanda<\/h3>\n<p>Med en j\u00e4mn kapacitet p\u00e5 30 liter per minut s\u00e4kerst\u00e4ller v\u00e5rt luftassistanssystem att anv\u00e4ndarna uppn\u00e5r rena, r\u00f6kfria snitt, \u00e4ven p\u00e5 tjockt tr\u00e4 eller akrylmaterial. Denna kraftfulla prestanda garanterar att gravyrproffs kan leverera h\u00f6gkvalitativa produkter som uppfyller f\u00f6rv\u00e4ntningarna hos deras kr\u00e4sna kunder.<\/p>\n<h2>Omfattande kompatibilitet: En komplett l\u00f6sning<\/h2>\n<h3>Bred till\u00e4mpbarhet<\/h3>\n<p>V\u00e5rt luftassistanssystem \u00e4r utformat f\u00f6r att integreras felfritt med 95% av vanliga lasergraveringsmaskiner p\u00e5 marknaden, inklusive popul\u00e4ra m\u00e4rken som xTool, Ortur, Atomstack och diverse CO2-lasermaskiner. Denna breda kompatibilitet s\u00e4kerst\u00e4ller att \u00e5terf\u00f6rs\u00e4ljare kan tillgodose en m\u00e5ngfaldig kundkrets utan behov av hantering av flera SKU:er.<\/p>\n<h3>F\u00f6rdelar med \u00e5terf\u00f6rs\u00e4ljaren<\/h3>\n<p>Genom att erbjuda en enda SKU som passar flera maskiner kan \u00e5terf\u00f6rs\u00e4ljare avsev\u00e4rt minska lagertrycket och komplexiteten i lagerhanteringen. Denna effektiviserade metod f\u00f6rb\u00e4ttrar inte bara den operativa effektiviteten utan m\u00f6jligg\u00f6r ocks\u00e5 snabbare respons p\u00e5 marknadens krav.<\/p>\n<h2>F\u00f6rdelar med leveranskedjan och partnerskap<\/h2>\n<h3>Fabriksstyrka<\/h3>\n<p>V\u00e5rt engagemang f\u00f6r kvalitet \u00e5terspeglas i v\u00e5ra strikta kvalitetskontrollprocesser, som uppr\u00e4tth\u00e5ller en defektfrekvens p\u00e5 mindre \u00e4n 1%. Denna exceptionella kvalitetss\u00e4kring minimerar logistikkostnader i samband med returer och byten, vilket i slut\u00e4ndan gynnar din l\u00f6nsamhet.<\/p>\n<h3>Anpassningstj\u00e4nster (OEM\/ODM)<\/h3>\n<p>Vi erbjuder skr\u00e4ddarsydda tj\u00e4nster som inkluderar anpassning av varum\u00e4rkeslogotyper, f\u00f6rpackningsdesign och anpassningar f\u00f6r olika kontaktspecifikationer. Denna m\u00e5ngsidighet g\u00f6r att du kan bygga och marknadsf\u00f6ra din varum\u00e4rkesidentitet effektivt, och tillgodose din marknades unika preferenser.<\/p>\n<h3>Eftermarknadssupport<\/h3>\n<p>V\u00e5r snabba tekniska respons och reservdelsf\u00f6rs\u00f6rjning s\u00e4kerst\u00e4ller att din verksamhet forts\u00e4tter smidigt. Vi f\u00f6rst\u00e5r vikten av snabb support, s\u00e4rskilt i den snabba milj\u00f6n f\u00f6r lasergravering, och d\u00e4rf\u00f6r \u00e4r v\u00e5r eftermarknadsservice utformad f\u00f6r att m\u00f6ta dina behov snabbt och effektivt.<\/p>\n<h2>Slutsats och uppmaning till handling<\/h2>\n<p>Sammanfattningsvis, l\u00e5t inte s\u00e4mre tillbeh\u00f6r skada dina avancerade maskiners rykte. Att v\u00e4lja ett luftassistanssystem som matchar kvaliteten p\u00e5 din utrustning \u00e4r avg\u00f6rande f\u00f6r att bibeh\u00e5lla kundn\u00f6jdheten och operativ framg\u00e5ng.<\/p>\n<p>Kontakta oss idag f\u00f6r att beg\u00e4ra provprovning eller f\u00f6r att f\u00e5 den senaste informationen om grossistpriser f\u00f6r B2B. F\u00f6rb\u00e4ttra dina gravyrm\u00f6jligheter med Ever-powers precisionsluftassistanssystem och upplev skillnaden i kvalitet och prestanda.<\/p>\n<p><a href=\"https:\/\/aircompressorforlasercutter.com\/sv\/kontakta-oss\/\">Kontakta oss nu!<\/a><\/p>","protected":false},"excerpt":{"rendered":"<p>Precision Air Assist for Detailed Photo Engraving The Unsung Hero in Laser Engraving In the competitive landscape of laser engraving, where technology meets artistry, it is easy to overlook the essential components that contribute to the overall quality of the finished product. While many buyers invest substantial amounts in purchasing high-end laser engraving machines, they [&hellip;]<\/p>","protected":false},"featured_media":457,"comment_status":"open","ping_status":"closed","template":"","meta":{"_et_pb_use_builder":"","_et_pb_old_content":"","_et_gb_content_width":""},"product_brand":[],"product_cat":[1093],"product_tag":[1096],"class_list":{"0":"post-482","1":"product","2":"type-product","3":"status-publish","4":"has-post-thumbnail","6":"product_cat-air-compressor-for-laser-cutter","7":"product_tag-air-compressor-for-laser-cutter-cost","9":"first","10":"instock","11":"shipping-taxable","12":"product-type-simple"},"_links":{"self":[{"href":"https:\/\/aircompressorforlasercutter.com\/sv\/wp-json\/wp\/v2\/product\/482","targetHints":{"allow":["GET"]}}],"collection":[{"href":"https:\/\/aircompressorforlasercutter.com\/sv\/wp-json\/wp\/v2\/product"}],"about":[{"href":"https:\/\/aircompressorforlasercutter.com\/sv\/wp-json\/wp\/v2\/types\/product"}],"replies":[{"embeddable":true,"href":"https:\/\/aircompressorforlasercutter.com\/sv\/wp-json\/wp\/v2\/comments?post=482"}],"wp:featuredmedia":[{"embeddable":true,"href":"https:\/\/aircompressorforlasercutter.com\/sv\/wp-json\/wp\/v2\/media\/457"}],"wp:attachment":[{"href":"https:\/\/aircompressorforlasercutter.com\/sv\/wp-json\/wp\/v2\/media?parent=482"}],"wp:term":[{"taxonomy":"product_brand","embeddable":true,"href":"https:\/\/aircompressorforlasercutter.com\/sv\/wp-json\/wp\/v2\/product_brand?post=482"},{"taxonomy":"product_cat","embeddable":true,"href":"https:\/\/aircompressorforlasercutter.com\/sv\/wp-json\/wp\/v2\/product_cat?post=482"},{"taxonomy":"product_tag","embeddable":true,"href":"https:\/\/aircompressorforlasercutter.com\/sv\/wp-json\/wp\/v2\/product_tag?post=482"}],"curies":[{"name":"wp","href":"https:\/\/api.w.org\/{rel}","templated":true}]}}