{"id":483,"date":"2026-01-14T08:26:20","date_gmt":"2026-01-14T08:26:20","guid":{"rendered":"https:\/\/aircompressorforlasercutter.com\/product\/variable-speed-air-assist-compressor-for-laser\/"},"modified":"2026-01-14T08:31:33","modified_gmt":"2026-01-14T08:31:33","slug":"variable-speed-air-assist-compressor-for-laser","status":"publish","type":"product","link":"https:\/\/aircompressorforlasercutter.com\/sv\/produkt\/luftassistanskompressor-med-variabel-hastighet-for-laser\/","title":{"rendered":"Luftassistanskompressor med variabel hastighet f\u00f6r laser"},"content":{"rendered":"<h1>Luftassistanskompressor med variabel hastighet f\u00f6r laser<\/h1>\n<h2>Den ok\u00e4nda hj\u00e4lten bakom kulisserna<\/h2>\n<p>Lasergraveringsindustrin \u00e4r i stark tillv\u00e4xt, och k\u00f6pare investerar avsev\u00e4rda summor i h\u00f6gkvalitativa lasergraveringsmaskiner. Men i denna str\u00e4van efter excellens f\u00f6rbiser m\u00e5nga en avg\u00f6rande komponent: luftassistanskompressorn. Detta viktiga tillbeh\u00f6r \u00e4r inte bara ett till\u00e4gg; det p\u00e5verkar i grunden b\u00e5de sk\u00e4rkvaliteten och maskinernas livsl\u00e4ngd i drift.<\/p>\n<h2>Marknads\u00f6versikt: Ignorerad men viktig<\/h2>\n<p>P\u00e5 den nuvarande marknaden fokuserar de flesta k\u00f6pare p\u00e5 sina lasergrav\u00f6rers kapacitet och f\u00f6rsummar ofta vikten av luftkompressorn. Verkligheten \u00e4r att luftassistans inte bara \u00e4r ett kompletterande tillbeh\u00f6r. Det p\u00e5verkar direkt sk\u00e4rprecisionen, den f\u00e4rdiga produktens kvalitet och maskinens totala effektivitet. I B2B-transaktioner leder valet av r\u00e4tt luftkompressor till f\u00e4rre klagom\u00e5l om problem som \"ofullst\u00e4ndiga snitt\" eller \"skadade linser\", vilket i sin tur leder till h\u00f6gre kundlojalitet och n\u00f6jdhet.<\/p>\n<h2>Sm\u00e4rtpunkter: De dolda kostnaderna f\u00f6r billiga kompressorer<\/h2>\n<h3>D\u00e5lig sk\u00e4rkvalitet<\/h3>\n<p>Att anv\u00e4nda underm\u00e5liga luftkompressorer kan leda till betydande f\u00f6rs\u00e4mringar av sk\u00e4rkvaliteten. Instabilt luftfl\u00f6de g\u00f6r att materialkanterna f\u00f6rkolnas eller br\u00e4nns, vilket negativt p\u00e5verkar slutproduktens estetiska tilltal. Detta minskar inte bara kundn\u00f6jdheten utan kan ocks\u00e5 resultera i f\u00f6rlorade f\u00f6rs\u00e4ljningsm\u00f6jligheter.<\/p>\n<h3>Risk f\u00f6r utrustningsskada<\/h3>\n<p>L\u00e5gkvalitativa kompressorer, s\u00e4rskilt de som introducerar olja i luftfl\u00f6det, utg\u00f6r en betydande risk f\u00f6r laseroptiken. Oljedimma kan f\u00f6rorena laserlinsen, vilket leder till kostsamma reparationer och potentiell avkastning. Att investera i ett p\u00e5litligt luftassistanssystem minskar denna risk och skyddar din driftsinvestering.<\/p>\n<h3>Bulleravskr\u00e4ckande<\/h3>\n<p>Traditionella luftkompressorer \u00e4r \u00f6k\u00e4nda f\u00f6r sina h\u00f6ga ljudniv\u00e5er, vilket kan vara ett betydande hinder f\u00f6r hemmabruk och utbildningsmilj\u00f6er. \u00d6verdrivet buller begr\u00e4nsar inte bara anv\u00e4ndningen utan kan ocks\u00e5 f\u00f6rs\u00e4mra den \u00f6vergripande anv\u00e4ndarupplevelsen. Genom att anv\u00e4nda tystare teknik kan du ut\u00f6ka din marknadsr\u00e4ckvidd och attrahera en bredare publik.<\/p>\n<h2>V\u00e5r l\u00f6sning: Omdefiniera professionell luftassistans<\/h2>\n<h3>Oljefri och vattenfri design<\/h3>\n<p>V\u00e5r luftassisterade kompressor med variabel hastighet har en olje- och vattenfri 100%-design, vilket garanterar b\u00e4sta m\u00f6jliga skydd f\u00f6r laserlinser. Denna underh\u00e5llsfria l\u00f6sning ger slutanv\u00e4ndarna sinnesro och l\u00e5ter dem fokusera p\u00e5 sina projekt utan att oroa sig f\u00f6r utrustningens integritet.<\/p>\n<h3>Ultratyst teknik<\/h3>\n<p>V\u00e5r kompressor \u00e4r speciellt konstruerad f\u00f6r inomhusbruk och arbetar med ljudniv\u00e5er under 60 dB, vilket g\u00f6r den idealisk f\u00f6r hemmaverkst\u00e4der och utbildningsmilj\u00f6er. Genom att avsev\u00e4rt minska bullerf\u00f6roreningar f\u00f6rb\u00e4ttrar vi anv\u00e4ndarupplevelsen och uppmuntrar till en mer utbredd anv\u00e4ndning av lasersk\u00e4rningsteknik.<\/p>\n<h3>Robust prestanda<\/h3>\n<p>Med en j\u00e4mn kapacitet p\u00e5 30 l\/min s\u00e4kerst\u00e4ller v\u00e5r kompressor att \u00e4ven vid s\u00e5gning av tjocka material som tr\u00e4 eller akryl f\u00f6rblir snitten rena och r\u00f6kfria. Denna prestanda och tillf\u00f6rlitlighet leder till h\u00f6gre kvalitet f\u00f6r dina kunder och kan leda till \u00f6kad f\u00f6rs\u00e4ljning och kundlojalitet.<\/p>\n<h2>Bred kompatibilitet: Matchning p\u00e5 ett st\u00e4lle<\/h2>\n<h3>Omfattande utbud<\/h3>\n<p>V\u00e5r kompressor \u00e4r kompatibel med 95% fr\u00e5n popul\u00e4ra lasergraveringsmodeller, inklusive xTool, Ortur, Atomstack och diverse CO2-lasermaskiner. Denna omfattande kompatibilitet m\u00f6jligg\u00f6r s\u00f6ml\u00f6s integration, vilket minskar besv\u00e4ret med att hitta r\u00e4tt kopplingar eller justeringar.<\/p>\n<h3>F\u00f6rdelar med \u00e5terf\u00f6rs\u00e4ljaren<\/h3>\n<p>Genom att erbjuda en enda SKU som passar flera maskiner kan \u00e5terf\u00f6rs\u00e4ljare avsev\u00e4rt minska sin lagerb\u00f6rda och effektivisera sin verksamhet. Denna minskade komplexitet sparar inte bara kostnader utan f\u00f6renklar \u00e4ven best\u00e4llningsprocessen f\u00f6r \u00e5terf\u00f6rs\u00e4ljare.<\/p>\n<h2>F\u00f6rdelar med leveranskedjan och partnerskap<\/h2>\n<h3>Fabriksstyrka<\/h3>\n<p>V\u00e5ra rigor\u00f6sa kvalitetskontrollprocesser garanterar en anm\u00e4rkningsv\u00e4rt l\u00e5g defektfrekvens p\u00e5 mindre \u00e4n 1%. Denna h\u00f6ga standard minimerar returer och byten, vilket sparar logistikkostnader och \u00f6kar kundn\u00f6jdheten.<\/p>\n<h3>Anpassningstj\u00e4nster (OEM\/ODM)<\/h3>\n<p>Vi erbjuder omfattande anpassningsalternativ, inklusive applicering av varum\u00e4rkeslogotyp, f\u00f6rpackningsdesign och \u00f6verensst\u00e4mmelse med olika internationella kontaktspecifikationer. Denna anpassningsf\u00f6rm\u00e5ga hj\u00e4lper dig att bygga din unika varum\u00e4rkesidentitet p\u00e5 en konkurrensutsatt marknad.<\/p>\n<h3>Eftermarknadssupport<\/h3>\n<p>V\u00e5rt engagemang f\u00f6r kundservice inkluderar snabb teknisk support och tillg\u00e5ng till reservdelar. Detta s\u00e4kerst\u00e4ller att din verksamhet kan forts\u00e4tta utan avbrott, vilket ytterligare st\u00e4rker kundernas f\u00f6rtroende f\u00f6r ditt varum\u00e4rke.<\/p>\n<h2>Slutsats och uppmaning till handling<\/h2>\n<p>L\u00e5t inte s\u00e4mre komponenter skada dina avancerade maskiners rykte. V\u00e4lj en luftassisterad kompressor som matchar kvaliteten p\u00e5 din utrustning och \u00f6kar din verksamhets potential.<\/p>\n<p>Kontakta oss nu f\u00f6r provtestning eller f\u00f6r att f\u00e5 de senaste B2B-grossistpriserna. Bes\u00f6k. <a href=\"https:\/\/aircompressorforlasercutter.com\/sv\/kontakta-oss\/\">h\u00e4r<\/a> att n\u00e5 ut.<\/p>","protected":false},"excerpt":{"rendered":"<p>Variable Speed Air Assist Compressor for Laser The Unsung Hero Behind the Scenes The laser engraving industry is burgeoning, with buyers investing substantial amounts in high-quality laser engraving machines. However, in this pursuit of excellence, many overlook a crucial component: the air assist compressor. This essential accessory is not simply an add-on; it fundamentally impacts [&hellip;]<\/p>","protected":false},"featured_media":457,"comment_status":"open","ping_status":"closed","template":"","meta":{"_et_pb_use_builder":"","_et_pb_old_content":"","_et_gb_content_width":""},"product_brand":[],"product_cat":[1093],"product_tag":[1094],"class_list":{"0":"post-483","1":"product","2":"type-product","3":"status-publish","4":"has-post-thumbnail","6":"product_cat-air-compressor-for-laser-cutter","7":"product_tag-air-compressor-for-laser-cutter","9":"first","10":"instock","11":"shipping-taxable","12":"product-type-simple"},"_links":{"self":[{"href":"https:\/\/aircompressorforlasercutter.com\/sv\/wp-json\/wp\/v2\/product\/483","targetHints":{"allow":["GET"]}}],"collection":[{"href":"https:\/\/aircompressorforlasercutter.com\/sv\/wp-json\/wp\/v2\/product"}],"about":[{"href":"https:\/\/aircompressorforlasercutter.com\/sv\/wp-json\/wp\/v2\/types\/product"}],"replies":[{"embeddable":true,"href":"https:\/\/aircompressorforlasercutter.com\/sv\/wp-json\/wp\/v2\/comments?post=483"}],"wp:featuredmedia":[{"embeddable":true,"href":"https:\/\/aircompressorforlasercutter.com\/sv\/wp-json\/wp\/v2\/media\/457"}],"wp:attachment":[{"href":"https:\/\/aircompressorforlasercutter.com\/sv\/wp-json\/wp\/v2\/media?parent=483"}],"wp:term":[{"taxonomy":"product_brand","embeddable":true,"href":"https:\/\/aircompressorforlasercutter.com\/sv\/wp-json\/wp\/v2\/product_brand?post=483"},{"taxonomy":"product_cat","embeddable":true,"href":"https:\/\/aircompressorforlasercutter.com\/sv\/wp-json\/wp\/v2\/product_cat?post=483"},{"taxonomy":"product_tag","embeddable":true,"href":"https:\/\/aircompressorforlasercutter.com\/sv\/wp-json\/wp\/v2\/product_tag?post=483"}],"curies":[{"name":"wp","href":"https:\/\/api.w.org\/{rel}","templated":true}]}}