{"id":484,"date":"2026-01-14T08:26:20","date_gmt":"2026-01-14T08:26:20","guid":{"rendered":"https:\/\/aircompressorforlasercutter.com\/product\/50w-electromagnetic-air-pump-for-laser-assist\/"},"modified":"2026-01-14T08:31:20","modified_gmt":"2026-01-14T08:31:20","slug":"50w-electromagnetic-air-pump-for-laser-assist","status":"publish","type":"product","link":"https:\/\/aircompressorforlasercutter.com\/sv\/produkt\/50w-elektromagnetisk-luftpump-for-laserassistans\/","title":{"rendered":"50W elektromagnetisk luftpump f\u00f6r laserassistans"},"content":{"rendered":"<h2>1. Bakgrund: Den f\u00f6rbisedda komponenten<\/h2>\n<p>P\u00e5 den snabbt f\u00f6r\u00e4nderliga marknaden f\u00f6r lasergravering och sk\u00e4rning investerar k\u00f6pare ofta betydande kapital i avancerade lasermaskiner. En kritisk komponent \u2013 \u200b\u200bluftpumpen \u2013 f\u00f6rblir dock i stor utstr\u00e4ckning f\u00f6rbisedd. Detta f\u00f6rsummande kan avsev\u00e4rt p\u00e5verka driftseffektiviteten och kvaliteten p\u00e5 f\u00e4rdiga produkter.<\/p>\n<p>Luftassistans \u00e4r inte bara ett tillbeh\u00f6r; den p\u00e5verkar direkt den slutliga sk\u00e4rkvaliteten och maskinens livsl\u00e4ngd. En v\u00e4l vald luftpump kan f\u00f6rb\u00e4ttra prestandan och bidra till \u00f6verl\u00e4gsna sk\u00e4rresultat samtidigt som den s\u00e4kerst\u00e4ller att maskinen fungerar smidigt \u00f6ver tid.<\/p>\n<p><img loading=\"lazy\" decoding=\"async\" class=\"wp-image-458 size-full aligncenter\" src=\"https:\/\/aircompressorforlasercutter.com\/wp-content\/uploads\/2026\/01\/Air-Compressor-For-Laser-Cutter6.webp\" alt=\"Luftkompressor f\u00f6r lasersk\u00e4rare\" width=\"800\" height=\"800\" srcset=\"https:\/\/aircompressorforlasercutter.com\/wp-content\/uploads\/2026\/01\/Air-Compressor-For-Laser-Cutter6.webp 800w, https:\/\/aircompressorforlasercutter.com\/wp-content\/uploads\/2026\/01\/Air-Compressor-For-Laser-Cutter6-480x480.webp 480w\" sizes=\"auto, (min-width: 0px) and (max-width: 480px) 480px, (min-width: 481px) 800px, 100vw\" \/><\/p>\n<h2>K\u00e4rninsikt: Aff\u00e4rsv\u00e4rdet av flygassistans<\/h2>\n<p>F\u00f6r distribut\u00f6rer inneb\u00e4r valet av r\u00e4tt luftpump konkreta f\u00f6rdelar: minskade kundklagom\u00e5l g\u00e4llande problem som \"ofullst\u00e4ndiga sk\u00e4rs\u00e5r\" eller \"skadade linser\", vilket i slut\u00e4ndan leder till h\u00f6gre kundlojalitet. Att f\u00f6rst\u00e5 detta samband kan ge f\u00f6retag m\u00f6jlighet att erbjuda b\u00e4ttre service samtidigt som de st\u00e4rker sitt marknadsrykte.<\/p>\n<h2>2. Analys av sm\u00e4rtpunkter: De dolda kostnaderna f\u00f6r billiga luftpumpar<\/h2>\n<h3>D\u00e5lig sk\u00e4rkvalitet<\/h3>\n<p>Att investera i en billig luftpump leder ofta till instabilt luftfl\u00f6de, vilket leder till br\u00e4nda kanter p\u00e5 material och minskad sk\u00e4reffektivitet. Denna skillnad p\u00e5verkar inte bara slutproduktens estetik utan kan ocks\u00e5 minska kundn\u00f6jdheten.<\/p>\n<h3>Risk f\u00f6r utrustningsskada<\/h3>\n<p>Underm\u00e5liga luftpumpar, s\u00e4rskilt de som \u00e4r oljebaserade, tenderar att avge oljedimma eller fukt, vilket f\u00f6rorenar laserlinser. S\u00e5dana skador kan leda till dyra reparationer och returer, vilket skapar en belastning p\u00e5 driftsbudgeten.<\/p>\n<h3>Bulleravskr\u00e4ckande<\/h3>\n<p>Traditionella luftkompressorer \u00e4r \u00f6k\u00e4nda f\u00f6r sina h\u00f6ga ljudniv\u00e5er, vilket kan avskr\u00e4cka hemmabrukare och h\u00e4mma g\u00f6r-det-sj\u00e4lv-projekt i utbildningsmilj\u00f6er. Denna begr\u00e4nsning begr\u00e4nsar den potentiella kundbasen och begr\u00e4nsar f\u00f6rs\u00e4ljningsm\u00f6jligheterna.<\/p>\n<h2>3. V\u00e5r l\u00f6sning: Omdefiniering av flygassistans av \"professionell kvalitet\"<\/h2>\n<h3>Oljefri och vattenfri design<\/h3>\n<p>V\u00e5r 50W elektromagnetiska luftpump har en olje- och vattenfri 100%-design, vilket garanterar b\u00e4sta m\u00f6jliga skydd f\u00f6r laserlinser. Slutanv\u00e4ndare kan njuta av en underh\u00e5llsfri upplevelse, vilket ger trygghet och sparar tid.<\/p>\n<h3>Ultratyst teknik<\/h3>\n<p>V\u00e5r luftpump \u00e4r speciellt konstruerad f\u00f6r inomhusbruk och hemmastudiobruk och har en imponerande l\u00e5g ljudniv\u00e5 (&lt;60 dB). Denna f\u00f6rb\u00e4ttring f\u00f6rb\u00e4ttrar anv\u00e4ndarupplevelsen avsev\u00e4rt, vilket g\u00f6r den idealisk f\u00f6r b\u00e5de personliga och utbildningsm\u00e4ssiga till\u00e4mpningar.<\/p>\n<h3>Robust prestanda<\/h3>\n<p>Med ett kontinuerligt och stabilt luftfl\u00f6de p\u00e5 30 l\/min garanterar v\u00e5r pump rena och r\u00f6kfria snitt, \u00e4ven vid arbete med tjockt tr\u00e4 eller akrylmaterial. Denna prestanda s\u00e4kerst\u00e4ller att varje projekt uppfyller h\u00f6ga kvalitetsstandarder.<\/p>\n<h2>4. Omfattande kompatibilitet: Matchning p\u00e5 ett st\u00e4lle<\/h2>\n<h3>Brett anv\u00e4ndningsomr\u00e5de<\/h3>\n<p>V\u00e5r luftpump \u00e4r perfekt kompatibel med 95% av de vanliga modellerna som finns p\u00e5 marknaden, inklusive xTool, Ortur, Atomstack och olika CO2-lasermaskiner. Denna m\u00e5ngsidighet g\u00f6r det m\u00f6jligt f\u00f6r f\u00f6retag att betj\u00e4na en bredare kundbas utan att kompromissa med kvaliteten.<\/p>\n<h3>Distribut\u00f6rsf\u00f6rdelar<\/h3>\n<p>Genom att erbjuda en enda SKU som passar flera maskiner kan distribut\u00f6rer avsev\u00e4rt minska lagertrycket och komplexiteten i lagerhanteringen. Denna effektivitet leder till effektiviserad verksamhet och f\u00f6rb\u00e4ttrad l\u00f6nsamhet.<\/p>\n<h2>5. F\u00f6rdelar med leveranskedjan och samarbete<\/h2>\n<h3>Fabriksstyrka<\/h3>\n<p>V\u00e5ra strikta kvalitetskontrollprocesser s\u00e4kerst\u00e4ller en exceptionellt l\u00e5g defektfrekvens (&lt;1%), vilket bidrar till att minimera logistikkostnaderna f\u00f6r returer och byten. Denna tillf\u00f6rlitlighet \u00e4r en h\u00f6rnsten i v\u00e5rt engagemang gentemot b\u00e5de partners och kunder.<\/p>\n<h3>Anpassningstj\u00e4nster (OEM\/ODM)<\/h3>\n<p>Vi st\u00f6der anpassning av varum\u00e4rkeslogotyper, f\u00f6rpackningsdesign och kontaktspecifikationer skr\u00e4ddarsydda f\u00f6r olika l\u00e4nder, vilket ger dig m\u00f6jlighet att etablera din varum\u00e4rkesidentitet p\u00e5 en konkurrensutsatt marknad.<\/p>\n<h3>Eftermarknadssupport<\/h3>\n<p>V\u00e5r snabba tekniska respons och reservdelsf\u00f6rs\u00f6rjning s\u00e4kerst\u00e4ller att din verksamhet kan forts\u00e4tta vara oavbruten, vilket st\u00e4rker ditt f\u00f6rtroende f\u00f6r v\u00e5rt varum\u00e4rke.<\/p>\n<h2>6. Slutsats och uppmaning till handling (CTA)<\/h2>\n<p>L\u00e5t inte s\u00e4mre komponenter skada dina h\u00f6gklassiga maskiners rykte. Att v\u00e4lja en luftpump som matchar kvaliteten p\u00e5 din utrustning \u00e4r avg\u00f6rande f\u00f6r att bibeh\u00e5lla kundn\u00f6jdhet och lojalitet.<\/p>\n<p>Kontakta oss idag f\u00f6r att beg\u00e4ra ett prov f\u00f6r testning eller f\u00f6r att f\u00e5 de senaste B2B-grossistpriserna. L\u00e5t Ever-power vara din betrodda partner f\u00f6r att uppn\u00e5 operativ excellens.<\/p>\n<p style=\"text-align: center;\"><span style=\"font-size: 18pt;\"><a href=\"https:\/\/aircompressorforlasercutter.com\/sv\/kontakta-oss\/\">Kontakta oss<\/a><\/span><\/p>","protected":false},"excerpt":{"rendered":"<p>1. Background: The Overlooked Component In the rapidly evolving market of laser engraving and cutting, buyers often invest substantial amounts of capital in high-end laser machines. However, a critical component??the air pump??remains largely overlooked. This oversight can significantly impact operational efficiency and the quality of finished products. Air assistance is not merely an accessory; it [&hellip;]<\/p>","protected":false},"featured_media":457,"comment_status":"open","ping_status":"closed","template":"","meta":{"_et_pb_use_builder":"","_et_pb_old_content":"","_et_gb_content_width":""},"product_brand":[],"product_cat":[1093],"product_tag":[1095],"class_list":{"0":"post-484","1":"product","2":"type-product","3":"status-publish","4":"has-post-thumbnail","6":"product_cat-air-compressor-for-laser-cutter","7":"product_tag-air-compressor-for-laser-cutter-price","9":"first","10":"instock","11":"shipping-taxable","12":"product-type-simple"},"_links":{"self":[{"href":"https:\/\/aircompressorforlasercutter.com\/sv\/wp-json\/wp\/v2\/product\/484","targetHints":{"allow":["GET"]}}],"collection":[{"href":"https:\/\/aircompressorforlasercutter.com\/sv\/wp-json\/wp\/v2\/product"}],"about":[{"href":"https:\/\/aircompressorforlasercutter.com\/sv\/wp-json\/wp\/v2\/types\/product"}],"replies":[{"embeddable":true,"href":"https:\/\/aircompressorforlasercutter.com\/sv\/wp-json\/wp\/v2\/comments?post=484"}],"wp:featuredmedia":[{"embeddable":true,"href":"https:\/\/aircompressorforlasercutter.com\/sv\/wp-json\/wp\/v2\/media\/457"}],"wp:attachment":[{"href":"https:\/\/aircompressorforlasercutter.com\/sv\/wp-json\/wp\/v2\/media?parent=484"}],"wp:term":[{"taxonomy":"product_brand","embeddable":true,"href":"https:\/\/aircompressorforlasercutter.com\/sv\/wp-json\/wp\/v2\/product_brand?post=484"},{"taxonomy":"product_cat","embeddable":true,"href":"https:\/\/aircompressorforlasercutter.com\/sv\/wp-json\/wp\/v2\/product_cat?post=484"},{"taxonomy":"product_tag","embeddable":true,"href":"https:\/\/aircompressorforlasercutter.com\/sv\/wp-json\/wp\/v2\/product_tag?post=484"}],"curies":[{"name":"wp","href":"https:\/\/api.w.org\/{rel}","templated":true}]}}