{"id":485,"date":"2026-01-14T08:26:21","date_gmt":"2026-01-14T08:26:21","guid":{"rendered":"https:\/\/aircompressorforlasercutter.com\/product\/air-compressor-with-tube-fittings-for-laser-cutter\/"},"modified":"2026-01-14T08:26:21","modified_gmt":"2026-01-14T08:26:21","slug":"air-compressor-with-tube-fittings-for-laser-cutter","status":"publish","type":"product","link":"https:\/\/aircompressorforlasercutter.com\/sv\/produkt\/luftkompressor-med-rorkopplingar-for-laserskarare\/","title":{"rendered":"Luftkompressor med r\u00f6rkopplingar f\u00f6r lasersk\u00e4rare"},"content":{"rendered":"<h1>Luftkompressor med r\u00f6rkopplingar f\u00f6r lasersk\u00e4rare: Den ok\u00e4nda hj\u00e4lten<\/h1>\n<h2>Introduktion: Den ok\u00e4nda hj\u00e4lten<\/h2>\n<p>I lasersk\u00e4rnings- och gravyrv\u00e4rlden ligger fokus ofta p\u00e5 sj\u00e4lva lasermaskinen. K\u00f6pare investerar betydande summor i avancerad lasergraveringsteknik, men de f\u00f6rbiser ofta den viktiga rollen som en luftkompressor har. Denna viktiga komponent, \u00e4ven om den ofta betraktas som ett tillbeh\u00f6r, spelar en avg\u00f6rande roll f\u00f6r att avg\u00f6ra sk\u00e4rningens kvalitet och maskinens livsl\u00e4ngd.<\/p>\n<p>Luftassistans \u00e4r inte bara en kompletterande funktion; det \u00e4r en kritisk faktor som direkt p\u00e5verkar b\u00e5de den slutliga sk\u00e4rkvaliteten och livsl\u00e4ngden p\u00e5 din utrustning. En p\u00e5litlig luftkompressor kan avsev\u00e4rt f\u00f6rb\u00e4ttra effektiviteten hos din lasersk\u00e4rare.<\/p>\n<h2>K\u00e4rnv\u00e4rde: B2B-f\u00f6rdelen<\/h2>\n<p>F\u00f6r distribut\u00f6rer inneb\u00e4r valet av en exceptionell luftpump en betydande minskning av kundklagom\u00e5l g\u00e4llande problem som \"otillr\u00e4cklig sk\u00e4rning\" eller \"skadade linser\". Denna f\u00f6rb\u00e4ttring korrelerar direkt med \u00f6kad kundlojalitet. Genom att f\u00f6rse dina kunder med en \u00f6verl\u00e4gsen luftkompressor s\u00e4kerst\u00e4ller du h\u00f6gre n\u00f6jdhet och f\u00e4rre problem efter f\u00f6rs\u00e4ljning.<\/p>\n<h2>Sm\u00e4rtpunkter: De dolda kostnaderna f\u00f6r billiga luftpumpar<\/h2>\n<h3>D\u00e5lig sk\u00e4rkvalitet<\/h3>\n<p>Att anv\u00e4nda en luftpump av l\u00e5g kvalitet kan leda till instabilt luftfl\u00f6de, vilket resulterar i br\u00e4nda kanter p\u00e5 materialet och minskad sk\u00e4reffektivitet. Detta p\u00e5verkar inte bara den omedelbara produktionen utan \u00e4ven slutproduktens s\u00e4ljbarhet. Kunder kan tycka att deras produkter \u00e4r mindre tilltalande p\u00e5 grund av s\u00e4mre ytbehandling.<\/p>\n<h3>Risk f\u00f6r utrustningsskada<\/h3>\n<p>Billiga luftpumpar, s\u00e4rskilt de som \u00e4r oljefyllda, kan utst\u00f6ta oljedimma eller fukt och f\u00f6rorena laseroptiken. Denna f\u00f6rorening kan leda till kostsamma reparationer och returer, vilket belastar distribut\u00f6rer med ov\u00e4ntade utgifter och urholkar vinstmarginalerna.<\/p>\n<h3>Bullerst\u00f6rningar<\/h3>\n<p>Traditionella luftkompressorer \u00e4r \u00f6k\u00e4nda f\u00f6r sina h\u00f6ga ljudniv\u00e5er, vilket kan avskr\u00e4cka hemmabrukare och utbildningsmilj\u00f6er. Den h\u00f6gljudda driften begr\u00e4nsar den potentiella kundbasen och minskar dina f\u00f6rs\u00e4ljningsm\u00f6jligheter. D\u00e4rf\u00f6r \u00e4r en tyst l\u00f6sning avg\u00f6rande f\u00f6r att utnyttja dessa marknader.<\/p>\n<h2>V\u00e5r l\u00f6sning: Omdefiniera ??Professionell klass?? Flygassistans<\/h2>\n<h3>Oljefri, vattenfri design<\/h3>\n<p>V\u00e5r luftkompressor har en oljefri och vattenfri 100%-design, vilket garanterar ett fullst\u00e4ndigt skydd f\u00f6r laserlinser. Detta inneb\u00e4r minimalt underh\u00e5ll f\u00f6r slutanv\u00e4ndarna, vilket sparar tid och anstr\u00e4ngning samtidigt som deras driftseffektivitet maximeras.<\/p>\n<h3>Ultratyst teknik<\/h3>\n<p>V\u00e5r kompressor \u00e4r speciellt utvecklad f\u00f6r inomhus- och hemmastudioapplikationer och arbetar med en imponerande l\u00e5g ljudniv\u00e5 p\u00e5 under 60 dB. Denna innovation f\u00f6rb\u00e4ttrar anv\u00e4ndarupplevelsen avsev\u00e4rt genom att ge en tystare arbetsyta, vilket g\u00f6r den l\u00e4mplig f\u00f6r b\u00e5de bostads- och utbildningsmilj\u00f6er.<\/p>\n<h3>Kraftfull prestanda<\/h3>\n<p>Med en robust kapacitet p\u00e5 30 l\/min garanterar v\u00e5r luftkompressor ett j\u00e4mnt och stabilt luftfl\u00f6de. Oavsett om du s\u00e5gar genom tjockt tr\u00e4 eller akryl, s\u00e4kerst\u00e4ller den rena, r\u00f6kfria snitt, vilket f\u00f6rb\u00e4ttrar kvaliteten p\u00e5 den f\u00e4rdiga produkten.<\/p>\n<h2>Bred kompatibilitet: Matchning p\u00e5 ett st\u00e4lle<\/h2>\n<h3>Brett utbud av applikationer<\/h3>\n<p>V\u00e5r luftkompressor \u00e4r utformad f\u00f6r att passa perfekt till 95% av de vanliga modellerna som finns p\u00e5 marknaden, inklusive xTool, Ortur, Atomstack och olika CO2-lasermaskiner. Denna m\u00e5ngsidighet s\u00e4kerst\u00e4ller att dina kunder kan anv\u00e4nda v\u00e5r produkt s\u00f6ml\u00f6st med sin befintliga utrustning.<\/p>\n<h3>F\u00f6rdelar f\u00f6r distribut\u00f6rer<\/h3>\n<p>Med bara en SKU kompatibel med flera maskiner kan du avsev\u00e4rt minska lagertrycket och komplexiteten. Denna effektiviserade metod f\u00f6renklar inte bara logistiken utan optimerar \u00e4ven din lagerhantering, vilket m\u00f6jligg\u00f6r b\u00e4ttre kassafl\u00f6de och driftseffektivitet.<\/p>\n<h2>F\u00f6rdelar med leveranskedjan och partnerskap<\/h2>\n<h3>Fabriksstyrka<\/h3>\n<p>V\u00e5ra rigor\u00f6sa kvalitetskontrollprocesser (QC) s\u00e4kerst\u00e4ller en otroligt l\u00e5g felfrekvens p\u00e5 mindre \u00e4n 1%. Detta engagemang f\u00f6r kvalitet hj\u00e4lper dig att spara p\u00e5 logistikkostnader relaterade till returer och byten, vilket i slut\u00e4ndan f\u00f6rb\u00e4ttrar ditt resultat.<\/p>\n<h3>Anpassade tj\u00e4nster (OEM\/ODM)<\/h3>\n<p>Vi erbjuder anpassningsbara alternativ som inkluderar varum\u00e4rkesbyggande med er logotyp, skr\u00e4ddarsydda f\u00f6rpackningsdesigner och olika kontaktspecifikationer f\u00f6r att passa olika l\u00e4nder. Denna flexibilitet g\u00f6r att ni kan skapa en distinkt varum\u00e4rkesidentitet som resonerar med er m\u00e5lgrupp.<\/p>\n<h3>Eftermarknadssupport<\/h3>\n<p>V\u00e5r snabba tekniska respons och reservdelsf\u00f6rs\u00f6rjning s\u00e4kerst\u00e4ller att dina kunder f\u00e5r den hj\u00e4lp de beh\u00f6ver utan betydande f\u00f6rseningar. Denna supportniv\u00e5 \u00f6kar kundn\u00f6jdheten och fr\u00e4mjar l\u00e5ngsiktiga aff\u00e4rsrelationer.<\/p>\n<h2>Slutsats och uppmaning till handling<\/h2>\n<p>L\u00e5t inte underm\u00e5liga tillbeh\u00f6r skada dina avancerade maskiners rykte. Att v\u00e4lja en luftkompressor som matchar kvaliteten p\u00e5 din utrustning \u00e4r avg\u00f6rande f\u00f6r att bibeh\u00e5lla kundn\u00f6jdhet och lojalitet.<\/p>\n<p>Kontakta oss idag f\u00f6r att beg\u00e4ra provprovning eller f\u00f6r att f\u00e5 den senaste B2B-grossistprislistan. F\u00f6rb\u00e4ttra ditt erbjudande med v\u00e5ra f\u00f6rstklassiga luftkompressorl\u00f6sningar.<\/p>\n<p><a href=\"https:\/\/aircompressorforlasercutter.com\/sv\/kontakta-oss\/\">Klicka h\u00e4r f\u00f6r att kontakta oss.<\/a><\/p>","protected":false},"excerpt":{"rendered":"<p>Air Compressor with Tube Fittings for Laser Cutter: The Unsung Hero Introduction: The Unsung Hero In the world of laser cutting and engraving, the focus often lies on the laser machine itself. Buyers invest significant sums in advanced laser engraving technology, yet they frequently overlook the essential role of an air compressor. This vital component, [&hellip;]<\/p>","protected":false},"featured_media":457,"comment_status":"open","ping_status":"closed","template":"","meta":{"_et_pb_use_builder":"","_et_pb_old_content":"","_et_gb_content_width":""},"product_brand":[],"product_cat":[1093],"product_tag":[1096],"class_list":{"0":"post-485","1":"product","2":"type-product","3":"status-publish","4":"has-post-thumbnail","6":"product_cat-air-compressor-for-laser-cutter","7":"product_tag-air-compressor-for-laser-cutter-cost","9":"first","10":"instock","11":"shipping-taxable","12":"product-type-simple"},"_links":{"self":[{"href":"https:\/\/aircompressorforlasercutter.com\/sv\/wp-json\/wp\/v2\/product\/485","targetHints":{"allow":["GET"]}}],"collection":[{"href":"https:\/\/aircompressorforlasercutter.com\/sv\/wp-json\/wp\/v2\/product"}],"about":[{"href":"https:\/\/aircompressorforlasercutter.com\/sv\/wp-json\/wp\/v2\/types\/product"}],"replies":[{"embeddable":true,"href":"https:\/\/aircompressorforlasercutter.com\/sv\/wp-json\/wp\/v2\/comments?post=485"}],"wp:featuredmedia":[{"embeddable":true,"href":"https:\/\/aircompressorforlasercutter.com\/sv\/wp-json\/wp\/v2\/media\/457"}],"wp:attachment":[{"href":"https:\/\/aircompressorforlasercutter.com\/sv\/wp-json\/wp\/v2\/media?parent=485"}],"wp:term":[{"taxonomy":"product_brand","embeddable":true,"href":"https:\/\/aircompressorforlasercutter.com\/sv\/wp-json\/wp\/v2\/product_brand?post=485"},{"taxonomy":"product_cat","embeddable":true,"href":"https:\/\/aircompressorforlasercutter.com\/sv\/wp-json\/wp\/v2\/product_cat?post=485"},{"taxonomy":"product_tag","embeddable":true,"href":"https:\/\/aircompressorforlasercutter.com\/sv\/wp-json\/wp\/v2\/product_tag?post=485"}],"curies":[{"name":"wp","href":"https:\/\/api.w.org\/{rel}","templated":true}]}}