{"id":486,"date":"2026-01-14T08:26:21","date_gmt":"2026-01-14T08:26:21","guid":{"rendered":"https:\/\/aircompressorforlasercutter.com\/product\/diode-laser-air-assist-system-with-adjustable-knob\/"},"modified":"2026-01-14T08:29:15","modified_gmt":"2026-01-14T08:29:15","slug":"diode-laser-air-assist-system-with-adjustable-knob","status":"publish","type":"product","link":"https:\/\/aircompressorforlasercutter.com\/sv\/produkt\/diodlaserluftassistanssystem-med-justerbar-vred\/","title":{"rendered":"Diodlaserluftassistanssystem med justerbar vred"},"content":{"rendered":"<h1><span style=\"font-size: 26px;\">1. Bakgrund: Det f\u00f6rbisedda v\u00e4sentliga<\/span><\/h1>\n<p>P\u00e5 dagens konkurrensutsatta marknad investerar m\u00e5nga k\u00f6pare kraftigt i avancerade lasergraveringsmaskiner och f\u00f6rbiser ofta en kritisk komponent: luftassistanssystemet. Medan lasersk\u00e4raren kan vara stj\u00e4rnan i showen, spelar luftpumpen en avg\u00f6rande roll f\u00f6r att f\u00f6rb\u00e4ttra prestanda och livsl\u00e4ngd. Luftassistans \u00e4r inte bara ett tillbeh\u00f6r; det p\u00e5verkar direkt den slutliga sk\u00e4rkvaliteten och maskineriets livsl\u00e4ngd.<\/p>\n<p>F\u00f6r B2B-kunder inneb\u00e4r valet av r\u00e4tt luftpump f\u00e4rre klagom\u00e5l g\u00e4llande problem som ofullst\u00e4ndiga snitt eller skadade linser, vilket i slut\u00e4ndan leder till h\u00f6gre kundlojalitet.<\/p>\n<p><img loading=\"lazy\" decoding=\"async\" class=\"wp-image-455 size-full aligncenter\" src=\"https:\/\/aircompressorforlasercutter.com\/wp-content\/uploads\/2026\/01\/Air-Compressor-For-Laser-Cutter2.webp\" alt=\"Luftkompressor f\u00f6r lasersk\u00e4rare\" width=\"800\" height=\"800\" srcset=\"https:\/\/aircompressorforlasercutter.com\/wp-content\/uploads\/2026\/01\/Air-Compressor-For-Laser-Cutter2.webp 800w, https:\/\/aircompressorforlasercutter.com\/wp-content\/uploads\/2026\/01\/Air-Compressor-For-Laser-Cutter2-480x480.webp 480w\" sizes=\"auto, (min-width: 0px) and (max-width: 480px) 480px, (min-width: 481px) 800px, 100vw\" \/><\/p>\n<h2>2. Analys av sm\u00e4rtpunkter: De dolda kostnaderna f\u00f6r billiga luftpumpar<\/h2>\n<h3>D\u00e5lig sk\u00e4rkvalitet<\/h3>\n<p>Att anv\u00e4nda en billig luftpump kan resultera i instabilt luftfl\u00f6de, vilket leder till br\u00e4nda kanter och minskad sk\u00e4reffektivitet. Denna f\u00f6rs\u00e4mring p\u00e5verkar inte bara den omedelbara produktionen utan f\u00f6rs\u00e4mrar \u00e4ven slutproduktens estetiska tilltal. Detta kan ha kaskadeffekter, vilket p\u00e5verkar kundn\u00f6jdheten och \u00e5terkommande aff\u00e4rer.<\/p>\n<h3>Risk f\u00f6r utrustningsskada<\/h3>\n<p>Underm\u00e5liga pumpar, s\u00e4rskilt de som \u00e4r oljesmorda, kan sl\u00e4ppa ut oljedimma eller fukt som f\u00f6rorenar laserlinsen. Denna f\u00f6rorening kan leda till kostsamma reparationer och returer, vilket undergr\u00e4ver vinstmarginalerna f\u00f6r distribut\u00f6rer som f\u00f6rlitar sig p\u00e5 h\u00f6gkvalitativa maskiner.<\/p>\n<h3>Bulleravskr\u00e4ckning<\/h3>\n<p>Traditionella luftkompressorer kan producera mycket buller, vilket begr\u00e4nsar deras anv\u00e4ndning i hemmilj\u00f6er och utbildningsscenarier f\u00f6r tillverkare. S\u00e5dana begr\u00e4nsningar minskar din potentiella marknad, eftersom hus\u00e4gare och l\u00e4rare ofta s\u00f6ker tystare l\u00f6sningar f\u00f6r sina projekt.<\/p>\n<h2>3. V\u00e5r l\u00f6sning: Omdefiniera professionell luftassistans<\/h2>\n<h3>Oljefri och vattenfri design<\/h3>\n<p>Diodlaserluftassistanssystemet har en olje- och vattenfri 100%-design, vilket ger o\u00f6vertr\u00e4ffat skydd f\u00f6r laserlinser samtidigt som det eliminerar underh\u00e5llsproblem f\u00f6r slutanv\u00e4ndarna. Detta inneb\u00e4r sinnesro och konsekvent prestanda utan kr\u00e5ngel med underh\u00e5ll.<\/p>\n<h3>Ultratyst teknik<\/h3>\n<p>V\u00e5rt system \u00e4r speciellt konstruerat f\u00f6r inomhusbruk och hemmastudiobruk och har en extremt l\u00e5g ljudniv\u00e5 (&lt;60 dB). Denna innovation f\u00f6rb\u00e4ttrar anv\u00e4ndarupplevelsen avsev\u00e4rt, vilket g\u00f6r det idealiskt f\u00f6r milj\u00f6er d\u00e4r bullerkontroll \u00e4r av st\u00f6rsta vikt.<\/p>\n<h3>Robust prestanda<\/h3>\n<p>Med en stabil kapacitet p\u00e5 30 l\/min garanterar detta luftassistanssystem rena, r\u00f6kfria snitt vid arbete med tjocka material som tr\u00e4 och akryl. Denna p\u00e5litliga prestanda f\u00f6rb\u00e4ttrar effektiviteten i sk\u00e4rprocessen, vilket i slut\u00e4ndan leder till resultat av h\u00f6gre kvalitet.<\/p>\n<p><img loading=\"lazy\" decoding=\"async\" class=\"alignnone wp-image-453 size-full\" src=\"https:\/\/aircompressorforlasercutter.com\/wp-content\/uploads\/2026\/01\/Air-Compressor-For-Laser-Cutter.webp\" alt=\"Luftkompressor f\u00f6r lasersk\u00e4rare\" width=\"800\" height=\"800\" srcset=\"https:\/\/aircompressorforlasercutter.com\/wp-content\/uploads\/2026\/01\/Air-Compressor-For-Laser-Cutter.webp 800w, https:\/\/aircompressorforlasercutter.com\/wp-content\/uploads\/2026\/01\/Air-Compressor-For-Laser-Cutter-480x480.webp 480w\" sizes=\"auto, (min-width: 0px) and (max-width: 480px) 480px, (min-width: 481px) 800px, 100vw\" \/><\/p>\n<h2>4. Omfattande kompatibilitet: Matchning p\u00e5 ett st\u00e4lle<\/h2>\n<h3>Bred till\u00e4mpbarhet<\/h3>\n<p>V\u00e5rt luftassistanssystem \u00e4r utformat f\u00f6r att s\u00f6ml\u00f6st passa 95% av vanliga lasermaskiner p\u00e5 marknaden, inklusive xTool, Ortur, Atomstack och olika CO2-lasersystem. Denna m\u00e5ngsidighet s\u00e4kerst\u00e4ller att distribut\u00f6rer kan tillgodose en bred kundbas utan b\u00f6rdan av omfattande lagerh\u00e5llning.<\/p>\n<h3>Distribut\u00f6rsf\u00f6rdelar<\/h3>\n<p>Med \"en SKU som passar flera maskiner\" minskas komplexiteten i lagerhanteringen avsev\u00e4rt. Distribut\u00f6rer kan effektivisera sina lagerprocesser, vilket leder till l\u00e4gre lagerh\u00e5llningstryck och st\u00f6rre driftseffektivitet.<\/p>\n<h2>5. F\u00f6rdelar med leveranskedjan och partnerskap<\/h2>\n<h3>Fabriksstyrka<\/h3>\n<p>V\u00e5ra strikta kvalitetskontrollprocesser s\u00e4kerst\u00e4ller en exceptionellt l\u00e5g defektfrekvens (&lt;1%), vilket sparar distribut\u00f6rer betydande logistikkostnader relaterade till returer och byten. Denna tillf\u00f6rlitlighet fr\u00e4mjar starka relationer mellan tillverkare och distribut\u00f6rer, vilket st\u00e4rker det \u00f6vergripande f\u00f6rtroendet p\u00e5 marknaden.<\/p>\n<h3>Anpassade tj\u00e4nster (OEM\/ODM)<\/h3>\n<p>Vi st\u00f6der anpassning av varum\u00e4rkeslogotyper, f\u00f6rpackningsdesign och globala anpassningar av kontaktspecifikationer, vilket g\u00f6r det m\u00f6jligt f\u00f6r v\u00e5ra partners att skapa sin egen identitet p\u00e5 marknaden. S\u00e5dana skr\u00e4ddarsydda l\u00f6sningar g\u00f6r det m\u00f6jligt f\u00f6r distribut\u00f6rer att differentiera sig fr\u00e5n konkurrenterna.<\/p>\n<h3>Eftermarknadssupport<\/h3>\n<p>V\u00e5rt engagemang f\u00f6r snabb teknisk support och tillg\u00e5ng till reservdelar s\u00e4kerst\u00e4ller att eventuella problem kan \u00e5tg\u00e4rdas snabbt. Denna serviceniv\u00e5 \u00e4r avg\u00f6rande f\u00f6r att uppr\u00e4tth\u00e5lla kundn\u00f6jdhet och lojalitet.<\/p>\n<h2>6. Slutsats och uppmaning till handling (CTA)<\/h2>\n<p>Kvaliteten p\u00e5 din utrustning b\u00f6r inte kompromissas av s\u00e4mre komponenter. F\u00f6rh\u00f6j dina erbjudanden genom att v\u00e4lja en luftpump som matchar kalibern p\u00e5 dina lasermaskiner.<\/p>\n<p>Kontakta oss idag f\u00f6r att beg\u00e4ra ett prov f\u00f6r testning eller f\u00f6r att f\u00e5 de senaste B2B-grossistpriserna. G\u00f6r det val som prioriterar prestanda och tillf\u00f6rlitlighet i din lasersk\u00e4rning.<\/p>\n<p style=\"text-align: center;\"><a href=\"https:\/\/aircompressorforlasercutter.com\/sv\/kontakta-oss\/\"><span style=\"font-size: 18pt;\">Kontakta oss nu!<\/span><\/a><\/p>","protected":false},"excerpt":{"rendered":"<p>1. Background: The Overlooked Essential In today??s competitive market, many buyers invest heavily in advanced laser engraving machines, often overlooking a critical component: the air assist system. While the laser cutter may be the star of the show, the air pump plays a pivotal role in enhancing performance and longevity. Air assist is not merely [&hellip;]<\/p>","protected":false},"featured_media":457,"comment_status":"open","ping_status":"closed","template":"","meta":{"_et_pb_use_builder":"","_et_pb_old_content":"","_et_gb_content_width":""},"product_brand":[],"product_cat":[1093],"product_tag":[1096],"class_list":{"0":"post-486","1":"product","2":"type-product","3":"status-publish","4":"has-post-thumbnail","6":"product_cat-air-compressor-for-laser-cutter","7":"product_tag-air-compressor-for-laser-cutter-cost","9":"first","10":"instock","11":"shipping-taxable","12":"product-type-simple"},"_links":{"self":[{"href":"https:\/\/aircompressorforlasercutter.com\/sv\/wp-json\/wp\/v2\/product\/486","targetHints":{"allow":["GET"]}}],"collection":[{"href":"https:\/\/aircompressorforlasercutter.com\/sv\/wp-json\/wp\/v2\/product"}],"about":[{"href":"https:\/\/aircompressorforlasercutter.com\/sv\/wp-json\/wp\/v2\/types\/product"}],"replies":[{"embeddable":true,"href":"https:\/\/aircompressorforlasercutter.com\/sv\/wp-json\/wp\/v2\/comments?post=486"}],"wp:featuredmedia":[{"embeddable":true,"href":"https:\/\/aircompressorforlasercutter.com\/sv\/wp-json\/wp\/v2\/media\/457"}],"wp:attachment":[{"href":"https:\/\/aircompressorforlasercutter.com\/sv\/wp-json\/wp\/v2\/media?parent=486"}],"wp:term":[{"taxonomy":"product_brand","embeddable":true,"href":"https:\/\/aircompressorforlasercutter.com\/sv\/wp-json\/wp\/v2\/product_brand?post=486"},{"taxonomy":"product_cat","embeddable":true,"href":"https:\/\/aircompressorforlasercutter.com\/sv\/wp-json\/wp\/v2\/product_cat?post=486"},{"taxonomy":"product_tag","embeddable":true,"href":"https:\/\/aircompressorforlasercutter.com\/sv\/wp-json\/wp\/v2\/product_tag?post=486"}],"curies":[{"name":"wp","href":"https:\/\/api.w.org\/{rel}","templated":true}]}}