{"id":464,"date":"2026-01-14T08:26:17","date_gmt":"2026-01-14T08:26:17","guid":{"rendered":"https:\/\/aircompressorforlasercutter.com\/product\/co2-laser-air-compressor-for-k40-laser-cutter\/"},"modified":"2026-01-14T08:48:53","modified_gmt":"2026-01-14T08:48:53","slug":"co2-laser-air-compressor-for-k40-laser-cutter","status":"publish","type":"product","link":"https:\/\/aircompressorforlasercutter.com\/tr\/urun\/k40-lazer-kesici-icin-co2-lazer-hava-kompresoru\/","title":{"rendered":"K40 lazer kesici i\u00e7in CO2 lazer hava kompres\u00f6r\u00fc"},"content":{"rendered":"<h1>K40 Lazer Kesici i\u00e7in CO2 Lazer Hava Kompres\u00f6r\u00fc: G\u00f6r\u00fcnmez Kahraman<\/h1>\n<h2>1. Arka Plan: G\u00f6zden Ka\u00e7an Temel Unsurlar<\/h2>\n<p>G\u00fcn\u00fcm\u00fcz\u00fcn rekabet\u00e7i lazer grav\u00fcr pazar\u0131nda, al\u0131c\u0131lar\u0131n y\u00fcksek kaliteli lazer kesim makinelerine \u00f6nemli yat\u0131r\u0131mlar yapmas\u0131 yayg\u0131n bir durumdur; ancak \u00e7o\u011fu zaman kritik bir aksesuar\u0131, yani hava kompres\u00f6r\u00fcn\u00fc g\u00f6zden ka\u00e7\u0131r\u0131rlar. Lazer kesim makinesi hassasiyet ve verimlilik a\u00e7\u0131s\u0131ndan \u00e7ok \u00f6nemli olsa da, hava kompres\u00f6r\u00fc onun sessiz orta\u011f\u0131 olarak optimum performans\u0131 sa\u011flar. Hava deste\u011fi sadece bir ek \u00f6zellik de\u011fildir; nihai kesim kalitesini ve makinenin \u00f6mr\u00fcn\u00fc do\u011frudan etkiler.<\/p>\n<p>B2B m\u00fc\u015fterileri i\u00e7in do\u011fru hava pompas\u0131n\u0131 se\u00e7mek, 'eksik kesimler' ve 'hasarl\u0131 lensler' gibi sorunlarla ilgili \u015fikayetlerin azalmas\u0131 anlam\u0131na gelir. Bu da, memnun m\u00fc\u015fterilerin gelecekteki sat\u0131n al\u0131mlar i\u00e7in geri d\u00f6nme olas\u0131l\u0131\u011f\u0131n\u0131n daha y\u00fcksek olmas\u0131 nedeniyle, m\u00fc\u015fteri sadakat oranlar\u0131n\u0131n artmas\u0131na yol a\u00e7ar.<\/p>\n<p><img loading=\"lazy\" decoding=\"async\" class=\"size-full wp-image-456 aligncenter\" src=\"https:\/\/aircompressorforlasercutter.com\/wp-content\/uploads\/2026\/01\/Air-Compressor-For-Laser-Cutter4.webp\" alt=\"Lazer Kesici \u0130\u00e7in Hava Kompres\u00f6r\u00fc\" width=\"800\" height=\"800\" srcset=\"https:\/\/aircompressorforlasercutter.com\/wp-content\/uploads\/2026\/01\/Air-Compressor-For-Laser-Cutter4.webp 800w, https:\/\/aircompressorforlasercutter.com\/wp-content\/uploads\/2026\/01\/Air-Compressor-For-Laser-Cutter4-480x480.webp 480w\" sizes=\"auto, (min-width: 0px) and (max-width: 480px) 480px, (min-width: 481px) 800px, 100vw\" \/><\/p>\n<h2>2. Sorun Noktas\u0131 Analizi: Ucuz Hava Pompalar\u0131n\u0131n Gizli Maliyetleri<\/h2>\n<h3>K\u00f6t\u00fc Kesim Kalitesi<\/h3>\n<p>D\u00fc\u015f\u00fck kaliteli hava pompalar\u0131 genellikle dengesiz hava ak\u0131\u015f\u0131na neden olarak malzemelerde yanm\u0131\u015f kenarlara ve kesme verimlili\u011finin azalmas\u0131na yol a\u00e7ar. Bu durum, nihai \u00fcr\u00fcn\u00fcn estetik g\u00f6r\u00fcn\u00fcm\u00fcn\u00fc olumsuz etkileyerek genel m\u00fc\u015fteri memnuniyetini ve pazar rekabet g\u00fcc\u00fcn\u00fc azalt\u0131r.<\/p>\n<h3>Ekipman Hasar\u0131 Riski<\/h3>\n<p>Kalitesiz hava pompalar\u0131, \u00f6zellikle ya\u011f dolu olanlar, lazer merce\u011fini kirleten ya\u011f buhar\u0131 veya nem yayabilir. Bu kirlenme, pahal\u0131 sat\u0131\u015f sonras\u0131 onar\u0131mlara ve iadelere yol a\u00e7arak kar marjlar\u0131n\u0131 d\u00fc\u015f\u00fcr\u00fcr ve marka itibar\u0131n\u0131 zedeler.<\/p>\n<h3>G\u00fcr\u00fclt\u00fc Bozuklu\u011fu<\/h3>\n<p>Geleneksel hava kompres\u00f6rleri, y\u00fcksek g\u00fcr\u00fclt\u00fc seviyeleriyle \u00fcnl\u00fcd\u00fcr; bu durum ev kullan\u0131c\u0131lar\u0131n\u0131 cayd\u0131r\u0131r ve e\u011fitim ama\u00e7l\u0131 at\u00f6lyelerdeki uygulamalar\u0131n\u0131 s\u0131n\u0131rlar. A\u015f\u0131r\u0131 g\u00fcr\u00fclt\u00fc, potansiyel pazar\u0131n\u0131z\u0131 k\u0131s\u0131tlar ve \u00f6zellikle daha sessiz bir ortam arayan DIY merakl\u0131lar\u0131 i\u00e7in kullan\u0131c\u0131 deneyimini azalt\u0131r.<\/p>\n<h2>3. \u00c7\u00f6z\u00fcm\u00fcm\u00fcz<\/h2>\n<h3>Ya\u011fs\u0131z ve Susuz Tasar\u0131m<\/h3>\n<p>CO2 lazer hava kompres\u00f6r\u00fcm\u00fcz, lazer lensleri i\u00e7in tam koruma sa\u011flayan, ya\u011fs\u0131z ve susuz 100% tasar\u0131ma sahiptir. Son kullan\u0131c\u0131lar, d\u00fczenli bak\u0131m gerektirmeden sorunsuz bir deneyimin tad\u0131n\u0131 \u00e7\u0131karabilir, zamandan ve emekten tasarruf edebilirler.<\/p>\n<h3>Ultra Sessiz Teknoloji<\/h3>\n<p>\u00d6zellikle i\u00e7 mekan ve ev st\u00fcdyosu ortamlar\u0131 i\u00e7in tasarlanan kompres\u00f6r\u00fcm\u00fcz, son derece d\u00fc\u015f\u00fck bir g\u00fcr\u00fclt\u00fc seviyesinde (&lt;60dB) \u00e7al\u0131\u015f\u0131r. Bu yenilik, hem amat\u00f6rler hem de profesyoneller i\u00e7in uygun, huzurlu bir \u00e7al\u0131\u015fma alan\u0131 yaratarak kullan\u0131c\u0131 deneyimini geli\u015ftirir.<\/p>\n<h3>Sa\u011flam Performans<\/h3>\n<p>Dakikada 30 litre s\u00fcrekli ve istikrarl\u0131 bir \u00e7\u0131k\u0131\u015f g\u00fcc\u00fcyle kompres\u00f6r\u00fcm\u00fcz, kal\u0131n ah\u015fap veya akrilik malzemelerle bile temiz ve dumans\u0131z bir kesim garanti eder. Bu performans seviyesi, projelerinizin korumaya \u00e7al\u0131\u015ft\u0131\u011f\u0131n\u0131z y\u00fcksek standartlar\u0131 yans\u0131tmas\u0131n\u0131 sa\u011flar.<\/p>\n<h2>4. Geni\u015f Uyumluluk: Tek Noktadan E\u015fle\u015ftirme \u00c7\u00f6z\u00fcm\u00fc<\/h2>\n<h3>Geni\u015f Uygulama Alan\u0131<\/h3>\n<p>Bu hava kompres\u00f6r\u00fc, xTool, Ortur, Atomstack ve \u00e7e\u015fitli CO2 lazer makineleri de dahil olmak \u00fczere piyasadaki pop\u00fcler 95% modellerine sorunsuz bir \u015fekilde uyacak \u015fekilde tasarlanm\u0131\u015ft\u0131r. Bu uyumluluk seviyesi, sat\u0131n alma kararlar\u0131n\u0131z\u0131 kolayla\u015ft\u0131r\u0131r.<\/p>\n<h3>Distrib\u00fct\u00f6r Avantajlar\u0131<\/h3>\n<p>Birden fazla makineyle uyumlu tek bir \u00fcr\u00fcn kodu (SKU) sayesinde, da\u011f\u0131t\u0131mc\u0131lar stok bask\u0131s\u0131n\u0131 \u00f6nemli \u00f6l\u00e7\u00fcde azaltabilir ve stoklama karma\u015f\u0131kl\u0131\u011f\u0131n\u0131 basitle\u015ftirebilir. Bu basitle\u015ftirilmi\u015f yakla\u015f\u0131m, daha verimli bir tedarik zinciri olu\u015fturarak sat\u0131\u015flara ve m\u00fc\u015fteri etkile\u015fimine daha fazla odaklanmay\u0131 sa\u011flar.<\/p>\n<h2>5. Tedarik Zinciri ve Ortakl\u0131k Avantajlar\u0131<\/h2>\n<h3>Fabrika G\u00fcc\u00fc<\/h3>\n<p>Titiz kalite kontrol s\u00fcre\u00e7lerimiz, son derece d\u00fc\u015f\u00fck bir hata oran\u0131 (&lt;) sa\u011flayarak, iade ve de\u011fi\u015fimlerle ilgili lojistik maliyetlerinden tasarruf etmenizi sa\u011flar. Bizi se\u00e7erek, g\u00fcvenilirli\u011fe ve g\u00f6n\u00fcl rahatl\u0131\u011f\u0131na yat\u0131r\u0131m yapm\u0131\u015f olursunuz.<\/p>\n<h3>\u00d6zelle\u015ftirme Hizmetleri (OEM\/ODM)<\/h3>\n<p>Logonuzla marka olu\u015fturma, \u00f6zel ambalaj tasar\u0131mlar\u0131 ve farkl\u0131 \u00fclkeler i\u00e7in \u00e7e\u015fitli fi\u015f \u00f6zellikleri de dahil olmak \u00fczere \u00f6zelle\u015ftirilebilir se\u00e7enekler sunuyoruz. Bu esneklik, \u00e7e\u015fitli m\u00fc\u015fteri ihtiya\u00e7lar\u0131n\u0131 kar\u015f\u0131larken benzersiz bir marka kimli\u011fi olu\u015fturman\u0131z\u0131 sa\u011flar.<\/p>\n<h3>Sat\u0131\u015f Sonras\u0131 Destek<\/h3>\n<p>Taahh\u00fcd\u00fcm\u00fcz sat\u0131\u015f\u0131n \u00f6tesine uzanmaktad\u0131r. H\u0131zl\u0131 teknik destek sa\u011fl\u0131yor ve yedek par\u00e7alar\u0131 zaman\u0131nda temin ederek operasyonlar\u0131n\u0131z\u0131n kesintisiz devam etmesini ve m\u00fc\u015fterilerinizin memnun kalmas\u0131n\u0131 sa\u011fl\u0131yoruz.<\/p>\n<p><img loading=\"lazy\" decoding=\"async\" class=\"aligncenter size-full wp-image-458\" src=\"https:\/\/aircompressorforlasercutter.com\/wp-content\/uploads\/2026\/01\/Air-Compressor-For-Laser-Cutter6.webp\" alt=\"Lazer Kesici \u0130\u00e7in Hava Kompres\u00f6r\u00fc\" width=\"800\" height=\"800\" srcset=\"https:\/\/aircompressorforlasercutter.com\/wp-content\/uploads\/2026\/01\/Air-Compressor-For-Laser-Cutter6.webp 800w, https:\/\/aircompressorforlasercutter.com\/wp-content\/uploads\/2026\/01\/Air-Compressor-For-Laser-Cutter6-480x480.webp 480w\" sizes=\"auto, (min-width: 0px) and (max-width: 480px) 480px, (min-width: 481px) 800px, 100vw\" \/><\/p>\n<h2>6.<\/h2>\n<p>Kalitesiz bile\u015fenlerin \u00fcst d\u00fczey makinelerinizin itibar\u0131n\u0131 zedelemesine izin vermeyin. Ekipman\u0131n\u0131z\u0131n kalitesiyle uyumlu bir hava pompas\u0131 se\u00e7mek, markan\u0131z\u0131n ba\u015far\u0131s\u0131 i\u00e7in \u00e7ok \u00f6nemlidir.<\/p>\n<p>Test i\u00e7in numune talep etmek veya en g\u00fcncel B2B toptan fiyatland\u0131rmas\u0131n\u0131 \u00f6\u011frenmek i\u00e7in bug\u00fcn bizimle ileti\u015fime ge\u00e7in. CO2 lazer hava kompres\u00f6r\u00fcm\u00fcz\u00fcn kesim kalitenizi ve m\u00fc\u015fteri memnuniyetinizi nas\u0131l art\u0131rabilece\u011fini bizzat deneyimleyin.<\/p>\n<p>Daha fazla bilgi i\u00e7in ziyaret edin. <a href=\"https:\/\/aircompressorforlasercutter.com\/tr\/bize-ulasin\/\">ileti\u015fim sayfam\u0131z<\/a>.<\/p>","protected":false},"excerpt":{"rendered":"<p>CO2 Laser Air Compressor for K40 Laser Cutter: The Unsung Hero 1. Background: The Overlooked Essential In today&#8217;s competitive laser engraving market, it&#8217;s common for buyers to invest significantly in high-quality laser cutting machines, often overlooking a critical accessory: the air compressor. While the laser cutter itself is pivotal for precision and efficiency, the air [&hellip;]<\/p>","protected":false},"featured_media":454,"comment_status":"open","ping_status":"closed","template":"","meta":{"_et_pb_use_builder":"","_et_pb_old_content":"","_et_gb_content_width":""},"product_brand":[],"product_cat":[1093],"product_tag":[1096],"class_list":{"0":"post-464","1":"product","2":"type-product","3":"status-publish","4":"has-post-thumbnail","6":"product_cat-air-compressor-for-laser-cutter","7":"product_tag-air-compressor-for-laser-cutter-cost","9":"first","10":"instock","11":"shipping-taxable","12":"product-type-simple"},"_links":{"self":[{"href":"https:\/\/aircompressorforlasercutter.com\/tr\/wp-json\/wp\/v2\/product\/464","targetHints":{"allow":["GET"]}}],"collection":[{"href":"https:\/\/aircompressorforlasercutter.com\/tr\/wp-json\/wp\/v2\/product"}],"about":[{"href":"https:\/\/aircompressorforlasercutter.com\/tr\/wp-json\/wp\/v2\/types\/product"}],"replies":[{"embeddable":true,"href":"https:\/\/aircompressorforlasercutter.com\/tr\/wp-json\/wp\/v2\/comments?post=464"}],"wp:featuredmedia":[{"embeddable":true,"href":"https:\/\/aircompressorforlasercutter.com\/tr\/wp-json\/wp\/v2\/media\/454"}],"wp:attachment":[{"href":"https:\/\/aircompressorforlasercutter.com\/tr\/wp-json\/wp\/v2\/media?parent=464"}],"wp:term":[{"taxonomy":"product_brand","embeddable":true,"href":"https:\/\/aircompressorforlasercutter.com\/tr\/wp-json\/wp\/v2\/product_brand?post=464"},{"taxonomy":"product_cat","embeddable":true,"href":"https:\/\/aircompressorforlasercutter.com\/tr\/wp-json\/wp\/v2\/product_cat?post=464"},{"taxonomy":"product_tag","embeddable":true,"href":"https:\/\/aircompressorforlasercutter.com\/tr\/wp-json\/wp\/v2\/product_tag?post=464"}],"curies":[{"name":"wp","href":"https:\/\/api.w.org\/{rel}","templated":true}]}}