{"id":465,"date":"2026-01-14T08:26:17","date_gmt":"2026-01-14T08:26:17","guid":{"rendered":"https:\/\/aircompressorforlasercutter.com\/product\/air-assist-kit-for-sculpfun-s9-s10-s30\/"},"modified":"2026-01-14T08:47:40","modified_gmt":"2026-01-14T08:47:40","slug":"air-assist-kit-for-sculpfun-s9-s10-s30","status":"publish","type":"product","link":"https:\/\/aircompressorforlasercutter.com\/tr\/urun\/sculpfun-s9-s10-s30-icin-hava-destek-kiti\/","title":{"rendered":"SCULPFUN S9 S10 S30 i\u00e7in hava destek kiti"},"content":{"rendered":"<h1>SCULPFUN S9 S10 S30 i\u00e7in Hava Destek Kiti: Lazer Kesimin Gizli Kahraman\u0131<\/h1>\n<h2>1. Arka Plan: G\u00f6zden Ka\u00e7an Temel Unsurlar<\/h2>\n<p>G\u00fcn\u00fcm\u00fcz\u00fcn canl\u0131 lazer grav\u00fcr makineleri pazar\u0131nda, bir\u00e7ok al\u0131c\u0131 en yeni modellere ve geli\u015fmi\u015f \u00f6zelliklere odaklanarak ekipmanlar\u0131na b\u00fcy\u00fck yat\u0131r\u0131mlar yapmaktad\u0131r. Ancak, genellikle g\u00f6zden ka\u00e7an kritik bir bile\u015fen hava pompas\u0131d\u0131r. Lazer makinesinin kendisi bir teknoloji harikas\u0131 olsa da, hava destek kiti, kullan\u0131c\u0131 deneyimini \u00f6nemli \u00f6l\u00e7\u00fcde y\u00fckseltebilen g\u00f6r\u00fcnmez kahramand\u0131r.<\/p>\n<p>Hava deste\u011fi sadece bir \u00e7evre birimi de\u011fil; nihai \"kesim kalitesini\" ve \"makine \u00f6mr\u00fcn\u00fc\" belirlemede \u00e7ok \u00f6nemli bir rol oynar. \u0130\u015fletmeler i\u00e7in do\u011fru hava pompas\u0131n\u0131 se\u00e7mek, \"eksik kesimler\" veya \"hasarl\u0131 lensler\" gibi sorunlarla ilgili m\u00fc\u015fteri \u015fikayetlerini azaltarak m\u00fc\u015fteri sadakatini art\u0131rabilir.<\/p>\n<h2>2. Sorun Noktas\u0131 Analizi: Ucuz Hava Pompalar\u0131n\u0131n Gizli Maliyetleri<\/h2>\n<h3>K\u00f6t\u00fc Kesim Kalitesi<\/h3>\n<p>D\u00fc\u015f\u00fck kaliteli bir hava pompas\u0131 kullanmak, yetersiz kesim sonu\u00e7lar\u0131na yol a\u00e7abilir. Dengesiz hava ak\u0131\u015f\u0131, malzemelerin kenarlar\u0131n\u0131n k\u00f6m\u00fcrle\u015fmesine ve yanmas\u0131na neden olarak, son kullan\u0131c\u0131lar i\u00e7in nihai \u00fcr\u00fcn\u00fcn g\u00f6rsel \u00e7ekicili\u011fini olumsuz etkiler. Bu tutars\u0131zl\u0131k, markan\u0131z \u00fczerinde olumsuz bir etki yaratabilir.<\/p>\n<h3>Ekipman Hasar\u0131 Riski<\/h3>\n<p>\u00d6zellikle sisteme ya\u011f buhar\u0131 veya nem bula\u015ft\u0131ran kalitesiz bir hava pompas\u0131na yat\u0131r\u0131m yapmak, lazer merce\u011finin kirlenmesi riskini \u00f6nemli \u00f6l\u00e7\u00fcde art\u0131r\u0131r. Bu t\u00fcr hasarlar, pahal\u0131 sat\u0131\u015f sonras\u0131 onar\u0131mlara yol a\u00e7ar ve daha y\u00fcksek iade oranlar\u0131na neden olarak karl\u0131l\u0131\u011f\u0131n\u0131z\u0131 daha da olumsuz etkileyebilir.<\/p>\n<h3>G\u00fcr\u00fclt\u00fcden Cayd\u0131rma<\/h3>\n<p>Geleneksel hava kompres\u00f6rleri son derece g\u00fcr\u00fclt\u00fcl\u00fc olabilir ve genellikle kabul edilebilir desibel seviyelerini a\u015far. Bu g\u00fcr\u00fclt\u00fc kirlili\u011fi, ev kullan\u0131c\u0131lar\u0131n\u0131 ve e\u011fitim ama\u00e7l\u0131 at\u00f6lyeleri lazer kesim teknolojisinden uzakla\u015ft\u0131rarak potansiyel m\u00fc\u015fteri taban\u0131n\u0131z\u0131 k\u00fc\u00e7\u00fclt\u00fcr.<\/p>\n<h2>3. \u00c7\u00f6z\u00fcm\u00fcm\u00fcz: Profesyonel D\u00fczeyde Hava Destek Sistemini Yeniden Tan\u0131mlamak<\/h2>\n<h3>Ya\u011fs\u0131z ve Susuz Tasar\u0131m<\/h3>\n<p>Hava destekli kitimiz, lazer merce\u011fi i\u00e7in tam koruma sa\u011flayan, ya\u011fs\u0131z ve su ge\u00e7irmez 100% tasar\u0131ma sahiptir. Son kullan\u0131c\u0131lar, s\u0131k bak\u0131m endi\u015fesi duymadan yarat\u0131c\u0131 projelerine odaklanmalar\u0131n\u0131 sa\u011flayan, bak\u0131m gerektirmeyen bir deneyimin keyfini \u00e7\u0131kar\u0131rlar.<\/p>\n<h3>Ultra Sessiz Teknoloji<\/h3>\n<p>\u00d6zellikle i\u00e7 mekan veya ev st\u00fcdyosu uygulamalar\u0131 i\u00e7in tasarlanan hava pompam\u0131z, 60 dB'den daha d\u00fc\u015f\u00fck, etkileyici derecede d\u00fc\u015f\u00fck bir g\u00fcr\u00fclt\u00fc seviyesinde \u00e7al\u0131\u015f\u0131r. Bu ultra sessiz \u00f6zellik, kullan\u0131c\u0131 deneyimini b\u00fcy\u00fck \u00f6l\u00e7\u00fcde geli\u015ftirerek, g\u00fcr\u00fclt\u00fcn\u00fcn sorun te\u015fkil etti\u011fi ortamlar i\u00e7in ideal hale getirir.<\/p>\n<h3>Sa\u011flam Performans<\/h3>\n<p>Dakikada 30 litre gibi sabit bir \u00e7\u0131k\u0131\u015f g\u00fcc\u00fcyle \u00e7al\u0131\u015fan hava pompam\u0131z, kal\u0131n ah\u015fap veya akrilik malzemeleri keserken hayati \u00f6nem ta\u015f\u0131yan istikrarl\u0131 bir hava ak\u0131\u015f\u0131 sa\u011flar. Sonu\u00e7 olarak, minimum duman kal\u0131nt\u0131s\u0131yla daha temiz kesimler elde edilir ve daha kusursuz bir \u00fcr\u00fcn ortaya \u00e7\u0131kar.<\/p>\n<h2>4. Kapsaml\u0131 Uyumluluk: Tek Noktadan E\u015fle\u015ftirme<\/h2>\n<h3>Geni\u015f Uygulanabilirlik<\/h3>\n<p>Hava destek kitimiz, xTool, Ortur, Atomstack ve \u00e7e\u015fitli CO2 lazer makineleri de dahil olmak \u00fczere piyasadaki ana ak\u0131m lazer modellerinin 95%'sine m\u00fckemmel \u015fekilde uyacak \u015fekilde tasarlanm\u0131\u015ft\u0131r. Bu geni\u015f uyumluluk, m\u00fc\u015fterilerin birden fazla \u00e7\u00f6z\u00fcm arama zahmetine girmeden yeteneklerini geni\u015fletmelerini sa\u011flar.<\/p>\n<h3>Bayi Avantajlar\u0131<\/h3>\n<p>Birden fazla makineyle uyumlu tek bir \u00fcr\u00fcn kodu (SKU) sunmak, bayiler i\u00e7in stok bask\u0131s\u0131n\u0131 ve karma\u015f\u0131kl\u0131\u011f\u0131n\u0131 \u00f6nemli \u00f6l\u00e7\u00fcde azalt\u0131r. Bu sadele\u015ftirilmi\u015f yakla\u015f\u0131m, daha iyi stok y\u00f6netimi ve art\u0131r\u0131lm\u0131\u015f operasyonel verimlilik sa\u011flar.<\/p>\n<h2>5. Tedarik Zinciri ve Ortakl\u0131k Avantajlar\u0131<\/h2>\n<h3>Fabrika G\u00fcc\u00fc<\/h3>\n<p>Son derece d\u00fc\u015f\u00fck bir hata oran\u0131 (1%'nin alt\u0131nda) sa\u011flamak i\u00e7in s\u0131k\u0131 kalite kontrol s\u00fcre\u00e7lerine ba\u011fl\u0131 kal\u0131yoruz. Kaliteye olan bu ba\u011fl\u0131l\u0131\u011f\u0131m\u0131z, iadeleri ve lojistik maliyetlerini en aza indirerek kaynaklar\u0131n\u0131z\u0131 daha iyi y\u00f6netmenize olanak tan\u0131r.<\/p>\n<h3>\u00d6zelle\u015ftirme Hizmetleri (OEM\/ODM)<\/h3>\n<p>\u00c7e\u015fitli \u00fclkeler i\u00e7in \u00f6zel marka se\u00e7enekleri, ambalaj tasar\u0131mlar\u0131 ve fi\u015f \u00f6zellikleri de dahil olmak \u00fczere, size \u00f6zel hizmetler sunuyoruz. Bu esneklik, belirli pazar taleplerini kar\u015f\u0131larken kendi marka kimli\u011finizi olu\u015fturman\u0131z\u0131 sa\u011flar.<\/p>\n<h3>Sat\u0131\u015f Sonras\u0131 Destek<\/h3>\n<p>H\u0131zl\u0131 teknik destek ekibimiz ve yedek par\u00e7a tedarikindeki h\u0131zl\u0131l\u0131\u011f\u0131m\u0131z, ihtiya\u00e7 duydu\u011funuz her an yard\u0131m i\u00e7in bize g\u00fcvenebilece\u011finizi garanti eder. Bu da operasyonlar\u0131n\u0131z\u0131n sorunsuz ve kesintisiz devam etmesini sa\u011flar.<\/p>\n<h2>6. Sonu\u00e7 ve Eylem \u00c7a\u011fr\u0131s\u0131<\/h2>\n<p>D\u00fc\u015f\u00fck kaliteli bile\u015fenlerin, \u00fcst d\u00fczey makinelerinizin itibar\u0131n\u0131 zedelemesine izin vermeyin. Ekipman\u0131n\u0131z\u0131n kalitesine uygun bir hava pompas\u0131 se\u00e7in. Hava destek kitimiz, optimum kesme performans\u0131 ve uzun \u00f6m\u00fcr sa\u011flamak i\u00e7in ideal se\u00e7imdir.<\/p>\n<p>Numune testi i\u00e7in veya en g\u00fcncel B2B toptan fiyat bilgilerini almak i\u00e7in bug\u00fcn bizimle ileti\u015fime ge\u00e7in. Ever-power ile lazer kesim deneyiminizi bir \u00fcst seviyeye ta\u015f\u0131y\u0131n.<\/p>\n<p><a href=\"https:\/\/aircompressorforlasercutter.com\/tr\/bize-ulasin\/\">Bize Ula\u015f\u0131n<\/a><\/p>","protected":false},"excerpt":{"rendered":"<p>Air Assist Kit for SCULPFUN S9 S10 S30: The Unsung Hero of Laser Cutting 1. Background: The Overlooked Essential In today&#8217;s vibrant market for laser engraving machines, many buyers invest heavily in their equipment, focusing on the latest models and advanced features. However, a critical component that often goes unnoticed is the air pump. While [&hellip;]<\/p>","protected":false},"featured_media":454,"comment_status":"open","ping_status":"closed","template":"","meta":{"_et_pb_use_builder":"","_et_pb_old_content":"","_et_gb_content_width":""},"product_brand":[],"product_cat":[1093],"product_tag":[1094],"class_list":{"0":"post-465","1":"product","2":"type-product","3":"status-publish","4":"has-post-thumbnail","6":"product_cat-air-compressor-for-laser-cutter","7":"product_tag-air-compressor-for-laser-cutter","9":"first","10":"instock","11":"shipping-taxable","12":"product-type-simple"},"_links":{"self":[{"href":"https:\/\/aircompressorforlasercutter.com\/tr\/wp-json\/wp\/v2\/product\/465","targetHints":{"allow":["GET"]}}],"collection":[{"href":"https:\/\/aircompressorforlasercutter.com\/tr\/wp-json\/wp\/v2\/product"}],"about":[{"href":"https:\/\/aircompressorforlasercutter.com\/tr\/wp-json\/wp\/v2\/types\/product"}],"replies":[{"embeddable":true,"href":"https:\/\/aircompressorforlasercutter.com\/tr\/wp-json\/wp\/v2\/comments?post=465"}],"wp:featuredmedia":[{"embeddable":true,"href":"https:\/\/aircompressorforlasercutter.com\/tr\/wp-json\/wp\/v2\/media\/454"}],"wp:attachment":[{"href":"https:\/\/aircompressorforlasercutter.com\/tr\/wp-json\/wp\/v2\/media?parent=465"}],"wp:term":[{"taxonomy":"product_brand","embeddable":true,"href":"https:\/\/aircompressorforlasercutter.com\/tr\/wp-json\/wp\/v2\/product_brand?post=465"},{"taxonomy":"product_cat","embeddable":true,"href":"https:\/\/aircompressorforlasercutter.com\/tr\/wp-json\/wp\/v2\/product_cat?post=465"},{"taxonomy":"product_tag","embeddable":true,"href":"https:\/\/aircompressorforlasercutter.com\/tr\/wp-json\/wp\/v2\/product_tag?post=465"}],"curies":[{"name":"wp","href":"https:\/\/api.w.org\/{rel}","templated":true}]}}