{"id":466,"date":"2026-01-14T08:26:17","date_gmt":"2026-01-14T08:26:17","guid":{"rendered":"https:\/\/aircompressorforlasercutter.com\/product\/quiet-air-pump-for-omtech-60w-co2-laser\/"},"modified":"2026-01-14T08:26:17","modified_gmt":"2026-01-14T08:26:17","slug":"quiet-air-pump-for-omtech-60w-co2-laser","status":"publish","type":"product","link":"https:\/\/aircompressorforlasercutter.com\/tr\/urun\/omtech-60w-co2-lazer-icin-sessiz-hava-pompasi\/","title":{"rendered":"OmTech 60W CO2 lazer i\u00e7in sessiz hava pompas\u0131"},"content":{"rendered":"<h1>OmTech 60W CO2 Lazer i\u00e7in Sessiz Hava Pompas\u0131: Lazer Kesimin Gizli Kahraman\u0131<\/h1>\n<h2>1. Arka Plan: G\u00f6zden Ka\u00e7an Temel Unsurlar<\/h2>\n<p>Lazer grav\u00fcr ve kesim alan\u0131nda, \u00e7o\u011fu al\u0131c\u0131 y\u00fcksek kaliteli lazer makinelerine \u00f6nemli yat\u0131r\u0131mlar yaparken, genellikle \u00e7ok \u00f6nemli bir aksesuar\u0131, yani hava pompas\u0131n\u0131 g\u00f6zden ka\u00e7\u0131r\u0131yor. Lazer kesici \u015f\u00fcphesiz ki g\u00f6sterinin y\u0131ld\u0131z\u0131 olsa da, hava pompas\u0131 perde arkas\u0131nda optimum performans ve uzun \u00f6m\u00fcrl\u00fcl\u00fck sa\u011flamada \u00e7ok \u00f6nemli bir rol oynar. Hava deste\u011fi sadece bir aksesuar de\u011fildir; kesim kalitesini ve makinenin \u00f6mr\u00fcn\u00fc do\u011frudan etkiler. B2B payda\u015flar\u0131 i\u00e7in do\u011fru hava pompas\u0131n\u0131 se\u00e7mek, yetersiz kesim ve hasarl\u0131 lensler gibi sorunlar hakk\u0131nda daha az m\u00fc\u015fteri \u015fikayetine ve nihayetinde daha y\u00fcksek m\u00fc\u015fteri sadakat oranlar\u0131na yol a\u00e7ar.<\/p>\n<h2>2. Sorun Noktas\u0131 Analizi: Ucuz Hava Pompalar\u0131n\u0131n Gizli Maliyetleri<\/h2>\n<h3>D\u00fc\u015f\u00fck Kesim Kalitesi<\/h3>\n<p>D\u00fc\u015f\u00fck maliyetli bir hava pompas\u0131 kullanmak, tutars\u0131z hava ak\u0131\u015f\u0131na yol a\u00e7arak malzemelerde yanm\u0131\u015f veya k\u00f6m\u00fcrle\u015fmi\u015f kenarlara ve kesme verimlili\u011finin azalmas\u0131na neden olabilir. Bu durum, yaln\u0131zca nihai \u00fcr\u00fcn\u00fcn estetik kalitesini tehlikeye atmakla kalmaz, ayn\u0131 zamanda m\u00fc\u015fteri memnuniyetini ve tekrar i\u015f yapma olas\u0131l\u0131\u011f\u0131n\u0131 da etkiler.<\/p>\n<h3>Ekipman Hasar\u0131 Riski<\/h3>\n<p>\u00d6zellikle ya\u011f bazl\u0131 bile\u015fenlere sahip kalitesiz hava pompalar\u0131, lazer merce\u011fini ya\u011f buhar\u0131 veya nemle kirletme riski ta\u015f\u0131r. Bu t\u00fcr hasarlar, maliyetli onar\u0131mlara ve iadelere yol a\u00e7arak karl\u0131l\u0131\u011f\u0131 ve m\u00fc\u015fteri g\u00fcvenini zedeleyebilir.<\/p>\n<h3>G\u00fcr\u00fclt\u00fc Engelleyici<\/h3>\n<p>Geleneksel hava kompres\u00f6rleri a\u015f\u0131r\u0131 g\u00fcr\u00fclt\u00fc \u00fcretebilir ve bu durum ev kullan\u0131c\u0131lar\u0131n\u0131 ve e\u011fitim ortamlar\u0131ndaki \u00fcreticileri bunlardan uzak tutabilir. Bu s\u0131n\u0131rlama potansiyel pazar\u0131n\u0131z\u0131 k\u00fc\u00e7\u00fclt\u00fcr ve sat\u0131\u015f f\u0131rsatlar\u0131n\u0131 \u00f6nemli \u00f6l\u00e7\u00fcde azalt\u0131r.<\/p>\n<h2>3. \u00c7\u00f6z\u00fcm\u00fcm\u00fcz: \"Profesyonel D\u00fczeyde\" Hava Yard\u0131m\u0131n\u0131 Yeniden Tan\u0131mlamak<\/h2>\n<h3>Ya\u011fs\u0131z, Susuz Tasar\u0131m<\/h3>\n<p>Hava pompam\u0131z, lazer lensler i\u00e7in 100% koruma standard\u0131 sa\u011flayarak son kullan\u0131c\u0131lar\u0131n bak\u0131m ihtiyac\u0131n\u0131 ortadan kald\u0131r\u0131r. Bu sorunsuz \u00e7al\u0131\u015fma, zamandan tasarruf sa\u011flaman\u0131n yan\u0131 s\u0131ra kullan\u0131c\u0131 deneyimini de geli\u015ftirir.<\/p>\n<h3>Ultra Sessiz Teknoloji<\/h3>\n<p>\u0130\u00e7 mekan ve ev st\u00fcdyolar\u0131 i\u00e7in \u00f6zel olarak tasarlanan hava pompam\u0131z, son derece d\u00fc\u015f\u00fck bir g\u00fcr\u00fclt\u00fc seviyesinde \u00e7al\u0131\u015f\u0131r (<60dB). This feature significantly improves the user experience, allowing for a conducive working environment.<\/p>\n<h3>Sa\u011flam Performans<\/h3>\n<p>Dakikada 30 litre gibi sabit bir ak\u0131\u015f h\u0131z\u0131yla, hava pompam\u0131z sert a\u011fa\u00e7 veya akrilik gibi kal\u0131n malzemelerle \u00e7al\u0131\u015f\u0131rken bile temiz ve dumans\u0131z kesimler sa\u011flar. Bu e\u015fsiz performans, her projede hem verimlili\u011fi hem de kaliteyi art\u0131r\u0131r.<\/p>\n<h2>4. Kapsaml\u0131 Uyumluluk: Tek Noktadan E\u015fle\u015ftirme<\/h2>\n<h3>Geni\u015f Uygulanabilirlik<\/h3>\n<p>Bu hava pompas\u0131, xTool, Ortur, Atomstack ve \u00e7e\u015fitli CO2 lazer makineleri de dahil olmak \u00fczere piyasadaki ana ak\u0131m modellerin 95% modeline m\u00fckemmel \u015fekilde uyum sa\u011flar. Bu \u00e7ok y\u00f6nl\u00fcl\u00fck, envanterlerini optimize etmek isteyen i\u015fletmeler i\u00e7in ideal bir se\u00e7im olmas\u0131n\u0131 sa\u011flar.<\/p>\n<h3>Distrib\u00fct\u00f6r Avantajlar\u0131<\/h3>\n<p>Birden fazla makineye uygun tek bir \u00fcr\u00fcn kodu (SKU) sunmak, da\u011f\u0131t\u0131mc\u0131lar i\u00e7in stok bask\u0131s\u0131n\u0131 ve karma\u015f\u0131kl\u0131\u011f\u0131n\u0131 \u00f6nemli \u00f6l\u00e7\u00fcde azalt\u0131r. Bu stratejik avantaj, daha verimli stok y\u00f6netimi ve basitle\u015ftirilmi\u015f tedarik s\u00fcre\u00e7leri sa\u011flar.<\/p>\n<h2>5. Tedarik Zinciri ve Ortakl\u0131k Avantajlar\u0131<\/h2>\n<h3>Fabrika G\u00fcc\u00fc<\/h3>\n<p>Son derece d\u00fc\u015f\u00fck bir hata oran\u0131 sa\u011flamak i\u00e7in titiz kalite kontrol s\u00fcre\u00e7leri uyguluyoruz.<1%). This commitment to quality translates into savings on return logistics and boosts customer confidence in your offerings.<\/p>\n<h3>\u00d6zelle\u015ftirme Hizmetleri (OEM\/ODM)<\/h3>\n<p>Marka logosu \u00f6zelle\u015ftirmesi, ambalaj tasar\u0131m\u0131 ve \u00e7e\u015fitli fi\u015f \u00f6zellikleri konusunda destek sa\u011flayarak, benzersiz marka kimli\u011finizi sorunsuz bir \u015fekilde olu\u015fturman\u0131za olanak tan\u0131yoruz.<\/p>\n<h3>Sat\u0131\u015f Sonras\u0131 Destek<\/h3>\n<p>H\u0131zl\u0131 teknik m\u00fcdahale ve yedek par\u00e7a tedarik yeteneklerimiz, ihtiya\u00e7 duydu\u011funuz deste\u011fi zaman\u0131nda alman\u0131z\u0131 sa\u011flayarak m\u00fc\u015fterilerinizle uzun vadeli ili\u015fkiler kurman\u0131za yard\u0131mc\u0131 olur.<\/p>\n<h2>6. Sonu\u00e7 ve Eylem \u00c7a\u011fr\u0131s\u0131 (E\u00c7\u00c7)<\/h2>\n<p>Kalitesiz aksesuarlar\u0131n \u00fcst d\u00fczey makinelerinizin itibar\u0131n\u0131 zedelemesine izin vermeyin. Ekipman\u0131n\u0131z\u0131n kalitesine uygun bir hava pompas\u0131 se\u00e7in. Numune testi talep etmek veya en g\u00fcncel B2B toptan fiyat listesini almak i\u00e7in bug\u00fcn bizimle ileti\u015fime ge\u00e7in. Ziyaret edin <a href=\"https:\/\/aircompressorforlasercutter.com\/tr\/bize-ulasin\/\">ileti\u015fim sayfam\u0131z<\/a> Daha fazla bilgi i\u00e7in.<\/p>","protected":false},"excerpt":{"rendered":"<p>Quiet Air Pump for OmTech 60W CO2 Laser: The Unsung Hero of Laser Cutting 1. Background: The Overlooked Essential In the realm of laser engraving and cutting, most buyers invest significantly in high-quality laser machines, often overlooking a crucial accessory??the air pump. While the laser cutter is undoubtedly the star of the show, the air [&hellip;]<\/p>","protected":false},"featured_media":454,"comment_status":"open","ping_status":"closed","template":"","meta":{"_et_pb_use_builder":"","_et_pb_old_content":"","_et_gb_content_width":""},"product_brand":[],"product_cat":[1093],"product_tag":[1095],"class_list":{"0":"post-466","1":"product","2":"type-product","3":"status-publish","4":"has-post-thumbnail","6":"product_cat-air-compressor-for-laser-cutter","7":"product_tag-air-compressor-for-laser-cutter-price","9":"first","10":"instock","11":"shipping-taxable","12":"product-type-simple"},"_links":{"self":[{"href":"https:\/\/aircompressorforlasercutter.com\/tr\/wp-json\/wp\/v2\/product\/466","targetHints":{"allow":["GET"]}}],"collection":[{"href":"https:\/\/aircompressorforlasercutter.com\/tr\/wp-json\/wp\/v2\/product"}],"about":[{"href":"https:\/\/aircompressorforlasercutter.com\/tr\/wp-json\/wp\/v2\/types\/product"}],"replies":[{"embeddable":true,"href":"https:\/\/aircompressorforlasercutter.com\/tr\/wp-json\/wp\/v2\/comments?post=466"}],"wp:featuredmedia":[{"embeddable":true,"href":"https:\/\/aircompressorforlasercutter.com\/tr\/wp-json\/wp\/v2\/media\/454"}],"wp:attachment":[{"href":"https:\/\/aircompressorforlasercutter.com\/tr\/wp-json\/wp\/v2\/media?parent=466"}],"wp:term":[{"taxonomy":"product_brand","embeddable":true,"href":"https:\/\/aircompressorforlasercutter.com\/tr\/wp-json\/wp\/v2\/product_brand?post=466"},{"taxonomy":"product_cat","embeddable":true,"href":"https:\/\/aircompressorforlasercutter.com\/tr\/wp-json\/wp\/v2\/product_cat?post=466"},{"taxonomy":"product_tag","embeddable":true,"href":"https:\/\/aircompressorforlasercutter.com\/tr\/wp-json\/wp\/v2\/product_tag?post=466"}],"curies":[{"name":"wp","href":"https:\/\/api.w.org\/{rel}","templated":true}]}}