{"id":467,"date":"2026-01-14T08:26:17","date_gmt":"2026-01-14T08:26:17","guid":{"rendered":"https:\/\/aircompressorforlasercutter.com\/product\/air-compressor-for-neje-master-2s-max\/"},"modified":"2026-01-14T08:47:11","modified_gmt":"2026-01-14T08:47:11","slug":"air-compressor-for-neje-master-2s-max","status":"publish","type":"product","link":"https:\/\/aircompressorforlasercutter.com\/tr\/urun\/neje-master-2s-max-icin-hava-kompresoru\/","title":{"rendered":"NEJE Master 2S Max i\u00e7in hava kompres\u00f6r\u00fc"},"content":{"rendered":"<h1>NEJE Master 2S Max i\u00e7in Hava Kompres\u00f6r\u00fc: Hassas Kesimin Gizli Kahraman\u0131<\/h1>\n<h2>1. Arka Plan: G\u00f6zden Ka\u00e7an Bile\u015fen<\/h2>\n<p>Lazer grav\u00fcr pazar\u0131nda talepte \u00f6nemli bir art\u0131\u015f ya\u015fand\u0131 ve al\u0131c\u0131lar NEJE Master 2S Max gibi \u00fcst d\u00fczey lazer kesim makinelerine b\u00fcy\u00fck yat\u0131r\u0131mlar yap\u0131yor. Ancak, s\u0131kl\u0131kla g\u00f6z ard\u0131 edilen kritik bir bile\u015fen hava kompres\u00f6r\u00fcd\u00fcr. M\u00fc\u015fteriler lazer makinelerinin \u00f6zelliklerine ve yeteneklerine odaklan\u0131rken, etkili bir hava pompas\u0131n\u0131n \u00f6nemini s\u0131kl\u0131kla ihmal ediyorlar. Bu ihmal, ekipmanlar\u0131n\u0131n d\u00fc\u015f\u00fck performans g\u00f6stermesine ve kullan\u0131m \u00f6mr\u00fcn\u00fcn k\u0131salmas\u0131na yol a\u00e7abilir.<\/p>\n<h2>Temel Arg\u00fcman: Hava Deste\u011fi Sadece Bir Aksesuar De\u011fil<\/h2>\n<p>Hava destek \u00f6zelli\u011fi, hem kesim kalitesini hem de lazer makinesinin \u00f6mr\u00fcn\u00fc do\u011frudan etkiledi\u011fi i\u00e7in temel bir \u00f6neme sahiptir. B2B m\u00fc\u015fterileri i\u00e7in, y\u00fcksek kaliteli bir hava kompres\u00f6r\u00fc se\u00e7mek, \"eksik kesimler\" veya \"hasarl\u0131 lensler\" gibi sorunlarla ilgili \u015fikayetlerin azalmas\u0131 anlam\u0131na gelir. Bu da m\u00fc\u015fteri sadakatini art\u0131r\u0131r ve marka ba\u011fl\u0131l\u0131\u011f\u0131n\u0131 g\u00fc\u00e7lendirir.<\/p>\n<h2>2. Sorun Noktas\u0131 Analizi: Ucuz Hava Pompalar\u0131n\u0131n Gizli Maliyetleri<\/h2>\n<h3>Yetersiz Kesim Kalitesi<\/h3>\n<p>D\u00fc\u015f\u00fck maliyetli bir hava pompas\u0131 kullanmak, kesim kalitesini ciddi \u015fekilde tehlikeye atabilir. Dengesiz hava ak\u0131\u015f\u0131, malzemelerde yanm\u0131\u015f kenarlara neden olarak nihai \u00fcr\u00fcn\u00fcn estetik g\u00f6r\u00fcn\u00fcm\u00fcn\u00fc azalt\u0131r. \u00c7\u0131kt\u0131 beklentileri kar\u015f\u0131lamad\u0131\u011f\u0131nda, m\u00fc\u015fteriler alternatif tedarik\u00e7iler arayabilir ve bu da i\u015f kayb\u0131na yol a\u00e7abilir.<\/p>\n<h3>Ekipman Hasar\u0131 Riski<\/h3>\n<p>Kalitesiz hava pompalar\u0131, \u00f6zellikle ya\u011f i\u00e7erenler, ya\u011f buhar\u0131 veya nem p\u00fcsk\u00fcrterek lazer merce\u011fini kirletebilir. Bu kirlenme, kaynaklar\u0131 t\u00fcketmenin yan\u0131 s\u0131ra markan\u0131z\u0131n itibar\u0131n\u0131 da zedeleyen maliyetli onar\u0131mlara ve iadelere yol a\u00e7abilir.<\/p>\n<h3>G\u00fcr\u00fclt\u00fcden Cayd\u0131rma<\/h3>\n<p>Geleneksel hava kompres\u00f6rleri, g\u00fcr\u00fclt\u00fcl\u00fc \u00e7al\u0131\u015fmalar\u0131yla \u00fcnl\u00fcd\u00fcr ve bu durum ev kullan\u0131c\u0131lar\u0131n\u0131 ve e\u011fitim ama\u00e7l\u0131 at\u00f6lyeleri lazer kesim teknolojisini kullanmaktan cayd\u0131rabilir. Bu k\u0131s\u0131tlama, pazar eri\u015fiminizi ciddi \u015fekilde s\u0131n\u0131rlayabilir ve sat\u0131\u015f potansiyelinizi azaltabilir.<\/p>\n<h2>3. \u00c7\u00f6z\u00fcm\u00fcm\u00fcz: Profesyonel Hava Destek Sistemini Yeniden Tan\u0131mlamak<\/h2>\n<h3>Ya\u011fs\u0131z, Susuz Tasar\u0131m<\/h3>\n<p>Hava kompres\u00f6r\u00fcm\u00fcz, lazer merce\u011fi i\u00e7in tam koruma sa\u011flayan, ya\u011fs\u0131z ve susuz 100% tasar\u0131m\u0131na sahiptir. Kullan\u0131c\u0131lar, sorunsuz \u00e7al\u0131\u015fma avantaj\u0131ndan yararlanarak d\u00fczenli bak\u0131m ihtiyac\u0131n\u0131 azalt\u0131r ve projelerine odaklanabilirler.<\/p>\n<h3>Ultra Sessiz Teknoloji<\/h3>\n<p>Ev ve st\u00fcdyo kullan\u0131m\u0131 i\u00e7in \u00f6zel olarak tasarlanan kompres\u00f6r\u00fcm\u00fcz, g\u00fcr\u00fclt\u00fc seviyesini 60 dB'nin alt\u0131nda tutar. Bu yenilik, kullan\u0131c\u0131 deneyimini \u00f6nemli \u00f6l\u00e7\u00fcde geli\u015ftirerek, rahats\u0131z edici arka plan g\u00fcr\u00fclt\u00fcs\u00fc olmadan e\u011fitim ve kendin yap ortamlar\u0131 i\u00e7in uygun hale getirir.<\/p>\n<h3>Sa\u011flam Performans<\/h3>\n<p>Dakikada 30 litre sabit hava ak\u0131\u015f\u0131 sa\u011flayan kompres\u00f6r\u00fcm\u00fcz, kontrplak veya akrilik gibi daha kal\u0131n malzemelerle \u00e7al\u0131\u015f\u0131rken bile temiz ve kal\u0131nt\u0131 b\u0131rakmayan kesimler garanti eder. Bu g\u00fcvenilirlik, daha y\u00fcksek kaliteli \u00e7\u0131kt\u0131lar sa\u011flayarak m\u00fc\u015fteri memnuniyetini ve tekrar i\u015f yapmay\u0131 garanti eder.<\/p>\n<h2>4. Geni\u015f Uyumluluk: Tek Noktadan E\u015fle\u015ftirme<\/h2>\n<h3>Geni\u015f Uygulama Alan\u0131<\/h3>\n<p>Hava kompres\u00f6r\u00fcm\u00fcz, xTool, Ortur, Atomstack ve \u00e7e\u015fitli CO2 lazer modelleri de dahil olmak \u00fczere piyasadaki pop\u00fcler lazer grav\u00fcr makinelerinin 95% modeliyle uyumlu olacak \u015fekilde tasarlanm\u0131\u015ft\u0131r. Bu uyumluluk, distrib\u00fct\u00f6rler i\u00e7in stok y\u00f6netimini kolayla\u015ft\u0131r\u0131r.<\/p>\n<h3>Distrib\u00fct\u00f6r Avantajlar\u0131<\/h3>\n<p>Birden fazla makineyle uyumlu tek bir \u00fcr\u00fcn kodu (SKU) sunarak, stok bask\u0131s\u0131n\u0131 \u00f6nemli \u00f6l\u00e7\u00fcde azaltabilir ve stoklama karma\u015f\u0131kl\u0131\u011f\u0131n\u0131 basitle\u015ftirerek operasyonel verimlili\u011fi art\u0131rabilirsiniz.<\/p>\n<h2>5. Tedarik Zinciri ve \u0130\u015fbirli\u011finin Avantajlar\u0131<\/h2>\n<h3>Fabrika G\u00fcc\u00fc<\/h3>\n<p>Son derece d\u00fc\u015f\u00fck, 'den az hata oran\u0131 sa\u011flayan titiz kalite kontrol s\u00fcre\u00e7lerimizle gurur duyuyoruz. Bu detaylara g\u00f6sterilen \u00f6zen, iade ve de\u011fi\u015fimlerle ilgili lojistik maliyetlerini en aza indirmeye yard\u0131mc\u0131 olarak nihayetinde karl\u0131l\u0131\u011f\u0131n\u0131z\u0131 korur.<\/p>\n<h3>\u00d6zel Hizmetler (OEM\/ODM)<\/h3>\n<p>Logonuzla marka olu\u015fturma, \u00f6zel ambalaj tasar\u0131mlar\u0131 ve \u00e7e\u015fitli fi\u015f tipleri i\u00e7in \u00f6zellikler de dahil olmak \u00fczere \u00f6zelle\u015ftirilmi\u015f hizmetler sunuyoruz. Bu esneklik, markan\u0131z\u0131 \u00e7e\u015fitli pazarlarda etkili bir \u015fekilde olu\u015fturman\u0131za ve tan\u0131tman\u0131za olanak tan\u0131r.<\/p>\n<h3>Sat\u0131\u015f Sonras\u0131 Destek<\/h3>\n<p>M\u00fc\u015fteri hizmetlerine olan ba\u011fl\u0131l\u0131\u011f\u0131m\u0131z, h\u0131zl\u0131 teknik yan\u0131tlar ve verimli yedek par\u00e7a tedariki de dahil olmak \u00fczere, operasyonlar\u0131n\u0131z\u0131n gereksiz kesintiler olmadan sorunsuz bir \u015fekilde y\u00fcr\u00fct\u00fclmesini sa\u011flamay\u0131 i\u00e7erir.<\/p>\n<h2>6. Sonu\u00e7 ve Eylem \u00c7a\u011fr\u0131s\u0131<\/h2>\n<p>D\u00fc\u015f\u00fck kaliteli bile\u015fenlerin, \u00fcst d\u00fczey makinelerinizin kalite itibar\u0131n\u0131 zedelemesine izin vermeyin. Ekipman\u0131n\u0131z\u0131n kalitesine uygun bir hava kompres\u00f6r\u00fc se\u00e7in. Test i\u00e7in bir numune talep etmek veya en g\u00fcncel B2B toptan fiyatland\u0131rmas\u0131n\u0131 \u00f6\u011frenmek i\u00e7in bug\u00fcn bizimle ileti\u015fime ge\u00e7in veya web sitemizi ziyaret edin. <a href=\"https:\/\/aircompressorforlasercutter.com\/tr\/bize-ulasin\/\">bu ba\u011flant\u0131<\/a>.<\/p>","protected":false},"excerpt":{"rendered":"<p>Air Compressor for NEJE Master 2S Max: The Unsung Hero Behind Precision Cutting 1. Background: The Overlooked Component The laser engraving market has seen a significant uptick in demand, with buyers investing heavily in top-tier laser cutting machines such as the NEJE Master 2S Max. However, a critical component often overlooked is the air compressor. [&hellip;]<\/p>","protected":false},"featured_media":455,"comment_status":"open","ping_status":"closed","template":"","meta":{"_et_pb_use_builder":"","_et_pb_old_content":"","_et_gb_content_width":""},"product_brand":[],"product_cat":[1093],"product_tag":[1096],"class_list":{"0":"post-467","1":"product","2":"type-product","3":"status-publish","4":"has-post-thumbnail","6":"product_cat-air-compressor-for-laser-cutter","7":"product_tag-air-compressor-for-laser-cutter-cost","9":"first","10":"instock","11":"shipping-taxable","12":"product-type-simple"},"_links":{"self":[{"href":"https:\/\/aircompressorforlasercutter.com\/tr\/wp-json\/wp\/v2\/product\/467","targetHints":{"allow":["GET"]}}],"collection":[{"href":"https:\/\/aircompressorforlasercutter.com\/tr\/wp-json\/wp\/v2\/product"}],"about":[{"href":"https:\/\/aircompressorforlasercutter.com\/tr\/wp-json\/wp\/v2\/types\/product"}],"replies":[{"embeddable":true,"href":"https:\/\/aircompressorforlasercutter.com\/tr\/wp-json\/wp\/v2\/comments?post=467"}],"wp:featuredmedia":[{"embeddable":true,"href":"https:\/\/aircompressorforlasercutter.com\/tr\/wp-json\/wp\/v2\/media\/455"}],"wp:attachment":[{"href":"https:\/\/aircompressorforlasercutter.com\/tr\/wp-json\/wp\/v2\/media?parent=467"}],"wp:term":[{"taxonomy":"product_brand","embeddable":true,"href":"https:\/\/aircompressorforlasercutter.com\/tr\/wp-json\/wp\/v2\/product_brand?post=467"},{"taxonomy":"product_cat","embeddable":true,"href":"https:\/\/aircompressorforlasercutter.com\/tr\/wp-json\/wp\/v2\/product_cat?post=467"},{"taxonomy":"product_tag","embeddable":true,"href":"https:\/\/aircompressorforlasercutter.com\/tr\/wp-json\/wp\/v2\/product_tag?post=467"}],"curies":[{"name":"wp","href":"https:\/\/api.w.org\/{rel}","templated":true}]}}