{"id":468,"date":"2026-01-14T08:26:18","date_gmt":"2026-01-14T08:26:18","guid":{"rendered":"https:\/\/aircompressorforlasercutter.com\/product\/air-assist-compressor-for-two-trees-ts2-engraver\/"},"modified":"2026-01-14T08:46:55","modified_gmt":"2026-01-14T08:46:55","slug":"air-assist-compressor-for-two-trees-ts2-engraver","status":"publish","type":"product","link":"https:\/\/aircompressorforlasercutter.com\/tr\/urun\/iki-agac-icin-hava-destekli-kompresor-ts2-gravur-makinesi\/","title":{"rendered":"Two Trees TS2 grav\u00fcr makinesi i\u00e7in hava destekli kompres\u00f6r"},"content":{"rendered":"<h1>Two Trees TS2 Grav\u00fcr Makinesi i\u00e7in Hava Destekli Kompres\u00f6r: G\u00f6r\u00fcnmez Kahraman<\/h1>\n<h2>1. Arka Plan: Mevcut Piyasa Durumu<\/h2>\n<p>Lazer grav\u00fcr sekt\u00f6r\u00fcnde, \u00e7o\u011fu al\u0131c\u0131 y\u00fcksek kaliteli lazer grav\u00fcr makinelerine \u00f6nemli miktarda yat\u0131r\u0131m yaparken, kritik bir aksesuar\u0131 genellikle g\u00f6zden ka\u00e7\u0131r\u0131yor: hava destek kompres\u00f6r\u00fc. Bu yeterince takdir edilmeyen bile\u015fen, lazer ekipman\u0131n\u0131n genel performans\u0131n\u0131 ve \u00f6mr\u00fcn\u00fc art\u0131rmada hayati bir rol oynar. Hava deste\u011finin sadece ek bir aksesuar olmad\u0131\u011f\u0131n\u0131, makinenizin kesim kalitesinin ve \u00f6mr\u00fcn\u00fcn \u00f6nemli bir belirleyicisi oldu\u011funu anlamak \u00e7ok \u00f6nemlidir.<\/p>\n<h3>Temel Bulgular: Hava Deste\u011finin De\u011feri<\/h3>\n<p>Da\u011f\u0131t\u0131mc\u0131lar i\u00e7in do\u011fru hava destekli kompres\u00f6r\u00fc se\u00e7mek, \"eksik kesimler\" ve \"hasarl\u0131 lensler\" gibi sorunlarla ilgili m\u00fc\u015fteri \u015fikayetlerinin azalmas\u0131 anlam\u0131na gelir. Bunun da dolayl\u0131 etkisi, m\u00fc\u015fteri sadakat oran\u0131n\u0131n artmas\u0131d\u0131r. Kaliteli bir hava kompres\u00f6r\u00fcne yat\u0131r\u0131m yapmak, m\u00fc\u015fterilerinize ola\u011fan\u00fcst\u00fc sonu\u00e7lar ve g\u00fcvenilir performans sunmak demektir.<\/p>\n<h2>2. Sorun Noktas\u0131 Analizi: Ucuz Kompres\u00f6rlerin Gizli Maliyetleri<\/h2>\n<p>D\u00fc\u015f\u00fck maliyetli bir hava kompres\u00f6r\u00fc tercih edildi\u011finde, i\u015fletmeler genellikle ilk tasarruflar\u0131 a\u015fabilecek bir\u00e7ok gizli maliyetle kar\u015f\u0131la\u015f\u0131rlar.<\/p>\n<h3>K\u00f6t\u00fc Kesim Kalitesi<\/h3>\n<p>Kalitesiz kompres\u00f6rlerden kaynaklanan dengesiz hava ak\u0131\u015f\u0131, malzemelerin kenarlar\u0131nda yan\u0131k izleri gibi istenmeyen sonu\u00e7lara yol a\u00e7arak, bitmi\u015f \u00fcr\u00fcnlerin g\u00f6r\u00fcn\u00fcm\u00fcn\u00fc olumsuz etkiler. Bu durum sadece esteti\u011fi etklemekle kalmaz, ayn\u0131 zamanda nihai \u00fcr\u00fcn\u00fcn alg\u0131lanan de\u011ferini de d\u00fc\u015f\u00fcr\u00fcr.<\/p>\n<h3>Ekipman Hasar\u0131 Riski<\/h3>\n<p>\u00d6zellikle ya\u011f bazl\u0131 olan kalitesiz kompres\u00f6rler, lazer optiklerini kirletebilecek ya\u011f buhar\u0131 veya nem yayarak \u00f6nemli bir risk olu\u015fturur. Bu kirlenme, maliyetli onar\u0131mlara ve potansiyel iadelere yol a\u00e7arak k\u00e2rlar\u0131 azaltabilir.<\/p>\n<h3>G\u00fcr\u00fclt\u00fcden Cayd\u0131rma<\/h3>\n<p>Geleneksel hava kompres\u00f6rleri olduk\u00e7a g\u00fcr\u00fclt\u00fcl\u00fcd\u00fcr ve bu durum ev ortamlar\u0131nda veya e\u011fitim kurumlar\u0131nda kullan\u0131mlar\u0131n\u0131 s\u0131n\u0131rlamaktad\u0131r. Bu g\u00fcr\u00fclt\u00fc potansiyel m\u00fc\u015fterileri cayd\u0131rabilir ve pazar eri\u015fiminizi daraltabilir.<\/p>\n<h2>3. \u00c7\u00f6z\u00fcm\u00fcm\u00fcz: Profesyonel Hava Destek Sistemini Yeniden Tan\u0131mlamak<\/h2>\n<p>Lazer grav\u00fcr makineleri kullan\u0131c\u0131lar\u0131n\u0131n kar\u015f\u0131la\u015ft\u0131\u011f\u0131 yayg\u0131n sorunlar\u0131 gidermek \u00fczere tasarlanm\u0131\u015f yeni nesil hava destekli kompres\u00f6r\u00fc tan\u0131t\u0131yoruz.<\/p>\n<h3>Ya\u011fs\u0131z ve Susuz Tasar\u0131m<\/h3>\n<p>Kompres\u00f6r\u00fcm\u00fcz, lazer optikleri i\u00e7in 100% koruma standard\u0131na uygun olup, son kullan\u0131c\u0131lar taraf\u0131ndan herhangi bir bak\u0131m gerektirmez. Bu da g\u00f6n\u00fcl rahatl\u0131\u011f\u0131 ve zaman ile kaynaklarda \u00f6nemli tasarruf anlam\u0131na gelir.<\/p>\n<h3>Ultra Sessiz Teknoloji<\/h3>\n<p>\u0130\u00e7 mekan ve ev st\u00fcdyosu uygulamalar\u0131 i\u00e7in tasarlanan kompres\u00f6r\u00fcm\u00fcz, son derece d\u00fc\u015f\u00fck g\u00fcr\u00fclt\u00fc seviyesinde (60 dB'nin alt\u0131nda) \u00e7al\u0131\u015farak kullan\u0131c\u0131 deneyimini \u00f6nemli \u00f6l\u00e7\u00fcde geli\u015ftirir ve daha geni\u015f bir kitle i\u00e7in uygun hale getirir.<\/p>\n<h3>Sa\u011flam Performans<\/h3>\n<p>Dakikada 30 litre gibi istikrarl\u0131 ve g\u00fc\u00e7l\u00fc bir debiye sahip kompres\u00f6r\u00fcm\u00fcz, ah\u015fap ve akrilik gibi kal\u0131n malzemelerin kesimlerinin temiz ve duman veya kurumdan ar\u0131nd\u0131r\u0131lm\u0131\u015f olmas\u0131n\u0131 sa\u011flayarak kaliteyi ve verimlili\u011fi art\u0131r\u0131r.<\/p>\n<h2>4. Kapsaml\u0131 Uyumluluk: Tek Noktadan E\u015fle\u015ftirme<\/h2>\n<p>Hava destekli kompres\u00f6r\u00fcm\u00fcz, xTool, Ortur, Atomstack ve \u00e7e\u015fitli CO2 lazer makineleri de dahil olmak \u00fczere piyasadaki 95%'den fazla pop\u00fcler grav\u00fcr makinesiyle uyumlu olacak \u015fekilde tasarlanm\u0131\u015ft\u0131r.<\/p>\n<h3>Distrib\u00fct\u00f6r Avantajlar\u0131<\/h3>\n<p>Birden fazla makineye uygun tek bir \u00fcr\u00fcn kodu (SKU) sunmak, envanter y\u00fck\u00fcn\u00fcz\u00fc ve birden fazla \u00fcr\u00fcn\u00fc stoklaman\u0131n getirdi\u011fi karma\u015f\u0131kl\u0131\u011f\u0131 \u00f6nemli \u00f6l\u00e7\u00fcde azalt\u0131r. Bu, operasyonlar\u0131 kolayla\u015ft\u0131r\u0131r ve karl\u0131l\u0131\u011f\u0131 art\u0131r\u0131r.<\/p>\n<h2>5. Tedarik Zinciri ve Ortakl\u0131k Avantajlar\u0131<\/h2>\n<p>Sa\u011flam tedarik zincirimiz ve \u00fcretim kapasitemizle gurur duyuyor, her bir \u00fcr\u00fcnde kalite ve g\u00fcvenilirli\u011fi garanti ediyoruz.<\/p>\n<h3>Fabrikan\u0131n G\u00fc\u00e7l\u00fc Y\u00f6nleri<\/h3>\n<p>Titiz kalite kontrol (QC) s\u00fcre\u00e7lerimiz, son derece d\u00fc\u015f\u00fck bir hata oran\u0131 (1%'den az) sa\u011flayarak, iade ve lojistikle ilgili maliyetlerinizden tasarruf etmenizi sa\u011flar.<\/p>\n<h3>\u00d6zelle\u015ftirilebilir Hizmetler (OEM\/ODM)<\/h3>\n<p>\u00c7e\u015fitli \u00fclkeler i\u00e7in \u00f6zelle\u015ftirilebilir logolar, ambalaj tasar\u0131mlar\u0131 ve fi\u015f \u00f6zellikleri ile markala\u015fmay\u0131 destekleyerek, marka kimli\u011finizi etkili bir \u015fekilde olu\u015fturman\u0131z\u0131 sa\u011fl\u0131yoruz.<\/p>\n<h3>Kapsaml\u0131 Sat\u0131\u015f Sonras\u0131 Destek<\/h3>\n<p>H\u0131zl\u0131 teknik m\u00fcdahale ve yedek par\u00e7a bulunabilirli\u011fimiz, m\u00fc\u015fterilerinizin ola\u011fan\u00fcst\u00fc destek almas\u0131n\u0131 sa\u011flayarak markan\u0131za olan g\u00fcvenlerini art\u0131r\u0131r.<\/p>\n<h2>6. Sonu\u00e7 ve Eylem \u00c7a\u011fr\u0131s\u0131<\/h2>\n<p>Sonu\u00e7 olarak, d\u00fc\u015f\u00fck kaliteli aksesuarlar\u0131n \u00fcst d\u00fczey makinelerinizin itibar\u0131n\u0131 zedelemesine izin vermeyin. Ekipman\u0131n\u0131z\u0131n kalitesiyle uyumlu bir kompres\u00f6r se\u00e7mek, performansta m\u00fckemmelli\u011fi korumak i\u00e7in \u00e7ok \u00f6nemlidir.<\/p>\n<p>Numune testleri i\u00e7in veya en g\u00fcncel B2B toptan fiyatlar\u0131n\u0131 \u00f6\u011frenmek i\u00e7in bug\u00fcn bizimle ileti\u015fime ge\u00e7in. \u00dcst\u00fcn hava destekli teknolojiyle i\u015fletmenizi bir \u00fcst seviyeye ta\u015f\u0131ma f\u0131rsat\u0131n\u0131 ka\u00e7\u0131rmay\u0131n.<\/p>\n<p>Bizi ziyaret edin <a href=\"https:\/\/aircompressorforlasercutter.com\/tr\/bize-ulasin\/\">ileti\u015fim sayfam\u0131z<\/a> Daha fazla bilgi edinmek i\u00e7in.<\/p>","protected":false},"excerpt":{"rendered":"<p>Air Assist Compressor for Two Trees TS2 Engraver: The Unsung Hero 1. Background: The Current Market Landscape In the laser engraving industry, most buyers invest significant sums into high-end laser engraving machines, often overlooking a critical accessory: the air assist compressor. This underappreciated component plays a vital role in enhancing the overall performance and longevity [&hellip;]<\/p>","protected":false},"featured_media":455,"comment_status":"open","ping_status":"closed","template":"","meta":{"_et_pb_use_builder":"","_et_pb_old_content":"","_et_gb_content_width":""},"product_brand":[],"product_cat":[1093],"product_tag":[1094],"class_list":{"0":"post-468","1":"product","2":"type-product","3":"status-publish","4":"has-post-thumbnail","6":"product_cat-air-compressor-for-laser-cutter","7":"product_tag-air-compressor-for-laser-cutter","9":"first","10":"instock","11":"shipping-taxable","12":"product-type-simple"},"_links":{"self":[{"href":"https:\/\/aircompressorforlasercutter.com\/tr\/wp-json\/wp\/v2\/product\/468","targetHints":{"allow":["GET"]}}],"collection":[{"href":"https:\/\/aircompressorforlasercutter.com\/tr\/wp-json\/wp\/v2\/product"}],"about":[{"href":"https:\/\/aircompressorforlasercutter.com\/tr\/wp-json\/wp\/v2\/types\/product"}],"replies":[{"embeddable":true,"href":"https:\/\/aircompressorforlasercutter.com\/tr\/wp-json\/wp\/v2\/comments?post=468"}],"wp:featuredmedia":[{"embeddable":true,"href":"https:\/\/aircompressorforlasercutter.com\/tr\/wp-json\/wp\/v2\/media\/455"}],"wp:attachment":[{"href":"https:\/\/aircompressorforlasercutter.com\/tr\/wp-json\/wp\/v2\/media?parent=468"}],"wp:term":[{"taxonomy":"product_brand","embeddable":true,"href":"https:\/\/aircompressorforlasercutter.com\/tr\/wp-json\/wp\/v2\/product_brand?post=468"},{"taxonomy":"product_cat","embeddable":true,"href":"https:\/\/aircompressorforlasercutter.com\/tr\/wp-json\/wp\/v2\/product_cat?post=468"},{"taxonomy":"product_tag","embeddable":true,"href":"https:\/\/aircompressorforlasercutter.com\/tr\/wp-json\/wp\/v2\/product_tag?post=468"}],"curies":[{"name":"wp","href":"https:\/\/api.w.org\/{rel}","templated":true}]}}