{"id":469,"date":"2026-01-14T08:26:18","date_gmt":"2026-01-14T08:26:18","guid":{"rendered":"https:\/\/aircompressorforlasercutter.com\/product\/universal-air-assist-pump-for-diode-laser-machines\/"},"modified":"2026-01-14T08:46:24","modified_gmt":"2026-01-14T08:46:24","slug":"universal-air-assist-pump-for-diode-laser-machines","status":"publish","type":"product","link":"https:\/\/aircompressorforlasercutter.com\/tr\/urun\/diyot-lazer-makineleri-icin-evrensel-hava-destek-pompasi\/","title":{"rendered":"Diyot lazer makineleri i\u00e7in evrensel hava destek pompas\u0131"},"content":{"rendered":"<h1>Diyot Lazer Makineleri i\u00e7in Evrensel Hava Destek Pompas\u0131: G\u00f6r\u00fcnmez Kahraman<\/h1>\n<h2>1. Arka Plan: S\u0131kl\u0131kla G\u00f6zden Ka\u00e7\u0131r\u0131lan Kritik Bir Bile\u015fen<\/h2>\n<p>Lazer grav\u00fcr pazar\u0131n\u0131n rekabet\u00e7i ortam\u0131nda, bir\u00e7ok al\u0131c\u0131 y\u00fcksek kaliteli lazer kesim makinelerine b\u00fcy\u00fck yat\u0131r\u0131mlar yaparken, hayati \u00f6nem ta\u015f\u0131yan bir aksesuar\u0131, yani hava destek pompas\u0131n\u0131 ihmal etmektedir. Bu ihmal, zararl\u0131 olabilir; \u00e7\u00fcnk\u00fc hava deste\u011fi sadece bir ek unsur de\u011fil, hem kesim kalitesini hem de makinenin \u00f6mr\u00fcn\u00fc do\u011frudan etkiler.<\/p>\n<p>Ger\u00e7ek \u015fu ki, en iyi sonu\u00e7lar\u0131 elde etmek i\u00e7in y\u00fcksek performansl\u0131 bir hava destek pompas\u0131 \u015fartt\u0131r. Al\u0131c\u0131lar yaln\u0131zca lazer \u00fcnitesine odakland\u0131klar\u0131nda, operasyonlar\u0131n\u0131 \u00f6nemli \u00f6l\u00e7\u00fcde geli\u015ftirme f\u0131rsat\u0131n\u0131 ka\u00e7\u0131r\u0131rlar; bu da yetersiz sonu\u00e7lara ve artan i\u015fletme maliyetlerine yol a\u00e7ar.<\/p>\n<h2>Temel Bilgi: Hava Deste\u011finin Performansa Do\u011frudan Etkisi<\/h2>\n<p>B2B da\u011f\u0131t\u0131mc\u0131lar\u0131 i\u00e7in \u00fcst\u00fcn bir hava pompas\u0131 se\u00e7mek, \"eksik kesimler\" veya \"hasarl\u0131 lensler\" ile ilgili \u015fikayetlerin azalmas\u0131 ve dolay\u0131s\u0131yla m\u00fc\u015fteri sadakat oranlar\u0131n\u0131n artmas\u0131 anlam\u0131na gelir. Hava destek pompas\u0131, memnun m\u00fc\u015fteriler ile kesim kalitesinden dolay\u0131 hayal k\u0131r\u0131kl\u0131\u011f\u0131na u\u011fray\u0131p rakiplere y\u00f6nelebilecek m\u00fc\u015fteriler aras\u0131ndaki fark\u0131 belirleyebilecek \u00e7ok \u00f6nemli bir unsurdur.<\/p>\n<h2>2. Sorun Noktas\u0131 Analizi: Ucuz Hava Pompalar\u0131n\u0131n Gizli Maliyetleri<\/h2>\n<p>D\u00fc\u015f\u00fck maliyetli hava pompalar\u0131na yat\u0131r\u0131m yapmak, genellikle genel verimlili\u011fi ve karl\u0131l\u0131\u011f\u0131 baltalayabilecek gizli masraflara yol a\u00e7ar:<\/p>\n<h3>K\u00f6t\u00fc Kesim Kalitesi<\/h3>\n<p>Kalitesiz pompalardan kaynaklanan tutars\u0131z hava ak\u0131\u015f\u0131, yanm\u0131\u015f kenarlara ve kesme verimlili\u011finin azalmas\u0131na yol a\u00e7abilir. Bu durum, bitmi\u015f \u00fcr\u00fcn\u00fcn estetik g\u00f6r\u00fcn\u00fcm\u00fcn\u00fc etkilemekle kalmaz, ayn\u0131 zamanda pazarlanabilirli\u011fini de azalt\u0131r. M\u00fc\u015fteriler hassasiyet bekler ve herhangi bir sapma, memnuniyetlerini ve tekrar i\u015f yapma olas\u0131l\u0131klar\u0131n\u0131 etkileyebilir.<\/p>\n<h3>Ekipman Hasar\u0131 Riski<\/h3>\n<p>\u00d6zellikle ya\u011f veya nem yayan kalitesiz hava pompalar\u0131, lazer lenslerini kirletebilir ve bu da maliyetli onar\u0131mlara ve iadelere yol a\u00e7abilir. Bu kirlenme, \u00f6nemli \u00f6l\u00e7\u00fcde ar\u0131za s\u00fcresine ve verimlilik kayb\u0131na neden olarak nihayetinde karl\u0131l\u0131\u011f\u0131 etkileyebilir.<\/p>\n<h3>G\u00fcr\u00fclt\u00fcden Cayd\u0131rma<\/h3>\n<p>Geleneksel hava kompres\u00f6rleri a\u015f\u0131r\u0131 g\u00fcr\u00fclt\u00fc \u00fcretebilir, bu da ev at\u00f6lyelerinde ve e\u011fitim kurumlar\u0131nda kullan\u0131m alanlar\u0131n\u0131 s\u0131n\u0131rlar. Bu g\u00fcr\u00fclt\u00fc sorunu, potansiyel m\u00fc\u015fterilerin yerle\u015fim alanlar\u0131nda g\u00fcr\u00fclt\u00fcl\u00fc makineleri \u00e7al\u0131\u015ft\u0131rmaktan ka\u00e7\u0131nmas\u0131 nedeniyle \u00fcr\u00fcnlerinizin pazar\u0131n\u0131 daralt\u0131r.<\/p>\n<h2>3. \u00c7\u00f6z\u00fcm\u00fcm\u00fcz: Profesyonel D\u00fczeyde Hava Destek Sistemini Yeniden Tan\u0131mlamak<\/h2>\n<p>Piyasada mevcut zorluklar\u0131n \u00fcstesinden gelmek i\u00e7in tasarlanm\u0131\u015f, \u00e7\u0131\u011f\u0131r a\u00e7an bir hava destekli pompa sunuyoruz:<\/p>\n<h3>Ya\u011fs\u0131z ve Susuz Tasar\u0131m<\/h3>\n<p>Evrensel hava destekli pompam\u0131z, lazer lensleri i\u00e7in tam koruma sa\u011flayan, ya\u011fs\u0131z ve susuz 100% tasar\u0131m\u0131na sahiptir. Bu, son kullan\u0131c\u0131lar\u0131n bak\u0131m ihtiyac\u0131n\u0131 ortadan kald\u0131rarak, onlara sorunsuz bir deneyim sunarken ekipmanlar\u0131n\u0131n \u00f6mr\u00fcn\u00fc de uzat\u0131r.<\/p>\n<h3>Ultra Sessiz Teknoloji<\/h3>\n<p>\u00d6zellikle i\u00e7 mekan ve ev st\u00fcdyosu kullan\u0131m\u0131 i\u00e7in tasarlanan hava destekli pompam\u0131z, son derece d\u00fc\u015f\u00fck g\u00fcr\u00fclt\u00fc seviyesinde (&lt;60dB) \u00e7al\u0131\u015farak kullan\u0131c\u0131 deneyimini iyile\u015ftirir. Bu \u00f6zellik, evde kendin yap projeleri ve e\u011fitim pazarlar\u0131nda yeni f\u0131rsatlar yaratarak daha geni\u015f uygulama alanlar\u0131 ve m\u00fc\u015fteri eri\u015fimi sa\u011flar.<\/p>\n<h3>Sa\u011flam Performans<\/h3>\n<p>Dakikada 30 litre gibi tutarl\u0131 ve g\u00fc\u00e7l\u00fc bir debi sa\u011flayan pompam\u0131z, kal\u0131n ah\u015fap veya akrilik malzemelerle \u00e7al\u0131\u015f\u0131rken bile temiz ve dumans\u0131z kesimler garanti eder. Kullan\u0131c\u0131lar, projelerinin y\u00fcksek standartlara uygun olaca\u011f\u0131na g\u00fcvenebilir, bu da memnuniyeti ve tekrar i\u015f yapma olas\u0131l\u0131\u011f\u0131n\u0131 art\u0131r\u0131r.<\/p>\n<h2>4. Kapsaml\u0131 Uyumluluk: Tek Noktadan E\u015fle\u015ftirme \u00c7\u00f6z\u00fcm\u00fc<\/h2>\n<p>Hava destekli pompam\u0131z, xTool, Ortur, Atomstack ve \u00e7e\u015fitli CO2 lazer makineleri de dahil olmak \u00fczere piyasadaki ana ak\u0131m modellerin 95%'siyle sorunsuz bir \u015fekilde entegre olacak \u015fekilde tasarlanm\u0131\u015ft\u0131r. Bu kapsaml\u0131 uyumluluk, distrib\u00fct\u00f6rlerin birden fazla \u00fcr\u00fcn \u00e7e\u015fidini y\u00f6netme y\u00fck\u00fc olmadan \u00e7e\u015fitli m\u00fc\u015fteri ihtiya\u00e7lar\u0131n\u0131 kar\u015f\u0131layabilmelerini sa\u011flar.<\/p>\n<h3>Distrib\u00fct\u00f6rler i\u00e7in Faydalar<\/h3>\n<p>\"Tek bir \u00fcr\u00fcn kodunun birden fazla makineye uyum sa\u011flamas\u0131\" \u00f6zelli\u011fiyle \u00e7\u00f6z\u00fcm\u00fcm\u00fcz, da\u011f\u0131t\u0131mc\u0131lar i\u00e7in stok bask\u0131s\u0131n\u0131 ve karma\u015f\u0131kl\u0131\u011f\u0131n\u0131 \u00f6nemli \u00f6l\u00e7\u00fcde azaltarak, \u00e7ok \u00e7e\u015fitli m\u00fc\u015fterilere hizmet verirken stok seviyelerini korumak i\u00e7in verimli bir se\u00e7enek haline geliyor.<\/p>\n<h2>5. Tedarik Zinciri ve Ortakl\u0131k Avantajlar\u0131<\/h2>\n<p>Kaliteye ve m\u00fc\u015fteri memnuniyetine olan ba\u011fl\u0131l\u0131\u011f\u0131m\u0131z bizi sekt\u00f6rde farkl\u0131 k\u0131l\u0131yor:<\/p>\n<h3>Fabrika Sert G\u00fcc\u00fc<\/h3>\n<p>Son derece d\u00fc\u015f\u00fck hata oran\u0131 (&lt;1%) garantisi veren, iadeleri ve lojistik maliyetlerini en aza indiren s\u0131k\u0131 kalite kontrol s\u00fcre\u00e7leri uygulad\u0131k. G\u00fcvenilirli\u011fimiz, m\u00fc\u015fterilerinize sundu\u011funuz \u00fcr\u00fcnlere g\u00fcvenebilece\u011finizi garanti eder.<\/p>\n<h3>\u00d6zelle\u015ftirilebilir Hizmetler (OEM\/ODM)<\/h3>\n<p>Marka logosu tasar\u0131m\u0131, ambalaj \u00e7\u00f6z\u00fcmleri ve farkl\u0131 \u00fclkelere uygun fi\u015f \u00f6zellikleri de dahil olmak \u00fczere \u00f6zelle\u015ftirilmi\u015f hizmetler sunuyoruz. Bu esneklik, yerel pazar taleplerini kar\u015f\u0131larken g\u00fc\u00e7l\u00fc bir marka kimli\u011fi olu\u015fturman\u0131za olanak tan\u0131r.<\/p>\n<h3>Sat\u0131\u015f Sonras\u0131 Destek<\/h3>\n<p>Ekibimiz, h\u0131zl\u0131 teknik destek ve par\u00e7a tedarik yetenekleri sunarak, her t\u00fcrl\u00fc sorunun derhal \u00e7\u00f6z\u00fclmesini sa\u011flar ve m\u00fc\u015fterilerinizle g\u00fcvene dayal\u0131 ve uzun vadeli ili\u015fkiler kurulmas\u0131na katk\u0131da bulunur.<\/p>\n<h2>6. Sonu\u00e7 ve Eylem \u00c7a\u011fr\u0131s\u0131<\/h2>\n<p>D\u00fc\u015f\u00fck kaliteli aksesuarlar\u0131n, \u00fcst d\u00fczey lazer makinelerinizin itibar\u0131n\u0131 zedelemesine izin vermeyin. Optimum performans sa\u011flamak i\u00e7in ekipman\u0131n\u0131z\u0131n kalitesine uygun bir hava destek pompas\u0131 se\u00e7in.<\/p>\n<p>\u00dcr\u00fcn test numuneleri i\u00e7in veya en g\u00fcncel B2B toptan fiyatland\u0131rmas\u0131n\u0131 \u00f6\u011frenmek i\u00e7in bug\u00fcn bizimle ileti\u015fime ge\u00e7in. Evrensel hava destekli pompam\u0131zla \u00fcr\u00fcn yelpazenizi geni\u015fletmeye ve m\u00fc\u015fteri memnuniyetini art\u0131rmaya y\u00f6nelik ilk ad\u0131m\u0131 at\u0131n.<\/p>\n<p>Sorular\u0131n\u0131z i\u00e7in l\u00fctfen ziyaret edin. <a href=\"https:\/\/aircompressorforlasercutter.com\/tr\/bize-ulasin\/\">bu ba\u011flant\u0131<\/a>.<\/p>","protected":false},"excerpt":{"rendered":"<p>Universal Air Assist Pump for Diode Laser Machines: The Unsung Hero 1. Background: A Critical Component Often Overlooked In the competitive landscape of the laser engraving market, many buyers invest heavily in high-end laser cutting machines while neglecting a crucial accessory: the air assist pump. This oversight can be detrimental, as air assist is not [&hellip;]<\/p>","protected":false},"featured_media":455,"comment_status":"open","ping_status":"closed","template":"","meta":{"_et_pb_use_builder":"","_et_pb_old_content":"","_et_gb_content_width":""},"product_brand":[],"product_cat":[1093],"product_tag":[1095],"class_list":{"0":"post-469","1":"product","2":"type-product","3":"status-publish","4":"has-post-thumbnail","6":"product_cat-air-compressor-for-laser-cutter","7":"product_tag-air-compressor-for-laser-cutter-price","9":"first","10":"instock","11":"shipping-taxable","12":"product-type-simple"},"_links":{"self":[{"href":"https:\/\/aircompressorforlasercutter.com\/tr\/wp-json\/wp\/v2\/product\/469","targetHints":{"allow":["GET"]}}],"collection":[{"href":"https:\/\/aircompressorforlasercutter.com\/tr\/wp-json\/wp\/v2\/product"}],"about":[{"href":"https:\/\/aircompressorforlasercutter.com\/tr\/wp-json\/wp\/v2\/types\/product"}],"replies":[{"embeddable":true,"href":"https:\/\/aircompressorforlasercutter.com\/tr\/wp-json\/wp\/v2\/comments?post=469"}],"wp:featuredmedia":[{"embeddable":true,"href":"https:\/\/aircompressorforlasercutter.com\/tr\/wp-json\/wp\/v2\/media\/455"}],"wp:attachment":[{"href":"https:\/\/aircompressorforlasercutter.com\/tr\/wp-json\/wp\/v2\/media?parent=469"}],"wp:term":[{"taxonomy":"product_brand","embeddable":true,"href":"https:\/\/aircompressorforlasercutter.com\/tr\/wp-json\/wp\/v2\/product_brand?post=469"},{"taxonomy":"product_cat","embeddable":true,"href":"https:\/\/aircompressorforlasercutter.com\/tr\/wp-json\/wp\/v2\/product_cat?post=469"},{"taxonomy":"product_tag","embeddable":true,"href":"https:\/\/aircompressorforlasercutter.com\/tr\/wp-json\/wp\/v2\/product_tag?post=469"}],"curies":[{"name":"wp","href":"https:\/\/api.w.org\/{rel}","templated":true}]}}