{"id":470,"date":"2026-01-14T08:26:18","date_gmt":"2026-01-14T08:26:18","guid":{"rendered":"https:\/\/aircompressorforlasercutter.com\/product\/ultra-quiet-air-compressor-for-indoor-laser-engraving\/"},"modified":"2026-01-14T08:46:04","modified_gmt":"2026-01-14T08:46:04","slug":"ultra-quiet-air-compressor-for-indoor-laser-engraving","status":"publish","type":"product","link":"https:\/\/aircompressorforlasercutter.com\/tr\/urun\/ic-mekan-lazer-gravur-islemleri-icin-ultra-sessiz-hava-kompresoru\/","title":{"rendered":"\u0130\u00e7 mekan lazer grav\u00fcr i\u015flemleri i\u00e7in ultra sessiz hava kompres\u00f6r\u00fc"},"content":{"rendered":"<h1>\u0130\u00e7 Mekan Lazer Grav\u00fcr \u0130\u00e7in Ultra Sessiz Hava Kompres\u00f6r\u00fc<\/h1>\n<h2>Lazer Grav\u00fcr\u00fcn G\u00f6r\u00fcnmez Kahraman\u0131<\/h2>\n<p>Lazer grav\u00fcr\u00fcn h\u0131zla geli\u015fen pazar\u0131nda, al\u0131c\u0131lar genellikle y\u00fcksek kaliteli makinelere \u00f6nemli miktarda yat\u0131r\u0131m yaparken, genel performans\u0131 \u00f6nemli \u00f6l\u00e7\u00fcde etkileyen kritik hava pompas\u0131n\u0131 g\u00f6z ard\u0131 etme e\u011filimindedirler. Bu ihmal, grav\u00fcr i\u015fleminin kalitesini ve \u00f6mr\u00fcn\u00fc azaltan \u00e7ok say\u0131da operasyonel soruna yol a\u00e7abilir. Hava beslemesi sadece bir aksesuar de\u011fildir; hem kesim kalitesini hem de makinenin \u00f6mr\u00fcn\u00fc belirlemede \u00e7ok \u00f6nemli bir rol oynar ve bu da herhangi bir B2B ili\u015fkisi i\u00e7in hayati \u00f6neme sahiptir.<\/p>\n<h2>Piyasa Ortam\u0131n\u0131 Anlamak<\/h2>\n<p>\u00c7o\u011fu i\u015fletme geli\u015fmi\u015f lazer kesim ekipmanlar\u0131 edinmeye odaklan\u0131rken, hava kompres\u00f6r\u00fc ikinci planda kalmaktad\u0131r. Ancak ger\u00e7ek \u015fu ki, hava deste\u011fi kesim kalitesini ve operasyonel verimlili\u011fi do\u011frudan etkiler. Distrib\u00fct\u00f6rler i\u00e7in, \u00fcst\u00fcn bir hava pompas\u0131 se\u00e7mek, yetersiz kesim performans\u0131 veya hasarl\u0131 lenslerle ilgili m\u00fc\u015fteri \u015fikayetlerinin azalmas\u0131na ve sonu\u00e7 olarak daha y\u00fcksek m\u00fc\u015fteri sadakati oranlar\u0131na yol a\u00e7ar.<\/p>\n<h2>D\u00fc\u015f\u00fck Kaliteli Hava Pompalar\u0131n\u0131n Sorunlu Noktalar\u0131<\/h2>\n<p>Daha ucuz hava kompres\u00f6rlerini tercih etmek cazip gelse de, kalitesiz ekipmanlarla ili\u015fkili gizli maliyetler zararl\u0131 olabilir:<\/p>\n<h3>K\u00f6t\u00fc Kesim Kalitesi<\/h3>\n<p>D\u00fc\u015f\u00fck maliyetli hava pompalar\u0131ndan kaynaklanan dengesiz hava ak\u0131\u015f\u0131, malzemelerin kenarlar\u0131nda kararma veya yan\u0131k olu\u015fmas\u0131na yol a\u00e7arak nihai \u00fcr\u00fcnlerin estetik g\u00f6r\u00fcn\u00fcm\u00fcn\u00fc olumsuz etkileyebilir. Bu durum, m\u00fc\u015fterilerin hayal k\u0131r\u0131kl\u0131\u011f\u0131na u\u011framas\u0131na ve i\u015f f\u0131rsatlar\u0131n\u0131n kaybedilmesine neden olabilir.<\/p>\n<h3>Ekipman Hasar\u0131 Riski<\/h3>\n<p>D\u00fc\u015f\u00fck kaliteli hava kompres\u00f6rleri, \u00f6zellikle ya\u011f kullananlar, ya\u011f buhar\u0131 veya nem p\u00fcsk\u00fcrterek lazer lenslerini kirletebilir. Bu durum, maliyetli onar\u0131mlar\u0131n olas\u0131l\u0131\u011f\u0131n\u0131 art\u0131rmakla kalmaz, ayn\u0131 zamanda \u00fcr\u00fcn iadelerine de yol a\u00e7arak karl\u0131l\u0131\u011f\u0131 daha da olumsuz etkileyebilir.<\/p>\n<h3>G\u00fcr\u00fclt\u00fc Engelleyici<\/h3>\n<p>Geleneksel hava kompres\u00f6rleri genellikle a\u015f\u0131r\u0131 derecede g\u00fcr\u00fclt\u00fcl\u00fcd\u00fcr; bu durum ev kullan\u0131c\u0131lar\u0131n\u0131 ve e\u011fitim ama\u00e7l\u0131 at\u00f6lyeleri lazer grav\u00fcr teknolojisinden uzakla\u015ft\u0131rarak potansiyel sat\u0131\u015f pazarlar\u0131n\u0131 s\u0131n\u0131rlayabilir.<\/p>\n<h2>\u00c7\u00f6z\u00fcm\u00fcm\u00fcz: Profesyonel Hava Yard\u0131m\u0131n\u0131 Yeniden Tan\u0131mlamak<\/h2>\n<p>Ever-power olarak, profesyonel d\u00fczeyde hava deste\u011finin ne olmas\u0131 gerekti\u011fini yeniden tan\u0131mlayan bir hava kompres\u00f6r\u00fc sunuyoruz:<\/p>\n<h3>Ya\u011fs\u0131z ve Susuz Tasar\u0131m<\/h3>\n<p>Ultra sessiz hava kompres\u00f6r\u00fcm\u00fcz, lazer lensleri i\u00e7in tam koruma sa\u011flayan 100% ya\u011fs\u0131z ve susuz tasar\u0131ma sahiptir. Bu, son kullan\u0131c\u0131lar\u0131n bak\u0131m veya kirlenme konusunda endi\u015felenmelerine gerek kalmayaca\u011f\u0131 i\u00e7in benzersiz bir g\u00f6n\u00fcl rahatl\u0131\u011f\u0131na sahip olacaklar\u0131 anlam\u0131na gelir.<\/p>\n<h3>Ultra Sessiz Teknoloji<\/h3>\n<p>\u0130\u00e7 mekan ve ev st\u00fcdyosu ortamlar\u0131 i\u00e7in \u00f6zel olarak tasarlanan kompres\u00f6r\u00fcm\u00fcz, g\u00fcr\u00fclt\u00fc seviyesini 60 dB'nin alt\u0131nda tutarak kullan\u0131c\u0131 deneyimini \u00f6nemli \u00f6l\u00e7\u00fcde geli\u015ftirir. Bu, yarat\u0131c\u0131l\u0131k ve verimlilik i\u00e7in daha elveri\u015fli bir \u00e7al\u0131\u015fma ortam\u0131 sa\u011flar.<\/p>\n<h3>G\u00fc\u00e7l\u00fc Performans<\/h3>\n<p>Dakikada 30 litre gibi y\u00fcksek bir ak\u0131\u015f h\u0131z\u0131 sa\u011flayan kompres\u00f6r\u00fcm\u00fcz, \u00f6zellikle ah\u015fap veya akrilik gibi kal\u0131n malzemeleri keserken \u00e7ok \u00f6nemli olan tutarl\u0131 ve istikrarl\u0131 bir hava ak\u0131\u015f\u0131 sa\u011flar. Bu, duman veya kal\u0131nt\u0131 b\u0131rakmadan temiz kesimler garanti ederek kaliteyi ve verimlili\u011fi art\u0131r\u0131r.<\/p>\n<h2>Geni\u015f Uyumluluk: Tek Noktadan \u00c7\u00f6z\u00fcm<\/h2>\n<p>Hava kompres\u00f6r\u00fcm\u00fcz, xTool, Ortur, Atomstack ve \u00e7e\u015fitli CO2 lazer sistemleri gibi piyasadaki ana ak\u0131m lazer grav\u00fcr makinelerinin 95% modelleriyle sorunsuz bir \u015fekilde entegre olacak \u015fekilde tasarlanm\u0131\u015ft\u0131r.<\/p>\n<h3>Distrib\u00fct\u00f6r Avantajlar\u0131<\/h3>\n<p>Hava kompres\u00f6r\u00fcm\u00fcz\u00fc tercih ederek, distrib\u00fct\u00f6rler stok bask\u0131s\u0131n\u0131 azaltabilirler, \u00e7\u00fcnk\u00fc tek bir \u00fcr\u00fcn kodu birden fazla makineyle uyumludur. Bu, stok y\u00f6netimini basitle\u015ftirir ve tedarik zincirlerini kolayla\u015ft\u0131r\u0131r.<\/p>\n<h2>Tedarik Zinciri ve Ortakl\u0131k Avantajlar\u0131<\/h2>\n<p>Sa\u011flam bir \u00fcretim altyap\u0131s\u0131na sahip olan Ever-power, 'den daha d\u00fc\u015f\u00fck bir ar\u0131za oran\u0131yla sonu\u00e7lanan s\u0131k\u0131 kalite kontrol s\u00fcre\u00e7leri sa\u011flar. Bu, iade ve de\u011fi\u015fimlerle ilgili lojistik maliyetlerini en aza indirir.<\/p>\n<h3>\u00d6zelle\u015ftirilebilir Hizmetler<\/h3>\n<p>\u0130\u015fletmelerin benzersiz marka kimliklerini olu\u015fturmalar\u0131na yard\u0131mc\u0131 olmak amac\u0131yla, farkl\u0131 pazarlara uygun marka logolar\u0131, ambalaj tasar\u0131mlar\u0131 ve fi\u015f \u00f6zelliklerinin \u00f6zelle\u015ftirilmesine olanak tan\u0131yan kapsaml\u0131 OEM\/ODM hizmetleri sunuyoruz.<\/p>\n<h3>Sat\u0131\u015f Sonras\u0131 Destek<\/h3>\n<p>Taahh\u00fcd\u00fcm\u00fcz sat\u0131\u015f\u0131n \u00f6tesine uzanarak, ortaklar\u0131m\u0131z\u0131n operasyonel verimliliklerini s\u00fcrd\u00fcrebilmeleri i\u00e7in h\u0131zl\u0131 teknik yan\u0131tlar ve yedek par\u00e7a temini sa\u011flamay\u0131 da kapsamaktad\u0131r.<\/p>\n<p>D\u00fc\u015f\u00fck kaliteli bile\u015fenlerin, \u00fcst d\u00fczey makinelerinizin itibar\u0131n\u0131 zedelemesine izin vermeyin. Ekipman\u0131n\u0131z\u0131n kalitesine uygun bir hava kompres\u00f6r\u00fc se\u00e7in. Numune testi i\u00e7in veya en g\u00fcncel B2B toptan fiyatlar\u0131m\u0131z\u0131 almak i\u00e7in bug\u00fcn bizimle ileti\u015fime ge\u00e7menizi rica ediyoruz. Birlikte, \u00fcr\u00fcn yelpazenizi geli\u015ftirelim ve m\u00fc\u015fterilerinizin memnuniyetini sa\u011flayal\u0131m.<\/p>\n<p><a href=\"https:\/\/aircompressorforlasercutter.com\/tr\/bize-ulasin\/\">Bize Ula\u015f\u0131n<\/a> Daha fazla bilgi almak ve i\u015fletmenizin potansiyelini art\u0131rmak i\u00e7in.<\/p>","protected":false},"excerpt":{"rendered":"<p>Ultra Quiet Air Compressor for Indoor Laser Engraving The Unsung Hero of Laser Engraving In the bustling market of laser engraving, buyers often invest substantial amounts in high-quality machines, yet tend to overlook the crucial air pump that significantly impacts overall performance. This oversight can lead to a myriad of operational issues that diminish the [&hellip;]<\/p>","protected":false},"featured_media":455,"comment_status":"open","ping_status":"closed","template":"","meta":{"_et_pb_use_builder":"","_et_pb_old_content":"","_et_gb_content_width":""},"product_brand":[],"product_cat":[1093],"product_tag":[1096],"class_list":{"0":"post-470","1":"product","2":"type-product","3":"status-publish","4":"has-post-thumbnail","6":"product_cat-air-compressor-for-laser-cutter","7":"product_tag-air-compressor-for-laser-cutter-cost","9":"first","10":"instock","11":"shipping-taxable","12":"product-type-simple"},"_links":{"self":[{"href":"https:\/\/aircompressorforlasercutter.com\/tr\/wp-json\/wp\/v2\/product\/470","targetHints":{"allow":["GET"]}}],"collection":[{"href":"https:\/\/aircompressorforlasercutter.com\/tr\/wp-json\/wp\/v2\/product"}],"about":[{"href":"https:\/\/aircompressorforlasercutter.com\/tr\/wp-json\/wp\/v2\/types\/product"}],"replies":[{"embeddable":true,"href":"https:\/\/aircompressorforlasercutter.com\/tr\/wp-json\/wp\/v2\/comments?post=470"}],"wp:featuredmedia":[{"embeddable":true,"href":"https:\/\/aircompressorforlasercutter.com\/tr\/wp-json\/wp\/v2\/media\/455"}],"wp:attachment":[{"href":"https:\/\/aircompressorforlasercutter.com\/tr\/wp-json\/wp\/v2\/media?parent=470"}],"wp:term":[{"taxonomy":"product_brand","embeddable":true,"href":"https:\/\/aircompressorforlasercutter.com\/tr\/wp-json\/wp\/v2\/product_brand?post=470"},{"taxonomy":"product_cat","embeddable":true,"href":"https:\/\/aircompressorforlasercutter.com\/tr\/wp-json\/wp\/v2\/product_cat?post=470"},{"taxonomy":"product_tag","embeddable":true,"href":"https:\/\/aircompressorforlasercutter.com\/tr\/wp-json\/wp\/v2\/product_tag?post=470"}],"curies":[{"name":"wp","href":"https:\/\/api.w.org\/{rel}","templated":true}]}}