{"id":471,"date":"2026-01-14T08:26:18","date_gmt":"2026-01-14T08:26:18","guid":{"rendered":"https:\/\/aircompressorforlasercutter.com\/product\/oil-free-air-compressor-for-laser-optics-protection\/"},"modified":"2026-01-14T08:45:27","modified_gmt":"2026-01-14T08:45:27","slug":"oil-free-air-compressor-for-laser-optics-protection","status":"publish","type":"product","link":"https:\/\/aircompressorforlasercutter.com\/tr\/urun\/lazer-optiklerinin-korunmasi-icin-yagsiz-hava-kompresoru\/","title":{"rendered":"Lazer optiklerinin korunmas\u0131 i\u00e7in ya\u011fs\u0131z hava kompres\u00f6r\u00fc"},"content":{"rendered":"<h1>Lazer Optiklerinin Korunmas\u0131 i\u00e7in Ya\u011fs\u0131z Hava Kompres\u00f6r\u00fc<\/h1>\n<h2>Sahne Arkas\u0131ndaki G\u00f6r\u00fcnmez Kahraman<\/h2>\n<p>Lazer kesim ve grav\u00fcr sekt\u00f6r\u00fcnde, al\u0131c\u0131lar genellikle y\u00fcksek kaliteli makinelere \u00f6nemli kaynaklar yat\u0131r\u0131rlar, ancak s\u0131kl\u0131kla kritik bir bile\u015feni g\u00f6zden ka\u00e7\u0131r\u0131rlar: hava kompres\u00f6r\u00fc. Bu ihmal, \u00f6nemli performans sorunlar\u0131na yol a\u00e7abilir ve nihayetinde bitmi\u015f \u00fcr\u00fcnlerin kalitesini etkileyebilir. Hava deste\u011finin rol\u00fc sadece ek bir aksesuar de\u011fildir; hem kesim kalitesini hem de makine \u00f6mr\u00fcn\u00fc do\u011frudan etkileyen \u00e7ok \u00f6nemli bir fakt\u00f6rd\u00fcr.<\/p>\n<h2>Pazar Genel Bak\u0131\u015f\u0131: \u0130hmalin Gizli Maliyetleri<\/h2>\n<p>Lazer ekipman pazar\u0131ndaki g\u00fc\u00e7l\u00fc b\u00fcy\u00fcmeye ra\u011fmen, bir\u00e7ok i\u015fletme lazer kesicilerinin performans\u0131n\u0131n hava beslemesinin kalitesiyle yak\u0131ndan ili\u015fkili oldu\u011funu fark edemiyor. G\u00fcvenilir bir hava kompres\u00f6r\u00fc, kesme hassasiyetini \u00f6nemli \u00f6l\u00e7\u00fcde art\u0131rabilir ve ekipman\u0131n \u00e7al\u0131\u015fma \u00f6mr\u00fcn\u00fc uzatabilir.<\/p>\n<h3>B2B M\u00fc\u015fterileri i\u00e7in Temel Bilgiler<\/h3>\n<p>Da\u011f\u0131t\u0131mc\u0131lar i\u00e7in, y\u00fcksek kaliteli bir hava pompas\u0131 se\u00e7mek, \"yetersiz kesim\" veya \"hasarl\u0131 lensler\" gibi sorunlarla ilgili m\u00fc\u015fteri \u015fikayetlerinin azalmas\u0131 anlam\u0131na gelir. Bu iyile\u015fme, m\u00fc\u015fteri sadakatini ve memnuniyet oranlar\u0131n\u0131 art\u0131rarak i\u015fletmenizi kaliteli \u00e7\u00f6z\u00fcmler sunan bir sa\u011flay\u0131c\u0131 olarak konumland\u0131r\u0131r.<\/p>\n<h2>Sorun Noktalar\u0131 Analizi: Ucuz Hava Pompalar\u0131n\u0131n Gizli Maliyetleri<\/h2>\n<h3>K\u00f6t\u00fc Kesim Kalitesi<\/h3>\n<p>Ucuz hava kompres\u00f6rleri genellikle dengesiz hava ak\u0131\u015f\u0131 sa\u011flar ve bu da tatmin edici olmayan kesme sonu\u00e7lar\u0131na yol a\u00e7ar. Bu dengesizlik, malzemelerin kenarlar\u0131n\u0131n yanmas\u0131na ve kesme verimlili\u011finin azalmas\u0131na neden olarak, nihai \u00fcr\u00fcnlerin estetik g\u00f6r\u00fcn\u00fcm\u00fcn\u00fc olumsuz etkileyebilir.<\/p>\n<h3>Ekipman Hasar\u0131 Riski<\/h3>\n<p>D\u00fc\u015f\u00fck kaliteli hava pompalar\u0131, \u00f6zellikle ya\u011f dolu olanlar, lazer optikleri i\u00e7in \u00f6nemli bir risk olu\u015fturur. Lazer merce\u011fini kirleten ya\u011f buhar\u0131 veya nem p\u00fcsk\u00fcrtebilirler; bu da pahal\u0131 onar\u0131mlara ve potansiyel iadelere yol a\u00e7abilir. Maliyet etkileri h\u0131zla artabilir ve \u015firketinizin itibar\u0131n\u0131 zedeleyebilir.<\/p>\n<h3>G\u00fcr\u00fclt\u00fcden Cayd\u0131rma<\/h3>\n<p>Geleneksel hava kompres\u00f6rleri, ev kullan\u0131c\u0131lar\u0131 ve e\u011fitim ortamlar\u0131 i\u00e7in kabul edilebilir ses seviyelerini s\u0131kl\u0131kla a\u015fan, olduk\u00e7a g\u00fcr\u00fclt\u00fcl\u00fc cihazlard\u0131r. Bu g\u00fcr\u00fclt\u00fc kirlili\u011fi, pazar f\u0131rsatlar\u0131n\u0131 s\u0131n\u0131rlamakta ve kendin yap projeleri veya e\u011fitim uygulamalar\u0131yla ilgilenen potansiyel m\u00fc\u015fteri segmentini uzakla\u015ft\u0131rmaktad\u0131r.<\/p>\n<h2>Yenilik\u00e7i \u00c7\u00f6z\u00fcm\u00fcm\u00fcz: Profesyonel Hava Yard\u0131m\u0131n\u0131 Yeniden Tan\u0131mlamak<\/h2>\n<h3>Ya\u011fs\u0131z ve Susuz Tasar\u0131m<\/h3>\n<p>Ya\u011fs\u0131z ve susuz hava kompres\u00f6r\u00fcm\u00fcz, lazer optikleri i\u00e7in 100% koruma standard\u0131 sa\u011flayarak son kullan\u0131c\u0131lar\u0131n ekipmanlar\u0131n\u0131 s\u00fcrekli bak\u0131m endi\u015fesi duymadan kullanmalar\u0131na olanak tan\u0131r. Bu da g\u00f6n\u00fcl rahatl\u0131\u011f\u0131 ve sorunsuz bir operasyonel i\u015f ak\u0131\u015f\u0131 anlam\u0131na gelir.<\/p>\n<h3>Ultra Sessiz Teknoloji<\/h3>\n<p>\u0130\u00e7 mekan ortamlar\u0131 ve ev st\u00fcdyolar\u0131 i\u00e7in \u00f6zel olarak tasarlanan kompres\u00f6r\u00fcm\u00fcz, 60 dB'den daha d\u00fc\u015f\u00fck, etkileyici derecede d\u00fc\u015f\u00fck bir g\u00fcr\u00fclt\u00fc seviyesinde \u00e7al\u0131\u015f\u0131r. Bu ultra sessiz performans, kullan\u0131c\u0131 deneyimini geli\u015ftirir ve \u00e7e\u015fitli uygulamalar i\u00e7in uygun hale getirir.<\/p>\n<h3>Sa\u011flam Performans<\/h3>\n<p>Dakikada 30 litre gibi s\u00fcrekli y\u00fcksek hava ak\u0131\u015f h\u0131z\u0131yla, hava kompres\u00f6r\u00fcm\u00fcz kontrplak veya akrilik gibi daha kal\u0131n malzemelerle \u00e7al\u0131\u015f\u0131rken bile temiz ve dumans\u0131z kesimler garanti eder. \u00dcr\u00fcn\u00fcm\u00fcz\u00fcn g\u00fcvenilirli\u011fi, \u00fcst\u00fcn kesim sonu\u00e7lar\u0131na yol a\u00e7arak m\u00fc\u015fteri memnuniyetini sa\u011flar.<\/p>\n<h2>Geni\u015f Uyumluluk: Tek Noktadan \u00c7\u00f6z\u00fcm<\/h2>\n<h3>Geni\u015f Uygulama Alan\u0131<\/h3>\n<p>Hava kompres\u00f6r\u00fcm\u00fcz, xTool, Ortur, Atomstack ve \u00e7e\u015fitli CO2 lazer makineleri de dahil olmak \u00fczere piyasadaki \u00f6nde gelen lazer kesim makinelerinin 95% modeliyle sorunsuz bir \u015fekilde entegre olacak \u015fekilde tasarlanm\u0131\u015ft\u0131r. Bu \u00e7ok y\u00f6nl\u00fcl\u00fck, distrib\u00fct\u00f6rler i\u00e7in stok y\u00f6netimini kolayla\u015ft\u0131r\u0131r.<\/p>\n<h3>Distrib\u00fct\u00f6r Avantajlar\u0131<\/h3>\n<p>Birden fazla makineye uygun tek bir \u00fcr\u00fcn kodu (SKU) sunmak, envanter y\u00fck\u00fcn\u00fcz\u00fc \u00f6nemli \u00f6l\u00e7\u00fcde azalt\u0131r ve stoklama s\u00fcre\u00e7lerini basitle\u015ftirir. Bu stratejik avantaj, i\u015fletmenizin piyasa taleplerine h\u0131zl\u0131 bir \u015fekilde yan\u0131t vermesini sa\u011flar.<\/p>\n<h2>Tedarik Zinciri ve Ortakl\u0131k Avantajlar\u0131<\/h2>\n<h3>Fabrika G\u00fcc\u00fc<\/h3>\n<p>\u00dcretim s\u00fcrecimiz, son derece d\u00fc\u015f\u00fck bir hata oran\u0131 (1%'den az) sa\u011flayan s\u0131k\u0131 kalite kontrol protokollerine uymaktad\u0131r. Bu kalite g\u00fcvencesi, iade ve de\u011fi\u015fimlerle ilgili lojistik maliyetlerinden tasarruf etmenizi sa\u011flar.<\/p>\n<h3>\u00d6zelle\u015ftirme Hizmetleri (OEM\/ODM)<\/h3>\n<p>\u00d6zel logo yerle\u015fimi, ambalaj tasar\u0131m\u0131 ve d\u00fcnya \u00e7ap\u0131ndaki \u00e7e\u015fitli fi\u015f \u00f6zelliklerine uyarlama dahil olmak \u00fczere, size \u00f6zel hizmetler sunuyoruz. Bu esneklik, pazarda kendi marka kimli\u011finizi olu\u015fturman\u0131za olanak tan\u0131r.<\/p>\n<h3>Sat\u0131\u015f Sonras\u0131 Destek<\/h3>\n<p>M\u00fc\u015fteri hizmetlerine olan ba\u011fl\u0131l\u0131\u011f\u0131m\u0131z, h\u0131zl\u0131 teknik yan\u0131t s\u00fcreleri ve g\u00fcvenilir yedek par\u00e7a tedarikini i\u00e7ererek operasyonlar\u0131n\u0131z\u0131n kesintisiz devam etmesini sa\u011flar.<\/p>\n<h2>Sonu\u00e7 ve Eylem \u00c7a\u011fr\u0131s\u0131<\/h2>\n<p>Y\u00fcksek kaliteli makinelerinizin itibar\u0131n\u0131 d\u00fc\u015f\u00fck kaliteli bile\u015fenlerin zedelemesine izin vermeyin. \u0130\u015fletmenizin ba\u015far\u0131s\u0131 i\u00e7in ekipman\u0131n\u0131z\u0131n kalitesiyle uyumlu bir kompres\u00f6r se\u00e7mek \u00e7ok \u00f6nemlidir. Sizi davet ediyoruz... <a href=\"https:\/\/aircompressorforlasercutter.com\/tr\/bize-ulasin\/\">bize Ula\u015f\u0131n<\/a> \u00d6rnek test i\u00e7in veya en g\u00fcncel B2B toptan fiyatlar\u0131n\u0131 \u00f6\u011frenmek i\u00e7in.<\/p>","protected":false},"excerpt":{"rendered":"<p>Oil Free Air Compressor for Laser Optics Protection The Unsung Hero Behind the Scenes In the laser cutting and engraving industry, buyers often invest substantial resources in high-end machines, yet they frequently overlook a critical component: the air compressor. This neglect can lead to significant performance issues, ultimately impacting the quality of their finished products. [&hellip;]<\/p>","protected":false},"featured_media":455,"comment_status":"open","ping_status":"closed","template":"","meta":{"_et_pb_use_builder":"","_et_pb_old_content":"","_et_gb_content_width":""},"product_brand":[],"product_cat":[1093],"product_tag":[1094],"class_list":{"0":"post-471","1":"product","2":"type-product","3":"status-publish","4":"has-post-thumbnail","6":"product_cat-air-compressor-for-laser-cutter","7":"product_tag-air-compressor-for-laser-cutter","9":"first","10":"instock","11":"shipping-taxable","12":"product-type-simple"},"_links":{"self":[{"href":"https:\/\/aircompressorforlasercutter.com\/tr\/wp-json\/wp\/v2\/product\/471","targetHints":{"allow":["GET"]}}],"collection":[{"href":"https:\/\/aircompressorforlasercutter.com\/tr\/wp-json\/wp\/v2\/product"}],"about":[{"href":"https:\/\/aircompressorforlasercutter.com\/tr\/wp-json\/wp\/v2\/types\/product"}],"replies":[{"embeddable":true,"href":"https:\/\/aircompressorforlasercutter.com\/tr\/wp-json\/wp\/v2\/comments?post=471"}],"wp:featuredmedia":[{"embeddable":true,"href":"https:\/\/aircompressorforlasercutter.com\/tr\/wp-json\/wp\/v2\/media\/455"}],"wp:attachment":[{"href":"https:\/\/aircompressorforlasercutter.com\/tr\/wp-json\/wp\/v2\/media?parent=471"}],"wp:term":[{"taxonomy":"product_brand","embeddable":true,"href":"https:\/\/aircompressorforlasercutter.com\/tr\/wp-json\/wp\/v2\/product_brand?post=471"},{"taxonomy":"product_cat","embeddable":true,"href":"https:\/\/aircompressorforlasercutter.com\/tr\/wp-json\/wp\/v2\/product_cat?post=471"},{"taxonomy":"product_tag","embeddable":true,"href":"https:\/\/aircompressorforlasercutter.com\/tr\/wp-json\/wp\/v2\/product_tag?post=471"}],"curies":[{"name":"wp","href":"https:\/\/api.w.org\/{rel}","templated":true}]}}