{"id":472,"date":"2026-01-14T08:26:18","date_gmt":"2026-01-14T08:26:18","guid":{"rendered":"https:\/\/aircompressorforlasercutter.com\/product\/low-vibration-air-pump-for-desktop-laser-cutter\/"},"modified":"2026-01-14T08:45:10","modified_gmt":"2026-01-14T08:45:10","slug":"low-vibration-air-pump-for-desktop-laser-cutter","status":"publish","type":"product","link":"https:\/\/aircompressorforlasercutter.com\/tr\/urun\/masaustu-lazer-kesici-icin-dusuk-titresimli-hava-pompasi\/","title":{"rendered":"Masa\u00fcst\u00fc lazer kesici i\u00e7in d\u00fc\u015f\u00fck titre\u015fimli hava pompas\u0131"},"content":{"rendered":"<h1>Masa\u00fcst\u00fc Lazer Kesiciler i\u00e7in D\u00fc\u015f\u00fck Titre\u015fimli Hava Pompas\u0131: G\u00f6r\u00fcnmez Kahraman<\/h1>\n<h2>1. Arka Plan: Piyasa Ger\u00e7ekli\u011fi<\/h2>\n<p>Lazer kesim ve grav\u00fcr d\u00fcnyas\u0131n\u0131n h\u0131zla geli\u015fti\u011fi bu d\u00f6nemde, bir\u00e7ok al\u0131c\u0131 y\u00fcksek kaliteli lazer makinelerine \u00f6nemli yat\u0131r\u0131mlar yaparken, genellikle \u00e7ok \u00f6nemli bir bile\u015feni g\u00f6zden ka\u00e7\u0131r\u0131yor: hava pompas\u0131. Bu ihmal, sonu\u00e7lar\u0131n kalitesinin d\u00fc\u015fmesine ve gereksiz maliyetlere yol a\u00e7abilir. Bir\u00e7ok ki\u015fi, hava deste\u011finin sadece bir aksesuar olmad\u0131\u011f\u0131n\u0131; kesim kalitesini do\u011frudan etkiledi\u011fini ve dolay\u0131s\u0131yla makinenin \u00f6mr\u00fcn\u00fc belirledi\u011fini fark etmiyor. Do\u011fru hava pompas\u0131, lazer sistemlerinin genel performans\u0131n\u0131 art\u0131rarak projelerin hassasiyet ve verimlilikle tamamlanmas\u0131n\u0131 sa\u011flayabilir.<\/p>\n<h2>Temel G\u00f6r\u00fc\u015f: Hava Yard\u0131m\u0131 Ayr\u0131lmaz Bir Bile\u015fen Olarak<\/h2>\n<p>B2B distrib\u00fct\u00f6rleri i\u00e7in, kaliteli bir hava pompas\u0131 se\u00e7mek, eksik kesimler veya hasarl\u0131 lensler gibi sorunlarla ilgili m\u00fc\u015fteri \u015fikayetlerinin azalmas\u0131 anlam\u0131na gelir. Bu iyile\u015fme yaln\u0131zca m\u00fc\u015fteri memnuniyetini art\u0131rmakla kalmaz, ayn\u0131 zamanda daha y\u00fcksek bir m\u00fc\u015fteri sadakati oran\u0131n\u0131 da destekler. Lazer makinelerini etkili bir hava pompas\u0131yla e\u015fle\u015ftirmenin \u00f6nemini anlayan distrib\u00fct\u00f6rler, sat\u0131\u015f sonras\u0131 servis gereksinimlerinin azalmas\u0131ndan ve m\u00fc\u015fteri sadakatinin artmas\u0131ndan b\u00fcy\u00fck \u00f6l\u00e7\u00fcde faydalanacakt\u0131r.<\/p>\n<h2>2. Sorun Noktas\u0131 Analizi: Ucuz Hava Pompalar\u0131n\u0131n Gizli Maliyetleri<\/h2>\n<h3>K\u00f6t\u00fc Kesim Kalitesi<\/h3>\n<p>Uygun fiyatl\u0131 hava pompalar\u0131 ilk ba\u015fta iyi bir se\u00e7enek gibi g\u00f6r\u00fcnse de, genellikle d\u00fc\u015f\u00fck kesim kalitesine yol a\u00e7arlar. Dengesiz hava ak\u0131\u015f\u0131, malzeme kenarlar\u0131n\u0131n yanmas\u0131na neden olarak nihai \u00fcr\u00fcn\u00fcn estetik g\u00f6r\u00fcn\u00fcm\u00fcn\u00fc azalt\u0131r. Bu durum sadece m\u00fc\u015fteri memnuniyetini de\u011fil, ayn\u0131 zamanda nihai \u00fcr\u00fcn\u00fcn alg\u0131lanan de\u011ferini de etkiler.<\/p>\n<h3>Ekipman Hasar\u0131 Riski<\/h3>\n<p>\u00d6zellikle ya\u011f dolu olan ucuz hava pompalar\u0131, lazer lenslerini kirleten ya\u011f buhar\u0131 veya nem salabilir. Bu kirlenme, maliyetli onar\u0131mlara ve iadelere yol a\u00e7arak kar marjlar\u0131n\u0131 d\u00fc\u015f\u00fcrebilir ve itibara zarar verebilir.<\/p>\n<h3>G\u00fcr\u00fclt\u00fcden Cayd\u0131rma<\/h3>\n<p>Geleneksel hava kompres\u00f6rleri, g\u00fcr\u00fclt\u00fcl\u00fc \u00e7al\u0131\u015fmalar\u0131yla \u00fcnl\u00fcd\u00fcr ve bu durum ev kullan\u0131c\u0131lar\u0131n\u0131 ve e\u011fitim ortamlar\u0131ndaki \u00fcreticileri cayd\u0131rabilir. Bu g\u00fcr\u00fclt\u00fc kirlili\u011fi, lazer kesicilerin daha k\u00fc\u00e7\u00fck alanlarda kullan\u0131m\u0131n\u0131 s\u0131n\u0131rland\u0131r\u0131r ve sat\u0131c\u0131lar i\u00e7in pazar f\u0131rsatlar\u0131n\u0131 k\u0131s\u0131tlar.<\/p>\n<h2>3. \u00c7\u00f6z\u00fcm\u00fcm\u00fcz: Profesyonel Hava Yard\u0131m\u0131n\u0131 Yeniden Tan\u0131mlamak<\/h2>\n<h3>Ya\u011fs\u0131z ve Nemsiz Tasar\u0131m<\/h3>\n<p>D\u00fc\u015f\u00fck titre\u015fimli hava pompam\u0131z, lazer lensleri i\u00e7in en \u00fcst d\u00fczeyde koruma sa\u011flayan, ya\u011fs\u0131z ve nemsiz 100% tasar\u0131m\u0131na sahiptir. Bu, son kullan\u0131c\u0131lar\u0131n d\u00fczenli bak\u0131m yapma ihtiyac\u0131n\u0131 ortadan kald\u0131rarak g\u00f6n\u00fcl rahatl\u0131\u011f\u0131 sa\u011flar ve i\u015fletme maliyetlerini d\u00fc\u015f\u00fcr\u00fcr.<\/p>\n<h3>Ultra Sessiz Teknoloji<\/h3>\n<p>\u00d6zellikle i\u00e7 mekan ve ev st\u00fcdyolar\u0131 i\u00e7in tasarlanan hava pompam\u0131z, 60 dB'den daha d\u00fc\u015f\u00fck, son derece d\u00fc\u015f\u00fck bir g\u00fcr\u00fclt\u00fc seviyesinde \u00e7al\u0131\u015f\u0131r. Bu ultra sessiz \u00e7al\u0131\u015fma, kullan\u0131c\u0131 deneyimini \u00f6nemli \u00f6l\u00e7\u00fcde geli\u015ftirerek, elveri\u015fli bir \u00e7al\u0131\u015fma ortam\u0131na ihtiya\u00e7 duyan yarat\u0131c\u0131 profesyoneller i\u00e7in ideal hale getirir.<\/p>\n<h3>Sa\u011flam Performans<\/h3>\n<p>Dakikada 30 litre s\u00fcrekli hava ak\u0131\u015f\u0131 sa\u011flayan hava pompam\u0131z, kal\u0131n ah\u015fap veya akrilik gibi en sert malzemelerin bile temiz ve dumans\u0131z kenarlarla kesilmesini sa\u011flar. Bu, yaln\u0131zca kesme verimlili\u011fini art\u0131rmakla kalmaz, ayn\u0131 zamanda lazer kesicinin \u00f6mr\u00fcn\u00fc de uzat\u0131r.<\/p>\n<h2>4. Kapsaml\u0131 Uyumluluk: Tek Noktadan E\u015fle\u015ftirme<\/h2>\n<h3>Geni\u015f Uygulama Alan\u0131<\/h3>\n<p>Hava pompam\u0131z, xTool, Ortur, Atomstack ve \u00e7e\u015fitli CO2 lazer makineleri de dahil olmak \u00fczere piyasadaki ana ak\u0131m modellerin 95%'siyle m\u00fckemmel uyumlu olacak \u015fekilde tasarlanm\u0131\u015ft\u0131r. Bu geni\u015f uyumluluk, m\u00fc\u015fterilerin pompam\u0131z\u0131 ek de\u011fi\u015fikliklere gerek kalmadan sorunsuz bir \u015fekilde entegre edebilmelerini sa\u011flar.<\/p>\n<h3>Distrib\u00fct\u00f6r Avantajlar\u0131<\/h3>\n<p>Birden fazla makineyle uyumlu tek bir \u00fcr\u00fcn kodu (SKU) sayesinde, da\u011f\u0131t\u0131mc\u0131lar stok bask\u0131s\u0131n\u0131 \u00f6nemli \u00f6l\u00e7\u00fcde azaltabilir ve stoklama karma\u015f\u0131kl\u0131\u011f\u0131n\u0131 basitle\u015ftirebilirler. Bu verimlilik, daha d\u00fc\u015f\u00fck i\u015fletme maliyetlerine ve genel karl\u0131l\u0131\u011f\u0131n artmas\u0131na yol a\u00e7ar.<\/p>\n<h2>5. Tedarik Zinciri ve \u0130\u015fbirli\u011finin Avantajlar\u0131<\/h2>\n<h3>Fabrika G\u00fcc\u00fc<\/h3>\n<p>Son derece d\u00fc\u015f\u00fck, 'den az hata oran\u0131 sa\u011flayan titiz kalite kontrol s\u00fcre\u00e7lerimizle gurur duyuyoruz. Kaliteye olan bu ba\u011fl\u0131l\u0131\u011f\u0131m\u0131z, ortaklar\u0131m\u0131z i\u00e7in iade lojisti\u011finde \u00f6nemli tasarruflar sa\u011fl\u0131yor.<\/p>\n<h3>\u00d6zel Hizmetler (OEM\/ODM)<\/h3>\n<p>Marka logosu tasar\u0131m\u0131, ambalaj de\u011fi\u015fiklikleri ve \u00e7e\u015fitli \u00fclkeler i\u00e7in fi\u015f \u00f6zellikleri de dahil olmak \u00fczere \u00f6zelle\u015ftirilebilir \u00e7\u00f6z\u00fcmler sunuyoruz. Bu esneklik, hedef pazar\u0131n\u0131zda yank\u0131 uyand\u0131ran benzersiz bir marka kimli\u011fi olu\u015fturman\u0131za olanak tan\u0131r.<\/p>\n<h3>Sat\u0131\u015f Sonras\u0131 Destek<\/h3>\n<p>Sat\u0131\u015f sonras\u0131 s\u00fcre\u00e7te de h\u0131zl\u0131 teknik destek ve yedek par\u00e7a temini sa\u011flayarak, operasyonlar\u0131n\u0131z\u0131n gereksiz kesintiler olmadan sorunsuz bir \u015fekilde y\u00fcr\u00fct\u00fclmesini garanti ediyoruz.<\/p>\n<h2>6. Sonu\u00e7 ve Eylem \u00c7a\u011fr\u0131s\u0131<\/h2>\n<p>Kalitesiz bile\u015fenlerin \u00fcst d\u00fczey makinelerinizin itibar\u0131n\u0131 zedelemesine izin vermeyin. Ekipman\u0131n\u0131z\u0131n kalitesine uygun bir hava pompas\u0131na yat\u0131r\u0131m yap\u0131n. D\u00fc\u015f\u00fck titre\u015fimli hava pompam\u0131z\u0131 se\u00e7erek, kesme i\u015flemlerinizin yaln\u0131zca verimli de\u011fil, ayn\u0131 zamanda \u00fcst\u00fcn sonu\u00e7lar vermesini de sa\u011flars\u0131n\u0131z.<\/p>\n<p>Numune testi i\u00e7in veya en g\u00fcncel B2B toptan fiyat bilgilerini almak i\u00e7in bug\u00fcn bizimle ileti\u015fime ge\u00e7in. Web sitemizi ziyaret edin: <a href=\"https:\/\/aircompressorforlasercutter.com\/tr\/bize-ulasin\/\">Everpower \u0130leti\u015fim<\/a> \u00c7\u00f6z\u00fcmlerimizin i\u015fletmenize nas\u0131l fayda sa\u011flayabilece\u011fi hakk\u0131nda daha fazla bilgi edinmek i\u00e7in.<\/p>","protected":false},"excerpt":{"rendered":"<p>Low Vibration Air Pump for Desktop Laser Cutter: The Unsung Hero 1. Background: The Market Reality In the burgeoning world of laser cutting and engraving, many buyers invest significantly in high-end laser machines, often overlooking a crucial component: the air pump. This oversight can lead to compromised results and unnecessary costs. Many do not realize [&hellip;]<\/p>","protected":false},"featured_media":455,"comment_status":"open","ping_status":"closed","template":"","meta":{"_et_pb_use_builder":"","_et_pb_old_content":"","_et_gb_content_width":""},"product_brand":[],"product_cat":[1093],"product_tag":[1095],"class_list":{"0":"post-472","1":"product","2":"type-product","3":"status-publish","4":"has-post-thumbnail","6":"product_cat-air-compressor-for-laser-cutter","7":"product_tag-air-compressor-for-laser-cutter-price","9":"first","10":"instock","11":"shipping-taxable","12":"product-type-simple"},"_links":{"self":[{"href":"https:\/\/aircompressorforlasercutter.com\/tr\/wp-json\/wp\/v2\/product\/472","targetHints":{"allow":["GET"]}}],"collection":[{"href":"https:\/\/aircompressorforlasercutter.com\/tr\/wp-json\/wp\/v2\/product"}],"about":[{"href":"https:\/\/aircompressorforlasercutter.com\/tr\/wp-json\/wp\/v2\/types\/product"}],"replies":[{"embeddable":true,"href":"https:\/\/aircompressorforlasercutter.com\/tr\/wp-json\/wp\/v2\/comments?post=472"}],"wp:featuredmedia":[{"embeddable":true,"href":"https:\/\/aircompressorforlasercutter.com\/tr\/wp-json\/wp\/v2\/media\/455"}],"wp:attachment":[{"href":"https:\/\/aircompressorforlasercutter.com\/tr\/wp-json\/wp\/v2\/media?parent=472"}],"wp:term":[{"taxonomy":"product_brand","embeddable":true,"href":"https:\/\/aircompressorforlasercutter.com\/tr\/wp-json\/wp\/v2\/product_brand?post=472"},{"taxonomy":"product_cat","embeddable":true,"href":"https:\/\/aircompressorforlasercutter.com\/tr\/wp-json\/wp\/v2\/product_cat?post=472"},{"taxonomy":"product_tag","embeddable":true,"href":"https:\/\/aircompressorforlasercutter.com\/tr\/wp-json\/wp\/v2\/product_tag?post=472"}],"curies":[{"name":"wp","href":"https:\/\/api.w.org\/{rel}","templated":true}]}}