{"id":473,"date":"2026-01-14T08:26:18","date_gmt":"2026-01-14T08:26:18","guid":{"rendered":"https:\/\/aircompressorforlasercutter.com\/product\/portable-mini-air-compressor-for-laser-marking\/"},"modified":"2026-01-14T08:41:19","modified_gmt":"2026-01-14T08:41:19","slug":"portable-mini-air-compressor-for-laser-marking","status":"publish","type":"product","link":"https:\/\/aircompressorforlasercutter.com\/tr\/urun\/lazer-markalama-icin-tasinabilir-mini-hava-kompresoru\/","title":{"rendered":"Lazer markalama i\u00e7in ta\u015f\u0131nabilir mini hava kompres\u00f6r\u00fc"},"content":{"rendered":"<h1>Lazer Markalama i\u00e7in Ta\u015f\u0131nabilir Mini Hava Kompres\u00f6r\u00fc: Lazer Grav\u00fcr Kurulumunuzun G\u00f6r\u00fcnmez Kahraman\u0131<\/h1>\n<h2>1. Arka Plan: Piyasa Ger\u00e7ekli\u011fi<\/h2>\n<p>Lazer grav\u00fcr alan\u0131ndaki rekabet ortam\u0131nda, \u00e7o\u011fu al\u0131c\u0131 y\u00fcksek kaliteli lazer kesim makinelerine \u00f6nemli yat\u0131r\u0131mlar yaparken, ayn\u0131 derecede \u00f6nemli bir bile\u015feni, yani hava kompres\u00f6r\u00fcn\u00fc genellikle g\u00f6z ard\u0131 etmektedir. Bu temel aksesuar, lazer sistemlerinin genel performans\u0131n\u0131 ve \u00f6mr\u00fcn\u00fc art\u0131rmada \u00e7ok \u00f6nemli bir rol oynamaktad\u0131r.<\/p>\n<p>Hava deste\u011fi sadece yard\u0131mc\u0131 bir \u00fcnite de\u011fil; hem performans\u0131 hem de sonucu etkileyen belirleyici bir fakt\u00f6rd\u00fcr. <strong>kesim kalitesi<\/strong> ve <strong>makinenin dayan\u0131kl\u0131l\u0131\u011f\u0131<\/strong>Y\u00fcksek kaliteli bir hava kompres\u00f6r\u00fc, kusursuz bir grav\u00fcr ile vasat bir sonu\u00e7 aras\u0131ndaki fark\u0131 yaratabilir.<\/p>\n<h2>Temel De\u011fer<\/h2>\n<p>Da\u011f\u0131t\u0131mc\u0131lar i\u00e7in g\u00fcvenilir bir hava pompas\u0131 se\u00e7mek, a\u015fa\u011f\u0131daki gibi sorunlarla ilgili m\u00fc\u015fteri \u015fikayetlerinin azalmas\u0131 anlam\u0131na gelir: <strong>eksik kesimler<\/strong> veya <strong>hasarl\u0131 lensler<\/strong>Bu, yaln\u0131zca m\u00fc\u015fteri memnuniyetini art\u0131rmakla kalmaz, ayn\u0131 zamanda \u00f6nemli \u00f6l\u00e7\u00fcde b\u00fcy\u00fcme sa\u011flar. <strong>m\u00fc\u015fteri tutma oranlar\u0131<\/strong>Dolay\u0131s\u0131yla, y\u00fcksek kaliteli bir hava kompres\u00f6r\u00fcne yat\u0131r\u0131m yapmak, m\u00fc\u015fteri ili\u015fkilerinin uzun \u00f6m\u00fcrl\u00fcl\u00fc\u011f\u00fcne yap\u0131lan bir yat\u0131r\u0131m olarak g\u00f6r\u00fclebilir.<\/p>\n<h2>2. Sorun Noktas\u0131 Analizi: Ucuz Hava Pompalar\u0131n\u0131n Gizli Maliyetleri<\/h2>\n<h3>K\u00f6t\u00fc Kesim Kalitesi<\/h3>\n<p>Ucuz hava pompalar\u0131yla ilgili en yayg\u0131n sorunlardan biri hava ak\u0131\u015f\u0131n\u0131n istikrars\u0131zl\u0131\u011f\u0131d\u0131r. Bu durum, malzeme kenarlar\u0131n\u0131n yanmas\u0131, kesme verimlili\u011finin azalmas\u0131 ve nihai \u00fcr\u00fcnlerin estetik g\u00f6r\u00fcn\u00fcm\u00fcn\u00fcn genel olarak olumsuz etkilenmesi gibi istenmeyen sonu\u00e7lara yol a\u00e7abilir.<\/p>\n<h3>Ekipman Hasar\u0131 Riski<\/h3>\n<p>\u00d6zellikle ya\u011f bazl\u0131 olan kalitesiz hava pompalar\u0131, istemeden lazer merce\u011fine ya\u011f buhar\u0131 veya nem p\u00fcsk\u00fcrtebilir ve bu da maliyetli onar\u0131mlara ve iade i\u015flemlerine yol a\u00e7abilir. Bu gizli maliyet, herhangi bir i\u015fletmenin kar marjlar\u0131n\u0131 a\u015f\u0131nd\u0131rabilir.<\/p>\n<h3>G\u00fcr\u00fclt\u00fcl\u00fc \u00c7al\u0131\u015fma<\/h3>\n<p>Geleneksel hava kompres\u00f6rleri genellikle rahats\u0131z edici g\u00fcr\u00fclt\u00fc seviyelerinde \u00e7al\u0131\u015f\u0131r; bu da ev ortamlar\u0131nda veya e\u011fitim ama\u00e7l\u0131 at\u00f6lyelerde kullan\u0131m alanlar\u0131n\u0131 s\u0131n\u0131rlar. Bu durum, pazar eri\u015fiminizi k\u0131s\u0131tlar ve sat\u0131\u015f f\u0131rsatlar\u0131n\u0131 azalt\u0131r.<\/p>\n<h2>3. \u00c7\u00f6z\u00fcm\u00fcm\u00fcz: Profesyonel Seviye Hava Destek Sistemini Yeniden Tan\u0131mlamak<\/h2>\n<h3>Ya\u011fs\u0131z ve Nemsiz Tasar\u0131m<\/h3>\n<p>Ta\u015f\u0131nabilir mini hava kompres\u00f6r\u00fcm\u00fcz, lazer lenslerinin kirlenmemesini sa\u011flayan 100% ya\u011fs\u0131z ve nemsiz tasar\u0131ma sahiptir. Bu, son kullan\u0131c\u0131lar i\u00e7in bak\u0131m\u0131 kolayla\u015ft\u0131rmakla kalmaz, ayn\u0131 zamanda verimlili\u011fi ve g\u00f6n\u00fcl rahatl\u0131\u011f\u0131n\u0131 da art\u0131r\u0131r.<\/p>\n<h3>Ultra Sessiz Teknoloji<\/h3>\n<p>\u0130\u00e7 mekan ve ev st\u00fcdyosu uygulamalar\u0131 i\u00e7in \u00f6zel olarak tasarlanan kompres\u00f6r\u00fcm\u00fcz, g\u00fcr\u00fclt\u00fc seviyesini 60 dB'nin alt\u0131nda tutar. Bu ultra sessiz \u00e7al\u0131\u015fma, kullan\u0131c\u0131 deneyimini geli\u015ftirir ve g\u00fcr\u00fclt\u00fcn\u00fcn sorun olabilece\u011fi ortamlar i\u00e7in idealdir.<\/p>\n<h3>Sa\u011flam Performans<\/h3>\n<p>Dakikada 30 litre sabit \u00e7\u0131k\u0131\u015f g\u00fcc\u00fcyle bu hava kompres\u00f6r\u00fc, kontrplak veya akrilik gibi daha kal\u0131n malzemelerle \u00e7al\u0131\u015f\u0131rken bile temiz ve dumans\u0131z kesimler garanti eder. Tutarl\u0131 hava ak\u0131\u015f\u0131, \u00fcst\u00fcn grav\u00fcr sonu\u00e7lar\u0131 elde etmek i\u00e7in \u00e7ok \u00f6nemlidir.<\/p>\n<h2>4. Geni\u015f Uyumluluk: Tek Noktadan E\u015fle\u015ftirme (Envanter Sorunlar\u0131 \u00c7\u00f6z\u00fcld\u00fc)<\/h2>\n<h3>Geni\u015f Uygulama Alan\u0131<\/h3>\n<p>Bu kompres\u00f6r, xTool, Ortur, Atomstack gibi pop\u00fcler markalar ve \u00e7e\u015fitli CO2 lazer makineleri de dahil olmak \u00fczere piyasadaki ana ak\u0131m lazer modellerinin 95%'siyle sorunsuz bir \u015fekilde entegre olacak \u015fekilde tasarlanm\u0131\u015ft\u0131r.<\/p>\n<h3>Distrib\u00fct\u00f6r Avantajlar\u0131<\/h3>\n<p>Da\u011f\u0131t\u0131mc\u0131lar, birden fazla makineyle uyumlu tek bir \u00fcr\u00fcn kodu (SKU) sa\u011flayarak stok bask\u0131s\u0131n\u0131 \u00f6nemli \u00f6l\u00e7\u00fcde azaltabilir ve stoklama karma\u015f\u0131kl\u0131\u011f\u0131n\u0131 basitle\u015ftirerek \u00fcr\u00fcn gruplar\u0131n\u0131 y\u00f6netmeyi kolayla\u015ft\u0131rabilirler.<\/p>\n<h2>5. Tedarik Zinciri ve Ortakl\u0131k Avantajlar\u0131<\/h2>\n<h3>Fabrika G\u00fcc\u00fc<\/h3>\n<p>Titiz kalite kontrol s\u00fcre\u00e7lerimiz, 'den daha d\u00fc\u015f\u00fck, son derece d\u00fc\u015f\u00fck bir hata oran\u0131 sa\u011flamaktad\u0131r. Bu g\u00fcvenilirlik, iade ve de\u011fi\u015fimlerle ilgili lojistik maliyetlerinden tasarruf etmenizi sa\u011flar.<\/p>\n<h3>\u00d6zelle\u015ftirme Hizmetleri (OEM\/ODM)<\/h3>\n<p>Logo bask\u0131s\u0131, ambalaj tasar\u0131m\u0131 ve b\u00f6lgesel gereksinimlere g\u00f6re \u00e7e\u015fitli fi\u015f \u00f6zelliklerine uyarlamalar da dahil olmak \u00fczere \u00f6zelle\u015ftirilmi\u015f \u00e7\u00f6z\u00fcmler sunuyoruz. Bu esneklik, kendi markan\u0131z\u0131 etkili bir \u015fekilde olu\u015fturman\u0131za ve tan\u0131tman\u0131za olanak tan\u0131r.<\/p>\n<h3>Sat\u0131\u015f Sonras\u0131 Destek<\/h3>\n<p>M\u00fc\u015fteri hizmetlerine olan ba\u011fl\u0131l\u0131\u011f\u0131m\u0131z, h\u0131zl\u0131 teknik m\u00fcdahale ve yedek par\u00e7a tedarik yeteneklerini de i\u00e7ermekte olup, operasyonlar\u0131n\u0131z\u0131n gereksiz kesintiler olmadan sorunsuz bir \u015fekilde y\u00fcr\u00fct\u00fclmesini sa\u011flamaktad\u0131r.<\/p>\n<h2>6.<\/h2>\n<p>D\u00fc\u015f\u00fck kaliteli bile\u015fenlerin, \u00fcst d\u00fczey makinelerinizin itibar\u0131n\u0131 zedelemesine izin vermeyin. M\u00fc\u015fterilerinizin bekledi\u011fi kalite ve g\u00fcvenilirli\u011fi korumak i\u00e7in y\u00fcksek kaliteli bir hava kompres\u00f6r\u00fc se\u00e7mek \u00e7ok \u00f6nemlidir.<\/p>\n<p>\u00dcr\u00fcn numunesi testi i\u00e7in veya en g\u00fcncel B2B toptan fiyatland\u0131rmas\u0131n\u0131 \u00f6\u011frenmek i\u00e7in bug\u00fcn bizimle ileti\u015fime ge\u00e7in. \u00dcr\u00fcn yelpazenizi geli\u015ftirmenize ve daha g\u00fc\u00e7l\u00fc m\u00fc\u015fteri ili\u015fkileri kurman\u0131za yard\u0131mc\u0131 olal\u0131m.<\/p>\n<p>Daha fazla bilgi i\u00e7in l\u00fctfen ziyaret edin. <a href=\"https:\/\/aircompressorforlasercutter.com\/tr\/bize-ulasin\/\">ileti\u015fim sayfam\u0131z<\/a>.<\/p>","protected":false},"excerpt":{"rendered":"<p>Portable Mini Air Compressor for Laser Marking: The Unsung Hero of Your Laser Engraving Setup 1. Background: The Market Reality In the competitive landscape of laser engraving, most buyers invest significantly in high-end laser cutting machines, often overlooking an equally crucial component: the air compressor. This essential accessory plays a pivotal role in enhancing the [&hellip;]<\/p>","protected":false},"featured_media":456,"comment_status":"open","ping_status":"closed","template":"","meta":{"_et_pb_use_builder":"","_et_pb_old_content":"","_et_gb_content_width":""},"product_brand":[],"product_cat":[1093],"product_tag":[1096],"class_list":{"0":"post-473","1":"product","2":"type-product","3":"status-publish","4":"has-post-thumbnail","6":"product_cat-air-compressor-for-laser-cutter","7":"product_tag-air-compressor-for-laser-cutter-cost","9":"first","10":"instock","11":"shipping-taxable","12":"product-type-simple"},"_links":{"self":[{"href":"https:\/\/aircompressorforlasercutter.com\/tr\/wp-json\/wp\/v2\/product\/473","targetHints":{"allow":["GET"]}}],"collection":[{"href":"https:\/\/aircompressorforlasercutter.com\/tr\/wp-json\/wp\/v2\/product"}],"about":[{"href":"https:\/\/aircompressorforlasercutter.com\/tr\/wp-json\/wp\/v2\/types\/product"}],"replies":[{"embeddable":true,"href":"https:\/\/aircompressorforlasercutter.com\/tr\/wp-json\/wp\/v2\/comments?post=473"}],"wp:featuredmedia":[{"embeddable":true,"href":"https:\/\/aircompressorforlasercutter.com\/tr\/wp-json\/wp\/v2\/media\/456"}],"wp:attachment":[{"href":"https:\/\/aircompressorforlasercutter.com\/tr\/wp-json\/wp\/v2\/media?parent=473"}],"wp:term":[{"taxonomy":"product_brand","embeddable":true,"href":"https:\/\/aircompressorforlasercutter.com\/tr\/wp-json\/wp\/v2\/product_brand?post=473"},{"taxonomy":"product_cat","embeddable":true,"href":"https:\/\/aircompressorforlasercutter.com\/tr\/wp-json\/wp\/v2\/product_cat?post=473"},{"taxonomy":"product_tag","embeddable":true,"href":"https:\/\/aircompressorforlasercutter.com\/tr\/wp-json\/wp\/v2\/product_tag?post=473"}],"curies":[{"name":"wp","href":"https:\/\/api.w.org\/{rel}","templated":true}]}}