{"id":474,"date":"2026-01-14T08:26:19","date_gmt":"2026-01-14T08:26:19","guid":{"rendered":"https:\/\/aircompressorforlasercutter.com\/product\/continuous-duty-air-pump-for-commercial-laser-cutting\/"},"modified":"2026-01-14T08:39:03","modified_gmt":"2026-01-14T08:39:03","slug":"continuous-duty-air-pump-for-commercial-laser-cutting","status":"publish","type":"product","link":"https:\/\/aircompressorforlasercutter.com\/tr\/urun\/ticari-lazer-kesim-icin-surekli-calisma-ozelligine-sahip-hava-pompasi\/","title":{"rendered":"Ticari lazer kesim makineleri i\u00e7in s\u00fcrekli \u00e7al\u0131\u015fma \u00f6zelli\u011fine sahip hava pompas\u0131"},"content":{"rendered":"<h1>Ticari Lazer Kesim i\u00e7in S\u00fcrekli \u00c7al\u0131\u015fma \u00d6zellikli Hava Pompas\u0131<\/h1>\n<h2>G\u00f6r\u00fcnmez Kahraman<\/h2>\n<p>Hassasiyet ve kalitenin en \u00f6nemli oldu\u011fu lazer kesim alan\u0131nda, kritik bir bile\u015fen genellikle g\u00f6z ard\u0131 edilir: hava pompas\u0131. Al\u0131c\u0131lar y\u00fcksek kaliteli lazer grav\u00fcr makinelerine \u00f6nemli miktarda yat\u0131r\u0131m yaparken, hayati bir aksesuar olan hava pompas\u0131n\u0131n \u00f6nemi b\u00fcy\u00fck \u00f6l\u00e7\u00fcde g\u00f6z ard\u0131 ediliyor. Bu ihmal, al\u0131c\u0131lar\u0131n ula\u015fmaya \u00e7al\u0131\u015ft\u0131\u011f\u0131 hedefleri tehlikeye atabilir.<\/p>\n<p>Hava deste\u011fi, yaln\u0131zca bir aksesuar olman\u0131n \u00f6tesine ge\u00e7erek, ekipman\u0131n nihai kesim kalitesini ve \u00f6mr\u00fcn\u00fc belirlemede \u00e7ok \u00f6nemli bir rol oynar. Verimlili\u011fin ve m\u00fc\u015fteri memnuniyetinin en \u00f6nemli oldu\u011fu bir pazarda, do\u011fru hava pompas\u0131n\u0131 se\u00e7mek i\u015f sonu\u00e7lar\u0131n\u0131 \u00f6nemli \u00f6l\u00e7\u00fcde etkileyebilir.<\/p>\n<h2>Pazar Analizi: Hava Pompalar\u0131n\u0131 G\u00f6z Ard\u0131 Etmenin Maliyeti<\/h2>\n<p>Da\u011f\u0131t\u0131mc\u0131lar i\u00e7in y\u00fcksek kaliteli bir hava pompas\u0131 se\u00e7mek, \"eksik kesimler\" ve \"hasarl\u0131 lensler\" gibi sorunlarla ilgili m\u00fc\u015fteri \u015fikayetlerini azaltmak anlam\u0131na gelir. Bu se\u00e7im, daha y\u00fcksek m\u00fc\u015fteri sadakati oranlar\u0131yla do\u011frudan ili\u015fkilidir, uzun vadeli ili\u015fkileri te\u015fvik eder ve marka ba\u011fl\u0131l\u0131\u011f\u0131n\u0131 art\u0131r\u0131r.<\/p>\n<h3>Sorun Noktalar\u0131n\u0131n Analizi: Ucuz Hava Pompalar\u0131n\u0131n Gizli Maliyetleri<\/h3>\n<p>Daha d\u00fc\u015f\u00fck maliyetli alternatifleri tercih etmek cazip gelse de, ucuz hava pompalar\u0131yla ili\u015fkili gizli maliyetler zararl\u0131 olabilir:<\/p>\n<ul>\n<li><strong>D\u00fc\u015f\u00fck Kesim Kalitesi:<\/strong> Dengesiz hava ak\u0131\u015f\u0131, malzeme kenarlar\u0131n\u0131n yanmas\u0131na ve kesme verimlili\u011finin azalmas\u0131na yol a\u00e7arak, son kullan\u0131c\u0131lar i\u00e7in nihai \u00fcr\u00fcn\u00fcn g\u00f6r\u00fcn\u00fcm\u00fcn\u00fc olumsuz etkiler.<\/li>\n<li><strong>Ekipman Hasar\u0131 Riski:<\/strong> Kalitesiz pompalar, \u00f6zellikle ya\u011f dolu olanlar, lazer optiklerini kirletebilecek ya\u011f buhar\u0131 veya nem yayabilir; bu da pahal\u0131 onar\u0131m maliyetlerine ve \u00fcr\u00fcn iadelerine yol a\u00e7abilir.<\/li>\n<li><strong>G\u00fcr\u00fclt\u00fc Kirlili\u011fi:<\/strong> Geleneksel hava kompres\u00f6rleri genellikle y\u00fcksek g\u00fcr\u00fclt\u00fc seviyelerinde \u00e7al\u0131\u015f\u0131r, bu da ev ortamlar\u0131nda ve yarat\u0131c\u0131 e\u011fitim alanlar\u0131nda kullan\u0131mlar\u0131n\u0131 s\u0131n\u0131rlayarak potansiyel pazar eri\u015fimlerini daralt\u0131r.<\/li>\n<\/ul>\n<h2>\u00c7\u00f6z\u00fcm\u00fcm\u00fcz: \u201cProfesyonel D\u00fczeyde\u201d Hava Yard\u0131m\u0131n\u0131 Yeniden Tan\u0131mlamak<\/h2>\n<p>Ever-power, ticari lazer kesim uygulamalar\u0131 i\u00e7in \u00f6zel olarak tasarlanm\u0131\u015f devrim niteli\u011finde bir hava pompas\u0131n\u0131 tan\u0131tmaktan gurur duyar. S\u00fcrekli \u00e7al\u0131\u015fma \u00f6zelli\u011fine sahip hava pompam\u0131z, performans, g\u00fcvenilirlik ve kullan\u0131c\u0131 deneyimine odaklanarak hava deste\u011fi standartlar\u0131n\u0131 yeniden tan\u0131ml\u0131yor.<\/p>\n<h3>Ya\u011fs\u0131z ve Susuz Tasar\u0131m<\/h3>\n<p>Hava pompam\u0131z, lazer lensler i\u00e7in en \u00fcst d\u00fczeyde koruma sa\u011flayan, ya\u011fs\u0131z ve susuz 100% tasar\u0131ma sahiptir. Kullan\u0131c\u0131lar art\u0131k bak\u0131m konusunda endi\u015felenmek zorunda kalmaz ve temel faaliyetlerine zahmetsizce odaklanabilirler.<\/p>\n<h3>Ultra Sessiz Teknoloji<\/h3>\n<p>\u00d6zellikle i\u00e7 mekan ve ev st\u00fcdyosu ortamlar\u0131 i\u00e7in geli\u015ftirilen hava pompam\u0131z, 60 dB'den daha d\u00fc\u015f\u00fck bir g\u00fcr\u00fclt\u00fc seviyesinde \u00e7al\u0131\u015f\u0131r. Bu ultra sessiz \u00e7al\u0131\u015fma, kullan\u0131c\u0131 deneyimini \u00f6nemli \u00f6l\u00e7\u00fcde geli\u015ftirerek e\u011fitim ve yarat\u0131c\u0131 uygulamalar i\u00e7in ideal hale getirir.<\/p>\n<h3>Sa\u011flam Performans<\/h3>\n<p>Dakikada 30 litre s\u00fcrekli \u00e7\u0131k\u0131\u015f kapasitesiyle, hava pompam\u0131z istikrarl\u0131 ve g\u00fc\u00e7l\u00fc bir hava ak\u0131\u015f\u0131 sa\u011flayarak kal\u0131n ah\u015fap veya akrilik malzemeleri i\u015flerken bile temiz, dumans\u0131z kesimler sunar. Bu performans sadece kesim kalitesini art\u0131rmakla kalmaz, ayn\u0131 zamanda i\u015f ak\u0131\u015f\u0131 verimlili\u011fini de iyile\u015ftirir.<\/p>\n<h2>Geni\u015f Uyumluluk: Tek Noktadan \u00c7\u00f6z\u00fcm<\/h2>\n<p>Hava pompam\u0131z, piyasada bulunan xTool, Ortur, Atomstack ve \u00e7e\u015fitli CO2 lazer makineleri gibi pop\u00fcler modeller de dahil olmak \u00fczere, 95%'ye kadar olan ana ak\u0131m lazer kesim makineleriyle sorunsuz bir \u015fekilde uyumlu olacak \u015fekilde tasarlanm\u0131\u015ft\u0131r.<\/p>\n<p>Da\u011f\u0131t\u0131mc\u0131lar i\u00e7in bu, tek bir \u00fcr\u00fcn\u00fcn birden fazla makine t\u00fcr\u00fcne hitap edebilece\u011fi, b\u00f6ylece stok bask\u0131s\u0131n\u0131 etkili bir \u015fekilde azaltabilece\u011fi ve stok y\u00f6netimini basitle\u015ftirebilece\u011fi anlam\u0131na gelir.<\/p>\n<h2>Tedarik Zinciri ve Ortakl\u0131k Avantajlar\u0131<\/h2>\n<p>Ever-power olarak, 'den daha d\u00fc\u015f\u00fck bir hata oran\u0131 sa\u011flayan titiz kalite kontrol s\u00fcre\u00e7lerimizle gurur duyuyoruz. Bu taahh\u00fct, iadeleri ve lojistik giderlerini en aza indirerek distrib\u00fct\u00f6rler i\u00e7in maliyet tasarrufu anlam\u0131na gelir.<\/p>\n<p>Ayr\u0131ca, \u00e7e\u015fitli pazarlara uygun \u00f6zel marka kimli\u011fi, ambalaj tasar\u0131mlar\u0131 ve fi\u015f \u00f6zellikleri sa\u011flayan OEM ve ODM se\u00e7enekleri de dahil olmak \u00fczere \u00f6zelle\u015ftirilmi\u015f hizmetler sunuyoruz. H\u0131zl\u0131 teknik yan\u0131t s\u00fcrelerimiz ve yedek par\u00e7a tedarik kapasitemiz, g\u00fcvenilir bir ortak olarak konumumuzu daha da sa\u011flamla\u015ft\u0131r\u0131yor.<\/p>\n<p>Kalitesiz aksesuarlar\u0131n \u00fcst d\u00fczey makinelerinizin itibar\u0131n\u0131 zedelemesine izin vermeyin. Ekipman\u0131n\u0131z\u0131n kalitesiyle uyumlu bir hava pompas\u0131 se\u00e7mek, operasyonel m\u00fckemmelli\u011fi korumak i\u00e7in \u00e7ok \u00f6nemlidir.<\/p>\n<p>Test i\u00e7in numune talep etmek veya en g\u00fcncel B2B toptan fiyat listesini almak i\u00e7in bug\u00fcn bizimle ileti\u015fime ge\u00e7in. Rakipsiz performans ve g\u00fcvenilirlik sunan s\u00fcrekli \u00e7al\u0131\u015fma \u00f6zelli\u011fine sahip bir hava pompas\u0131yla \u00fcr\u00fcn yelpazenizi geli\u015ftirin.<\/p>\n<p><a href=\"https:\/\/aircompressorforlasercutter.com\/tr\/bize-ulasin\/\">Bize Ula\u015f\u0131n<\/a><\/p>","protected":false},"excerpt":{"rendered":"<p>Continuous Duty Air Pump for Commercial Laser Cutting The Unsung Hero In the realm of laser cutting, where precision and quality reign supreme, one critical component often fades into the background: the air pump. While buyers invest substantial sums into high-end laser engraving machines, the importance of the air pump??a vital accessory??remains largely overlooked. This [&hellip;]<\/p>","protected":false},"featured_media":456,"comment_status":"open","ping_status":"closed","template":"","meta":{"_et_pb_use_builder":"","_et_pb_old_content":"","_et_gb_content_width":""},"product_brand":[],"product_cat":[1093],"product_tag":[1094],"class_list":{"0":"post-474","1":"product","2":"type-product","3":"status-publish","4":"has-post-thumbnail","6":"product_cat-air-compressor-for-laser-cutter","7":"product_tag-air-compressor-for-laser-cutter","9":"first","10":"instock","11":"shipping-taxable","12":"product-type-simple"},"_links":{"self":[{"href":"https:\/\/aircompressorforlasercutter.com\/tr\/wp-json\/wp\/v2\/product\/474","targetHints":{"allow":["GET"]}}],"collection":[{"href":"https:\/\/aircompressorforlasercutter.com\/tr\/wp-json\/wp\/v2\/product"}],"about":[{"href":"https:\/\/aircompressorforlasercutter.com\/tr\/wp-json\/wp\/v2\/types\/product"}],"replies":[{"embeddable":true,"href":"https:\/\/aircompressorforlasercutter.com\/tr\/wp-json\/wp\/v2\/comments?post=474"}],"wp:featuredmedia":[{"embeddable":true,"href":"https:\/\/aircompressorforlasercutter.com\/tr\/wp-json\/wp\/v2\/media\/456"}],"wp:attachment":[{"href":"https:\/\/aircompressorforlasercutter.com\/tr\/wp-json\/wp\/v2\/media?parent=474"}],"wp:term":[{"taxonomy":"product_brand","embeddable":true,"href":"https:\/\/aircompressorforlasercutter.com\/tr\/wp-json\/wp\/v2\/product_brand?post=474"},{"taxonomy":"product_cat","embeddable":true,"href":"https:\/\/aircompressorforlasercutter.com\/tr\/wp-json\/wp\/v2\/product_cat?post=474"},{"taxonomy":"product_tag","embeddable":true,"href":"https:\/\/aircompressorforlasercutter.com\/tr\/wp-json\/wp\/v2\/product_tag?post=474"}],"curies":[{"name":"wp","href":"https:\/\/api.w.org\/{rel}","templated":true}]}}