{"id":475,"date":"2026-01-14T08:26:19","date_gmt":"2026-01-14T08:26:19","guid":{"rendered":"https:\/\/aircompressorforlasercutter.com\/product\/high-output-air-assist-pump-30l-min\/"},"modified":"2026-01-14T08:38:39","modified_gmt":"2026-01-14T08:38:39","slug":"high-output-air-assist-pump-30l-min","status":"publish","type":"product","link":"https:\/\/aircompressorforlasercutter.com\/tr\/urun\/yuksek-cikisli-hava-destekli-pompa-30-l-dak\/","title":{"rendered":"Y\u00fcksek debili hava destekli pompa 30 L\/dak"},"content":{"rendered":"<h1>Y\u00fcksek \u00c7\u0131k\u0131\u015fl\u0131 Hava Destekli Pompa 30 L\/dak: Lazer Kesimde Gizli Kahraman<\/h1>\n<h2>Giri\u015f: Sahne Arkas\u0131ndaki G\u00f6r\u00fcnmez Kahraman<\/h2>\n<p>Lazerle oyma ve kesme alan\u0131nda, al\u0131c\u0131lar\u0131n y\u00fcksek kaliteli lazer kesicilere \u00f6nemli miktarda yat\u0131r\u0131m yapt\u0131\u011f\u0131 g\u00f6z \u00f6n\u00fcne al\u0131nd\u0131\u011f\u0131nda, genellikle makinelerin kendisi \u00f6n plana \u00e7\u0131kar. Ancak s\u0131kl\u0131kla g\u00f6zden ka\u00e7an \u00f6nemli bir bile\u015fen, hava destek pompas\u0131d\u0131r. Bu kritik destek sistemi, lazer kesim ekipman\u0131n\u0131n performans\u0131 ve \u00f6mr\u00fcnde \u00e7ok \u00f6nemli bir rol oynar ve onu sadece bir aksesuar olmaktan \u00f6teye ta\u015f\u0131r.<\/p>\n<h2>Pazar Ba\u011flam\u0131: G\u00f6zden Ka\u00e7an Gereklilik<\/h2>\n<p>Al\u0131c\u0131lar lazer kesim makinelerinin \u00f6zelliklerine ve yeteneklerine odaklan\u0131rken, hava destek pompas\u0131 hayati \u00f6nem ta\u015f\u0131yan ancak hafife al\u0131nan bir unsur olmaya devam ediyor. Mevcut piyasa se\u00e7eneklerle dolu olmas\u0131na ra\u011fmen, bir\u00e7ok al\u0131c\u0131 y\u00fcksek kaliteli bir hava pompas\u0131 se\u00e7menin \u00f6nemini g\u00f6z ard\u0131 ediyor. Bu ihmal, kesim kalitesini ve makinenin \u00f6mr\u00fcn\u00fc \u00f6nemli \u00f6l\u00e7\u00fcde etkileyerek, yetersiz sonu\u00e7lara ve potansiyel ekipman ar\u0131zalar\u0131na yol a\u00e7abilir.<\/p>\n<h2>Temel Fikir: Kalite Belirleyici Bir Unsur Olarak Hava Deste\u011fi<\/h2>\n<p>Hava deste\u011fi sadece yard\u0131mc\u0131 bir bile\u015fen de\u011fildir; \u00fcretilen kesimlerin kalitesini ve makinenin dayan\u0131kl\u0131l\u0131\u011f\u0131n\u0131 do\u011frudan etkiler. G\u00fcvenilir bir hava destek pompas\u0131, kesimlerin hassasiyetini art\u0131ran ve lazer merce\u011fini koruyan tutarl\u0131 bir hava ak\u0131\u015f\u0131 sa\u011flayarak kesim deneyimini \u00f6nemli \u00f6l\u00e7\u00fcde iyile\u015ftirebilir.<\/p>\n<h2>Do\u011fru Hava Pompas\u0131n\u0131 Se\u00e7menin \u00d6nemi<\/h2>\n<p>Da\u011f\u0131t\u0131mc\u0131lar i\u00e7in do\u011fru hava pompas\u0131n\u0131 se\u00e7mek somut faydalar anlam\u0131na gelir. Y\u00fcksek performansl\u0131 bir hava destek pompas\u0131, \"eksik kesimler\" veya \"hasarl\u0131 lensler\" gibi sorunlarla ilgili m\u00fc\u015fteri \u015fikayetlerinin s\u0131kl\u0131\u011f\u0131n\u0131 azalt\u0131r. Bu da m\u00fc\u015fteri memnuniyetini ve sadakatini art\u0131rarak nihayetinde i\u015fletme performans\u0131n\u0131 y\u00fckseltir.<\/p>\n<h2>Sorun Noktas\u0131 Analizi: Ucuz Hava Pompalar\u0131n\u0131n Gizli Maliyetleri<\/h2>\n<h3>K\u00f6t\u00fc Kesim Kalitesi<\/h3>\n<p>D\u00fc\u015f\u00fck kaliteli bir hava pompas\u0131 kullanmak, tutars\u0131z hava ak\u0131\u015f\u0131na ve dolay\u0131s\u0131yla d\u00fc\u015f\u00fck kesim kalitesine yol a\u00e7abilir. Bu istikrars\u0131zl\u0131k, malzeme kenarlar\u0131n\u0131n yanmas\u0131na veya k\u00f6m\u00fcrle\u015fmesine neden olarak son kullan\u0131c\u0131n\u0131n \u00fcr\u00fcn g\u00f6r\u00fcn\u00fcm\u00fcn\u00fc olumsuz etkileyebilir. Kesimin g\u00f6rsel kalitesi, m\u00fc\u015fteri alg\u0131s\u0131n\u0131 ve sat\u0131\u015flar\u0131 \u00f6nemli \u00f6l\u00e7\u00fcde etkileyebilir.<\/p>\n<h3>Ekipman Hasar\u0131 Riskleri<\/h3>\n<p>\u00d6zellikle ya\u011f bazl\u0131 olan kalitesiz hava pompalar\u0131, \u00f6nemli bir kirlenme riski ta\u015f\u0131r. Lazer merce\u011fine zarar verebilecek ya\u011f buhar\u0131 veya nem yayabilir, bu da maliyetli onar\u0131mlara ve potansiyel \u00fcr\u00fcn iadelerine yol a\u00e7abilir. Bu t\u00fcr ar\u0131za s\u00fcrelerinin finansal etkileri h\u0131zla birikebilir, bu nedenle kaliteli bir \u00e7\u00f6z\u00fcme yat\u0131r\u0131m yapmak zorunludur.<\/p>\n<h3>G\u00fcr\u00fclt\u00fc Engelleyici<\/h3>\n<p>Geleneksel hava kompres\u00f6rleri, \u00f6zellikle ev kullan\u0131c\u0131lar\u0131 ve e\u011fitim kurumlar\u0131 i\u00e7in \u00f6nemli bir dezavantaj olabilen y\u00fcksek g\u00fcr\u00fclt\u00fc seviyeleriyle \u00fcnl\u00fcd\u00fcr. A\u015f\u0131r\u0131 g\u00fcr\u00fclt\u00fc, lazer kesim makinelerinin konut alanlar\u0131nda ve okullarda kullan\u0131labilirli\u011fini s\u0131n\u0131rlayarak sat\u0131\u015f pazar\u0131n\u0131z\u0131 ve m\u00fc\u015fteri eri\u015fiminizi k\u0131s\u0131tlayabilir.<\/p>\n<h2>\u00c7\u00f6z\u00fcm\u00fcm\u00fcz<\/h2>\n<h3>Ya\u011fs\u0131z ve Nemsiz Tasar\u0131m<\/h3>\n<p>Hava destekli pompam\u0131z, lazer lensleri i\u00e7in tam koruma sa\u011flayan, ya\u011fs\u0131z ve nemsiz 100% tasar\u0131ma sahiptir. Son kullan\u0131c\u0131lar, minimum bak\u0131m gereksinimleriyle sorunsuz bir deneyimin tad\u0131n\u0131 \u00e7\u0131karabilir ve s\u0131k bak\u0131m endi\u015fesi duymadan projelerine odaklanabilirler.<\/p>\n<h3>Ultra Sessiz Teknoloji<\/h3>\n<p>\u00d6zellikle i\u00e7 mekan ve ev at\u00f6lyesi ortamlar\u0131 i\u00e7in tasarlanan hava pompam\u0131z, 60 dB'nin alt\u0131nda bir g\u00fcr\u00fclt\u00fc seviyesinde \u00e7al\u0131\u015f\u0131r. Bu ultra sessiz \u00e7al\u0131\u015fma, kullan\u0131c\u0131 deneyimini \u00f6nemli \u00f6l\u00e7\u00fcde geli\u015ftirerek, evdeki kendin yap projeleri ve maker e\u011fitim senaryolar\u0131 i\u00e7in uygun hale getirir.<\/p>\n<h3>Sa\u011flam Performans<\/h3>\n<p>Dakikada 30 litre s\u00fcrekli ve istikrarl\u0131 bir \u00e7\u0131k\u0131\u015f sa\u011flayan hava destekli pompam\u0131z, ah\u015fap ve akrilik gibi kal\u0131n malzemelerle \u00e7al\u0131\u015f\u0131rken bile temiz ve dumans\u0131z kesimler sa\u011flar. Bu tutarl\u0131 hava ak\u0131\u015f\u0131, \u00f6zellikle zorlu uygulamalarda y\u00fcksek kaliteli sonu\u00e7lar elde etmek i\u00e7in hayati \u00f6nem ta\u015f\u0131r.<\/p>\n<h2>Geni\u015f Uyumluluk: Envanter Y\u00f6netiminde \u0130\u00e7iniz Rahat Olsun Diye Tek Noktadan E\u015fle\u015ftirme<\/h2>\n<h3>Geni\u015f Uygulama Alan\u0131<\/h3>\n<p>Hava destekli pompam\u0131z, xTool, Ortur, Atomstack ve \u00e7e\u015fitli CO2 lazer modelleri de dahil olmak \u00fczere, ana ak\u0131m lazer kesim makinelerinin 95% modeliyle m\u00fckemmel uyumlu olacak \u015fekilde tasarlanm\u0131\u015ft\u0131r. Bu \u00e7ok y\u00f6nl\u00fcl\u00fck, pompam\u0131z\u0131n geni\u015f bir m\u00fc\u015fteri yelpazesinin ihtiya\u00e7lar\u0131na uygun olaca\u011f\u0131ndan emin olarak g\u00fcvenle stoklayabilece\u011finiz anlam\u0131na gelir.<\/p>\n<h3>Distrib\u00fct\u00f6r Avantajlar\u0131<\/h3>\n<p>Birden fazla makineye uygun tek bir \u00fcr\u00fcn kodu (SKU) sunarak, stok bask\u0131s\u0131n\u0131 ve stok y\u00f6netiminin karma\u015f\u0131kl\u0131\u011f\u0131n\u0131 \u00f6nemli \u00f6l\u00e7\u00fcde azaltabilirsiniz. Bu sadele\u015ftirme, geni\u015f bir \u00fcr\u00fcn yelpazesini y\u00f6netme zahmetine girmeden i\u015finizi b\u00fcy\u00fctmeye odaklanman\u0131z\u0131 sa\u011flar.<\/p>\n<h2>Tedarik Zinciri ve Ortakl\u0131k Avantajlar\u0131<\/h2>\n<h3>Fabrika G\u00fcc\u00fc: S\u0131k\u0131 Kalite Kontrol\u00fc<\/h3>\n<p>Son derece d\u00fc\u015f\u00fck, 'den az hata oran\u0131yla s\u0131k\u0131 bir kalite kontrol s\u00fcrecine ba\u011fl\u0131 kal\u0131yoruz. Kaliteye olan bu ba\u011fl\u0131l\u0131\u011f\u0131m\u0131z, yaln\u0131zca itibar\u0131n\u0131z\u0131 korumakla kalmaz, ayn\u0131 zamanda iade ve de\u011fi\u015fimlerle ilgili lojistik maliyetlerinden de tasarruf etmenizi sa\u011flar.<\/p>\n<h3>\u00d6zel Hizmetler (OEM\/ODM)<\/h3>\n<p>Marka logosu tasar\u0131m\u0131, ambalaj ve \u00e7e\u015fitli \u00fclkeler i\u00e7in fi\u015f \u00f6zellikleri de dahil olmak \u00fczere \u00f6zelle\u015ftirme se\u00e7enekleri sunuyoruz. Bu esneklik, benzersiz bir marka kimli\u011fi olu\u015fturman\u0131za ve belirli pazar taleplerini verimli bir \u015fekilde kar\u015f\u0131laman\u0131za olanak tan\u0131r.<\/p>\n<h3>Sat\u0131\u015f Sonras\u0131 Destek<\/h3>\n<p>H\u0131zl\u0131 teknik yan\u0131t s\u00fcrelerimiz ve g\u00fc\u00e7l\u00fc yedek par\u00e7a tedarik kapasitemizle gurur duyuyoruz. Alan\u0131nda uzman destek ekibimiz her zaman yard\u0131ma haz\u0131r olup, operasyonlar\u0131n\u0131z\u0131n sorunsuz ve verimli bir \u015fekilde y\u00fcr\u00fct\u00fclmesini sa\u011flar.<\/p>\n<p>Y\u00fcksek kaliteli makinelerinizin itibar\u0131n\u0131 kalitesiz par\u00e7alarla zedelemeyin. Hem performans\u0131 hem de m\u00fc\u015fteri memnuniyetini art\u0131racak \u015fekilde ekipman\u0131n\u0131z\u0131n kalitesine uygun bir hava pompas\u0131 se\u00e7in.<\/p>\n<p>Test ama\u00e7l\u0131 numune istemek veya en g\u00fcncel B2B toptan fiyatlar\u0131n\u0131 \u00f6\u011frenmek i\u00e7in bug\u00fcn bizimle ileti\u015fime ge\u00e7in. M\u00fc\u015fterilerinizin en iyi kesim deneyiminden faydalanmas\u0131n\u0131 sa\u011flay\u0131n.<\/p>\n<p><a href=\"https:\/\/aircompressorforlasercutter.com\/tr\/bize-ulasin\/\">Hemen \u0130leti\u015fime Ge\u00e7in!<\/a><\/p>","protected":false},"excerpt":{"rendered":"<p>High Output Air Assist Pump 30L\/min: The Unsung Hero in Laser Cutting Introduction: The Unsung Hero Behind the Scenes In the realm of laser engraving and cutting, the spotlight often shines on the machines themselves, where buyers invest significant capital in high-end laser cutters. However, an essential component that frequently gets overlooked is the air [&hellip;]<\/p>","protected":false},"featured_media":456,"comment_status":"open","ping_status":"closed","template":"","meta":{"_et_pb_use_builder":"","_et_pb_old_content":"","_et_gb_content_width":""},"product_brand":[],"product_cat":[1093],"product_tag":[1095],"class_list":{"0":"post-475","1":"product","2":"type-product","3":"status-publish","4":"has-post-thumbnail","6":"product_cat-air-compressor-for-laser-cutter","7":"product_tag-air-compressor-for-laser-cutter-price","9":"first","10":"instock","11":"shipping-taxable","12":"product-type-simple"},"_links":{"self":[{"href":"https:\/\/aircompressorforlasercutter.com\/tr\/wp-json\/wp\/v2\/product\/475","targetHints":{"allow":["GET"]}}],"collection":[{"href":"https:\/\/aircompressorforlasercutter.com\/tr\/wp-json\/wp\/v2\/product"}],"about":[{"href":"https:\/\/aircompressorforlasercutter.com\/tr\/wp-json\/wp\/v2\/types\/product"}],"replies":[{"embeddable":true,"href":"https:\/\/aircompressorforlasercutter.com\/tr\/wp-json\/wp\/v2\/comments?post=475"}],"wp:featuredmedia":[{"embeddable":true,"href":"https:\/\/aircompressorforlasercutter.com\/tr\/wp-json\/wp\/v2\/media\/456"}],"wp:attachment":[{"href":"https:\/\/aircompressorforlasercutter.com\/tr\/wp-json\/wp\/v2\/media?parent=475"}],"wp:term":[{"taxonomy":"product_brand","embeddable":true,"href":"https:\/\/aircompressorforlasercutter.com\/tr\/wp-json\/wp\/v2\/product_brand?post=475"},{"taxonomy":"product_cat","embeddable":true,"href":"https:\/\/aircompressorforlasercutter.com\/tr\/wp-json\/wp\/v2\/product_cat?post=475"},{"taxonomy":"product_tag","embeddable":true,"href":"https:\/\/aircompressorforlasercutter.com\/tr\/wp-json\/wp\/v2\/product_tag?post=475"}],"curies":[{"name":"wp","href":"https:\/\/api.w.org\/{rel}","templated":true}]}}