{"id":476,"date":"2026-01-14T08:26:19","date_gmt":"2026-01-14T08:26:19","guid":{"rendered":"https:\/\/aircompressorforlasercutter.com\/product\/electromagnetic-air-pump-for-laser-engraving-machine\/"},"modified":"2026-01-14T08:32:52","modified_gmt":"2026-01-14T08:32:52","slug":"electromagnetic-air-pump-for-laser-engraving-machine","status":"publish","type":"product","link":"https:\/\/aircompressorforlasercutter.com\/tr\/urun\/lazer-gravur-makinesi-icin-elektromanyetik-hava-pompasi\/","title":{"rendered":"Lazer grav\u00fcr makinesi i\u00e7in elektromanyetik hava pompas\u0131"},"content":{"rendered":"<h1>Lazer Grav\u00fcr Makinesi i\u00e7in Elektromanyetik Hava Pompas\u0131<\/h1>\n<h2>Sahne Arkas\u0131ndaki G\u00f6r\u00fcnmez Kahraman<\/h2>\n<p>G\u00fcn\u00fcm\u00fcz\u00fcn rekabet\u00e7i ortam\u0131nda, al\u0131c\u0131lar\u0131n lazer grav\u00fcr makinelerine \u00f6nemli miktarda sermaye yat\u0131r\u0131rken kritik bir bile\u015feni, yani hava pompas\u0131n\u0131 ihmal etmeleri yayg\u0131n bir durumdur. Bu ihmal, ekipman\u0131n genel performans\u0131 ve \u00f6mr\u00fc \u00fczerinde \u00f6nemli sonu\u00e7lar do\u011furabilir. Hava deste\u011finin sadece bir aksesuar olmaktan \u00f6te, hem kesim kalitesini hem de makine \u00f6mr\u00fcn\u00fc etkileyen \u00f6nemli bir fakt\u00f6r oldu\u011funu inceleyelim.<\/p>\n<h2>Piyasa Ger\u00e7ekli\u011fi: Hava Pompas\u0131n\u0131 G\u00f6zden Ka\u00e7\u0131rmak<\/h2>\n<p>Mevcut piyasa ortam\u0131, genellikle y\u00fcksek fiyatlarla sat\u0131lan geli\u015fmi\u015f lazer grav\u00fcr makinelerine y\u00f6nelik y\u00fcksek taleple karakterize edilmektedir. Bununla birlikte, bir\u00e7ok al\u0131c\u0131, kurulumlar\u0131na y\u00fcksek kaliteli bir hava pompas\u0131 entegre etmenin \u00f6nemini g\u00f6z ard\u0131 etmektedir. Bu dikkatsizlik, do\u011frudan son kullan\u0131c\u0131 deneyimini etkileyen verimsizliklere yol a\u00e7abilir.<\/p>\n<p>Hava deste\u011fi \u00e7ok \u00f6nemlidir; sadece kesim hassasiyetini art\u0131rmakla kalmaz, ayn\u0131 zamanda lazer sisteminin dayan\u0131kl\u0131l\u0131\u011f\u0131na da \u00f6nemli \u00f6l\u00e7\u00fcde katk\u0131da bulunur. B2B bayileri i\u00e7in do\u011fru hava pompas\u0131n\u0131 se\u00e7mek, \"eksik kesimler\" veya \"hasarl\u0131 lensler\" gibi sorunlarla ilgili m\u00fc\u015fteri \u015fikayetlerini azaltabilir ve sonu\u00e7 olarak m\u00fc\u015fteri sadakatini art\u0131rabilir.<\/p>\n<h2>Sorunlu Noktalar: Ucuz Hava Pompalar\u0131n\u0131n Gizli Maliyetleri<\/h2>\n<h3>D\u00fc\u015f\u00fck Kesim Kalitesi<\/h3>\n<p>D\u00fc\u015f\u00fck maliyetli bir hava pompas\u0131na yat\u0131r\u0131m yapmak, ba\u015fta hava ak\u0131\u015f\u0131ndaki istikrars\u0131zl\u0131klar olmak \u00fczere bir\u00e7ok soruna yol a\u00e7abilir. Bu t\u00fcr istikrars\u0131zl\u0131k, malzemelerde yanm\u0131\u015f kenarlara, kesme verimlili\u011finin azalmas\u0131na ve son kullan\u0131c\u0131lar i\u00e7in daha az \u00e7ekici bir nihai \u00fcr\u00fcne neden olabilir. Estetik kalitenin sat\u0131\u015flar\u0131 do\u011frudan etkiledi\u011fi bir pazarda, bu dezavantajlar zararl\u0131 olabilir.<\/p>\n<h3>Ekipman Hasar\u0131 Riski<\/h3>\n<p>\u00d6zellikle ya\u011f i\u00e7eren kalitesiz hava pompalar\u0131n\u0131n kullan\u0131lmas\u0131 \u00f6nemli riskler ta\u015f\u0131r. Bu pompalar ya\u011f buhar\u0131 veya nem yayarak lazer optiklerini kirletebilir. Bu kirlenme, maliyetli servis onar\u0131mlar\u0131na ve \u00fcr\u00fcn iadelerinde art\u0131\u015fa yol a\u00e7arak nihayetinde karl\u0131l\u0131\u011f\u0131n\u0131z\u0131 olumsuz etkileyebilir.<\/p>\n<h3>G\u00fcr\u00fclt\u00fc Engelleyici<\/h3>\n<p>Geleneksel hava kompres\u00f6rleri genellikle g\u00fcr\u00fclt\u00fcl\u00fcd\u00fcr ve ev kullan\u0131c\u0131lar\u0131 veya e\u011fitim ama\u00e7l\u0131 at\u00f6lyeler i\u00e7in uygun olmayan bir ortam yarat\u0131r. Y\u00fcksek desibel seviyeleri potansiyel m\u00fc\u015fterileri cayd\u0131rabilir, pazar eri\u015fiminizi k\u0131s\u0131tlayabilir ve sat\u0131\u015f f\u0131rsatlar\u0131n\u0131 s\u0131n\u0131rlayabilir.<\/p>\n<h2>\u00c7\u00f6z\u00fcm\u00fcm\u00fcz: \"Profesyonel D\u00fczey\" Hava Yard\u0131m\u0131n\u0131 Yeniden Tan\u0131mlamak<\/h2>\n<h3>Ya\u011fs\u0131z ve Susuz Tasar\u0131m<\/h3>\n<p>Elektromanyetik hava pompam\u0131z, ya\u011fs\u0131z ve susuz tasar\u0131m\u0131yla lazer lensler i\u00e7in 100% koruma standard\u0131 sa\u011flar. Bu \u00f6zellik, son kullan\u0131c\u0131lar\u0131n bak\u0131m konusunda endi\u015felenmelerine gerek kalmamas\u0131n\u0131 sa\u011flayarak, kullan\u0131c\u0131 memnuniyetini art\u0131ran sorunsuz bir deneyim sunar.<\/p>\n<h3>Ultra Sessiz Teknoloji<\/h3>\n<p>\u0130\u00e7 mekan ortamlar\u0131 i\u00e7in \u00f6zel olarak tasarlanan hava pompam\u0131z, g\u00fcr\u00fclt\u00fc seviyelerini 60 dB'nin alt\u0131nda tutmak i\u00e7in en son akustik teknolojiyi kullanmaktad\u0131r. Bu ultra sessiz \u00e7al\u0131\u015fma, kullan\u0131c\u0131 deneyimini \u00f6nemli \u00f6l\u00e7\u00fcde iyile\u015ftirerek ev st\u00fcdyolar\u0131 veya e\u011fitim ortamlar\u0131 i\u00e7in ideal hale getirir.<\/p>\n<h3>Sa\u011flam Performans<\/h3>\n<p>Hava pompam\u0131z, s\u00fcrekli 30 L\/dakika ak\u0131\u015f h\u0131z\u0131 sa\u011flayarak istikrarl\u0131 hava ak\u0131\u015f\u0131 garanti eder. Bu performans, ah\u015fap veya akrilik gibi kal\u0131n malzemeleri keserken \u00e7ok \u00f6nemlidir ve temiz kesimler ve minimum duman kal\u0131nt\u0131s\u0131 sa\u011flar. Kullan\u0131c\u0131lar, \u00fcr\u00fcnlerini geli\u015ftiren kusursuz sonu\u00e7lar bekleyebilirler.<\/p>\n<h2>Uyumluluk: Tek Noktadan E\u015fle\u015ftirme \u00c7\u00f6z\u00fcm\u00fc<\/h2>\n<h3>Geni\u015f Uyumluluk<\/h3>\n<p>Bu hava pompas\u0131, xTool, Ortur, Atomstack ve \u00e7e\u015fitli CO2 lazer makineleri de dahil olmak \u00fczere, ana ak\u0131m lazer grav\u00fcr modellerinin 95%'siyle sorunsuz bir \u015fekilde entegre olacak \u015fekilde tasarlanm\u0131\u015ft\u0131r. Bu \u00e7ok y\u00f6nl\u00fcl\u00fck, envanter y\u00f6netimini kolayla\u015ft\u0131rd\u0131\u011f\u0131 i\u00e7in B2B bayileri i\u00e7in paha bi\u00e7ilmezdir.<\/p>\n<h3>Distrib\u00fct\u00f6rler i\u00e7in Faydalar<\/h3>\n<p>Birden fazla makineyle uyumlu tek bir \u00fcr\u00fcn kodu (SKU) sayesinde, da\u011f\u0131t\u0131mc\u0131lar stok bask\u0131s\u0131n\u0131 \u00f6nemli \u00f6l\u00e7\u00fcde azaltabilir ve stok yenileme s\u00fcre\u00e7lerini basitle\u015ftirebilir. Bu \u00e7\u00f6z\u00fcm yaln\u0131zca operasyonel verimlili\u011fi art\u0131rmakla kalmaz, ayn\u0131 zamanda sipari\u015f kar\u015f\u0131lama karma\u015f\u0131kl\u0131\u011f\u0131n\u0131 da azalt\u0131r.<\/p>\n<h2>Tedarik Zinciri ve Ortakl\u0131k Avantajlar\u0131<\/h2>\n<h3>Fabrika G\u00fcc\u00fc<\/h3>\n<p>Titiz kalite kontrol s\u00fcre\u00e7lerimiz, 'den daha d\u00fc\u015f\u00fck, son derece d\u00fc\u015f\u00fck bir hata oran\u0131 sa\u011flamam\u0131z\u0131 garanti eder. Bu g\u00fcvenilirlik, iade ve de\u011fi\u015fimlerle ilgili lojistik maliyetlerini azaltarak i\u015fletmeniz i\u00e7in uygun maliyetli bir \u00e7\u00f6z\u00fcm sunar.<\/p>\n<h3>\u00d6zelle\u015ftirilmi\u015f Hizmetler (OEM\/ODM)<\/h3>\n<p>Farkl\u0131 pazarlar\u0131n ihtiya\u00e7lar\u0131n\u0131 kar\u015f\u0131lamak i\u00e7in marka logosu \u00f6zelle\u015ftirmesi, ambalaj tasar\u0131m\u0131 ve fi\u015f \u00f6zellikleri de dahil olmak \u00fczere \u00f6zel \u00e7\u00f6z\u00fcmler sunuyoruz. Bu esneklik, kendi marka kimli\u011finizi kolayl\u0131kla olu\u015fturman\u0131z\u0131 sa\u011flar.<\/p>\n<h3>Sat\u0131\u015f Sonras\u0131 Destek<\/h3>\n<p>M\u00fc\u015fteri memnuniyetine olan ba\u011fl\u0131l\u0131\u011f\u0131m\u0131z, h\u0131zl\u0131 teknik yan\u0131t s\u00fcrelerini ve verimli yedek par\u00e7a teminini i\u00e7erir. Bu destek \u00e7er\u00e7evesi, operasyonel s\u00fcreklili\u011fi sa\u011flaman\u0131za ve m\u00fc\u015fterilerinizi memnun etmenize olanak tan\u0131r.<\/p>\n<h2>Sonu\u00e7 ve Eylem \u00c7a\u011fr\u0131s\u0131<\/h2>\n<p>Y\u00fcksek kaliteli makinelerinizin itibar\u0131n\u0131 d\u00fc\u015f\u00fck kaliteli bile\u015fenlerin zedelemesine izin vermeyin. Ekipman\u0131n\u0131z\u0131n kalitesine uygun ve genel kullan\u0131c\u0131 deneyimini geli\u015ftiren bir hava pompas\u0131na yat\u0131r\u0131m yap\u0131n.<\/p>\n<p>Numune testi i\u00e7in veya en g\u00fcncel B2B toptan fiyatlar\u0131n\u0131 \u00f6\u011frenmek i\u00e7in bug\u00fcn bizimle ileti\u015fime ge\u00e7in. Vaatlerini ger\u00e7ekten yerine getiren bir \u00fcr\u00fcnle tekliflerinizi bir \u00fcst seviyeye ta\u015f\u0131yal\u0131m.<\/p>\n<p>Sorular\u0131n\u0131z i\u00e7in l\u00fctfen ziyaret edin. <a href=\"https:\/\/aircompressorforlasercutter.com\/tr\/bize-ulasin\/\">Ever-power \u0130leti\u015fim Sayfas\u0131<\/a>.<\/p>","protected":false},"excerpt":{"rendered":"<p>Electromagnetic Air Pump for Laser Engraving Machine The Unsung Hero Behind the Scenes In today&#8217;s competitive landscape, it is common for buyers to invest significant capital into laser engraving machines while neglecting one critical component: the air pump. This oversight can have substantial implications on the overall performance and longevity of the equipment. Let&#8217;s explore [&hellip;]<\/p>","protected":false},"featured_media":456,"comment_status":"open","ping_status":"closed","template":"","meta":{"_et_pb_use_builder":"","_et_pb_old_content":"","_et_gb_content_width":""},"product_brand":[],"product_cat":[1093],"product_tag":[1096],"class_list":{"0":"post-476","1":"product","2":"type-product","3":"status-publish","4":"has-post-thumbnail","6":"product_cat-air-compressor-for-laser-cutter","7":"product_tag-air-compressor-for-laser-cutter-cost","9":"first","10":"instock","11":"shipping-taxable","12":"product-type-simple"},"_links":{"self":[{"href":"https:\/\/aircompressorforlasercutter.com\/tr\/wp-json\/wp\/v2\/product\/476","targetHints":{"allow":["GET"]}}],"collection":[{"href":"https:\/\/aircompressorforlasercutter.com\/tr\/wp-json\/wp\/v2\/product"}],"about":[{"href":"https:\/\/aircompressorforlasercutter.com\/tr\/wp-json\/wp\/v2\/types\/product"}],"replies":[{"embeddable":true,"href":"https:\/\/aircompressorforlasercutter.com\/tr\/wp-json\/wp\/v2\/comments?post=476"}],"wp:featuredmedia":[{"embeddable":true,"href":"https:\/\/aircompressorforlasercutter.com\/tr\/wp-json\/wp\/v2\/media\/456"}],"wp:attachment":[{"href":"https:\/\/aircompressorforlasercutter.com\/tr\/wp-json\/wp\/v2\/media?parent=476"}],"wp:term":[{"taxonomy":"product_brand","embeddable":true,"href":"https:\/\/aircompressorforlasercutter.com\/tr\/wp-json\/wp\/v2\/product_brand?post=476"},{"taxonomy":"product_cat","embeddable":true,"href":"https:\/\/aircompressorforlasercutter.com\/tr\/wp-json\/wp\/v2\/product_cat?post=476"},{"taxonomy":"product_tag","embeddable":true,"href":"https:\/\/aircompressorforlasercutter.com\/tr\/wp-json\/wp\/v2\/product_tag?post=476"}],"curies":[{"name":"wp","href":"https:\/\/api.w.org\/{rel}","templated":true}]}}