{"id":478,"date":"2026-01-14T08:26:19","date_gmt":"2026-01-14T08:26:19","guid":{"rendered":"https:\/\/aircompressorforlasercutter.com\/product\/air-compressor-for-cleaner-laser-engraving-edges\/"},"modified":"2026-01-14T08:36:17","modified_gmt":"2026-01-14T08:36:17","slug":"air-compressor-for-cleaner-laser-engraving-edges","status":"publish","type":"product","link":"https:\/\/aircompressorforlasercutter.com\/tr\/urun\/lazer-gravur-kenarlarini-temizlemek-icin-hava-kompresoru\/","title":{"rendered":"Lazer grav\u00fcr kenarlar\u0131n\u0131 temizlemek i\u00e7in hava kompres\u00f6r\u00fc"},"content":{"rendered":"<h1>Lazerle Grav\u00fcr Yaparken Daha Temiz Kenarlar \u0130\u00e7in Hava Kompres\u00f6r\u00fc<\/h1>\n<h2>Sahne Arkas\u0131ndaki G\u00f6r\u00fcnmez Kahraman<\/h2>\n<p>H\u0131zla geli\u015fen lazer grav\u00fcr d\u00fcnyas\u0131nda, \u00e7ok \u00f6nemli bir unsur genellikle g\u00f6z ard\u0131 ediliyor: hava kompres\u00f6r\u00fc. Bir\u00e7ok al\u0131c\u0131 y\u00fcksek kaliteli lazer grav\u00fcr makinelerine \u00f6nemli yat\u0131r\u0131mlar yap\u0131yor, ancak g\u00fcvenilir bir hava pompas\u0131n\u0131n \u00f6nemini s\u0131kl\u0131kla g\u00f6zden ka\u00e7\u0131r\u0131yor. Bu ihmal, i\u015flerinin kalitesini baltalayabilir ve nihayetinde itibarlar\u0131n\u0131 ve verimliliklerini etkileyebilir.<\/p>\n<h2>Arka Plan: Mevcut Piyasa Durumu<\/h2>\n<p>Piyasada, her biri benzersiz hassasiyet ve verimlilik vaat eden lazer grav\u00fcr makineleri se\u00e7enekleri bolca bulunuyor. Ancak bir\u00e7ok kullan\u0131c\u0131, hava deste\u011finin sadece bir aksesuar olmad\u0131\u011f\u0131n\u0131; kesim kalitesini ve makinenin \u00f6mr\u00fcn\u00fc do\u011frudan etkileyen temel bir bile\u015fen oldu\u011funu fark edemiyor. Do\u011fru hava kompres\u00f6r\u00fc, nihai sonu\u00e7ta \u00f6nemli bir fark yaratabilir.<\/p>\n<h2>Temel \u0130\u00e7g\u00f6r\u00fc<\/h2>\n<p>Da\u011f\u0131t\u0131mc\u0131lar i\u00e7in, y\u00fcksek kaliteli bir hava pompas\u0131 se\u00e7mek, eksik kesimler veya lens hasar\u0131 gibi sorunlarla ilgili m\u00fc\u015fteri \u015fikayetlerinin azalmas\u0131 anlam\u0131na gelir. Bu iyile\u015ftirme yaln\u0131zca m\u00fc\u015fteri memnuniyetini art\u0131rmakla kalmaz, ayn\u0131 zamanda daha y\u00fcksek m\u00fc\u015fteri sadakati oranlar\u0131na da yol a\u00e7ar. Hava kompres\u00f6rlerinin oynad\u0131\u011f\u0131 \u00f6nemli rol\u00fc anlayarak, da\u011f\u0131t\u0131mc\u0131lar m\u00fc\u015fterilerine operasyonel ihtiya\u00e7lar\u0131na uygun daha sa\u011flam bir \u00e7\u00f6z\u00fcm sunabilirler.<\/p>\n<p><img loading=\"lazy\" decoding=\"async\" class=\"wp-image-455 size-full aligncenter\" src=\"https:\/\/aircompressorforlasercutter.com\/wp-content\/uploads\/2026\/01\/Air-Compressor-For-Laser-Cutter2.webp\" alt=\"Lazer Kesici \u0130\u00e7in Hava Kompres\u00f6r\u00fc\" width=\"800\" height=\"800\" srcset=\"https:\/\/aircompressorforlasercutter.com\/wp-content\/uploads\/2026\/01\/Air-Compressor-For-Laser-Cutter2.webp 800w, https:\/\/aircompressorforlasercutter.com\/wp-content\/uploads\/2026\/01\/Air-Compressor-For-Laser-Cutter2-480x480.webp 480w\" sizes=\"auto, (min-width: 0px) and (max-width: 480px) 480px, (min-width: 481px) 800px, 100vw\" \/><\/p>\n<h2>Sorun Noktas\u0131 Analizi: Ucuz Hava Pompalar\u0131n\u0131n Gizli Maliyetleri<\/h2>\n<h3>K\u00f6t\u00fc Kesim Kalitesi<\/h3>\n<p>D\u00fc\u015f\u00fck maliyetli bir hava pompas\u0131na yat\u0131r\u0131m yapmak genellikle istikrars\u0131z hava ak\u0131\u015f\u0131na yol a\u00e7arak malzeme kenarlar\u0131n\u0131n yanmas\u0131na veya k\u00f6m\u00fcrle\u015fmesine neden olur. Bu tutars\u0131zl\u0131k, nihai \u00fcr\u00fcnlerin g\u00f6r\u00fcn\u00fcm\u00fcn\u00fc olumsuz etkileyerek m\u00fc\u015fteri memnuniyetinin azalmas\u0131na ve potansiyel i\u015f kayb\u0131na yol a\u00e7ar.<\/p>\n<h3>Ekipman Hasar\u0131 Riski<\/h3>\n<p>\u00d6zellikle ya\u011f i\u00e7eri\u011fi olan kalitesiz hava pompalar\u0131, lazer lenslerini kirleten ya\u011f buhar\u0131 veya nem olu\u015fturabilir. Bu durum sadece bak\u0131m maliyetlerini art\u0131rmakla kalmaz, ayn\u0131 zamanda pahal\u0131 onar\u0131mlara veya iadelere yol a\u00e7arak i\u015fletme b\u00fct\u00e7esi \u00fczerinde \u00f6nemli bir y\u00fck olu\u015fturur.<\/p>\n<h3>G\u00fcr\u00fclt\u00fcl\u00fc \u0130\u015flemler<\/h3>\n<p>Geleneksel hava kompres\u00f6rleri, a\u015f\u0131r\u0131 g\u00fcr\u00fclt\u00fc seviyeleriyle \u00fcnl\u00fcd\u00fcr; bu durum, ev kullan\u0131c\u0131lar\u0131n\u0131 ve e\u011fitim ama\u00e7l\u0131 at\u00f6lyeleri lazer grav\u00fcr teknolojisinden uzakla\u015ft\u0131rabilir. Bu s\u0131n\u0131rlama, potansiyel m\u00fc\u015fteri taban\u0131n\u0131 k\u00fc\u00e7\u00fclt\u00fcr ve pazar b\u00fcy\u00fcme f\u0131rsatlar\u0131n\u0131 k\u0131s\u0131tlar.<\/p>\n<h2>\u00c7\u00f6z\u00fcm\u00fcm\u00fcz: Profesyonel Hava Yard\u0131m\u0131n\u0131 Yeniden Tan\u0131mlamak<\/h2>\n<h3>Ya\u011fs\u0131z ve Susuz Tasar\u0131m<\/h3>\n<p>Hava kompres\u00f6r\u00fcm\u00fcz, lazer lensler i\u00e7in 100% koruma sa\u011flayan yenilik\u00e7i, ya\u011fs\u0131z ve susuz bir tasar\u0131ma sahiptir. Bu, kullan\u0131c\u0131lar\u0131n bak\u0131m konusunda endi\u015felenmeden projelerine odaklanabilece\u011fi ve daha verimli bir i\u015f ak\u0131\u015f\u0131na sahip olabilece\u011fi anlam\u0131na gelir.<\/p>\n<h3>Ultra Sessiz Teknoloji<\/h3>\n<p>\u00d6zellikle i\u00e7 mekan ve ev st\u00fcdyolar\u0131 i\u00e7in tasarlanan hava kompres\u00f6r\u00fcm\u00fcz, 60 dB'den daha d\u00fc\u015f\u00fck etkileyici bir g\u00fcr\u00fclt\u00fc seviyesinde \u00e7al\u0131\u015f\u0131r. Bu yenilik, kullan\u0131c\u0131 deneyimini \u00f6nemli \u00f6l\u00e7\u00fcde geli\u015ftirerek hem hobi ama\u00e7l\u0131 kullan\u0131c\u0131lar hem de profesyoneller i\u00e7in ideal bir se\u00e7im haline getirir.<\/p>\n<h3>Sa\u011flam Performans<\/h3>\n<p>Dakikada 30 litre gibi istikrarl\u0131 bir \u00e7\u0131k\u0131\u015f g\u00fcc\u00fcyle, hava kompres\u00f6r\u00fcm\u00fcz kontrplak veya akrilik gibi daha kal\u0131n malzemelerle \u00e7al\u0131\u015f\u0131rken bile temiz ve dumans\u0131z kesimler garanti eder. Bu g\u00fcvenilirlik, kullan\u0131c\u0131lar\u0131n s\u00fcrekli olarak y\u00fcksek kaliteli sonu\u00e7lar elde etmelerini sa\u011flar.<\/p>\n<p><img loading=\"lazy\" decoding=\"async\" class=\"wp-image-458 size-full aligncenter\" src=\"https:\/\/aircompressorforlasercutter.com\/wp-content\/uploads\/2026\/01\/Air-Compressor-For-Laser-Cutter6.webp\" alt=\"Lazer Kesici \u0130\u00e7in Hava Kompres\u00f6r\u00fc\" width=\"800\" height=\"800\" srcset=\"https:\/\/aircompressorforlasercutter.com\/wp-content\/uploads\/2026\/01\/Air-Compressor-For-Laser-Cutter6.webp 800w, https:\/\/aircompressorforlasercutter.com\/wp-content\/uploads\/2026\/01\/Air-Compressor-For-Laser-Cutter6-480x480.webp 480w\" sizes=\"auto, (min-width: 0px) and (max-width: 480px) 480px, (min-width: 481px) 800px, 100vw\" \/><\/p>\n<h2>Geni\u015f Uyumluluk<\/h2>\n<h3>Geni\u015f Uygulama Alan\u0131<\/h3>\n<p>Hava kompres\u00f6r\u00fcm\u00fcz, xTool, Ortur, Atomstack ve \u00e7e\u015fitli CO2 lazer sistemleri de dahil olmak \u00fczere piyasadaki ana ak\u0131m lazer grav\u00fcr makinelerinin 95% modelleriyle sorunsuz bir \u015fekilde entegre olacak \u015fekilde tasarlanm\u0131\u015ft\u0131r. Bu \u00e7ok y\u00f6nl\u00fcl\u00fck, kapsaml\u0131 de\u011fi\u015fikliklere gerek kalmadan kolay benimseme olana\u011f\u0131 sa\u011flar.<\/p>\n<h3>Distrib\u00fct\u00f6r Avantajlar\u0131<\/h3>\n<p>Da\u011f\u0131t\u0131mc\u0131lar, birden fazla makineyle uyumlu tek bir \u00fcr\u00fcn kodu (SKU) sunarak stok bask\u0131s\u0131n\u0131 \u00f6nemli \u00f6l\u00e7\u00fcde azaltabilir ve stoklama s\u00fcre\u00e7lerini basitle\u015ftirerek operasyonel verimlili\u011fi art\u0131rabilirler.<\/p>\n<h2>Tedarik Zinciri ve \u0130\u015fbirli\u011finin Avantajlar\u0131<\/h2>\n<h3>Fabrika G\u00fcc\u00fc<\/h3>\n<p>Titiz kalite kontrol s\u00fcre\u00e7lerimiz, 'den daha d\u00fc\u015f\u00fck, son derece d\u00fc\u015f\u00fck bir hata oran\u0131 sa\u011flamaktad\u0131r. Bu detaylara g\u00f6sterilen \u00f6zen, distrib\u00fct\u00f6rlerin iade ve de\u011fi\u015fimlerle ilgili lojistik maliyetlerinden tasarruf etmelerini sa\u011flayarak karl\u0131l\u0131\u011f\u0131 art\u0131rmaktad\u0131r.<\/p>\n<h3>\u00d6zelle\u015ftirme Hizmetleri<\/h3>\n<p>Logo \u00f6zelle\u015ftirme, ambalaj tasar\u0131m\u0131 ve farkl\u0131 \u00fclkeler i\u00e7in \u00e7e\u015fitli fi\u015f \u00f6zelliklerine uyum sa\u011flama yetene\u011fi de dahil olmak \u00fczere, \u00f6zel olarak haz\u0131rlanm\u0131\u015f hizmetler sunuyoruz. Bu esneklik, distrib\u00fct\u00f6rlerin pazar ihtiya\u00e7lar\u0131n\u0131 kar\u015f\u0131larken kendi marka kimliklerini geli\u015ftirmelerine olanak tan\u0131r.<\/p>\n<h3>Sat\u0131\u015f Sonras\u0131 Destek<\/h3>\n<p>H\u0131zl\u0131 teknik m\u00fcdahale ve yedek par\u00e7a tedarik yeteneklerimiz, m\u00fc\u015fterilerimizin zaman\u0131nda destek almas\u0131n\u0131 sa\u011flayarak operasyonel deneyimlerini ve \u00fcr\u00fcnlerimize olan g\u00fcvenlerini daha da art\u0131r\u0131r.<\/p>\n<p>D\u00fc\u015f\u00fck kaliteli aksesuarlar\u0131n, \u00fcst d\u00fczey makinelerinizin itibar\u0131n\u0131 zedelememesine izin vermeyin. \u00dcst\u00fcn sonu\u00e7lar elde etmek ve markan\u0131z\u0131n g\u00fcvenilirli\u011fini art\u0131rmak i\u00e7in ekipman\u0131n\u0131z\u0131n kalitesine uygun bir hava pompas\u0131 se\u00e7in.<\/p>\n<p>Test i\u00e7in numune talep etmek veya en g\u00fcncel B2B toptan fiyatlar\u0131n\u0131 \u00f6\u011frenmek i\u00e7in bug\u00fcn bizimle ileti\u015fime ge\u00e7in. Ever-power'\u0131n son teknoloji \u00fcr\u00fcn\u00fc hava kompres\u00f6rleriyle i\u015fletmenizi bir \u00fcst seviyeye ta\u015f\u0131mak i\u00e7in proaktif bir ad\u0131m at\u0131n.<\/p>\n<p style=\"text-align: center;\"><span style=\"font-size: 18pt;\"><a href=\"https:\/\/aircompressorforlasercutter.com\/tr\/bize-ulasin\/\">Bize Ula\u015f\u0131n<\/a><\/span><\/p>","protected":false},"excerpt":{"rendered":"<p>Air Compressor for Cleaner Laser Engraving Edges The Unsung Hero Behind the Scenes In the fast-evolving world of laser engraving, one crucial element often remains in the shadows??the air compressor. Most buyers invest significantly in high-end laser engraving machines, yet they frequently overlook the importance of a reliable air pump. This oversight can undermine the [&hellip;]<\/p>","protected":false},"featured_media":457,"comment_status":"open","ping_status":"closed","template":"","meta":{"_et_pb_use_builder":"","_et_pb_old_content":"","_et_gb_content_width":""},"product_brand":[],"product_cat":[1093],"product_tag":[1095],"class_list":{"0":"post-478","1":"product","2":"type-product","3":"status-publish","4":"has-post-thumbnail","6":"product_cat-air-compressor-for-laser-cutter","7":"product_tag-air-compressor-for-laser-cutter-price","9":"first","10":"instock","11":"shipping-taxable","12":"product-type-simple"},"_links":{"self":[{"href":"https:\/\/aircompressorforlasercutter.com\/tr\/wp-json\/wp\/v2\/product\/478","targetHints":{"allow":["GET"]}}],"collection":[{"href":"https:\/\/aircompressorforlasercutter.com\/tr\/wp-json\/wp\/v2\/product"}],"about":[{"href":"https:\/\/aircompressorforlasercutter.com\/tr\/wp-json\/wp\/v2\/types\/product"}],"replies":[{"embeddable":true,"href":"https:\/\/aircompressorforlasercutter.com\/tr\/wp-json\/wp\/v2\/comments?post=478"}],"wp:featuredmedia":[{"embeddable":true,"href":"https:\/\/aircompressorforlasercutter.com\/tr\/wp-json\/wp\/v2\/media\/457"}],"wp:attachment":[{"href":"https:\/\/aircompressorforlasercutter.com\/tr\/wp-json\/wp\/v2\/media?parent=478"}],"wp:term":[{"taxonomy":"product_brand","embeddable":true,"href":"https:\/\/aircompressorforlasercutter.com\/tr\/wp-json\/wp\/v2\/product_brand?post=478"},{"taxonomy":"product_cat","embeddable":true,"href":"https:\/\/aircompressorforlasercutter.com\/tr\/wp-json\/wp\/v2\/product_cat?post=478"},{"taxonomy":"product_tag","embeddable":true,"href":"https:\/\/aircompressorforlasercutter.com\/tr\/wp-json\/wp\/v2\/product_tag?post=478"}],"curies":[{"name":"wp","href":"https:\/\/api.w.org\/{rel}","templated":true}]}}