{"id":479,"date":"2026-01-14T08:26:20","date_gmt":"2026-01-14T08:26:20","guid":{"rendered":"https:\/\/aircompressorforlasercutter.com\/product\/high-pressure-air-assist-for-deep-laser-cutting\/"},"modified":"2026-01-14T08:32:16","modified_gmt":"2026-01-14T08:32:16","slug":"high-pressure-air-assist-for-deep-laser-cutting","status":"publish","type":"product","link":"https:\/\/aircompressorforlasercutter.com\/tr\/urun\/derin-lazer-kesim-icin-yuksek-basincli-hava-destegi\/","title":{"rendered":"Derin lazer kesim i\u00e7in y\u00fcksek bas\u0131n\u00e7l\u0131 hava deste\u011fi"},"content":{"rendered":"<h1>Derin Lazer Kesiminde Y\u00fcksek Bas\u0131n\u00e7l\u0131 Hava Deste\u011fi: G\u00f6zden Ka\u00e7an Gizli Kahraman<\/h1>\n<h2>1. Arka Plan: Mevcut Piyasa Durumu<\/h2>\n<p>H\u0131zla geli\u015fen lazer kesim teknolojisi ortam\u0131nda, \u00e7o\u011fu al\u0131c\u0131 geli\u015fmi\u015f lazer grav\u00fcr makinelerine \u00f6nemli miktarda yat\u0131r\u0131m yaparken, kritik bir bile\u015feni, yani hava kompres\u00f6r\u00fcn\u00fc genellikle g\u00f6zden ka\u00e7\u0131r\u0131yor. Odak noktas\u0131 \u00f6ncelikle kesim cihaz\u0131n\u0131n kendisi olsa da, hava pompas\u0131 optimum performans, verimlilik ve \u00e7\u0131kt\u0131 kalitesini sa\u011flamada \u00e7ok \u00f6nemli bir rol oynar. Asl\u0131nda, hava deste\u011fi sadece bir aksesuar de\u011fil; kesim kalitesini temelden etkiler ve lazer makinelerinin \u00f6mr\u00fcn\u00fc uzat\u0131r.<\/p>\n<p>Hava destekli sistemlerin \u00f6nemi abart\u0131lamaz. B2B m\u00fc\u015fterileri i\u00e7in do\u011fru hava pompas\u0131n\u0131 se\u00e7mek, eksik kesimler veya hasarl\u0131 lensler gibi sorunlarla ilgili \u015fikayetlerin azalmas\u0131na ve dolay\u0131s\u0131yla m\u00fc\u015fteri sadakat oranlar\u0131n\u0131n artmas\u0131na yol a\u00e7ar. Hava destekli sistemlerin hem kullan\u0131m kolayl\u0131\u011f\u0131n\u0131 hem de m\u00fc\u015fteri memnuniyetini art\u0131rarak do\u011frudan karl\u0131l\u0131\u011f\u0131 etkiledi\u011fini anlamak \u00e7ok \u00f6nemlidir.<\/p>\n<h2>2. Sorun Noktas\u0131 Analizi: Ucuz Hava Pompalar\u0131n\u0131n Gizli Maliyetleri<\/h2>\n<p>D\u00fc\u015f\u00fck maliyetli hava pompalar\u0131n\u0131 tercih etmek, hem kaliteyi hem de m\u00fc\u015fteri memnuniyetini tehlikeye atan bir\u00e7ok gizli maliyete yol a\u00e7abilir. Kalitesiz bir hava kompres\u00f6r\u00fc se\u00e7menin sonu\u00e7lar\u0131 \u00e7e\u015fitli \u015fekillerde ortaya \u00e7\u0131kabilir:<\/p>\n<h3>Kesim Kalitesi Sorunlar\u0131<\/h3>\n<p>Kalitesiz kompres\u00f6rlerden kaynaklanan dengesiz hava ak\u0131\u015f\u0131, malzemelerin kenarlar\u0131nda yan\u0131k veya k\u00f6m\u00fcrle\u015fmi\u015f izlere yol a\u00e7arak estetik g\u00f6r\u00fcn\u00fcm\u00fcn\u00fc bozabilir. Kesme verimlili\u011fi d\u00fc\u015fer ve tutars\u0131z sonu\u00e7lar ortaya \u00e7\u0131kar. Son kullan\u0131c\u0131lar standart alt\u0131 \u00fcr\u00fcnler ald\u0131\u011f\u0131nda, bu durum sat\u0131\u015flar\u0131n\u0131 ve itibarlar\u0131n\u0131 olumsuz etkiler.<\/p>\n<h3>Ekipman Hasar\u0131 Riski<\/h3>\n<p>D\u00fc\u015f\u00fck kaliteli, \u00f6zellikle ya\u011fl\u0131 hava pompalar\u0131 kullanmak, ya\u011f buhar\u0131 veya nem salarak lazer lenslerini kirletebilir. Bu durum sadece pahal\u0131 onar\u0131mlar\u0131 gerektirmekle kalmaz, ayn\u0131 zamanda iade oranlar\u0131n\u0131n artmas\u0131na ve sonu\u00e7 olarak karl\u0131l\u0131\u011f\u0131n\u0131z\u0131 etkilemesine de yol a\u00e7abilir.<\/p>\n<h3>G\u00fcr\u00fclt\u00fcden Cayd\u0131rma<\/h3>\n<p>Geleneksel hava kompres\u00f6rleri genellikle a\u015f\u0131r\u0131 g\u00fcr\u00fclt\u00fc \u00fcretir; bu da ev kullan\u0131c\u0131lar\u0131n\u0131 ve e\u011fitim ama\u00e7l\u0131 at\u00f6lyeleri lazer kesim teknolojisinden uzakla\u015ft\u0131rabilir. Bu s\u0131n\u0131rlama, potansiyel sat\u0131\u015f pazar\u0131n\u0131 k\u00fc\u00e7\u00fclterek gelir art\u0131\u015f\u0131n\u0131 etkiler.<\/p>\n<h2>3. \u00c7\u00f6z\u00fcm\u00fcm\u00fcz: \u201cProfesyonel S\u0131n\u0131f\u201d Hava Destek Sistemini Yeniden Tan\u0131mlamak<\/h2>\n<p>Ever-power olarak, geleneksel hava kompres\u00f6rlerinin eksikliklerini gideren y\u00fcksek performansl\u0131 bir hava destek \u00e7\u00f6z\u00fcm\u00fc sunmaya kendimizi adad\u0131k. Yenilik\u00e7i \u00f6zelliklerimiz, kullan\u0131c\u0131 deneyimini geli\u015ftirir ve \u00fcst\u00fcn kesim sonu\u00e7lar\u0131 sa\u011flar:<\/p>\n<h3>Ya\u011fs\u0131z ve Susuz Tasar\u0131m<\/h3>\n<p>Hava pompalar\u0131m\u0131z, lazer lensleri i\u00e7in koruma sa\u011flayan 100% ya\u011fs\u0131z ve susuz tasar\u0131ma sahiptir. Bu, son kullan\u0131c\u0131lar i\u00e7in bak\u0131m endi\u015felerini ortadan kald\u0131rarak sorunsuz bir deneyim sunar.<\/p>\n<h3>Ultra Sessiz Teknoloji<\/h3>\n<p>\u0130\u00e7 mekan ve ev st\u00fcdyosu ortamlar\u0131 i\u00e7in \u00f6zel olarak tasarlanan hava pompalar\u0131m\u0131z, 60 dB'nin alt\u0131nda g\u00fcr\u00fclt\u00fc seviyesiyle \u00e7al\u0131\u015f\u0131r. Bu ultra sessiz \u00e7al\u0131\u015fma, kullan\u0131c\u0131 memnuniyetini art\u0131r\u0131r ve \u00e7e\u015fitli ortamlarda kullan\u0131labilirli\u011fi geni\u015fletir.<\/p>\n<h3>Sa\u011flam Performans<\/h3>\n<p>Dakikada 30 litre gibi tutarl\u0131 ve istikrarl\u0131 bir hava ak\u0131\u015f\u0131 sa\u011flayan hava pompalar\u0131m\u0131z, kal\u0131n ah\u015fap veya akrilik malzemelerin bile duman veya toz olmadan temiz bir \u015fekilde kesilmesini sa\u011flar. Bu da son kullan\u0131c\u0131lar i\u00e7in y\u00fcksek kaliteli nihai \u00fcr\u00fcnler anlam\u0131na gelir.<\/p>\n<h2>4. Geni\u015f Uyumluluk: Tek Noktadan E\u015fle\u015ftirme (Endi\u015fesiz Stok Y\u00f6netimi)<\/h2>\n<p>Hava destekli \u00e7\u00f6z\u00fcm\u00fcm\u00fcz, xTool, Ortur, Atomstack ve \u00e7e\u015fitli CO2 lazer makineleri de dahil olmak \u00fczere piyasada bulunan ana ak\u0131m modellerin 95% modeliyle geni\u015f bir uyumlulu\u011fa sahiptir. Bu \u00e7ok y\u00f6nl\u00fcl\u00fck, distrib\u00fct\u00f6rler i\u00e7in \u00f6nemli avantajlar sunmaktad\u0131r:<\/p>\n<h3>Tek \u00dcr\u00fcn Kodu Uyumlulu\u011fu<\/h3>\n<p>Birden fazla makineye uyumlu tek bir \u00fcr\u00fcn kodu (SKU) ile da\u011f\u0131t\u0131mc\u0131lar, stok y\u00f6netimiyle ilgili bask\u0131y\u0131 ve karma\u015f\u0131kl\u0131\u011f\u0131 \u00f6nemli \u00f6l\u00e7\u00fcde azaltabilirler. Bu sadele\u015ftirme, daha iyi operasyonel verimlili\u011fe yol a\u00e7ar.<\/p>\n<h2>5. Tedarik Zinciri ve \u0130\u015fbirli\u011finin Avantajlar\u0131<\/h2>\n<p>Ever-power, i\u015f ortaklar\u0131na \u00fcr\u00fcn g\u00fcvenilirli\u011fini ve m\u00fc\u015fteri memnuniyetini art\u0131ran g\u00fc\u00e7l\u00fc tedarik zinciri yetenekleri sunmaya kendini adam\u0131\u015ft\u0131r:<\/p>\n<h3>Fabrika G\u00fcc\u00fc ve Kalite Kontrol\u00fc<\/h3>\n<p>Titiz kalite kontrol s\u00fcre\u00e7lerimiz, 'den daha d\u00fc\u015f\u00fck etkileyici bir hata oran\u0131 sa\u011flamaktad\u0131r. \u00dcr\u00fcn ar\u0131zalar\u0131ndaki bu \u00f6nemli azalma, ortaklar\u0131m\u0131z i\u00e7in iade ve lojistik maliyetlerinde \u00f6nemli tasarruflar anlam\u0131na gelmektedir.<\/p>\n<h3>\u00d6zel Hizmetler (OEM\/ODM)<\/h3>\n<p>\u00c7e\u015fitli \u00fclkeler i\u00e7in \u00f6zel logolar, ambalaj tasar\u0131mlar\u0131 ve fi\u015f \u00f6zellikleri i\u00e7eren marka olu\u015fturma f\u0131rsatlar\u0131 da dahil olmak \u00fczere, size \u00f6zel \u00e7\u00f6z\u00fcmler sunuyoruz. Bu sayede pazarda benzersiz marka kimli\u011finizi olu\u015fturabilirsiniz.<\/p>\n<h3>Sat\u0131\u015f Sonras\u0131 Destek<\/h3>\n<p>\u00dcst\u00fcn m\u00fc\u015fteri hizmetlerine olan ba\u011fl\u0131l\u0131\u011f\u0131m\u0131z, h\u0131zl\u0131 teknik yan\u0131t s\u00fcrelerini ve verimli yedek par\u00e7a tedarik yeteneklerini i\u00e7ererek, operasyonlar\u0131n\u0131z\u0131n sorunsuz ve etkili bir \u015fekilde y\u00fcr\u00fct\u00fclmesini sa\u011flar.<\/p>\n<h2>6. Sonu\u00e7 ve Eylem \u00c7a\u011fr\u0131s\u0131 (E\u00c7\u00c7)<\/h2>\n<p>D\u00fc\u015f\u00fck kaliteli bile\u015fenlerin, \u00fcst d\u00fczey makinelerinizin itibar\u0131n\u0131 zedelemesine izin vermeyin. Ekipman\u0131n\u0131z\u0131n kalitesiyle uyumlu bir hava pompas\u0131 tercih edin. Birinci s\u0131n\u0131f bir hava destek \u00e7\u00f6z\u00fcm\u00fcne yat\u0131r\u0131m yaparak, m\u00fc\u015fteri memnuniyetini ve sadakatini art\u0131racaks\u0131n\u0131z.<\/p>\n<p>Numune testi talep etmek veya en g\u00fcncel B2B toptan fiyat bilgilerini almak i\u00e7in bug\u00fcn bizimle ileti\u015fime ge\u00e7in. Gelin birlikte lazer kesim deneyimini bir \u00fcst seviyeye ta\u015f\u0131yal\u0131m.<\/p>\n<p><a href=\"https:\/\/aircompressorforlasercutter.com\/tr\/bize-ulasin\/\">Bize Ula\u015f\u0131n<\/a><\/p>","protected":false},"excerpt":{"rendered":"<p>High Pressure Air Assist for Deep Laser Cutting: The Overlooked Unsung Hero 1. Background: The Current Market Landscape In the rapidly evolving landscape of laser cutting technology, most buyers invest substantial amounts in advanced laser engraving machines, often overlooking a critical component: the air compressor. While the focus is primarily on the cutting device itself, [&hellip;]<\/p>","protected":false},"featured_media":457,"comment_status":"open","ping_status":"closed","template":"","meta":{"_et_pb_use_builder":"","_et_pb_old_content":"","_et_gb_content_width":""},"product_brand":[],"product_cat":[1093],"product_tag":[1096],"class_list":{"0":"post-479","1":"product","2":"type-product","3":"status-publish","4":"has-post-thumbnail","6":"product_cat-air-compressor-for-laser-cutter","7":"product_tag-air-compressor-for-laser-cutter-cost","9":"first","10":"instock","11":"shipping-taxable","12":"product-type-simple"},"_links":{"self":[{"href":"https:\/\/aircompressorforlasercutter.com\/tr\/wp-json\/wp\/v2\/product\/479","targetHints":{"allow":["GET"]}}],"collection":[{"href":"https:\/\/aircompressorforlasercutter.com\/tr\/wp-json\/wp\/v2\/product"}],"about":[{"href":"https:\/\/aircompressorforlasercutter.com\/tr\/wp-json\/wp\/v2\/types\/product"}],"replies":[{"embeddable":true,"href":"https:\/\/aircompressorforlasercutter.com\/tr\/wp-json\/wp\/v2\/comments?post=479"}],"wp:featuredmedia":[{"embeddable":true,"href":"https:\/\/aircompressorforlasercutter.com\/tr\/wp-json\/wp\/v2\/media\/457"}],"wp:attachment":[{"href":"https:\/\/aircompressorforlasercutter.com\/tr\/wp-json\/wp\/v2\/media?parent=479"}],"wp:term":[{"taxonomy":"product_brand","embeddable":true,"href":"https:\/\/aircompressorforlasercutter.com\/tr\/wp-json\/wp\/v2\/product_brand?post=479"},{"taxonomy":"product_cat","embeddable":true,"href":"https:\/\/aircompressorforlasercutter.com\/tr\/wp-json\/wp\/v2\/product_cat?post=479"},{"taxonomy":"product_tag","embeddable":true,"href":"https:\/\/aircompressorforlasercutter.com\/tr\/wp-json\/wp\/v2\/product_tag?post=479"}],"curies":[{"name":"wp","href":"https:\/\/api.w.org\/{rel}","templated":true}]}}