{"id":480,"date":"2026-01-14T08:26:20","date_gmt":"2026-01-14T08:26:20","guid":{"rendered":"https:\/\/aircompressorforlasercutter.com\/product\/laser-lens-cooling-air-pump-system\/"},"modified":"2026-01-14T08:32:05","modified_gmt":"2026-01-14T08:32:05","slug":"laser-lens-cooling-air-pump-system","status":"publish","type":"product","link":"https:\/\/aircompressorforlasercutter.com\/tr\/urun\/lazer-lens-sogutma-hava-pompasi-sistemi\/","title":{"rendered":"Lazer lens so\u011futma hava pompas\u0131 sistemi"},"content":{"rendered":"<h1>Lazer Lens So\u011futma Hava Pompas\u0131 Sistemi: Lazer Kesimin G\u00f6r\u00fcnmez Kahraman\u0131<\/h1>\n<h2>1. Giri\u015f: Ad\u0131 San\u0131 Duyulmam\u0131\u015f Kahraman<\/h2>\n<p>Lazer kesim ve grav\u00fcr d\u00fcnyas\u0131nda, al\u0131c\u0131lar genellikle y\u00fcksek kaliteli lazer makinelerine \u00f6nemli yat\u0131r\u0131mlar yaparlar, ancak hava pompalar\u0131n\u0131n kritik rol\u00fc s\u0131kl\u0131kla g\u00f6z ard\u0131 edilir. Bu bile\u015fenler ikincil gibi g\u00f6r\u00fcnse de, lazer sistemlerinin genel performans\u0131n\u0131 ve \u00f6mr\u00fcn\u00fc art\u0131rmada hayati bir rol oynarlar. Uygun hava deste\u011fi olmadan, lazer i\u015flemlerinin sonu\u00e7lar\u0131 ciddi \u015fekilde tehlikeye girebilir ve hem kesim kalitesini hem de makinenin \u00f6mr\u00fcn\u00fc etkileyebilir.<\/p>\n<h2>2. Piyasa Ortam\u0131: G\u00f6zden Ka\u00e7an Bile\u015fen<\/h2>\n<p>G\u00fcn\u00fcm\u00fcz piyasas\u0131nda, odak noktas\u0131n\u0131n a\u011f\u0131rl\u0131kl\u0131 olarak en son teknolojiye sahip lazer grav\u00fcr makineleri edinmeye y\u00f6neldi\u011fi bir e\u011filim g\u00f6r\u00fclmektedir. Ancak, bu makineleri destekleyen temel hava pompas\u0131 genellikle ihmal edilen bir aksesuar olarak kalmaktad\u0131r. Lazer teknolojisine b\u00fcy\u00fck yat\u0131r\u0131m yapan al\u0131c\u0131lar, hava deste\u011finin sadece ek bir \u00f6zellik olmad\u0131\u011f\u0131n\u0131; ekipman\u0131n nihai kesim kalitesini ve dayan\u0131kl\u0131l\u0131\u011f\u0131n\u0131 etkileyen belirleyici bir fakt\u00f6r oldu\u011funu anlamal\u0131d\u0131r.<\/p>\n<h3>Temel Bulgular: Hava Yard\u0131m\u0131n\u0131n Do\u011frudan Etkisi<\/h3>\n<p>B2B m\u00fc\u015fterileri i\u00e7in do\u011fru hava pompas\u0131n\u0131 se\u00e7mek, eksik kesimler veya hasarl\u0131 lenslerle ilgili \u015fikayetlerin azalmas\u0131 anlam\u0131na gelir. Bu da m\u00fc\u015fteri sadakat oranlar\u0131n\u0131n artmas\u0131na yol a\u00e7ar. G\u00fcvenilir bir hava pompas\u0131, kesim kalitesiyle ilgili sorunlar\u0131 ortadan kald\u0131rabilir ve sorunsuz bir \u00e7al\u0131\u015fma deneyimi sa\u011flayarak m\u00fc\u015fteri memnuniyetini ve ba\u011fl\u0131l\u0131\u011f\u0131n\u0131 art\u0131rabilir.<\/p>\n<h2>3. Sorun Noktas\u0131 Analizi: Ucuz Hava Pompalar\u0131n\u0131n Gizli Maliyetleri<\/h2>\n<p>Daha ucuz bir hava pompas\u0131 se\u00e7mek ilk ba\u015fta maliyet a\u00e7\u0131s\u0131ndan avantajl\u0131 gibi g\u00f6r\u00fcnse de, operasyonel verimlili\u011fi tehlikeye atabilecek \u00f6nemli gizli maliyetlere yol a\u00e7abilir.<\/p>\n<h3>K\u00f6t\u00fc Kesim Kalitesi<\/h3>\n<p>Kalitesiz pompalar nedeniyle g\u00fcvenilmez hava ak\u0131\u015f\u0131, genellikle yanm\u0131\u015f kenarlara veya lekeli kesimlere yol a\u00e7arak, i\u015fletmenin itibar\u0131n\u0131 zedeleyebilecek d\u00fc\u015f\u00fck kaliteli sonu\u00e7lar do\u011furur. Son \u00fcr\u00fcn\u00fcn estetik kalitesi, \u00f6zellikle hassasiyet ve netli\u011fe \u00f6nem veren son kullan\u0131c\u0131lar i\u00e7in son derece \u00f6nemlidir.<\/p>\n<h3>Ekipman Hasar\u0131 Riski<\/h3>\n<p>\u00d6zellikle ya\u011f dolu olan kalitesiz hava pompalar\u0131, lazer lenslerini kirletebilecek ya\u011f buhar\u0131 veya nem yayabilir. Bu durum sadece maliyetli onar\u0131mlar\u0131 gerektirmekle kalmaz, ayn\u0131 zamanda \u00fcr\u00fcn iadelerine de yol a\u00e7arak karl\u0131l\u0131\u011f\u0131 daha da olumsuz etkileyebilir.<\/p>\n<h3>G\u00fcr\u00fclt\u00fc Engelleyici<\/h3>\n<p>Geleneksel hava kompres\u00f6rleri a\u015f\u0131r\u0131 g\u00fcr\u00fclt\u00fc \u00fcretebilir; bu da ev kullan\u0131c\u0131lar\u0131n\u0131 ve e\u011fitim ama\u00e7l\u0131 at\u00f6lyeleri lazer kesim makinelerinden uzakla\u015ft\u0131r\u0131r. Bu s\u0131n\u0131rlama, pazar potansiyelini daralt\u0131r ve distrib\u00fct\u00f6rler i\u00e7in sat\u0131\u015f f\u0131rsatlar\u0131n\u0131 k\u0131s\u0131tlar.<\/p>\n<h2>4. \u00c7\u00f6z\u00fcm\u00fcm\u00fcz: Profesyonel Hava Yard\u0131m\u0131n\u0131 Yeniden Tan\u0131mlamak<\/h2>\n<h3>Ya\u011fs\u0131z ve Susuz Tasar\u0131m<\/h3>\n<p>Hava pompam\u0131z, lazer lenslerinin tamamen korunmas\u0131n\u0131 sa\u011flayan 100% ya\u011fs\u0131z ve susuz tasar\u0131ma sahiptir. Bu, son kullan\u0131c\u0131lar\u0131n bak\u0131m sorunlar\u0131ndan ve kirlenme endi\u015felerinden uzak, g\u00f6n\u00fcl rahatl\u0131\u011f\u0131yla makinelerini \u00e7al\u0131\u015ft\u0131rabilecekleri anlam\u0131na gelir.<\/p>\n<h3>Ultra Sessiz Teknoloji<\/h3>\n<p>\u0130\u00e7 mekan ve ev st\u00fcdyosu ortamlar\u0131 i\u00e7in \u00f6zel olarak tasarlanan hava pompam\u0131z, son derece d\u00fc\u015f\u00fck bir g\u00fcr\u00fclt\u00fc seviyesinde (60 dB'den az) \u00e7al\u0131\u015f\u0131r. Bu \u00f6zellik, kullan\u0131c\u0131 deneyimini \u00f6nemli \u00f6l\u00e7\u00fcde geli\u015ftirerek, ortam\u0131 rahats\u0131z etmeden \u00e7e\u015fitli uygulamalar i\u00e7in uygun hale getirir.<\/p>\n<h3>G\u00fc\u00e7l\u00fc Performans<\/h3>\n<p>Dakikada 30 litre gibi sabit bir ak\u0131\u015f h\u0131z\u0131yla pompam\u0131z, kal\u0131n ah\u015fap veya akrilik malzemeleri keserken bile kesimlerin temiz kalmas\u0131n\u0131 ve duman ile kal\u0131nt\u0131lardan ar\u0131nm\u0131\u015f olmas\u0131n\u0131 sa\u011flar. Bu g\u00fcvenilirlik, son kullan\u0131c\u0131lar i\u00e7in daha y\u00fcksek verimlilik ve daha iyi \u00e7\u0131kt\u0131 kalitesi anlam\u0131na gelir.<\/p>\n<h2>5. Kapsaml\u0131 Uyumluluk: Tek Noktadan E\u015fle\u015ftirme<\/h2>\n<p>Hava pompam\u0131z, xTool, Ortur, Atomstack ve \u00e7e\u015fitli CO2 lazer sistemleri de dahil olmak \u00fczere piyasadaki ana ak\u0131m lazer kesim makinelerinin 95% modeliyle uyumlu olacak \u015fekilde tasarlanm\u0131\u015ft\u0131r. Bu geni\u015f uyumluluk, distrib\u00fct\u00f6rlere \u00f6nemli bir avantaj sunmaktad\u0131r.<\/p>\n<h3>Distrib\u00fct\u00f6r Avantajlar\u0131<\/h3>\n<p>Hava pompalar\u0131m\u0131z\u0131 stoklayarak, distrib\u00fct\u00f6rler \"tek bir \u00fcr\u00fcn\u00fcn birden fazla makineye uyumlu olmas\u0131\" kolayl\u0131\u011f\u0131ndan yararlanabilirler; bu da stok bask\u0131s\u0131n\u0131 ve stok y\u00f6netimindeki karma\u015f\u0131kl\u0131\u011f\u0131 b\u00fcy\u00fck \u00f6l\u00e7\u00fcde azalt\u0131r. Bu verimlilik, distrib\u00fct\u00f6rlerin a\u015f\u0131r\u0131 stok y\u00f6netimi y\u00fck\u00fc olmadan i\u015fletmelerini b\u00fcy\u00fctmeye odaklanmalar\u0131n\u0131 sa\u011flar.<\/p>\n<h2>6. Tedarik Zinciri ve Ortakl\u0131k Avantajlar\u0131<\/h2>\n<h3>Fabrika G\u00fcc\u00fc<\/h3>\n<p>Kaliteye olan ba\u011fl\u0131l\u0131\u011f\u0131m\u0131z, 'den daha d\u00fc\u015f\u00fck, son derece d\u00fc\u015f\u00fck bir hata oran\u0131 sa\u011flayan titiz kalite kontrol s\u00fcre\u00e7lerimize yans\u0131maktad\u0131r. Bu g\u00fcvenilirlik, iade ve de\u011fi\u015fimlerle ilgili lojistik maliyetlerinden tasarruf sa\u011flamaya yard\u0131mc\u0131 olur ve ortaklar\u0131m\u0131z i\u00e7in sorunsuz bir operasyonel deneyim sunar.<\/p>\n<h3>\u00d6zel Hizmetler (OEM\/ODM)<\/h3>\n<p>Marka logosu yerle\u015ftirme, ambalaj tasar\u0131m\u0131 ve \u00e7e\u015fitli fi\u015f \u00f6zelliklerine uyarlama dahil olmak \u00fczere \u00f6zelle\u015ftirilebilir hizmetler sunuyoruz. Bu esneklik, ortaklar\u0131m\u0131z\u0131n kendi marka kimliklerini olu\u015fturmalar\u0131na ve pazardaki varl\u0131klar\u0131n\u0131 daha da g\u00fc\u00e7lendirmelerine olanak tan\u0131r.<\/p>\n<h3>Sat\u0131\u015f Sonras\u0131 Destek<\/h3>\n<p>Ekibimiz, h\u0131zl\u0131 teknik yan\u0131tlar ve yedek par\u00e7a tedarik yetenekleri sa\u011flamaya kendini adam\u0131\u015ft\u0131r. Bu destek taahh\u00fcd\u00fcm\u00fcz, m\u00fc\u015fterilerimizin zaman\u0131nda yard\u0131m ve s\u00fcrekli operasyonel verimlilik i\u00e7in bize g\u00fcvenebilmelerini sa\u011flar.<\/p>\n<h2>7. Sonu\u00e7 ve Eylem \u00c7a\u011fr\u0131s\u0131 (CTA)<\/h2>\n<p>Sonu\u00e7 olarak, d\u00fc\u015f\u00fck kaliteli aksesuarlar\u0131n \u00fcst d\u00fczey makinelerinizin itibar\u0131n\u0131 zedelemesine izin vermeyin. Ekipman\u0131n\u0131z\u0131n kalitesine uygun kaliteli bir hava pompas\u0131 se\u00e7mek, sekt\u00f6rde m\u00fckemmel bir itibar\u0131 korumak i\u00e7in \u00e7ok \u00f6nemlidir.<\/p>\n<p>Hemen bug\u00fcn harekete ge\u00e7in ve \u00f6rnek test talebinde bulunun veya en g\u00fcncel B2B toptan fiyatlar\u0131n\u0131 \u00f6\u011frenin.<\/p>\n<p>Ziyaret etmek <a href=\"https:\/\/aircompressorforlasercutter.com\/tr\/bize-ulasin\/\">Burada<\/a> Ula\u015fmak i\u00e7in.<\/p>","protected":false},"excerpt":{"rendered":"<p>Laser Lens Cooling Air Pump System: The Unsung Hero of Laser Cutting 1. Introduction: The Unsung Hero In the world of laser cutting and engraving, buyers often invest significantly in high-end laser machines, yet the critical role of air pumps is frequently overlooked. These components might seem secondary, but they play a vital role in [&hellip;]<\/p>","protected":false},"featured_media":457,"comment_status":"open","ping_status":"closed","template":"","meta":{"_et_pb_use_builder":"","_et_pb_old_content":"","_et_gb_content_width":""},"product_brand":[],"product_cat":[1093],"product_tag":[1094],"class_list":{"0":"post-480","1":"product","2":"type-product","3":"status-publish","4":"has-post-thumbnail","6":"product_cat-air-compressor-for-laser-cutter","7":"product_tag-air-compressor-for-laser-cutter","9":"first","10":"instock","11":"shipping-taxable","12":"product-type-simple"},"_links":{"self":[{"href":"https:\/\/aircompressorforlasercutter.com\/tr\/wp-json\/wp\/v2\/product\/480","targetHints":{"allow":["GET"]}}],"collection":[{"href":"https:\/\/aircompressorforlasercutter.com\/tr\/wp-json\/wp\/v2\/product"}],"about":[{"href":"https:\/\/aircompressorforlasercutter.com\/tr\/wp-json\/wp\/v2\/types\/product"}],"replies":[{"embeddable":true,"href":"https:\/\/aircompressorforlasercutter.com\/tr\/wp-json\/wp\/v2\/comments?post=480"}],"wp:featuredmedia":[{"embeddable":true,"href":"https:\/\/aircompressorforlasercutter.com\/tr\/wp-json\/wp\/v2\/media\/457"}],"wp:attachment":[{"href":"https:\/\/aircompressorforlasercutter.com\/tr\/wp-json\/wp\/v2\/media?parent=480"}],"wp:term":[{"taxonomy":"product_brand","embeddable":true,"href":"https:\/\/aircompressorforlasercutter.com\/tr\/wp-json\/wp\/v2\/product_brand?post=480"},{"taxonomy":"product_cat","embeddable":true,"href":"https:\/\/aircompressorforlasercutter.com\/tr\/wp-json\/wp\/v2\/product_cat?post=480"},{"taxonomy":"product_tag","embeddable":true,"href":"https:\/\/aircompressorforlasercutter.com\/tr\/wp-json\/wp\/v2\/product_tag?post=480"}],"curies":[{"name":"wp","href":"https:\/\/api.w.org\/{rel}","templated":true}]}}