{"id":481,"date":"2026-01-14T08:26:20","date_gmt":"2026-01-14T08:26:20","guid":{"rendered":"https:\/\/aircompressorforlasercutter.com\/product\/air-blower-for-laser-cutter-debris-removal\/"},"modified":"2026-01-14T08:31:51","modified_gmt":"2026-01-14T08:31:51","slug":"air-blower-for-laser-cutter-debris-removal","status":"publish","type":"product","link":"https:\/\/aircompressorforlasercutter.com\/tr\/urun\/lazer-kesici-artiklarini-temizlemek-icin-hava-ufleyici\/","title":{"rendered":"Lazer kesici at\u0131klar\u0131n\u0131 uzakla\u015ft\u0131rmak i\u00e7in hava \u00fcfleyici"},"content":{"rendered":"<h1>Lazer Kesici At\u0131klar\u0131n\u0131 Temizlemek \u0130\u00e7in Hava \u00dcfleyici: G\u00f6r\u00fcnmez Kahraman<\/h1>\n<h2>Giri\u015f: Ad\u0131 San\u0131 Duyulmam\u0131\u015f Kahraman<\/h2>\n<p>Lazer kesim teknolojisi alan\u0131nda, daha g\u00f6steri\u015fli makinelerin g\u00f6lgesinde kalan kritik bir bile\u015fen var: hava \u00fcfleyici. Al\u0131c\u0131lar y\u00fcksek kaliteli lazer grav\u00fcr makinelerine \u00f6nemli miktarda yat\u0131r\u0131m yaparken, kaliteli bir hava pompas\u0131n\u0131n \u00f6nemini s\u0131kl\u0131kla g\u00f6z ard\u0131 ediyorlar. Hava destek sistemi sadece bir aksesuar de\u011fil; hem kesim kalitesini hem de ekipman\u0131n \u00f6mr\u00fcn\u00fc belirlemede \u00f6nemli bir rol oynuyor.<\/p>\n<h2>Piyasa Arka Plan\u0131: Mevcut Durum<\/h2>\n<p>Lazer kesim pazar\u0131, i\u015fletmelerin en son teknolojiyi benimsemeye istekli olmas\u0131yla benzeri g\u00f6r\u00fclmemi\u015f bir b\u00fcy\u00fcme ya\u015f\u0131yor. Ancak bir\u00e7ok al\u0131c\u0131, kesim i\u015fleminin ayr\u0131lmaz bir par\u00e7as\u0131 olan hava \u00fcfleyicisini ihmal ediyor. Etkili bir hava destek sistemi olmadan, lazer kesim makinelerinin potansiyeli ciddi \u015fekilde k\u0131s\u0131tlan\u0131yor. Bu ihmal, d\u00fc\u015f\u00fck kaliteli kesim sonu\u00e7lar\u0131na, artan bak\u0131m maliyetlerine ve m\u00fc\u015fteri memnuniyetsizli\u011fine yol a\u00e7abilir.<\/p>\n<h2>Temel Bilgi: Hava Deste\u011finin \u00d6nemi<\/h2>\n<p>Y\u00fcksek kaliteli bir hava \u00fcfleyiciye yat\u0131r\u0131m yapmak somut faydalar sa\u011flar. Distrib\u00fct\u00f6rler i\u00e7in do\u011fru hava pompas\u0131n\u0131 se\u00e7mek, temiz olmayan kesimler ve hasarl\u0131 lenslerle ilgili \u015fikayetleri azaltmak ve nihayetinde m\u00fc\u015fteri sadakat oranlar\u0131n\u0131 art\u0131rmak anlam\u0131na gelir. G\u00fcvenilir bir hava destek sistemi, m\u00fc\u015fterilerin lazer kesim teknolojisine yapt\u0131klar\u0131 yat\u0131r\u0131m\u0131n en iyi sonu\u00e7lar\u0131 verece\u011finden emin olmalar\u0131n\u0131 sa\u011flar.<\/p>\n<h2>Sorunlu Noktalar: Ucuz Hava \u00dcfleyicilerin Gizli Maliyetleri<\/h2>\n<p>Daha d\u00fc\u015f\u00fck maliyetli bir hava pompas\u0131 se\u00e7mek cazip gelse de, gizli maliyetler zararl\u0131 olabilir:<\/p>\n<h3>K\u00f6t\u00fc Kesim Kalitesi<\/h3>\n<p>Kalitesiz pompalardan kaynaklanan dengesiz hava ak\u0131\u015f\u0131, yanm\u0131\u015f kenarlara ve d\u00fc\u015f\u00fck kesme verimlili\u011fine yol a\u00e7ar. Bu durum, yaln\u0131zca bitmi\u015f \u00fcr\u00fcnlerin esteti\u011fini tehlikeye atmakla kalmaz, ayn\u0131 zamanda son kullan\u0131c\u0131 memnuniyetini de etkiler.<\/p>\n<h3>Ekipman Hasar\u0131 Riski<\/h3>\n<p>D\u00fc\u015f\u00fck kaliteli hava pompalar\u0131, \u00f6zellikle ya\u011f dolu olanlar, lazer lenslerini kirleten ya\u011f buhar\u0131 veya nem salabilir. Bu durum, maliyetli onar\u0131mlara veya de\u011fi\u015fimlere yol a\u00e7arak yat\u0131r\u0131m\u0131n genel de\u011ferini d\u00fc\u015f\u00fcr\u00fcr.<\/p>\n<h3>G\u00fcr\u00fclt\u00fcl\u00fc \u00c7al\u0131\u015fma<\/h3>\n<p>Geleneksel hava kompres\u00f6rleri genellikle g\u00fcr\u00fclt\u00fcl\u00fcd\u00fcr ve bu durum ev at\u00f6lyelerinde ve uygulamal\u0131 e\u011fitim ortamlar\u0131nda kullan\u0131m\u0131n\u0131 cayd\u0131r\u0131r. Bu da pazar potansiyelini s\u0131n\u0131rlar ve i\u015fletmelerin daha geni\u015f bir kitleye hitap etmesini zorla\u015ft\u0131r\u0131r.<\/p>\n<h2>\u00c7\u00f6z\u00fcm\u00fcm\u00fcz: Profesyonel Hava Destek Sistemini Yeniden Tan\u0131mlamak<\/h2>\n<p>Hava destekli teknoloji alan\u0131nda yeniden tan\u0131mlanm\u0131\u015f bir standart sunuyoruz:<\/p>\n<h3>Ya\u011fs\u0131z ve Susuz Tasar\u0131m<\/h3>\n<p>Hava \u00fcfleyicimiz, lazer lensleri i\u00e7in tam koruma sa\u011flayan ve s\u0131k bak\u0131m ihtiyac\u0131n\u0131 ortadan kald\u0131ran 100% ya\u011fs\u0131z tasar\u0131ma sahiptir. Bu sayede son kullan\u0131c\u0131lar, ekipman bak\u0131m\u0131 endi\u015fesi duymadan yarat\u0131c\u0131 projelerine odaklanabilirler.<\/p>\n<h3>Ultra Sessiz Teknoloji<\/h3>\n<p>\u00d6zellikle i\u00e7 mekan ve ev st\u00fcdyosu kullan\u0131m\u0131 i\u00e7in tasarlanan hava \u00fcfleyicimiz, son derece d\u00fc\u015f\u00fck g\u00fcr\u00fclt\u00fc seviyesinde (&lt;60dB) \u00e7al\u0131\u015farak kullan\u0131c\u0131 deneyimini b\u00fcy\u00fck \u00f6l\u00e7\u00fcde iyile\u015ftirir ve \u00e7e\u015fitli ortamlara uygun hale getirir.<\/p>\n<h3>Sa\u011flam Performans<\/h3>\n<p>Dakikada 30 litre (veya sizin belirledi\u011finiz parametrelere g\u00f6re) sabit \u00e7\u0131k\u0131\u015f g\u00fcc\u00fcyle, hava \u00fcfleyicimiz ah\u015fap ve akrilik gibi kal\u0131n malzemelerde bile temiz ve dumans\u0131z kesimler garanti eder. Bu etkileyici performans, genel kesim kalitesini art\u0131rarak son kullan\u0131c\u0131 memnuniyetini y\u00fckseltir.<\/p>\n<h2>Geni\u015f Uyumluluk: Tek Noktadan \u00c7\u00f6z\u00fcm<\/h2>\n<p>Hava \u00fcfleyicimiz geni\u015f uyumluluk i\u00e7in tasarlanm\u0131\u015ft\u0131r:<\/p>\n<h3>Geni\u015f \u00dcr\u00fcn Yelpazesi<\/h3>\n<p>Piyasada bulunan ana ak\u0131m modellerin (xTool, Ortur, Atomstack ve \u00e7e\u015fitli CO2 lazer makineleri dahil) 95% modeliyle m\u00fckemmel uyum sa\u011flar. Bu \u00e7ok y\u00f6nl\u00fcl\u00fck, onu herhangi bir distrib\u00fct\u00f6r\u00fcn envanterine de\u011ferli bir katk\u0131 haline getirir.<\/p>\n<h3>Distrib\u00fct\u00f6rler i\u00e7in Faydalar<\/h3>\n<p>Birden fazla makineyle uyumlu tek bir \u00fcr\u00fcn kodu (SKU) ile stoklama s\u00fcre\u00e7lerindeki bask\u0131y\u0131 ve karma\u015f\u0131kl\u0131\u011f\u0131 \u00f6nemli \u00f6l\u00e7\u00fcde azaltabilirsiniz. Bu sadele\u015ftirilmi\u015f yakla\u015f\u0131m, operasyonel verimlili\u011fi ve karl\u0131l\u0131\u011f\u0131 art\u0131r\u0131r.<\/p>\n<h2>Tedarik Zinciri ve Ortakl\u0131k Avantajlar\u0131<\/h2>\n<p>Bizimle ortakl\u0131k kurman\u0131n bir\u00e7ok avantaj\u0131 vard\u0131r:<\/p>\n<h3>G\u00fc\u00e7l\u00fc Fabrika Referanslar\u0131<\/h3>\n<p>Son derece d\u00fc\u015f\u00fck hata oran\u0131 (&lt;1%) sa\u011flayan s\u0131k\u0131 kalite kontrol s\u00fcre\u00e7leri uyguluyoruz. Kaliteye olan bu ba\u011fl\u0131l\u0131\u011f\u0131m\u0131z, iade ve de\u011fi\u015fimlerle ilgili lojistik maliyetlerinden tasarruf etmenizi sa\u011flayarak karl\u0131l\u0131\u011f\u0131n\u0131z\u0131 art\u0131r\u0131r.<\/p>\n<h3>\u00d6zel Hizmetler (OEM\/ODM)<\/h3>\n<p>Marka logosu uygulamas\u0131, ambalaj tasar\u0131m\u0131 ve farkl\u0131 \u00fclkelere \u00f6zel fi\u015f \u00f6zellikleri de dahil olmak \u00fczere \u00f6zelle\u015ftirme se\u00e7enekleri sunuyoruz. Bu sayede kendi marka kimli\u011finizi etkili bir \u015fekilde olu\u015fturabilirsiniz.<\/p>\n<h3>Sat\u0131\u015f Sonras\u0131 Destek<\/h3>\n<p>H\u0131zl\u0131 teknik m\u00fcdahale ve yedek par\u00e7a tedarik kapasitemiz, operasyonlar\u0131n\u0131z\u0131n sorunsuz bir \u015fekilde y\u00fcr\u00fct\u00fclmesini, ar\u0131za s\u00fcrelerinin en aza indirilmesini ve m\u00fc\u015fteri memnuniyetinin art\u0131r\u0131lmas\u0131n\u0131 sa\u011flar.<\/p>\n<h2>Sonu\u00e7 ve Eylem \u00c7a\u011fr\u0131s\u0131<\/h2>\n<p>D\u00fc\u015f\u00fck kaliteli bile\u015fenlerin, y\u00fcksek kaliteli makinelerinizin itibar\u0131n\u0131 zedelemesine izin vermeyin. Ekipman\u0131n\u0131z\u0131n kalite standartlar\u0131na uygun ve ola\u011fan\u00fcst\u00fc performans sunan bir hava \u00fcfleyici se\u00e7in.<\/p>\n<p>Numune testi i\u00e7in veya en g\u00fcncel B2B toptan fiyat bilgisi almak i\u00e7in bug\u00fcn bizimle ileti\u015fime ge\u00e7in. <a href=\"https:\/\/aircompressorforlasercutter.com\/tr\/bize-ulasin\/\">Buradan ileti\u015fime ge\u00e7in!<\/a><\/p>","protected":false},"excerpt":{"rendered":"<p>Air Blower for Laser Cutter Debris Removal: The Unsung Hero Introduction: The Unsung Hero In the realm of laser cutting technology, one critical component often gets overshadowed by the more glamorous machinery??the air blower. While buyers invest significant amounts in high-end laser engraving machines, they frequently overlook the importance of a quality air pump. The [&hellip;]<\/p>","protected":false},"featured_media":457,"comment_status":"open","ping_status":"closed","template":"","meta":{"_et_pb_use_builder":"","_et_pb_old_content":"","_et_gb_content_width":""},"product_brand":[],"product_cat":[1093],"product_tag":[1095],"class_list":{"0":"post-481","1":"product","2":"type-product","3":"status-publish","4":"has-post-thumbnail","6":"product_cat-air-compressor-for-laser-cutter","7":"product_tag-air-compressor-for-laser-cutter-price","9":"first","10":"instock","11":"shipping-taxable","12":"product-type-simple"},"_links":{"self":[{"href":"https:\/\/aircompressorforlasercutter.com\/tr\/wp-json\/wp\/v2\/product\/481","targetHints":{"allow":["GET"]}}],"collection":[{"href":"https:\/\/aircompressorforlasercutter.com\/tr\/wp-json\/wp\/v2\/product"}],"about":[{"href":"https:\/\/aircompressorforlasercutter.com\/tr\/wp-json\/wp\/v2\/types\/product"}],"replies":[{"embeddable":true,"href":"https:\/\/aircompressorforlasercutter.com\/tr\/wp-json\/wp\/v2\/comments?post=481"}],"wp:featuredmedia":[{"embeddable":true,"href":"https:\/\/aircompressorforlasercutter.com\/tr\/wp-json\/wp\/v2\/media\/457"}],"wp:attachment":[{"href":"https:\/\/aircompressorforlasercutter.com\/tr\/wp-json\/wp\/v2\/media?parent=481"}],"wp:term":[{"taxonomy":"product_brand","embeddable":true,"href":"https:\/\/aircompressorforlasercutter.com\/tr\/wp-json\/wp\/v2\/product_brand?post=481"},{"taxonomy":"product_cat","embeddable":true,"href":"https:\/\/aircompressorforlasercutter.com\/tr\/wp-json\/wp\/v2\/product_cat?post=481"},{"taxonomy":"product_tag","embeddable":true,"href":"https:\/\/aircompressorforlasercutter.com\/tr\/wp-json\/wp\/v2\/product_tag?post=481"}],"curies":[{"name":"wp","href":"https:\/\/api.w.org\/{rel}","templated":true}]}}