{"id":482,"date":"2026-01-14T08:26:20","date_gmt":"2026-01-14T08:26:20","guid":{"rendered":"https:\/\/aircompressorforlasercutter.com\/product\/precision-air-assist-for-detailed-photo-engraving\/"},"modified":"2026-01-14T08:26:20","modified_gmt":"2026-01-14T08:26:20","slug":"precision-air-assist-for-detailed-photo-engraving","status":"publish","type":"product","link":"https:\/\/aircompressorforlasercutter.com\/tr\/urun\/detayli-fotograf-gravuru-icin-hassas-hava-destegi\/","title":{"rendered":"Detayl\u0131 foto\u011fraf grav\u00fcr\u00fc i\u00e7in hassas hava deste\u011fi"},"content":{"rendered":"<h1>Detayl\u0131 Foto\u011fraf Grav\u00fcr\u00fc i\u00e7in Hassas Hava Deste\u011fi<\/h1>\n<h2>Lazer Grav\u00fcr Sanat\u0131n\u0131n G\u00f6r\u00fcnmez Kahraman\u0131<\/h2>\n<p>Teknolojinin sanatla bulu\u015ftu\u011fu rekabet\u00e7i lazer grav\u00fcr ortam\u0131nda, nihai \u00fcr\u00fcn\u00fcn genel kalitesine katk\u0131da bulunan temel bile\u015fenleri g\u00f6zden ka\u00e7\u0131rmak kolayd\u0131r. Bir\u00e7ok al\u0131c\u0131 y\u00fcksek kaliteli lazer grav\u00fcr makineleri sat\u0131n almak i\u00e7in \u00f6nemli miktarda yat\u0131r\u0131m yaparken, grav\u00fcr s\u00fcrecini \u00f6nemli \u00f6l\u00e7\u00fcde etkileyen hayati bir aksesuar olan hava kompres\u00f6r\u00fcn\u00fcn kritik rol\u00fcn\u00fc s\u0131kl\u0131kla ihmal eder.<\/p>\n<p>Hassas hava destek sistemi sadece ek bir aksesuar de\u011fil; nihai kesim kalitesini ve makinenin \u00f6mr\u00fcn\u00fc belirlemede \u00e7ok \u00f6nemli bir rol oynar. \u00dcst\u00fcn grav\u00fcr hizmetleri sunmaya odaklanan i\u015fletmeler i\u00e7in, y\u00fcksek kaliteli bir hava destek sisteminin \u00f6nemini anlamak, oyunun kurallar\u0131n\u0131 de\u011fi\u015ftirebilir.<\/p>\n<h2>Pazar Ba\u011flam\u0131 ve Temel \u0130\u00e7g\u00f6r\u00fcler<\/h2>\n<p>Mevcut piyasa ortam\u0131 endi\u015fe verici bir e\u011filimi ortaya koyuyor. Bir\u00e7ok bayi ve son kullan\u0131c\u0131, geli\u015fmi\u015f lazer kesici ve grav\u00fcr makinelerinin sat\u0131n al\u0131nmas\u0131na \u00f6ncelik veriyor ve bu durum genellikle \u00e7ok \u00f6nemli bir g\u00f6zden ka\u00e7\u0131rmaya yol a\u00e7\u0131yor: hava kompres\u00f6r\u00fc veya hava destek sistemi. Lazer grav\u00fcr i\u00e7in komple kurulumu de\u011ferlendirirken, hava deste\u011finin yaln\u0131zca performans\u0131 art\u0131rmakla kalmad\u0131\u011f\u0131n\u0131, ayn\u0131 zamanda m\u00fc\u015fteri memnuniyetini ve sadakatini temelden etkiledi\u011fini anlamak \u00e7ok \u00f6nemlidir.<\/p>\n<p>Bayiler i\u00e7in g\u00fcvenilir bir hava kompres\u00f6r\u00fc se\u00e7mek, yetersiz kesim kalitesi veya grav\u00fcr lenslerinde hasar gibi m\u00fc\u015fteri \u015fikayetlerini en aza indirmek anlam\u0131na gelir. Bu durum, daha y\u00fcksek m\u00fc\u015fteri sadakati oranlar\u0131na yol a\u00e7arak, \u00fcst\u00fcn bir hava destek \u00e7\u00f6z\u00fcm\u00fcne yat\u0131r\u0131m yapman\u0131n \u00f6nemini peki\u015ftirir.<\/p>\n<h2>Sorun Noktas\u0131 Analizi: D\u00fc\u015f\u00fck Kaliteli Hava Pompalar\u0131n\u0131n Gizli Maliyetleri<\/h2>\n<h3>K\u00f6t\u00fc Kesim Kalitesi<\/h3>\n<p>D\u00fc\u015f\u00fck maliyetli bir hava pompas\u0131n\u0131n kullan\u0131lmas\u0131n\u0131n en \u00f6nemli dezavantajlar\u0131ndan biri, kesme kalitesi \u00fczerindeki olumsuz etkisidir. Dengesiz hava ak\u0131\u015f\u0131, malzemelerde yanm\u0131\u015f kenarlara, kesme verimlili\u011finin azalmas\u0131na ve nihayetinde son kullan\u0131c\u0131n\u0131n \u00fcr\u00fcnlerinin estetik g\u00f6r\u00fcn\u00fcm\u00fcn\u00fc olumsuz etkilemesine yol a\u00e7abilir. Bu t\u00fcr kusurlar sadece kaliteyi d\u00fc\u015f\u00fcrmekle kalmaz, ayn\u0131 zamanda memnuniyetsiz m\u00fc\u015fterilere de yol a\u00e7abilir.<\/p>\n<h3>Ekipman Hasar\u0131 Riskleri<\/h3>\n<p>\u00d6zellikle ya\u011f veya nem salan kalitesiz hava pompalar\u0131n\u0131n kullan\u0131lmas\u0131, lazer lensleri i\u00e7in \u00f6nemli bir risk olu\u015fturmaktad\u0131r. D\u00fc\u015f\u00fck kaliteli hava destek sistemlerinden kaynaklanan kirleticiler, hasar nedeniyle maliyetli onar\u0131mlara ve iadelere yol a\u00e7arak i\u015fletmenin itibar\u0131n\u0131 ve karl\u0131l\u0131\u011f\u0131n\u0131 olumsuz etkileyebilir.<\/p>\n<h3>G\u00fcr\u00fclt\u00fc Engelleyiciler<\/h3>\n<p>Geleneksel hava kompres\u00f6rleri genellikle a\u015f\u0131r\u0131 g\u00fcr\u00fclt\u00fc \u00fcretir, bu da ev ortamlar\u0131nda veya e\u011fitim kurumlar\u0131nda kullan\u0131mlar\u0131n\u0131 k\u0131s\u0131tlar. Bu s\u0131n\u0131rlama, potansiyel pazar\u0131n\u0131z\u0131 daralt\u0131r, \u00e7\u00fcnk\u00fc kendin yap merakl\u0131lar\u0131 ve e\u011fitim kurumlar\u0131 geleneksel kompres\u00f6rlerin g\u00fcr\u00fclt\u00fcl\u00fc \u00e7al\u0131\u015fmas\u0131ndan cayd\u0131r\u0131l\u0131r.<\/p>\n<h2>\u00c7\u00f6z\u00fcm\u00fcm\u00fcz: Profesyonel Hava Destek Sistemini Yeniden Tan\u0131mlamak<\/h2>\n<h3>Ya\u011fs\u0131z, Susuz Tasar\u0131m<\/h3>\n<p>Hassas hava destek sistemimiz, lazer lensleri i\u00e7in 100% koruma sa\u011flayan ya\u011fs\u0131z ve susuz bir tasar\u0131mla \u00fcretilmi\u015ftir. Bu \u00f6zellik, son kullan\u0131c\u0131lar\u0131n bak\u0131m y\u00fck\u00fcn\u00fc hafifletmekle kalmaz, ayn\u0131 zamanda ekipmanlar\u0131n\u0131n \u00f6mr\u00fcn\u00fc uzatarak g\u00f6n\u00fcl rahatl\u0131\u011f\u0131 ve sorunsuz bir grav\u00fcr deneyimi sunar.<\/p>\n<h3>Ultra Sessiz Teknoloji<\/h3>\n<p>\u00d6zellikle i\u00e7 mekan ve ev st\u00fcdyosu uygulamalar\u0131 i\u00e7in geli\u015ftirilen hava destekli sistemimiz, g\u00fcr\u00fclt\u00fc seviyelerini 60 dB'nin alt\u0131nda tutan ultra sessiz bir teknoloji kullanmaktad\u0131r. \u00c7al\u0131\u015fma g\u00fcr\u00fclt\u00fcs\u00fcndeki bu \u00f6nemli azalma, kullan\u0131c\u0131 deneyimini iyile\u015ftirerek, g\u00fcr\u00fclt\u00fc azaltman\u0131n son derece \u00f6nemli oldu\u011fu ortamlar i\u00e7in ideal hale getirir.<\/p>\n<h3>Sa\u011flam Performans<\/h3>\n<p>Dakikada 30 litre gibi istikrarl\u0131 bir \u00e7\u0131k\u0131\u015f g\u00fcc\u00fcyle, hava destekli sistemimiz, kullan\u0131c\u0131lar\u0131n kal\u0131n ah\u015fap veya akrilik malzemelerde bile temiz ve dumans\u0131z kesimler elde etmelerini sa\u011flar. Bu g\u00fc\u00e7l\u00fc performans, grav\u00fcr profesyonellerinin, se\u00e7ici m\u00fc\u015fterilerinin beklentilerini kar\u015f\u0131layan y\u00fcksek kaliteli \u00fcr\u00fcnler sunabilmelerini garanti eder.<\/p>\n<h2>Kapsaml\u0131 Uyumluluk: Tek Durakl\u0131 \u00c7\u00f6z\u00fcm<\/h2>\n<h3>Geni\u015f Uygulama Alan\u0131<\/h3>\n<p>Hava destekli sistemimiz, xTool, Ortur, Atomstack gibi pop\u00fcler markalar ve \u00e7e\u015fitli CO2 lazer makineleri de dahil olmak \u00fczere piyasadaki ana ak\u0131m lazer grav\u00fcr makinelerinin 95% modeliyle kusursuz bir \u015fekilde entegre olacak \u015fekilde tasarlanm\u0131\u015ft\u0131r. Bu geni\u015f uyumluluk, bayilerin birden fazla \u00fcr\u00fcn \u00e7e\u015fidi y\u00f6netimine ihtiya\u00e7 duymadan \u00e7e\u015fitli bir m\u00fc\u015fteri kitlesine hizmet verebilmelerini sa\u011flar.<\/p>\n<h3>Bayi Avantajlar\u0131<\/h3>\n<p>Birden fazla makineye uygun tek bir \u00fcr\u00fcn kodu (SKU) sunarak, bayiler stok bask\u0131s\u0131n\u0131 ve stok y\u00f6netimindeki karma\u015f\u0131kl\u0131\u011f\u0131 \u00f6nemli \u00f6l\u00e7\u00fcde azaltabilirler. Bu sadele\u015ftirilmi\u015f yakla\u015f\u0131m, operasyonel verimlili\u011fi art\u0131rmakla kalmaz, ayn\u0131 zamanda piyasa taleplerine daha h\u0131zl\u0131 yan\u0131t verilmesini de sa\u011flar.<\/p>\n<h2>Tedarik Zinciri ve Ortakl\u0131k Avantajlar\u0131<\/h2>\n<h3>Fabrika G\u00fcc\u00fc<\/h3>\n<p>Kaliteye olan ba\u011fl\u0131l\u0131\u011f\u0131m\u0131z, 'den daha d\u00fc\u015f\u00fck bir hata oran\u0131 sa\u011flayan titiz kalite kontrol s\u00fcre\u00e7lerimize yans\u0131maktad\u0131r. Bu ola\u011fan\u00fcst\u00fc kalite g\u00fcvencesi, iade ve de\u011fi\u015fimlerle ilgili lojistik maliyetlerini en aza indirerek nihayetinde karl\u0131l\u0131\u011f\u0131n\u0131za fayda sa\u011flar.<\/p>\n<h3>\u00d6zelle\u015ftirme Hizmetleri (OEM\/ODM)<\/h3>\n<p>Marka logosu \u00f6zelle\u015ftirmesi, ambalaj tasar\u0131m\u0131 ve \u00e7e\u015fitli fi\u015f \u00f6zelliklerine uyarlamalar da dahil olmak \u00fczere, size \u00f6zel hizmetler sunuyoruz. Bu \u00e7ok y\u00f6nl\u00fcl\u00fck, markan\u0131z\u0131n kimli\u011fini etkili bir \u015fekilde olu\u015fturman\u0131za ve tan\u0131tman\u0131za, pazar\u0131n\u0131z\u0131n benzersiz tercihlerine hitap etmenize olanak tan\u0131r.<\/p>\n<h3>Sat\u0131\u015f Sonras\u0131 Destek<\/h3>\n<p>H\u0131zl\u0131 teknik m\u00fcdahale ve yedek par\u00e7a tedarik yeteneklerimiz, operasyonlar\u0131n\u0131z\u0131n sorunsuz bir \u015fekilde devam etmesini sa\u011flar. \u00d6zellikle lazer grav\u00fcr\u00fcn h\u0131zl\u0131 tempolu ortam\u0131nda, h\u0131zl\u0131 deste\u011fin \u00f6nemini anl\u0131yoruz; bu nedenle sat\u0131\u015f sonras\u0131 hizmetimiz, ihtiya\u00e7lar\u0131n\u0131z\u0131 h\u0131zl\u0131 ve verimli bir \u015fekilde kar\u015f\u0131lamak \u00fczere tasarlanm\u0131\u015ft\u0131r.<\/p>\n<h2>Sonu\u00e7 ve Eylem \u00c7a\u011fr\u0131s\u0131<\/h2>\n<p>Sonu\u00e7 olarak, d\u00fc\u015f\u00fck kaliteli aksesuarlar\u0131n \u00fcst d\u00fczey makinelerinizin itibar\u0131n\u0131 zedelemesine izin vermeyin. Ekipman\u0131n\u0131z\u0131n kalitesine uygun bir hava destek sistemi se\u00e7mek, m\u00fc\u015fteri memnuniyetini ve operasyonel ba\u015far\u0131y\u0131 s\u00fcrd\u00fcrmek i\u00e7in \u00e7ok \u00f6nemlidir.<\/p>\n<p>\u00d6rnek test talebinde bulunmak veya en g\u00fcncel B2B toptan fiyat bilgilerini almak i\u00e7in bug\u00fcn bizimle ileti\u015fime ge\u00e7in. Ever-power'\u0131n hassas hava destek sistemiyle grav\u00fcr yeteneklerinizi geli\u015ftirin ve kalite ve performanstaki fark\u0131 deneyimleyin.<\/p>\n<p><a href=\"https:\/\/aircompressorforlasercutter.com\/tr\/bize-ulasin\/\">Hemen bizimle ileti\u015fime ge\u00e7in!<\/a><\/p>","protected":false},"excerpt":{"rendered":"<p>Precision Air Assist for Detailed Photo Engraving The Unsung Hero in Laser Engraving In the competitive landscape of laser engraving, where technology meets artistry, it is easy to overlook the essential components that contribute to the overall quality of the finished product. While many buyers invest substantial amounts in purchasing high-end laser engraving machines, they [&hellip;]<\/p>","protected":false},"featured_media":457,"comment_status":"open","ping_status":"closed","template":"","meta":{"_et_pb_use_builder":"","_et_pb_old_content":"","_et_gb_content_width":""},"product_brand":[],"product_cat":[1093],"product_tag":[1096],"class_list":{"0":"post-482","1":"product","2":"type-product","3":"status-publish","4":"has-post-thumbnail","6":"product_cat-air-compressor-for-laser-cutter","7":"product_tag-air-compressor-for-laser-cutter-cost","9":"first","10":"instock","11":"shipping-taxable","12":"product-type-simple"},"_links":{"self":[{"href":"https:\/\/aircompressorforlasercutter.com\/tr\/wp-json\/wp\/v2\/product\/482","targetHints":{"allow":["GET"]}}],"collection":[{"href":"https:\/\/aircompressorforlasercutter.com\/tr\/wp-json\/wp\/v2\/product"}],"about":[{"href":"https:\/\/aircompressorforlasercutter.com\/tr\/wp-json\/wp\/v2\/types\/product"}],"replies":[{"embeddable":true,"href":"https:\/\/aircompressorforlasercutter.com\/tr\/wp-json\/wp\/v2\/comments?post=482"}],"wp:featuredmedia":[{"embeddable":true,"href":"https:\/\/aircompressorforlasercutter.com\/tr\/wp-json\/wp\/v2\/media\/457"}],"wp:attachment":[{"href":"https:\/\/aircompressorforlasercutter.com\/tr\/wp-json\/wp\/v2\/media?parent=482"}],"wp:term":[{"taxonomy":"product_brand","embeddable":true,"href":"https:\/\/aircompressorforlasercutter.com\/tr\/wp-json\/wp\/v2\/product_brand?post=482"},{"taxonomy":"product_cat","embeddable":true,"href":"https:\/\/aircompressorforlasercutter.com\/tr\/wp-json\/wp\/v2\/product_cat?post=482"},{"taxonomy":"product_tag","embeddable":true,"href":"https:\/\/aircompressorforlasercutter.com\/tr\/wp-json\/wp\/v2\/product_tag?post=482"}],"curies":[{"name":"wp","href":"https:\/\/api.w.org\/{rel}","templated":true}]}}