{"id":483,"date":"2026-01-14T08:26:20","date_gmt":"2026-01-14T08:26:20","guid":{"rendered":"https:\/\/aircompressorforlasercutter.com\/product\/variable-speed-air-assist-compressor-for-laser\/"},"modified":"2026-01-14T08:31:33","modified_gmt":"2026-01-14T08:31:33","slug":"variable-speed-air-assist-compressor-for-laser","status":"publish","type":"product","link":"https:\/\/aircompressorforlasercutter.com\/tr\/urun\/lazer-icin-degisken-hizli-hava-destekli-kompresor\/","title":{"rendered":"Lazer i\u00e7in de\u011fi\u015fken h\u0131zl\u0131 hava destekli kompres\u00f6r"},"content":{"rendered":"<h1>Lazer i\u00e7in De\u011fi\u015fken H\u0131zl\u0131 Hava Destekli Kompres\u00f6r<\/h1>\n<h2>Sahne Arkas\u0131ndaki G\u00f6r\u00fcnmez Kahraman<\/h2>\n<p>Lazer grav\u00fcr sekt\u00f6r\u00fc h\u0131zla b\u00fcy\u00fcyor ve al\u0131c\u0131lar y\u00fcksek kaliteli lazer grav\u00fcr makinelerine \u00f6nemli miktarda yat\u0131r\u0131m yap\u0131yor. Ancak bu m\u00fckemmellik aray\u0131\u015f\u0131nda bir\u00e7ok ki\u015fi \u00e7ok \u00f6nemli bir bile\u015feni g\u00f6zden ka\u00e7\u0131r\u0131yor: hava destek kompres\u00f6r\u00fc. Bu temel aksesuar sadece bir eklenti de\u011fil; hem kesim kalitesini hem de makinelerin \u00e7al\u0131\u015fma \u00f6mr\u00fcn\u00fc temelden etkiliyor.<\/p>\n<h2>Pazar Genel Bak\u0131\u015f\u0131: G\u00f6z Ard\u0131 Edilen Ama \u00c7ok \u00d6nemli<\/h2>\n<p>G\u00fcn\u00fcm\u00fcz piyasas\u0131nda \u00e7o\u011fu al\u0131c\u0131, lazer grav\u00fcr makinelerinin \u00f6zelliklerine odaklan\u0131rken, hava kompres\u00f6r\u00fcn\u00fcn \u00f6nemini genellikle g\u00f6z ard\u0131 etmektedir. Ger\u00e7ek \u015fu ki, hava deste\u011fi sadece ek bir aksesuar de\u011fildir. Kesim hassasiyetini, nihai \u00fcr\u00fcn\u00fcn kalitesini ve genel makine verimlili\u011fini do\u011frudan etkiler. B2B i\u015flemlerinde, do\u011fru hava kompres\u00f6r\u00fcn\u00fc se\u00e7mek, \"eksik kesimler\" veya \"hasarl\u0131 lensler\" gibi sorunlar hakk\u0131nda daha az \u015fikayete yol a\u00e7ar; bu da m\u00fc\u015fteri sadakatini ve memnuniyet oranlar\u0131n\u0131 art\u0131r\u0131r.<\/p>\n<h2>Sorun Noktalar\u0131: Ucuz Kompres\u00f6rlerin Gizli Maliyetleri<\/h2>\n<h3>K\u00f6t\u00fc Kesim Kalitesi<\/h3>\n<p>Kalitesiz hava kompres\u00f6rlerinin kullan\u0131lmas\u0131, kesim kalitesinde \u00f6nemli d\u00fc\u015f\u00fc\u015flere yol a\u00e7abilir. Dengesiz hava ak\u0131\u015f\u0131, malzeme kenarlar\u0131n\u0131n k\u00f6m\u00fcrle\u015fmesine veya yanmas\u0131na neden olarak, nihai \u00fcr\u00fcn\u00fcn estetik g\u00f6r\u00fcn\u00fcm\u00fcn\u00fc olumsuz etkiler. Bu durum yaln\u0131zca m\u00fc\u015fteri memnuniyetini azaltmakla kalmaz, ayn\u0131 zamanda sat\u0131\u015f f\u0131rsatlar\u0131n\u0131n kaybedilmesine de yol a\u00e7abilir.<\/p>\n<h3>Ekipman Hasar\u0131 Riski<\/h3>\n<p>D\u00fc\u015f\u00fck kaliteli kompres\u00f6rler, \u00f6zellikle hava ak\u0131\u015f\u0131na ya\u011f kar\u0131\u015ft\u0131ranlar, lazer optikleri i\u00e7in \u00f6nemli bir risk olu\u015fturur. Ya\u011f buhar\u0131 lazer merce\u011fini kirletebilir ve bu da maliyetli onar\u0131mlara ve potansiyel iadelere yol a\u00e7abilir. G\u00fcvenilir bir hava destek sistemine yat\u0131r\u0131m yapmak bu riski azalt\u0131r ve i\u015fletme yat\u0131r\u0131m\u0131n\u0131z\u0131 korur.<\/p>\n<h3>G\u00fcr\u00fclt\u00fc Engelleyici<\/h3>\n<p>Geleneksel hava kompres\u00f6rleri, \u00f6zellikle ev kullan\u0131c\u0131lar\u0131 ve e\u011fitim ama\u00e7l\u0131 at\u00f6lyeler i\u00e7in \u00f6nemli bir engel te\u015fkil edebilen y\u00fcksek g\u00fcr\u00fclt\u00fc seviyeleriyle \u00fcnl\u00fcd\u00fcr. A\u015f\u0131r\u0131 g\u00fcr\u00fclt\u00fc sadece kullan\u0131m\u0131 k\u0131s\u0131tlamakla kalmaz, ayn\u0131 zamanda genel kullan\u0131c\u0131 deneyimini de olumsuz etkileyebilir. Daha sessiz teknolojileri benimseyerek, pazar eri\u015fiminizi geni\u015fletebilir ve daha geni\u015f bir kitleye hitap edebilirsiniz.<\/p>\n<h2>\u00c7\u00f6z\u00fcm\u00fcm\u00fcz: Profesyonel Hava Destek Sistemini Yeniden Tan\u0131mlamak<\/h2>\n<h3>Ya\u011fs\u0131z ve Susuz Tasar\u0131m<\/h3>\n<p>De\u011fi\u015fken h\u0131zl\u0131 hava destekli kompres\u00f6r\u00fcm\u00fcz, lazer lensleri i\u00e7in en \u00fcst d\u00fczeyde koruma sa\u011flayan, ya\u011fs\u0131z ve susuz 100% tasar\u0131m\u0131na sahiptir. Bu bak\u0131m gerektirmeyen \u00e7\u00f6z\u00fcm, son kullan\u0131c\u0131lara g\u00f6n\u00fcl rahatl\u0131\u011f\u0131 sa\u011flayarak, ekipmanlar\u0131n\u0131n b\u00fct\u00fcnl\u00fc\u011f\u00fc konusunda endi\u015felenmeden projelerine odaklanmalar\u0131na olanak tan\u0131r.<\/p>\n<h3>Ultra Sessiz Teknoloji<\/h3>\n<p>\u0130\u00e7 mekan kullan\u0131m\u0131 i\u00e7in \u00f6zel olarak tasarlanan kompres\u00f6r\u00fcm\u00fcz, 60 dB'nin alt\u0131nda g\u00fcr\u00fclt\u00fc seviyesinde \u00e7al\u0131\u015farak ev at\u00f6lyeleri ve e\u011fitim ortamlar\u0131 i\u00e7in idealdir. G\u00fcr\u00fclt\u00fc kirlili\u011fini \u00f6nemli \u00f6l\u00e7\u00fcde azaltarak kullan\u0131c\u0131 deneyimini geli\u015ftiriyor ve lazer kesim teknolojilerinin daha yayg\u0131n olarak benimsenmesini te\u015fvik ediyoruz.<\/p>\n<h3>Sa\u011flam Performans<\/h3>\n<p>Dakikada 30 litre gibi istikrarl\u0131 bir debiyle \u00e7al\u0131\u015fan kompres\u00f6r\u00fcm\u00fcz, ah\u015fap veya akrilik gibi kal\u0131n malzemeleri keserken bile kesimlerin temiz ve dumans\u0131z kalmas\u0131n\u0131 sa\u011flar. Bu performans g\u00fcvenilirli\u011fi, m\u00fc\u015fterileriniz i\u00e7in daha y\u00fcksek kaliteli \u00e7\u0131kt\u0131 anlam\u0131na gelir ve sat\u0131\u015flar\u0131n artmas\u0131na ve m\u00fc\u015fteri sadakatine yol a\u00e7abilir.<\/p>\n<h2>Geni\u015f Uyumluluk: Tek Noktadan E\u015fle\u015ftirme<\/h2>\n<h3>Geni\u015f \u00dcr\u00fcn Yelpazesi<\/h3>\n<p>Kompres\u00f6r\u00fcm\u00fcz, xTool, Ortur, Atomstack ve \u00e7e\u015fitli CO2 lazer makineleri de dahil olmak \u00fczere pop\u00fcler lazer grav\u00fcr modellerinin 95% modeliyle uyumludur. Bu kapsaml\u0131 uyumluluk, sorunsuz entegrasyon sa\u011flayarak do\u011fru ba\u011flant\u0131 par\u00e7alar\u0131n\u0131 veya ayarlamalar\u0131 bulma zahmetini ortadan kald\u0131r\u0131r.<\/p>\n<h3>Bayi Avantajlar\u0131<\/h3>\n<p>Birden fazla makineye uygun tek bir \u00fcr\u00fcn kodu (SKU) sunarak, bayiler stok y\u00fcklerini \u00f6nemli \u00f6l\u00e7\u00fcde azaltabilir ve operasyonlar\u0131n\u0131 kolayla\u015ft\u0131rabilirler. Bu karma\u015f\u0131kl\u0131\u011f\u0131n azalmas\u0131 yaln\u0131zca maliyet tasarrufu sa\u011flamakla kalmaz, ayn\u0131 zamanda perakendeciler i\u00e7in sipari\u015f s\u00fcrecini de basitle\u015ftirir.<\/p>\n<h2>Tedarik Zinciri ve Ortakl\u0131k Avantajlar\u0131<\/h2>\n<h3>Fabrika G\u00fcc\u00fc<\/h3>\n<p>Titiz kalite kontrol s\u00fcre\u00e7lerimiz, 'den daha d\u00fc\u015f\u00fck, son derece d\u00fc\u015f\u00fck bir hata oran\u0131 garanti eder. Bu y\u00fcksek standart, iade ve de\u011fi\u015fimleri en aza indirerek lojistik maliyetlerinizden tasarruf etmenizi ve m\u00fc\u015fteri memnuniyetini art\u0131rman\u0131z\u0131 sa\u011flar.<\/p>\n<h3>\u00d6zelle\u015ftirme Hizmetleri (OEM\/ODM)<\/h3>\n<p>Marka logosu uygulamas\u0131, ambalaj tasar\u0131m\u0131 ve \u00e7e\u015fitli uluslararas\u0131 fi\u015f spesifikasyonlar\u0131na uyumluluk da dahil olmak \u00fczere kapsaml\u0131 \u00f6zelle\u015ftirme se\u00e7enekleri sunuyoruz. Bu uyarlanabilirlik, rekabet\u00e7i bir pazarda benzersiz marka kimli\u011finizi olu\u015fturman\u0131za yard\u0131mc\u0131 olur.<\/p>\n<h3>Sat\u0131\u015f Sonras\u0131 Destek<\/h3>\n<p>M\u00fc\u015fteri hizmetlerine olan ba\u011fl\u0131l\u0131\u011f\u0131m\u0131z, h\u0131zl\u0131 teknik destek ve yedek par\u00e7a teminini de i\u00e7ermektedir. Bu, operasyonlar\u0131n\u0131z\u0131n kesintisiz devam etmesini sa\u011flayarak, m\u00fc\u015fterilerinizin markan\u0131za olan g\u00fcvenini daha da peki\u015ftirir.<\/p>\n<h2>Sonu\u00e7 ve Eylem \u00c7a\u011fr\u0131s\u0131<\/h2>\n<p>D\u00fc\u015f\u00fck kaliteli bile\u015fenlerin, \u00fcst d\u00fczey makinelerinizin itibar\u0131n\u0131 zedelemesine izin vermeyin. Ekipman\u0131n\u0131z\u0131n kalitesine uygun ve i\u015fletmenizin potansiyelini art\u0131ran bir hava destekli kompres\u00f6r se\u00e7in.<\/p>\n<p>Numune testi i\u00e7in veya en g\u00fcncel B2B toptan fiyatlar\u0131n\u0131 \u00f6\u011frenmek i\u00e7in hemen bizimle ileti\u015fime ge\u00e7in. Ziyaret edin. <a href=\"https:\/\/aircompressorforlasercutter.com\/tr\/bize-ulasin\/\">Burada<\/a> Ula\u015fmak i\u00e7in.<\/p>","protected":false},"excerpt":{"rendered":"<p>Variable Speed Air Assist Compressor for Laser The Unsung Hero Behind the Scenes The laser engraving industry is burgeoning, with buyers investing substantial amounts in high-quality laser engraving machines. However, in this pursuit of excellence, many overlook a crucial component: the air assist compressor. This essential accessory is not simply an add-on; it fundamentally impacts [&hellip;]<\/p>","protected":false},"featured_media":457,"comment_status":"open","ping_status":"closed","template":"","meta":{"_et_pb_use_builder":"","_et_pb_old_content":"","_et_gb_content_width":""},"product_brand":[],"product_cat":[1093],"product_tag":[1094],"class_list":{"0":"post-483","1":"product","2":"type-product","3":"status-publish","4":"has-post-thumbnail","6":"product_cat-air-compressor-for-laser-cutter","7":"product_tag-air-compressor-for-laser-cutter","9":"first","10":"instock","11":"shipping-taxable","12":"product-type-simple"},"_links":{"self":[{"href":"https:\/\/aircompressorforlasercutter.com\/tr\/wp-json\/wp\/v2\/product\/483","targetHints":{"allow":["GET"]}}],"collection":[{"href":"https:\/\/aircompressorforlasercutter.com\/tr\/wp-json\/wp\/v2\/product"}],"about":[{"href":"https:\/\/aircompressorforlasercutter.com\/tr\/wp-json\/wp\/v2\/types\/product"}],"replies":[{"embeddable":true,"href":"https:\/\/aircompressorforlasercutter.com\/tr\/wp-json\/wp\/v2\/comments?post=483"}],"wp:featuredmedia":[{"embeddable":true,"href":"https:\/\/aircompressorforlasercutter.com\/tr\/wp-json\/wp\/v2\/media\/457"}],"wp:attachment":[{"href":"https:\/\/aircompressorforlasercutter.com\/tr\/wp-json\/wp\/v2\/media?parent=483"}],"wp:term":[{"taxonomy":"product_brand","embeddable":true,"href":"https:\/\/aircompressorforlasercutter.com\/tr\/wp-json\/wp\/v2\/product_brand?post=483"},{"taxonomy":"product_cat","embeddable":true,"href":"https:\/\/aircompressorforlasercutter.com\/tr\/wp-json\/wp\/v2\/product_cat?post=483"},{"taxonomy":"product_tag","embeddable":true,"href":"https:\/\/aircompressorforlasercutter.com\/tr\/wp-json\/wp\/v2\/product_tag?post=483"}],"curies":[{"name":"wp","href":"https:\/\/api.w.org\/{rel}","templated":true}]}}