{"id":484,"date":"2026-01-14T08:26:20","date_gmt":"2026-01-14T08:26:20","guid":{"rendered":"https:\/\/aircompressorforlasercutter.com\/product\/50w-electromagnetic-air-pump-for-laser-assist\/"},"modified":"2026-01-14T08:31:20","modified_gmt":"2026-01-14T08:31:20","slug":"50w-electromagnetic-air-pump-for-laser-assist","status":"publish","type":"product","link":"https:\/\/aircompressorforlasercutter.com\/tr\/urun\/lazer-destek-cihazi-icin-50-w-elektromanyetik-hava-pompasi\/","title":{"rendered":"Lazer destek cihaz\u0131 i\u00e7in 50W elektromanyetik hava pompas\u0131"},"content":{"rendered":"<h2>1. Arka Plan: G\u00f6zden Ka\u00e7an Bile\u015fen<\/h2>\n<p>H\u0131zla geli\u015fen lazer grav\u00fcr ve kesim pazar\u0131nda, al\u0131c\u0131lar genellikle y\u00fcksek kaliteli lazer makinelerine \u00f6nemli miktarda sermaye yat\u0131r\u0131rlar. Ancak, kritik bir bile\u015fen olan hava pompas\u0131 b\u00fcy\u00fck \u00f6l\u00e7\u00fcde g\u00f6z ard\u0131 edilmektedir. Bu ihmal, operasyonel verimlili\u011fi ve nihai \u00fcr\u00fcnlerin kalitesini \u00f6nemli \u00f6l\u00e7\u00fcde etkileyebilir.<\/p>\n<p>Hava deste\u011fi sadece bir aksesuar de\u011fil; do\u011frudan son kesim kalitesini ve makinenin \u00f6mr\u00fcn\u00fc etkiler. \u0130yi se\u00e7ilmi\u015f bir hava pompas\u0131 performans\u0131 art\u0131rabilir, \u00fcst\u00fcn kesim sonu\u00e7lar\u0131na katk\u0131da bulunabilir ve makinenin zaman i\u00e7inde sorunsuz \u00e7al\u0131\u015fmas\u0131n\u0131 sa\u011flayabilir.<\/p>\n<p><img loading=\"lazy\" decoding=\"async\" class=\"wp-image-458 size-full aligncenter\" src=\"https:\/\/aircompressorforlasercutter.com\/wp-content\/uploads\/2026\/01\/Air-Compressor-For-Laser-Cutter6.webp\" alt=\"Lazer Kesici \u0130\u00e7in Hava Kompres\u00f6r\u00fc\" width=\"800\" height=\"800\" srcset=\"https:\/\/aircompressorforlasercutter.com\/wp-content\/uploads\/2026\/01\/Air-Compressor-For-Laser-Cutter6.webp 800w, https:\/\/aircompressorforlasercutter.com\/wp-content\/uploads\/2026\/01\/Air-Compressor-For-Laser-Cutter6-480x480.webp 480w\" sizes=\"auto, (min-width: 0px) and (max-width: 480px) 480px, (min-width: 481px) 800px, 100vw\" \/><\/p>\n<h2>Temel Bilgi: Hava Yard\u0131m\u0131n\u0131n \u0130\u015fletme De\u011feri<\/h2>\n<p>Da\u011f\u0131t\u0131mc\u0131lar i\u00e7in do\u011fru hava pompas\u0131n\u0131 se\u00e7mek somut faydalar sa\u011flar: \"eksik kesimler\" veya \"hasarl\u0131 lensler\" gibi sorunlarla ilgili m\u00fc\u015fteri \u015fikayetlerinin azalmas\u0131, nihayetinde daha y\u00fcksek m\u00fc\u015fteri sadakati oranlar\u0131na yol a\u00e7ar. Bu ba\u011flant\u0131y\u0131 anlamak, i\u015fletmelerin daha iyi hizmet sunmalar\u0131n\u0131 ve pazar itibarlar\u0131n\u0131 art\u0131rmalar\u0131n\u0131 sa\u011flayabilir.<\/p>\n<h2>2. Sorun Noktas\u0131 Analizi: Ucuz Hava Pompalar\u0131n\u0131n Gizli Maliyetleri<\/h2>\n<h3>K\u00f6t\u00fc Kesim Kalitesi<\/h3>\n<p>D\u00fc\u015f\u00fck maliyetli bir hava pompas\u0131na yat\u0131r\u0131m yapmak genellikle dengesiz hava ak\u0131\u015f\u0131na yol a\u00e7arak malzemelerde yanm\u0131\u015f kenarlara ve kesme verimlili\u011finin azalmas\u0131na neden olur. Bu tutars\u0131zl\u0131k yaln\u0131zca nihai \u00fcr\u00fcn\u00fcn esteti\u011fini etklemekle kalmaz, ayn\u0131 zamanda m\u00fc\u015fteri memnuniyetini de azaltabilir.<\/p>\n<h3>Ekipman Hasar\u0131 Riski<\/h3>\n<p>\u00d6zellikle ya\u011f bazl\u0131 olan kalitesiz hava pompalar\u0131, lazer lenslerini kirleten ya\u011f buhar\u0131 veya nem yayma e\u011filimindedir. Bu t\u00fcr hasarlar, pahal\u0131 onar\u0131mlara ve iadelere yol a\u00e7arak i\u015fletme b\u00fct\u00e7elerini zorlayabilir.<\/p>\n<h3>G\u00fcr\u00fclt\u00fc Engelleyici<\/h3>\n<p>Geleneksel hava kompres\u00f6rleri, a\u015f\u0131r\u0131 g\u00fcr\u00fclt\u00fc seviyeleriyle \u00fcnl\u00fcd\u00fcr; bu durum ev kullan\u0131c\u0131lar\u0131n\u0131 cayd\u0131rabilir ve e\u011fitim ortamlar\u0131ndaki kendin yap projelerini engelleyebilir. Bu s\u0131n\u0131rlama, potansiyel m\u00fc\u015fteri taban\u0131n\u0131 daralt\u0131r ve sat\u0131\u015f f\u0131rsatlar\u0131n\u0131 k\u0131s\u0131tlar.<\/p>\n<h2>3. \u00c7\u00f6z\u00fcm\u00fcm\u00fcz: \u201cProfesyonel D\u00fczeyde\u201d Hava Yard\u0131m\u0131n\u0131 Yeniden Tan\u0131mlamak<\/h2>\n<h3>Ya\u011fs\u0131z ve Susuz Tasar\u0131m<\/h3>\n<p>50W elektromanyetik hava pompam\u0131z, lazer lensler i\u00e7in en \u00fcst d\u00fczeyde koruma sa\u011flayan 100% ya\u011fs\u0131z ve susuz tasar\u0131ma sahiptir. Son kullan\u0131c\u0131lar bak\u0131m gerektirmeyen bir deneyimin keyfini \u00e7\u0131karabilir, g\u00f6n\u00fcl rahatl\u0131\u011f\u0131 ya\u015fayabilir ve zamandan tasarruf edebilirler.<\/p>\n<h3>Ultra Sessiz Teknoloji<\/h3>\n<p>\u00d6zellikle i\u00e7 mekan ve ev st\u00fcdyosu kullan\u0131m\u0131 i\u00e7in tasarlanan hava pompam\u0131z, etkileyici derecede d\u00fc\u015f\u00fck bir g\u00fcr\u00fclt\u00fc seviyesinde (&lt;60dB) \u00e7al\u0131\u015f\u0131r. Bu geli\u015ftirme, kullan\u0131c\u0131 deneyimini \u00f6nemli \u00f6l\u00e7\u00fcde art\u0131rarak hem ki\u015fisel hem de e\u011fitim ama\u00e7l\u0131 uygulamalar i\u00e7in ideal hale getirir.<\/p>\n<h3>Sa\u011flam Performans<\/h3>\n<p>Dakikada 30 litre s\u00fcrekli ve istikrarl\u0131 hava ak\u0131\u015f\u0131 sa\u011flayan pompam\u0131z, kal\u0131n ah\u015fap veya akrilik malzemelerle \u00e7al\u0131\u015f\u0131rken bile temiz ve dumans\u0131z kesimler garanti eder. Bu performans, her projenin y\u00fcksek kalite standartlar\u0131n\u0131 kar\u015f\u0131lamas\u0131n\u0131 sa\u011flar.<\/p>\n<h2>4. Kapsaml\u0131 Uyumluluk: Tek Noktadan E\u015fle\u015ftirme<\/h2>\n<h3>Geni\u015f Uygulama Alan\u0131<\/h3>\n<p>Hava pompam\u0131z, xTool, Ortur, Atomstack ve \u00e7e\u015fitli CO2 lazer makineleri de dahil olmak \u00fczere piyasada bulunan ana ak\u0131m modellerin 95% versiyonuyla m\u00fckemmel uyumludur. Bu \u00e7ok y\u00f6nl\u00fcl\u00fck, i\u015fletmelerin kaliteden \u00f6d\u00fcn vermeden daha geni\u015f bir m\u00fc\u015fteri taban\u0131na hizmet vermesini sa\u011flar.<\/p>\n<h3>Distrib\u00fct\u00f6r Avantajlar\u0131<\/h3>\n<p>Birden fazla makineye uygun tek bir \u00fcr\u00fcn kodu (SKU) sunarak, da\u011f\u0131t\u0131mc\u0131lar stok bask\u0131s\u0131n\u0131 ve stok y\u00f6netiminin karma\u015f\u0131kl\u0131\u011f\u0131n\u0131 \u00f6nemli \u00f6l\u00e7\u00fcde azaltabilirler. Bu verimlilik, operasyonlar\u0131n daha verimli hale gelmesine ve karl\u0131l\u0131\u011f\u0131n artmas\u0131na yol a\u00e7ar.<\/p>\n<h2>5. Tedarik Zinciri ve \u0130\u015fbirli\u011finin Avantajlar\u0131<\/h2>\n<h3>Fabrika G\u00fcc\u00fc<\/h3>\n<p>Titiz kalite kontrol s\u00fcre\u00e7lerimiz, son derece d\u00fc\u015f\u00fck bir hata oran\u0131 (&lt;1%) sa\u011flayarak iade ve de\u011fi\u015fim lojistik maliyetlerini en aza indirmeye yard\u0131mc\u0131 olur. Bu g\u00fcvenilirlik, hem ortaklar\u0131m\u0131za hem de m\u00fc\u015fterilerimize olan ba\u011fl\u0131l\u0131\u011f\u0131m\u0131z\u0131n temel ta\u015flar\u0131ndan biridir.<\/p>\n<h3>\u00d6zelle\u015ftirme Hizmetleri (OEM\/ODM)<\/h3>\n<p>Marka logosu \u00f6zelle\u015ftirmesi, ambalaj tasar\u0131m\u0131 ve \u00e7e\u015fitli \u00fclkelere uygun fi\u015f \u00f6zellikleri konusunda destek sa\u011flayarak, rekabet\u00e7i bir pazarda marka kimli\u011finizi olu\u015fturman\u0131za olanak tan\u0131yoruz.<\/p>\n<h3>Sat\u0131\u015f Sonras\u0131 Destek<\/h3>\n<p>H\u0131zl\u0131 teknik m\u00fcdahale ve yedek par\u00e7a tedarik yeteneklerimiz, operasyonlar\u0131n\u0131z\u0131n kesintisiz devam etmesini sa\u011flayarak markam\u0131za olan g\u00fcveninizi peki\u015ftirir.<\/p>\n<h2>6. Sonu\u00e7 ve Eylem \u00c7a\u011fr\u0131s\u0131 (E\u00c7\u00c7)<\/h2>\n<p>D\u00fc\u015f\u00fck kaliteli bile\u015fenlerin, \u00fcst d\u00fczey makinelerinizin itibar\u0131n\u0131 zedelemesine izin vermeyin. Ekipman\u0131n\u0131z\u0131n kalitesine uygun bir hava pompas\u0131 se\u00e7mek, m\u00fc\u015fteri memnuniyetini ve sadakatini korumak i\u00e7in \u00e7ok \u00f6nemlidir.<\/p>\n<p>Test i\u00e7in numune talep etmek veya en g\u00fcncel B2B toptan fiyatland\u0131rmas\u0131n\u0131 \u00f6\u011frenmek i\u00e7in bug\u00fcn bizimle ileti\u015fime ge\u00e7in. Operasyonel m\u00fckemmelli\u011fe ula\u015fmada g\u00fcvenilir orta\u011f\u0131n\u0131z Ever-power olsun.<\/p>\n<p style=\"text-align: center;\"><span style=\"font-size: 18pt;\"><a href=\"https:\/\/aircompressorforlasercutter.com\/tr\/bize-ulasin\/\">Bize Ula\u015f\u0131n<\/a><\/span><\/p>","protected":false},"excerpt":{"rendered":"<p>1. Background: The Overlooked Component In the rapidly evolving market of laser engraving and cutting, buyers often invest substantial amounts of capital in high-end laser machines. However, a critical component??the air pump??remains largely overlooked. This oversight can significantly impact operational efficiency and the quality of finished products. Air assistance is not merely an accessory; it [&hellip;]<\/p>","protected":false},"featured_media":457,"comment_status":"open","ping_status":"closed","template":"","meta":{"_et_pb_use_builder":"","_et_pb_old_content":"","_et_gb_content_width":""},"product_brand":[],"product_cat":[1093],"product_tag":[1095],"class_list":{"0":"post-484","1":"product","2":"type-product","3":"status-publish","4":"has-post-thumbnail","6":"product_cat-air-compressor-for-laser-cutter","7":"product_tag-air-compressor-for-laser-cutter-price","9":"first","10":"instock","11":"shipping-taxable","12":"product-type-simple"},"_links":{"self":[{"href":"https:\/\/aircompressorforlasercutter.com\/tr\/wp-json\/wp\/v2\/product\/484","targetHints":{"allow":["GET"]}}],"collection":[{"href":"https:\/\/aircompressorforlasercutter.com\/tr\/wp-json\/wp\/v2\/product"}],"about":[{"href":"https:\/\/aircompressorforlasercutter.com\/tr\/wp-json\/wp\/v2\/types\/product"}],"replies":[{"embeddable":true,"href":"https:\/\/aircompressorforlasercutter.com\/tr\/wp-json\/wp\/v2\/comments?post=484"}],"wp:featuredmedia":[{"embeddable":true,"href":"https:\/\/aircompressorforlasercutter.com\/tr\/wp-json\/wp\/v2\/media\/457"}],"wp:attachment":[{"href":"https:\/\/aircompressorforlasercutter.com\/tr\/wp-json\/wp\/v2\/media?parent=484"}],"wp:term":[{"taxonomy":"product_brand","embeddable":true,"href":"https:\/\/aircompressorforlasercutter.com\/tr\/wp-json\/wp\/v2\/product_brand?post=484"},{"taxonomy":"product_cat","embeddable":true,"href":"https:\/\/aircompressorforlasercutter.com\/tr\/wp-json\/wp\/v2\/product_cat?post=484"},{"taxonomy":"product_tag","embeddable":true,"href":"https:\/\/aircompressorforlasercutter.com\/tr\/wp-json\/wp\/v2\/product_tag?post=484"}],"curies":[{"name":"wp","href":"https:\/\/api.w.org\/{rel}","templated":true}]}}