{"id":485,"date":"2026-01-14T08:26:21","date_gmt":"2026-01-14T08:26:21","guid":{"rendered":"https:\/\/aircompressorforlasercutter.com\/product\/air-compressor-with-tube-fittings-for-laser-cutter\/"},"modified":"2026-01-14T08:26:21","modified_gmt":"2026-01-14T08:26:21","slug":"air-compressor-with-tube-fittings-for-laser-cutter","status":"publish","type":"product","link":"https:\/\/aircompressorforlasercutter.com\/tr\/urun\/lazer-kesici-icin-boru-baglanti-parcalarina-sahip-hava-kompresoru\/","title":{"rendered":"Lazer kesici i\u00e7in boru ba\u011flant\u0131 par\u00e7alar\u0131na sahip hava kompres\u00f6r\u00fc"},"content":{"rendered":"<h1>Lazer Kesici \u0130\u00e7in Boru Ba\u011flant\u0131 Par\u00e7al\u0131 Hava Kompres\u00f6r\u00fc: G\u00f6r\u00fcnmez Kahraman<\/h1>\n<h2>Giri\u015f: Ad\u0131 San\u0131 Duyulmam\u0131\u015f Kahraman<\/h2>\n<p>Lazer kesim ve grav\u00fcr d\u00fcnyas\u0131nda, odak noktas\u0131 genellikle lazer makinesinin kendisidir. Al\u0131c\u0131lar geli\u015fmi\u015f lazer grav\u00fcr teknolojisine \u00f6nemli miktarda yat\u0131r\u0131m yaparlar, ancak hava kompres\u00f6r\u00fcn\u00fcn hayati rol\u00fcn\u00fc s\u0131kl\u0131kla g\u00f6z ard\u0131 ederler. Genellikle aksesuar olarak kabul edilen bu hayati bile\u015fen, kesimin kalitesini ve makinenin \u00f6mr\u00fcn\u00fc belirlemede \u00e7ok \u00f6nemli bir rol oynar.<\/p>\n<p>Hava deste\u011fi sadece ek bir \u00f6zellik de\u011fil; hem nihai kesim kalitesini hem de ekipman\u0131n\u0131z\u0131n \u00f6mr\u00fcn\u00fc do\u011frudan etkileyen kritik bir fakt\u00f6rd\u00fcr. G\u00fcvenilir bir hava kompres\u00f6r\u00fc, lazer kesim makinenizin verimlili\u011fini ve etkinli\u011fini \u00f6nemli \u00f6l\u00e7\u00fcde art\u0131rabilir.<\/p>\n<h2>Temel De\u011fer: B2B Avantaj\u0131<\/h2>\n<p>Da\u011f\u0131t\u0131mc\u0131lar i\u00e7in, \u00fcst\u00fcn bir hava pompas\u0131 se\u00e7mek, \"yetersiz kesim\" veya \"hasarl\u0131 lensler\" gibi sorunlarla ilgili m\u00fc\u015fteri \u015fikayetlerinde \u00f6nemli bir azalma anlam\u0131na gelir. Bu iyile\u015fme, m\u00fc\u015fteri sadakat oranlar\u0131n\u0131n artmas\u0131yla do\u011frudan ili\u015fkilidir. M\u00fc\u015fterilerinize \u00fcst\u00fcn bir hava kompres\u00f6r\u00fc sa\u011flayarak, daha y\u00fcksek memnuniyet ve daha az sat\u0131\u015f sonras\u0131 sorun sa\u011flars\u0131n\u0131z.<\/p>\n<h2>Sorun Noktalar\u0131: Ucuz Hava Pompalar\u0131n\u0131n Gizli Maliyetleri<\/h2>\n<h3>K\u00f6t\u00fc Kesim Kalitesi<\/h3>\n<p>D\u00fc\u015f\u00fck kaliteli bir hava pompas\u0131 kullanmak, dengesiz hava ak\u0131\u015f\u0131na yol a\u00e7arak malzemelerde yanm\u0131\u015f kenarlara ve kesme verimlili\u011finin azalmas\u0131na neden olabilir. Bu durum sadece anl\u0131k \u00e7\u0131kt\u0131y\u0131 etklemekle kalmaz, ayn\u0131 zamanda nihai \u00fcr\u00fcn\u00fcn pazarlanabilirli\u011fini de etkiler. M\u00fc\u015fteriler, kalitesiz y\u00fczey i\u015flemleri nedeniyle \u00fcr\u00fcnlerini daha az \u00e7ekici bulabilirler.<\/p>\n<h3>Ekipman Hasar\u0131 Riski<\/h3>\n<p>Ucuz hava pompalar\u0131, \u00f6zellikle ya\u011f dolu olanlar, ya\u011f buhar\u0131 veya nem p\u00fcsk\u00fcrterek lazer optiklerini kirletebilir. Bu kirlenme, maliyetli onar\u0131mlara ve iadelere yol a\u00e7arak distrib\u00fct\u00f6rleri beklenmedik masraflarla kar\u015f\u0131 kar\u015f\u0131ya b\u0131rak\u0131r ve kar marjlar\u0131n\u0131 d\u00fc\u015f\u00fcr\u00fcr.<\/p>\n<h3>G\u00fcr\u00fclt\u00fc Bozuklu\u011fu<\/h3>\n<p>Geleneksel hava kompres\u00f6rleri, ev kullan\u0131c\u0131lar\u0131n\u0131 ve e\u011fitim ama\u00e7l\u0131 at\u00f6lyeleri cayd\u0131rabilecek a\u015f\u0131r\u0131 g\u00fcr\u00fclt\u00fc seviyeleriyle \u00fcnl\u00fcd\u00fcr. Y\u00fcksek sesli \u00e7al\u0131\u015fma, potansiyel m\u00fc\u015fteri taban\u0131n\u0131 s\u0131n\u0131rlar ve sat\u0131\u015f f\u0131rsatlar\u0131n\u0131z\u0131 azalt\u0131r. Bu nedenle, bu pazarlara girebilmek i\u00e7in sessiz bir \u00e7\u00f6z\u00fcm \u015fartt\u0131r.<\/p>\n<h2>\u00c7\u00f6z\u00fcm\u00fcm\u00fcz: \"Profesyonel D\u00fczey\" Hava Yard\u0131m\u0131n\u0131 Yeniden Tan\u0131mlamak<\/h2>\n<h3>Ya\u011fs\u0131z, Susuz Tasar\u0131m<\/h3>\n<p>Hava kompres\u00f6r\u00fcm\u00fcz, lazer lensleri i\u00e7in tam koruma sa\u011flayan 100% ya\u011fs\u0131z ve susuz tasar\u0131ma sahiptir. Bu, son kullan\u0131c\u0131lar i\u00e7in minimum bak\u0131m anlam\u0131na gelir, zaman ve emekten tasarruf sa\u011flarken operasyonel verimliliklerini en \u00fcst d\u00fczeye \u00e7\u0131kar\u0131r.<\/p>\n<h3>Ultra Sessiz Teknoloji<\/h3>\n<p>\u00d6zellikle i\u00e7 mekan ve ev st\u00fcdyosu uygulamalar\u0131 i\u00e7in geli\u015ftirilen kompres\u00f6r\u00fcm\u00fcz, 60 dB'nin alt\u0131nda etkileyici derecede d\u00fc\u015f\u00fck bir g\u00fcr\u00fclt\u00fc seviyesinde \u00e7al\u0131\u015f\u0131r. Bu yenilik, daha sessiz bir \u00e7al\u0131\u015fma alan\u0131 sa\u011flayarak kullan\u0131c\u0131 deneyimini \u00f6nemli \u00f6l\u00e7\u00fcde geli\u015ftirir ve hem konut hem de e\u011fitim ortamlar\u0131 i\u00e7in uygun hale getirir.<\/p>\n<h3>G\u00fc\u00e7l\u00fc Performans<\/h3>\n<p>Dakikada 30 litre gibi y\u00fcksek bir \u00e7\u0131k\u0131\u015f g\u00fcc\u00fcne sahip hava kompres\u00f6r\u00fcm\u00fcz, tutarl\u0131 ve istikrarl\u0131 bir hava ak\u0131\u015f\u0131 garanti eder. Kal\u0131n ah\u015fap veya akrilik kesimlerinde, temiz ve dumans\u0131z kesimler sa\u011flayarak nihai \u00fcr\u00fcn\u00fcn kalitesini art\u0131r\u0131r.<\/p>\n<h2>Geni\u015f Uyumluluk: Tek Noktadan E\u015fle\u015ftirme<\/h2>\n<h3>Geni\u015f Uygulama Yelpazesi<\/h3>\n<p>Hava kompres\u00f6r\u00fcm\u00fcz, xTool, Ortur, Atomstack ve \u00e7e\u015fitli CO2 lazer makineleri de dahil olmak \u00fczere piyasada bulunan ana ak\u0131m modellerin 95%'sine m\u00fckemmel \u015fekilde uyacak \u015fekilde tasarlanm\u0131\u015ft\u0131r. Bu \u00e7ok y\u00f6nl\u00fcl\u00fck, m\u00fc\u015fterilerinizin \u00fcr\u00fcn\u00fcm\u00fcz\u00fc mevcut ekipmanlar\u0131yla sorunsuz bir \u015fekilde kullanabilmelerini sa\u011flar.<\/p>\n<h3>Distrib\u00fct\u00f6rler i\u00e7in Faydalar<\/h3>\n<p>Birden fazla makineyle uyumlu tek bir \u00fcr\u00fcn kodu (SKU) ile stok bask\u0131n\u0131z\u0131 ve karma\u015f\u0131kl\u0131\u011f\u0131n\u0131z\u0131 \u00f6nemli \u00f6l\u00e7\u00fcde azaltabilirsiniz. Bu sadele\u015ftirilmi\u015f yakla\u015f\u0131m, lojisti\u011fi basitle\u015ftirmenin yan\u0131 s\u0131ra stok y\u00f6netiminizi de optimize ederek daha iyi nakit ak\u0131\u015f\u0131 ve operasyonel verimlilik sa\u011flar.<\/p>\n<h2>Tedarik Zinciri ve Ortakl\u0131k Avantajlar\u0131<\/h2>\n<h3>Fabrika G\u00fcc\u00fc<\/h3>\n<p>Titiz kalite kontrol (QC) s\u00fcre\u00e7lerimiz, 'den daha d\u00fc\u015f\u00fck, inan\u0131lmaz derecede d\u00fc\u015f\u00fck bir hata oran\u0131 sa\u011flamaktad\u0131r. Kaliteye olan bu ba\u011fl\u0131l\u0131\u011f\u0131m\u0131z, iade ve de\u011fi\u015fimlerle ilgili lojistik maliyetlerinden tasarruf etmenize ve nihayetinde karl\u0131l\u0131\u011f\u0131n\u0131z\u0131 art\u0131rman\u0131za yard\u0131mc\u0131 olur.<\/p>\n<h3>\u00d6zel Hizmetler (OEM\/ODM)<\/h3>\n<p>Logonuzla marka olu\u015fturma, \u00f6zel ambalaj tasar\u0131mlar\u0131 ve farkl\u0131 \u00fclkelere uygun \u00e7e\u015fitli fi\u015f \u00f6zellikleri de dahil olmak \u00fczere \u00f6zelle\u015ftirilebilir se\u00e7enekler sunuyoruz. Bu esneklik, hedef pazar\u0131n\u0131zda yank\u0131 uyand\u0131ran ay\u0131rt edici bir marka kimli\u011fi olu\u015fturman\u0131za olanak tan\u0131r.<\/p>\n<h3>Sat\u0131\u015f Sonras\u0131 Destek<\/h3>\n<p>H\u0131zl\u0131 teknik m\u00fcdahale ve yedek par\u00e7a tedarik yeteneklerimiz, m\u00fc\u015fterilerinizin ihtiya\u00e7 duyduklar\u0131 yard\u0131m\u0131 \u00f6nemli gecikmeler olmadan almalar\u0131n\u0131 sa\u011flar. Bu destek d\u00fczeyi, m\u00fc\u015fteri memnuniyetini art\u0131r\u0131r ve uzun vadeli i\u015f ili\u015fkilerini geli\u015ftirir.<\/p>\n<h2>Sonu\u00e7 ve Eylem \u00c7a\u011fr\u0131s\u0131<\/h2>\n<p>Kalitesiz aksesuarlar\u0131n \u00fcst d\u00fczey makinelerinizin itibar\u0131n\u0131 zedelemesine izin vermeyin. M\u00fc\u015fteri memnuniyetini ve sadakatini korumak i\u00e7in ekipman\u0131n\u0131z\u0131n kalitesine uygun bir hava kompres\u00f6r\u00fc se\u00e7mek \u00e7ok \u00f6nemlidir.<\/p>\n<p>Numune testi talep etmek veya en g\u00fcncel B2B toptan fiyat listesini almak i\u00e7in bug\u00fcn bizimle ileti\u015fime ge\u00e7in. Birinci s\u0131n\u0131f hava kompres\u00f6r\u00fc \u00e7\u00f6z\u00fcmlerimizle \u00fcr\u00fcn yelpazenizi bir \u00fcst seviyeye ta\u015f\u0131y\u0131n.<\/p>\n<p><a href=\"https:\/\/aircompressorforlasercutter.com\/tr\/bize-ulasin\/\">Bizimle ileti\u015fime ge\u00e7mek i\u00e7in buraya t\u0131klay\u0131n.<\/a><\/p>","protected":false},"excerpt":{"rendered":"<p>Air Compressor with Tube Fittings for Laser Cutter: The Unsung Hero Introduction: The Unsung Hero In the world of laser cutting and engraving, the focus often lies on the laser machine itself. Buyers invest significant sums in advanced laser engraving technology, yet they frequently overlook the essential role of an air compressor. This vital component, [&hellip;]<\/p>","protected":false},"featured_media":457,"comment_status":"open","ping_status":"closed","template":"","meta":{"_et_pb_use_builder":"","_et_pb_old_content":"","_et_gb_content_width":""},"product_brand":[],"product_cat":[1093],"product_tag":[1096],"class_list":{"0":"post-485","1":"product","2":"type-product","3":"status-publish","4":"has-post-thumbnail","6":"product_cat-air-compressor-for-laser-cutter","7":"product_tag-air-compressor-for-laser-cutter-cost","9":"first","10":"instock","11":"shipping-taxable","12":"product-type-simple"},"_links":{"self":[{"href":"https:\/\/aircompressorforlasercutter.com\/tr\/wp-json\/wp\/v2\/product\/485","targetHints":{"allow":["GET"]}}],"collection":[{"href":"https:\/\/aircompressorforlasercutter.com\/tr\/wp-json\/wp\/v2\/product"}],"about":[{"href":"https:\/\/aircompressorforlasercutter.com\/tr\/wp-json\/wp\/v2\/types\/product"}],"replies":[{"embeddable":true,"href":"https:\/\/aircompressorforlasercutter.com\/tr\/wp-json\/wp\/v2\/comments?post=485"}],"wp:featuredmedia":[{"embeddable":true,"href":"https:\/\/aircompressorforlasercutter.com\/tr\/wp-json\/wp\/v2\/media\/457"}],"wp:attachment":[{"href":"https:\/\/aircompressorforlasercutter.com\/tr\/wp-json\/wp\/v2\/media?parent=485"}],"wp:term":[{"taxonomy":"product_brand","embeddable":true,"href":"https:\/\/aircompressorforlasercutter.com\/tr\/wp-json\/wp\/v2\/product_brand?post=485"},{"taxonomy":"product_cat","embeddable":true,"href":"https:\/\/aircompressorforlasercutter.com\/tr\/wp-json\/wp\/v2\/product_cat?post=485"},{"taxonomy":"product_tag","embeddable":true,"href":"https:\/\/aircompressorforlasercutter.com\/tr\/wp-json\/wp\/v2\/product_tag?post=485"}],"curies":[{"name":"wp","href":"https:\/\/api.w.org\/{rel}","templated":true}]}}