{"id":486,"date":"2026-01-14T08:26:21","date_gmt":"2026-01-14T08:26:21","guid":{"rendered":"https:\/\/aircompressorforlasercutter.com\/product\/diode-laser-air-assist-system-with-adjustable-knob\/"},"modified":"2026-01-14T08:29:15","modified_gmt":"2026-01-14T08:29:15","slug":"diode-laser-air-assist-system-with-adjustable-knob","status":"publish","type":"product","link":"https:\/\/aircompressorforlasercutter.com\/tr\/urun\/ayarlanabilir-dugmeli-diyot-lazer-hava-destek-sistemi\/","title":{"rendered":"Ayarlanabilir d\u00fc\u011fmeli diyot lazer hava destek sistemi"},"content":{"rendered":"<h1><span style=\"font-size: 26px;\">1. Arka Plan: G\u00f6zden Ka\u00e7an Temel Unsurlar<\/span><\/h1>\n<p>G\u00fcn\u00fcm\u00fcz\u00fcn rekabet\u00e7i pazar\u0131nda, bir\u00e7ok al\u0131c\u0131 geli\u015fmi\u015f lazer grav\u00fcr makinelerine b\u00fcy\u00fck yat\u0131r\u0131mlar yaparken, kritik bir bile\u015feni, yani hava destek sistemini, s\u0131kl\u0131kla g\u00f6zden ka\u00e7\u0131r\u0131yor. Lazer kesici g\u00f6sterinin y\u0131ld\u0131z\u0131 olsa da, hava pompas\u0131 performans\u0131 ve kullan\u0131m \u00f6mr\u00fcn\u00fc art\u0131rmada \u00e7ok \u00f6nemli bir rol oynar. Hava deste\u011fi sadece bir aksesuar de\u011fildir; do\u011frudan son kesim kalitesini ve makinenin \u00f6mr\u00fcn\u00fc etkiler.<\/p>\n<p>B2B m\u00fc\u015fterileri i\u00e7in do\u011fru hava pompas\u0131n\u0131 se\u00e7mek, eksik kesimler veya hasarl\u0131 lensler gibi sorunlarla ilgili \u015fikayetlerin azalmas\u0131na ve sonu\u00e7 olarak m\u00fc\u015fteri sadakat oranlar\u0131n\u0131n artmas\u0131na yol a\u00e7ar.<\/p>\n<p><img loading=\"lazy\" decoding=\"async\" class=\"wp-image-455 size-full aligncenter\" src=\"https:\/\/aircompressorforlasercutter.com\/wp-content\/uploads\/2026\/01\/Air-Compressor-For-Laser-Cutter2.webp\" alt=\"Lazer Kesici \u0130\u00e7in Hava Kompres\u00f6r\u00fc\" width=\"800\" height=\"800\" srcset=\"https:\/\/aircompressorforlasercutter.com\/wp-content\/uploads\/2026\/01\/Air-Compressor-For-Laser-Cutter2.webp 800w, https:\/\/aircompressorforlasercutter.com\/wp-content\/uploads\/2026\/01\/Air-Compressor-For-Laser-Cutter2-480x480.webp 480w\" sizes=\"auto, (min-width: 0px) and (max-width: 480px) 480px, (min-width: 481px) 800px, 100vw\" \/><\/p>\n<h2>2. Sorun Noktas\u0131 Analizi: Ucuz Hava Pompalar\u0131n\u0131n Gizli Maliyetleri<\/h2>\n<h3>K\u00f6t\u00fc Kesim Kalitesi<\/h3>\n<p>D\u00fc\u015f\u00fck maliyetli bir hava pompas\u0131 kullanmak, dengesiz hava ak\u0131\u015f\u0131na yol a\u00e7arak kenarlar\u0131n yanmas\u0131na ve kesme verimlili\u011finin azalmas\u0131na neden olabilir. Bu bozulma sadece anl\u0131k \u00e7\u0131kt\u0131y\u0131 etklemekle kalmaz, ayn\u0131 zamanda nihai \u00fcr\u00fcn\u00fcn estetik g\u00f6r\u00fcn\u00fcm\u00fcn\u00fc de bozar. Bu durum, m\u00fc\u015fteri memnuniyetini ve tekrar i\u015f yapmay\u0131 etkileyerek zincirleme etkilere yol a\u00e7abilir.<\/p>\n<h3>Ekipman Hasar\u0131 Riski<\/h3>\n<p>\u00d6zellikle ya\u011fla ya\u011flanan kalitesiz pompalar, lazer merce\u011fini kirleten ya\u011f buhar\u0131 veya nem salabilir. Bu kirlenme, maliyetli onar\u0131mlara ve iadelere yol a\u00e7arak, y\u00fcksek kaliteli makinelere g\u00fcvenen distrib\u00fct\u00f6rlerin kar marjlar\u0131n\u0131 baltalayabilir.<\/p>\n<h3>G\u00fcr\u00fclt\u00fcden Cayd\u0131rma<\/h3>\n<p>Geleneksel hava kompres\u00f6rleri a\u015f\u0131r\u0131 g\u00fcr\u00fclt\u00fc \u00fcretebilir, bu da ev ortamlar\u0131nda ve uygulamal\u0131 e\u011fitim senaryolar\u0131nda kullan\u0131mlar\u0131n\u0131 s\u0131n\u0131rlar. Bu t\u00fcr s\u0131n\u0131rlamalar potansiyel pazar\u0131n\u0131z\u0131 daralt\u0131r, \u00e7\u00fcnk\u00fc ev sahipleri ve e\u011fitimciler genellikle projeleri i\u00e7in daha sessiz \u00e7\u00f6z\u00fcmler ararlar.<\/p>\n<h2>3. \u00c7\u00f6z\u00fcm\u00fcm\u00fcz: Profesyonel D\u00fczeyde Hava Destek Sistemini Yeniden Tan\u0131mlamak<\/h2>\n<h3>Ya\u011fs\u0131z ve Susuz Tasar\u0131m<\/h3>\n<p>Diyot lazer hava destek sistemi, 100% ya\u011fs\u0131z ve susuz tasar\u0131m\u0131yla lazer lensleri i\u00e7in benzersiz bir koruma sa\u011flarken, son kullan\u0131c\u0131lar i\u00e7in bak\u0131m endi\u015felerini ortadan kald\u0131r\u0131r. Bu, bak\u0131m zahmeti olmadan g\u00f6n\u00fcl rahatl\u0131\u011f\u0131 ve tutarl\u0131 performans anlam\u0131na gelir.<\/p>\n<h3>Ultra Sessiz Teknoloji<\/h3>\n<p>\u00d6zellikle i\u00e7 mekan ve ev st\u00fcdyosu kullan\u0131m\u0131 i\u00e7in tasarlanan sistemimiz, son derece d\u00fc\u015f\u00fck bir g\u00fcr\u00fclt\u00fc seviyesinde (&lt;60dB) \u00e7al\u0131\u015f\u0131r. Bu yenilik, kullan\u0131c\u0131 deneyimini \u00f6nemli \u00f6l\u00e7\u00fcde geli\u015ftirerek, g\u00fcr\u00fclt\u00fc kontrol\u00fcn\u00fcn son derece \u00f6nemli oldu\u011fu ortamlar i\u00e7in ideal hale getirir.<\/p>\n<h3>Sa\u011flam Performans<\/h3>\n<p>Dakikada 30 litre sabit debi sa\u011flayan bu hava destekli sistem, ah\u015fap ve akrilik gibi kal\u0131n malzemelerle \u00e7al\u0131\u015f\u0131rken temiz ve dumans\u0131z kesimler sa\u011flar. Bu g\u00fcvenilir performans, kesme i\u015fleminin verimlili\u011fini art\u0131rarak daha y\u00fcksek kaliteli sonu\u00e7lara yol a\u00e7ar.<\/p>\n<p><img loading=\"lazy\" decoding=\"async\" class=\"alignnone wp-image-453 size-full\" src=\"https:\/\/aircompressorforlasercutter.com\/wp-content\/uploads\/2026\/01\/Air-Compressor-For-Laser-Cutter.webp\" alt=\"Lazer Kesici \u0130\u00e7in Hava Kompres\u00f6r\u00fc\" width=\"800\" height=\"800\" srcset=\"https:\/\/aircompressorforlasercutter.com\/wp-content\/uploads\/2026\/01\/Air-Compressor-For-Laser-Cutter.webp 800w, https:\/\/aircompressorforlasercutter.com\/wp-content\/uploads\/2026\/01\/Air-Compressor-For-Laser-Cutter-480x480.webp 480w\" sizes=\"auto, (min-width: 0px) and (max-width: 480px) 480px, (min-width: 481px) 800px, 100vw\" \/><\/p>\n<h2>4. Kapsaml\u0131 Uyumluluk: Tek Noktadan E\u015fle\u015ftirme<\/h2>\n<h3>Geni\u015f Uygulama Alan\u0131<\/h3>\n<p>Hava destekli sistemimiz, xTool, Ortur, Atomstack ve \u00e7e\u015fitli CO2 lazer sistemleri de dahil olmak \u00fczere piyasadaki ana ak\u0131m lazer makinelerinin 95% modeline sorunsuz bir \u015fekilde uyacak \u015fekilde tasarlanm\u0131\u015ft\u0131r. Bu \u00e7ok y\u00f6nl\u00fcl\u00fck, distrib\u00fct\u00f6rlerin geni\u015f bir m\u00fc\u015fteri taban\u0131na, kapsaml\u0131 stok y\u00fck\u00fc olmadan hizmet verebilmelerini sa\u011flar.<\/p>\n<h3>Distrib\u00fct\u00f6r Avantajlar\u0131<\/h3>\n<p>\"Tek bir \u00fcr\u00fcn\u00fcn birden fazla makineye uyumlu olmas\u0131\" sayesinde stok y\u00f6netiminin karma\u015f\u0131kl\u0131\u011f\u0131 \u00f6nemli \u00f6l\u00e7\u00fcde azal\u0131r. Distrib\u00fct\u00f6rler envanter s\u00fcre\u00e7lerini optimize edebilir, bu da stok bask\u0131s\u0131n\u0131n azalmas\u0131na ve operasyonel verimlili\u011fin artmas\u0131na yol a\u00e7ar.<\/p>\n<h2>5. Tedarik Zinciri ve Ortakl\u0131k Avantajlar\u0131<\/h2>\n<h3>Fabrika G\u00fcc\u00fc<\/h3>\n<p>Titiz kalite kontrol s\u00fcre\u00e7lerimiz, son derece d\u00fc\u015f\u00fck bir hata oran\u0131 (&lt;1%) sa\u011flayarak, distrib\u00fct\u00f6rlerin iade ve de\u011fi\u015fimlerle ilgili \u00f6nemli lojistik maliyetlerinden tasarruf etmelerini sa\u011flar. Bu g\u00fcvenilirlik, \u00fcreticiler ve distrib\u00fct\u00f6rler aras\u0131nda g\u00fc\u00e7l\u00fc ili\u015fkiler kurulmas\u0131na ve genel pazar g\u00fcveninin artmas\u0131na katk\u0131da bulunur.<\/p>\n<h3>\u00d6zel Hizmetler (OEM\/ODM)<\/h3>\n<p>Marka logosu \u00f6zelle\u015ftirmesi, ambalaj tasar\u0131m\u0131 ve k\u00fcresel fi\u015f spesifikasyon uyarlamalar\u0131 konusunda destek vererek ortaklar\u0131m\u0131z\u0131n pazarda kendi kimliklerini olu\u015fturmalar\u0131na olanak sa\u011fl\u0131yoruz. Bu \u00f6zel \u00e7\u00f6z\u00fcmler, distrib\u00fct\u00f6rlerin kendilerini rakiplerinden farkl\u0131la\u015ft\u0131rmalar\u0131n\u0131 sa\u011fl\u0131yor.<\/p>\n<h3>Sat\u0131\u015f Sonras\u0131 Destek<\/h3>\n<p>H\u0131zl\u0131 teknik destek ve yedek par\u00e7a temini konusundaki kararl\u0131l\u0131\u011f\u0131m\u0131z, her t\u00fcrl\u00fc sorunun derhal \u00e7\u00f6z\u00fclmesini sa\u011flar. Bu hizmet seviyesi, m\u00fc\u015fteri memnuniyetini ve sadakatini korumak i\u00e7in \u00e7ok \u00f6nemlidir.<\/p>\n<h2>6. Sonu\u00e7 ve Eylem \u00c7a\u011fr\u0131s\u0131 (E\u00c7\u00c7)<\/h2>\n<p>Ekipman\u0131n\u0131z\u0131n kalitesi, d\u00fc\u015f\u00fck kaliteli bile\u015fenlerle tehlikeye at\u0131lmamal\u0131d\u0131r. Lazer makinelerinizin kalibresine uygun bir hava pompas\u0131 se\u00e7erek \u00fcr\u00fcn yelpazenizi y\u00fckseltin.<\/p>\n<p>Test i\u00e7in numune talep etmek veya en g\u00fcncel B2B toptan fiyatlar\u0131n\u0131 \u00f6\u011frenmek i\u00e7in bug\u00fcn bizimle ileti\u015fime ge\u00e7in. Lazer kesim i\u015flemlerinizde performans\u0131 ve g\u00fcvenilirli\u011fi \u00f6nceliklendiren se\u00e7imi yap\u0131n.<\/p>\n<p style=\"text-align: center;\"><a href=\"https:\/\/aircompressorforlasercutter.com\/tr\/bize-ulasin\/\"><span style=\"font-size: 18pt;\">Hemen bizimle ileti\u015fime ge\u00e7in!<\/span><\/a><\/p>","protected":false},"excerpt":{"rendered":"<p>1. Background: The Overlooked Essential In today??s competitive market, many buyers invest heavily in advanced laser engraving machines, often overlooking a critical component: the air assist system. While the laser cutter may be the star of the show, the air pump plays a pivotal role in enhancing performance and longevity. Air assist is not merely [&hellip;]<\/p>","protected":false},"featured_media":457,"comment_status":"open","ping_status":"closed","template":"","meta":{"_et_pb_use_builder":"","_et_pb_old_content":"","_et_gb_content_width":""},"product_brand":[],"product_cat":[1093],"product_tag":[1096],"class_list":{"0":"post-486","1":"product","2":"type-product","3":"status-publish","4":"has-post-thumbnail","6":"product_cat-air-compressor-for-laser-cutter","7":"product_tag-air-compressor-for-laser-cutter-cost","9":"first","10":"instock","11":"shipping-taxable","12":"product-type-simple"},"_links":{"self":[{"href":"https:\/\/aircompressorforlasercutter.com\/tr\/wp-json\/wp\/v2\/product\/486","targetHints":{"allow":["GET"]}}],"collection":[{"href":"https:\/\/aircompressorforlasercutter.com\/tr\/wp-json\/wp\/v2\/product"}],"about":[{"href":"https:\/\/aircompressorforlasercutter.com\/tr\/wp-json\/wp\/v2\/types\/product"}],"replies":[{"embeddable":true,"href":"https:\/\/aircompressorforlasercutter.com\/tr\/wp-json\/wp\/v2\/comments?post=486"}],"wp:featuredmedia":[{"embeddable":true,"href":"https:\/\/aircompressorforlasercutter.com\/tr\/wp-json\/wp\/v2\/media\/457"}],"wp:attachment":[{"href":"https:\/\/aircompressorforlasercutter.com\/tr\/wp-json\/wp\/v2\/media?parent=486"}],"wp:term":[{"taxonomy":"product_brand","embeddable":true,"href":"https:\/\/aircompressorforlasercutter.com\/tr\/wp-json\/wp\/v2\/product_brand?post=486"},{"taxonomy":"product_cat","embeddable":true,"href":"https:\/\/aircompressorforlasercutter.com\/tr\/wp-json\/wp\/v2\/product_cat?post=486"},{"taxonomy":"product_tag","embeddable":true,"href":"https:\/\/aircompressorforlasercutter.com\/tr\/wp-json\/wp\/v2\/product_tag?post=486"}],"curies":[{"name":"wp","href":"https:\/\/api.w.org\/{rel}","templated":true}]}}