{"id":462,"date":"2026-01-14T08:26:17","date_gmt":"2026-01-14T08:26:17","guid":{"rendered":"https:\/\/aircompressorforlasercutter.com\/product\/air-assist-pump-for-xtool-d1-pro-laser-engraver\/"},"modified":"2026-01-14T08:50:32","modified_gmt":"2026-01-14T08:50:32","slug":"air-assist-pump-for-xtool-d1-pro-laser-engraver","status":"publish","type":"product","link":"https:\/\/aircompressorforlasercutter.com\/vi\/san-pham\/bom-ho-tro-khi-cho-may-khac-laser-xtool-d1-pro\/","title":{"rendered":"B\u01a1m h\u1ed7 tr\u1ee3 kh\u00ed cho m\u00e1y kh\u1eafc laser xTool D1 Pro"},"content":{"rendered":"<h1>B\u01a1m h\u1ed7 tr\u1ee3 kh\u00ed cho m\u00e1y kh\u1eafc laser xTool D1 Pro: Ng\u01b0\u1eddi h\u00f9ng th\u1ea7m l\u1eb7ng c\u1ee7a c\u00f4ng ngh\u1ec7 c\u1eaft laser<\/h1>\n<h2>1. B\u1ed1i c\u1ea3nh: M\u1ed9t th\u1ecb tr\u01b0\u1eddng b\u1ecb b\u1ecf qua<\/h2>\n<p>Trong b\u1ed1i c\u1ea3nh c\u1ea1nh tranh kh\u1ed1c li\u1ec7t c\u1ee7a ng\u00e0nh kh\u1eafc laser, vi\u1ec7c ng\u01b0\u1eddi mua \u0111\u1ea7u t\u01b0 ngu\u1ed3n l\u1ef1c \u0111\u00e1ng k\u1ec3 v\u00e0o vi\u1ec7c s\u1edf h\u1eefu c\u00e1c m\u00e1y kh\u1eafc laser ch\u1ea5t l\u01b0\u1ee3ng cao nh\u01b0 xTool D1 Pro l\u00e0 \u0111i\u1ec1u ph\u1ed5 bi\u1ebfn. Tuy nhi\u00ean, m\u1ed9t b\u1ed9 ph\u1eadn th\u01b0\u1eddng b\u1ecb b\u1ecf qua l\u00e0 b\u01a1m h\u1ed7 tr\u1ee3 kh\u00ed, m\u1ed9t ph\u1ee5 ki\u1ec7n quan tr\u1ecdng \u1ea3nh h\u01b0\u1edfng tr\u1ef1c ti\u1ebfp \u0111\u1ebfn hi\u1ec7u su\u1ea5t v\u00e0 tu\u1ed5i th\u1ecd c\u1ee7a m\u00e1y. M\u1eb7c d\u00f9 b\u1ea3n th\u00e2n m\u00e1y kh\u1eafc laser thu h\u00fat nhi\u1ec1u s\u1ef1 ch\u00fa \u00fd, nh\u01b0ng b\u01a1m h\u1ed7 tr\u1ee3 kh\u00ed \u0111\u00f3ng vai tr\u00f2 then ch\u1ed1t trong vi\u1ec7c n\u00e2ng cao ch\u1ea5t l\u01b0\u1ee3ng c\u1eaft v\u00e0 \u0111\u1ea3m b\u1ea3o \u0111\u1ed9 b\u1ec1n c\u1ee7a m\u00e1y.<\/p>\n<p>H\u1ec7 th\u1ed1ng h\u1ed7 tr\u1ee3 kh\u00ed n\u00e9n kh\u00f4ng ch\u1ec9 \u0111\u01a1n thu\u1ea7n l\u00e0 m\u1ed9t ph\u1ee5 ki\u1ec7n b\u1ed5 sung; n\u00f3 l\u00e0 m\u1ed9t y\u1ebfu t\u1ed1 quy\u1ebft \u0111\u1ecbnh \u1ea3nh h\u01b0\u1edfng \u0111\u1ebfn k\u1ebft qu\u1ea3 cu\u1ed1i c\u00f9ng c\u1ee7a c\u00e1c d\u1ef1 \u00e1n kh\u1eafc laser. \u0110\u1ed1i v\u1edbi kh\u00e1ch h\u00e0ng B2B, vi\u1ec7c l\u1ef1a ch\u1ecdn \u0111\u00fang b\u01a1m h\u1ed7 tr\u1ee3 kh\u00ed n\u00e9n s\u1ebd d\u1eabn \u0111\u1ebfn \u00edt khi\u1ebfu n\u1ea1i h\u01a1n v\u1ec1 c\u00e1c v\u1ea5n \u0111\u1ec1 nh\u01b0 \u0111\u1ed9 s\u00e2u c\u1eaft kh\u00f4ng \u0111\u1ee7 ho\u1eb7c th\u1ea5u k\u00ednh b\u1ecb h\u01b0 h\u1ecfng, t\u1eeb \u0111\u00f3 gi\u00fap t\u0103ng t\u1ef7 l\u1ec7 gi\u1eef ch\u00e2n kh\u00e1ch h\u00e0ng.<\/p>\n<h2>2. Ph\u00e2n t\u00edch \u0111i\u1ec3m kh\u00f3 kh\u0103n: Chi ph\u00ed \u1ea9n c\u1ee7a m\u00e1y b\u01a1m h\u01a1i gi\u00e1 r\u1ebb<\/h2>\n<h3>Ch\u1ea5t l\u01b0\u1ee3ng c\u1eaft k\u00e9m<\/h3>\n<p>Vi\u1ec7c s\u1eed d\u1ee5ng b\u01a1m kh\u00ed gi\u00e1 r\u1ebb c\u00f3 th\u1ec3 d\u1eabn \u0111\u1ebfn lu\u1ed3ng kh\u00ed kh\u00f4ng \u1ed5n \u0111\u1ecbnh, \u1ea3nh h\u01b0\u1edfng \u0111\u00e1ng k\u1ec3 \u0111\u1ebfn ch\u1ea5t l\u01b0\u1ee3ng c\u1eaft. Lu\u1ed3ng kh\u00ed k\u00e9m d\u1eabn \u0111\u1ebfn c\u00e1c c\u1ea1nh b\u1ecb ch\u00e1y x\u00e9m tr\u00ean v\u1eadt li\u1ec7u, hi\u1ec7u su\u1ea5t c\u1eaft th\u1ea5p v\u00e0 h\u00ecnh th\u1ee9c s\u1ea3n ph\u1ea9m cu\u1ed1i c\u00f9ng b\u1ecb \u1ea3nh h\u01b0\u1edfng, c\u00f3 th\u1ec3 khi\u1ebfn kh\u00e1ch h\u00e0ng ti\u1ec1m n\u0103ng e ng\u1ea1i. \u0110i\u1ec1u n\u00e0y kh\u00f4ng ch\u1ec9 l\u00e0m gi\u1ea3m tr\u1ea3i nghi\u1ec7m c\u1ee7a ng\u01b0\u1eddi d\u00f9ng cu\u1ed1i m\u00e0 c\u00f2n \u1ea3nh h\u01b0\u1edfng \u0111\u1ebfn uy t\u00edn th\u01b0\u01a1ng hi\u1ec7u t\u1ed5ng th\u1ec3 c\u1ee7a c\u00e1c doanh nghi\u1ec7p d\u1ef1a v\u00e0o c\u00f4ng ngh\u1ec7 kh\u1eafc laser.<\/p>\n<h3>Nguy c\u01a1 h\u01b0 h\u1ecfng thi\u1ebft b\u1ecb<\/h3>\n<p>C\u00e1c lo\u1ea1i b\u01a1m kh\u00ed k\u00e9m ch\u1ea5t l\u01b0\u1ee3ng, \u0111\u1eb7c bi\u1ec7t l\u00e0 lo\u1ea1i s\u1eed d\u1ee5ng d\u1ea7u, ti\u1ec1m \u1ea9n r\u1ee7i ro \u0111\u00e1ng k\u1ec3 \u0111\u1ed1i v\u1edbi m\u00e1y kh\u1eafc laser. Ch\u00fang c\u00f3 th\u1ec3 ph\u00e1t ra s\u01b0\u01a1ng d\u1ea7u ho\u1eb7c h\u01a1i \u1ea9m l\u00e0m \u00f4 nhi\u1ec5m th\u1ea5u k\u00ednh laser, d\u1eabn \u0111\u1ebfn chi ph\u00ed s\u1eeda ch\u1eefa t\u1ed1n k\u00e9m v\u00e0 t\u1ef7 l\u1ec7 tr\u1ea3 l\u1ea1i s\u1ea3n ph\u1ea9m cao h\u01a1n. Chi ph\u00ed \u1ea9n n\u00e0y c\u00f3 th\u1ec3 t\u00edch l\u0169y nhanh ch\u00f3ng, \u1ea3nh h\u01b0\u1edfng \u0111\u1ebfn l\u1ee3i nhu\u1eadn v\u00e0 s\u1ef1 h\u00e0i l\u00f2ng c\u1ee7a kh\u00e1ch h\u00e0ng.<\/p>\n<h3>C\u00e1c bi\u1ec7n ph\u00e1p ng\u0103n ch\u1eb7n ti\u1ebfng \u1ed3n<\/h3>\n<p>M\u00e1y n\u00e9n kh\u00ed truy\u1ec1n th\u1ed1ng th\u01b0\u1eddng t\u1ea1o ra ti\u1ebfng \u1ed3n l\u1edbn, khi\u1ebfn ch\u00fang kh\u00f4ng ph\u00f9 h\u1ee3p v\u1edbi ng\u01b0\u1eddi d\u00f9ng gia \u0111\u00ecnh v\u00e0 m\u00f4i tr\u01b0\u1eddng gi\u00e1o d\u1ee5c. Ti\u1ebfng \u1ed3n l\u1edbn n\u00e0y h\u1ea1n ch\u1ebf ph\u1ea1m vi th\u1ecb tr\u01b0\u1eddng v\u00e0 ph\u00e2n kh\u00fac kh\u00e1ch h\u00e0ng c\u00f3 th\u1ec3 h\u01b0\u1edfng l\u1ee3i t\u1eeb c\u00f4ng ngh\u1ec7 kh\u1eafc laser, do \u0111\u00f3 l\u00e0m gi\u1ea3m c\u01a1 h\u1ed9i b\u00e1n h\u00e0ng.<\/p>\n<h2>3. Gi\u1ea3i ph\u00e1p c\u1ee7a ch\u00fang t\u00f4i<\/h2>\n<h3>Thi\u1ebft k\u1ebf kh\u00f4ng d\u1ea7u v\u00e0 kh\u00f4ng n\u01b0\u1edbc<\/h3>\n<p>M\u00e1y b\u01a1m h\u1ed7 tr\u1ee3 kh\u00ed 100% c\u1ee7a ch\u00fang t\u00f4i c\u00f3 thi\u1ebft k\u1ebf kh\u00f4ng d\u1ea7u v\u00e0 kh\u00f4ng n\u01b0\u1edbc, \u0111\u1ea3m b\u1ea3o b\u1ea3o v\u1ec7 t\u1ed1i \u0111a cho th\u1ea5u k\u00ednh laser. \u0110i\u1ec1u n\u00e0y c\u00f3 ngh\u0129a l\u00e0 ng\u01b0\u1eddi d\u00f9ng cu\u1ed1i c\u00f3 th\u1ec3 v\u1eadn h\u00e0nh m\u00e1y m\u00e0 kh\u00f4ng c\u1ea7n lo l\u1eafng v\u1ec1 vi\u1ec7c b\u1ea3o tr\u00ec th\u01b0\u1eddng xuy\u00ean. N\u00f3 n\u00e2ng cao tr\u1ea3i nghi\u1ec7m ng\u01b0\u1eddi d\u00f9ng \u0111\u1ed3ng th\u1eddi mang l\u1ea1i s\u1ef1 an t\u00e2m, tr\u1edf th\u00e0nh l\u1ef1a ch\u1ecdn l\u00fd t\u01b0\u1edfng cho m\u00f4i tr\u01b0\u1eddng chuy\u00ean nghi\u1ec7p.<\/p>\n<h3>C\u00f4ng ngh\u1ec7 si\u00eau y\u00ean t\u0129nh<\/h3>\n<p>\u0110\u01b0\u1ee3c thi\u1ebft k\u1ebf \u0111\u1eb7c bi\u1ec7t cho m\u00f4i tr\u01b0\u1eddng ph\u00f2ng thu trong nh\u00e0 v\u00e0 t\u1ea1i gia, b\u01a1m h\u1ed7 tr\u1ee3 kh\u00ed c\u1ee7a ch\u00fang t\u00f4i ho\u1ea1t \u0111\u1ed9ng \u1edf m\u1ee9c \u0111\u1ed9 c\u1ef1c k\u1ef3 y\u00ean t\u0129nh, d\u01b0\u1edbi 60dB. \u0110i\u1ec1u n\u00e0y kh\u00f4ng ch\u1ec9 n\u00e2ng cao tr\u1ea3i nghi\u1ec7m ng\u01b0\u1eddi d\u00f9ng m\u00e0 c\u00f2n cho ph\u00e9p linh ho\u1ea1t h\u01a1n trong nhi\u1ec1u m\u00f4i tr\u01b0\u1eddng kh\u00e1c nhau, \u0111\u1ea3m b\u1ea3o r\u1eb1ng ti\u1ebfng \u1ed3n kh\u00f4ng c\u00f2n l\u00e0 r\u00e0o c\u1ea3n khi s\u1eed d\u1ee5ng m\u00e1y kh\u1eafc laser ch\u1ea5t l\u01b0\u1ee3ng cao.<\/p>\n<h3>Hi\u1ec7u su\u1ea5t m\u1ea1nh m\u1ebd<\/h3>\n<p>V\u1edbi l\u01b0u l\u01b0\u1ee3ng \u1ed5n \u0111\u1ecbnh 30 l\u00edt\/ph\u00fat, b\u01a1m h\u1ed7 tr\u1ee3 kh\u00ed c\u1ee7a ch\u00fang t\u00f4i \u0111\u1ea3m b\u1ea3o t\u1ed1c \u0111\u1ed9 d\u00f2ng ch\u1ea3y \u0111\u00e1ng tin c\u1eady. \u0110i\u1ec1u n\u00e0y r\u1ea5t quan tr\u1ecdng \u0111\u1ec3 c\u1eaft c\u00e1c v\u1eadt li\u1ec7u d\u00e0y nh\u01b0 g\u1ed7 c\u1ee9ng ho\u1eb7c acrylic, \u0111\u1ea3m b\u1ea3o c\u00e1c v\u1ebft c\u1eaft s\u1ea1ch s\u1ebd, kh\u00f4ng kh\u00f3i ho\u1eb7c c\u1eb7n b\u1ea9n. Hi\u1ec7u su\u1ea5t nh\u01b0 v\u1eady l\u00e0 c\u1ea7n thi\u1ebft \u0111\u1ec3 duy tr\u00ec ch\u1ea5t l\u01b0\u1ee3ng s\u1ea3n ph\u1ea9m v\u00e0 \u0111\u00e1p \u1ee9ng k\u1ef3 v\u1ecdng c\u1ee7a kh\u00e1ch h\u00e0ng trong nhi\u1ec1u \u1ee9ng d\u1ee5ng kh\u00e1c nhau.<\/p>\n<h2>4. Kh\u1ea3 n\u0103ng t\u01b0\u01a1ng th\u00edch r\u1ed9ng: Gi\u1ea3i ph\u00e1p tr\u1ecdn g\u00f3i gi\u00fap qu\u1ea3n l\u00fd kho h\u00e0ng d\u1ec5 d\u00e0ng.<\/h2>\n<h3>Ph\u1ea1m vi \u1ee9ng d\u1ee5ng r\u1ed9ng r\u00e3i<\/h3>\n<p>M\u00e1y b\u01a1m h\u1ed7 tr\u1ee3 kh\u00ed n\u00e9n c\u1ee7a ch\u00fang t\u00f4i \u0111\u01b0\u1ee3c thi\u1ebft k\u1ebf \u0111\u1ec3 ho\u00e0n to\u00e0n ph\u00f9 h\u1ee3p v\u1edbi c\u00e1c m\u00e1y m\u00f3c ph\u1ed5 bi\u1ebfn tr\u00ean th\u1ecb tr\u01b0\u1eddng (m\u00e3 s\u1ea3n ph\u1ea9m 95%), bao g\u1ed3m xTool, Ortur, Atomstack v\u00e0 nhi\u1ec1u lo\u1ea1i m\u00e1y c\u1eaft laser CO2 kh\u00e1c nhau. T\u00ednh linh ho\u1ea1t n\u00e0y l\u00e0m cho n\u00f3 tr\u1edf th\u00e0nh m\u1ed9t kho\u1ea3n \u0111\u1ea7u t\u01b0 tuy\u1ec7t v\u1eddi cho c\u00e1c nh\u00e0 ph\u00e2n ph\u1ed1i mu\u1ed1n t\u1ed1i \u01b0u h\u00f3a kho h\u00e0ng c\u1ee7a m\u00ecnh.<\/p>\n<h3>L\u1ee3i \u00edch d\u00e0nh cho nh\u00e0 ph\u00e2n ph\u1ed1i<\/h3>\n<p>B\u1eb1ng c\u00e1ch cung c\u1ea5p m\u1ed9t m\u00e3 s\u1ea3n ph\u1ea9m duy nh\u1ea5t t\u01b0\u01a1ng th\u00edch v\u1edbi nhi\u1ec1u lo\u1ea1i m\u00e1y, b\u1ea1n c\u00f3 th\u1ec3 gi\u1ea3m \u0111\u00e1ng k\u1ec3 \u00e1p l\u1ef1c t\u1ed3n kho v\u00e0 s\u1ef1 ph\u1ee9c t\u1ea1p trong qu\u1ea3n l\u00fd kho. Hi\u1ec7u qu\u1ea3 n\u00e0y gi\u00fap c\u1ea3i thi\u1ec7n hi\u1ec7u su\u1ea5t ho\u1ea1t \u0111\u1ed9ng v\u00e0 ti\u1ebft ki\u1ec7m chi ph\u00ed cho doanh nghi\u1ec7p c\u1ee7a b\u1ea1n.<\/p>\n<h2>5. L\u1ee3i th\u1ebf c\u1ee7a chu\u1ed7i cung \u1ee9ng v\u00e0 quan h\u1ec7 \u0111\u1ed1i t\u00e1c<\/h2>\n<h3>S\u1ee9c m\u1ea1nh s\u1ea3n xu\u1ea5t<\/h3>\n<p>Ch\u00fang t\u00f4i tu\u00e2n th\u1ee7 c\u00e1c quy tr\u00ecnh ki\u1ec3m so\u00e1t ch\u1ea5t l\u01b0\u1ee3ng nghi\u00eam ng\u1eb7t, \u0111\u1ea3m b\u1ea3o t\u1ef7 l\u1ec7 l\u1ed7i c\u1ef1c th\u1ea5p, d\u01b0\u1edbi 1%. Vi\u1ec7c \u0111\u1ea3m b\u1ea3o ch\u1ea5t l\u01b0\u1ee3ng n\u00e0y gi\u00fap gi\u1ea3m chi ph\u00ed h\u1eadu c\u1ea7n li\u00ean quan \u0111\u1ebfn vi\u1ec7c tr\u1ea3 l\u1ea1i v\u00e0 \u0111\u1ed5i h\u00e0ng, cho ph\u00e9p b\u1ea1n ph\u00e2n b\u1ed5 ngu\u1ed3n l\u1ef1c hi\u1ec7u qu\u1ea3 h\u01a1n.<\/p>\n<h3>D\u1ecbch v\u1ee5 t\u00f9y ch\u1ec9nh (OEM\/ODM)<\/h3>\n<p>Ever-power h\u1ed7 tr\u1ee3 t\u00f9y ch\u1ec9nh logo th\u01b0\u01a1ng hi\u1ec7u, thi\u1ebft k\u1ebf bao b\u00ec v\u00e0 th\u00f4ng s\u1ed1 k\u1ef9 thu\u1eadt ph\u00edch c\u1eafm cho nhi\u1ec1u qu\u1ed1c gia kh\u00e1c nhau. S\u1ef1 linh ho\u1ea1t n\u00e0y cho ph\u00e9p b\u1ea1n ph\u00e1t tri\u1ec3n b\u1ea3n s\u1eafc th\u01b0\u01a1ng hi\u1ec7u ri\u00eang v\u00e0 \u0111\u00e1p \u1ee9ng nhu c\u1ea7u c\u1ee5 th\u1ec3 c\u1ee7a th\u1ecb tr\u01b0\u1eddng, n\u00e2ng cao l\u1ee3i th\u1ebf c\u1ea1nh tranh.<\/p>\n<h3>H\u1ed7 tr\u1ee3 sau b\u00e1n h\u00e0ng<\/h3>\n<p>Cam k\u1ebft c\u1ee7a ch\u00fang t\u00f4i trong vi\u1ec7c cung c\u1ea5p h\u1ed7 tr\u1ee3 k\u1ef9 thu\u1eadt nhanh ch\u00f3ng v\u00e0 s\u1eb5n c\u00f3 ph\u1ee5 t\u00f9ng thay th\u1ebf \u0111\u1ea3m b\u1ea3o b\u1ea1n c\u00f3 th\u1ec3 duy tr\u00ec m\u1ee9c \u0111\u1ed9 h\u00e0i l\u00f2ng cao c\u1ee7a kh\u00e1ch h\u00e0ng trong th\u1eddi gian d\u00e0i sau khi b\u00e1n h\u00e0ng ban \u0111\u1ea7u. Ch\u00fang t\u00f4i nh\u1eadn th\u1ee9c r\u1eb1ng h\u1ed7 tr\u1ee3 li\u00ean t\u1ee5c l\u00e0 y\u1ebfu t\u1ed1 quan tr\u1ecdng \u0111\u1ec3 x\u00e2y d\u1ef1ng m\u1ed1i quan h\u1ec7 l\u00e2u d\u00e0i v\u1edbi ng\u01b0\u1eddi d\u00f9ng cu\u1ed1i.<\/p>\n<h2>6. K\u1ebft lu\u1eadn v\u00e0 l\u1eddi k\u00eau g\u1ecdi h\u00e0nh \u0111\u1ed9ng<\/h2>\n<p>\u0110\u1eebng \u0111\u1ec3 c\u00e1c ph\u1ee5 ki\u1ec7n k\u00e9m ch\u1ea5t l\u01b0\u1ee3ng l\u00e0m \u1ea3nh h\u01b0\u1edfng \u0111\u1ebfn danh ti\u1ebfng c\u1ee7a nh\u1eefng m\u00e1y m\u00f3c cao c\u1ea5p c\u1ee7a b\u1ea1n. Vi\u1ec7c l\u1ef1a ch\u1ecdn m\u1ed9t b\u01a1m h\u1ed7 tr\u1ee3 kh\u00ed ch\u1ea5t l\u01b0\u1ee3ng ph\u00f9 h\u1ee3p v\u1edbi \u0111\u1eb3ng c\u1ea5p thi\u1ebft b\u1ecb c\u1ee7a b\u1ea1n l\u00e0 \u0111i\u1ec1u c\u1ea7n thi\u1ebft \u0111\u1ec3 \u0111\u1ea1t \u0111\u01b0\u1ee3c hi\u1ec7u su\u1ea5t t\u1ed1i \u01b0u v\u00e0 s\u1ef1 h\u00e0i l\u00f2ng c\u1ee7a kh\u00e1ch h\u00e0ng.<\/p>\n<p>H\u00e3y h\u00e0nh \u0111\u1ed9ng ngay! Li\u00ean h\u1ec7 v\u1edbi ch\u00fang t\u00f4i ngay h\u00f4m nay \u0111\u1ec3 y\u00eau c\u1ea7u d\u00f9ng th\u1eed m\u1eabu ho\u1eb7c nh\u1eadn th\u00f4ng tin gi\u00e1 b\u00e1n bu\u00f4n B2B m\u1edbi nh\u1ea5t. Truy c\u1eadp trang web c\u1ee7a ch\u00fang t\u00f4i t\u1ea1i... <a href=\"https:\/\/aircompressorforlasercutter.com\/vi\/lien-he-voi-chung-toi\/\">Li\u00ean h\u1ec7 Ever-power<\/a>.<\/p>","protected":false},"excerpt":{"rendered":"<p>Air Assist Pump for xTool D1 Pro Laser Engraver: The Unsung Hero of Laser Cutting 1. Background: A Market Overlooked In the competitive landscape of laser engraving, it is commonplace for buyers to invest significant resources into acquiring high-quality laser machines like the xTool D1 Pro. However, an often overlooked component is the air assist [&hellip;]<\/p>","protected":false},"featured_media":454,"comment_status":"open","ping_status":"closed","template":"","meta":{"_et_pb_use_builder":"","_et_pb_old_content":"","_et_gb_content_width":""},"product_brand":[],"product_cat":[1093],"product_tag":[1094],"class_list":{"0":"post-462","1":"product","2":"type-product","3":"status-publish","4":"has-post-thumbnail","6":"product_cat-air-compressor-for-laser-cutter","7":"product_tag-air-compressor-for-laser-cutter","9":"first","10":"instock","11":"shipping-taxable","12":"product-type-simple"},"_links":{"self":[{"href":"https:\/\/aircompressorforlasercutter.com\/vi\/wp-json\/wp\/v2\/product\/462","targetHints":{"allow":["GET"]}}],"collection":[{"href":"https:\/\/aircompressorforlasercutter.com\/vi\/wp-json\/wp\/v2\/product"}],"about":[{"href":"https:\/\/aircompressorforlasercutter.com\/vi\/wp-json\/wp\/v2\/types\/product"}],"replies":[{"embeddable":true,"href":"https:\/\/aircompressorforlasercutter.com\/vi\/wp-json\/wp\/v2\/comments?post=462"}],"wp:featuredmedia":[{"embeddable":true,"href":"https:\/\/aircompressorforlasercutter.com\/vi\/wp-json\/wp\/v2\/media\/454"}],"wp:attachment":[{"href":"https:\/\/aircompressorforlasercutter.com\/vi\/wp-json\/wp\/v2\/media?parent=462"}],"wp:term":[{"taxonomy":"product_brand","embeddable":true,"href":"https:\/\/aircompressorforlasercutter.com\/vi\/wp-json\/wp\/v2\/product_brand?post=462"},{"taxonomy":"product_cat","embeddable":true,"href":"https:\/\/aircompressorforlasercutter.com\/vi\/wp-json\/wp\/v2\/product_cat?post=462"},{"taxonomy":"product_tag","embeddable":true,"href":"https:\/\/aircompressorforlasercutter.com\/vi\/wp-json\/wp\/v2\/product_tag?post=462"}],"curies":[{"name":"wp","href":"https:\/\/api.w.org\/{rel}","templated":true}]}}