{"id":463,"date":"2026-01-14T08:26:17","date_gmt":"2026-01-14T08:26:17","guid":{"rendered":"https:\/\/aircompressorforlasercutter.com\/product\/laser-cutter-air-compressor-for-ortur-laser-master-3\/"},"modified":"2026-01-14T08:50:02","modified_gmt":"2026-01-14T08:50:02","slug":"laser-cutter-air-compressor-for-ortur-laser-master-3","status":"publish","type":"product","link":"https:\/\/aircompressorforlasercutter.com\/vi\/san-pham\/may-nen-khi-cho-may-cat-laser-ortur-laser-master-3\/","title":{"rendered":"M\u00e1y n\u00e9n kh\u00ed cho m\u00e1y c\u1eaft laser Ortur Laser Master 3"},"content":{"rendered":"<h1>M\u00e1y n\u00e9n kh\u00ed cho m\u00e1y c\u1eaft laser Ortur Laser Master 3: Ng\u01b0\u1eddi h\u00f9ng th\u1ea7m l\u1eb7ng<\/h1>\n<h2>1. B\u1ed1i c\u1ea3nh: Th\u00e0nh ph\u1ea7n b\u1ecb b\u1ecf qua<\/h2>\n<p>Trong th\u1ecb tr\u01b0\u1eddng c\u1ea1nh tranh ng\u00e0y nay, nhi\u1ec1u ng\u01b0\u1eddi mua \u0111\u1ea7u t\u01b0 \u0111\u00e1ng k\u1ec3 v\u00e0o m\u00e1y kh\u1eafc laser ch\u1ea5t l\u01b0\u1ee3ng cao, th\u01b0\u1eddng b\u1ecf qua thi\u1ebft b\u1ecb h\u1ed7 tr\u1ee3 quan tr\u1ecdng: m\u00e1y n\u00e9n kh\u00ed. M\u1eb7c d\u00f9 m\u00e1y c\u1eaft laser h\u00e0ng \u0111\u1ea7u c\u00f3 th\u1ec3 gia c\u00f4ng v\u1eadt li\u1ec7u v\u1edbi \u0111\u1ed9 ch\u00ednh x\u00e1c cao, nh\u01b0ng ch\u00ednh c\u00e1c h\u1ec7 th\u1ed1ng ph\u1ee5 tr\u1ee3 m\u1edbi th\u1ef1c s\u1ef1 n\u00e2ng cao hi\u1ec7u su\u1ea5t.<\/p>\n<p>H\u1ed7 tr\u1ee3 tr\u00ean kh\u00f4ng kh\u00f4ng ch\u1ec9 \u0111\u01a1n thu\u1ea7n l\u00e0 m\u1ed9t y\u1ebfu t\u1ed1 ph\u1ee5 tr\u1ee3; n\u00f3 \u0111\u00f3ng vai tr\u00f2 then ch\u1ed1t trong vi\u1ec7c quy\u1ebft \u0111\u1ecbnh c\u1ea3 k\u1ebft qu\u1ea3 cu\u1ed1i c\u00f9ng. <strong>ch\u1ea5t l\u01b0\u1ee3ng c\u1eaft<\/strong> v\u00e0 <strong>tu\u1ed5i th\u1ecd c\u1ee7a m\u00e1y m\u00f3c<\/strong>Trong m\u1ed9t ng\u00e0nh c\u00f4ng nghi\u1ec7p m\u00e0 s\u1ef1 h\u00e0i l\u00f2ng c\u1ee7a kh\u00e1ch h\u00e0ng l\u00e0 t\u1ed1i quan tr\u1ecdng, vi\u1ec7c hi\u1ec3u \u0111\u01b0\u1ee3c gi\u00e1 tr\u1ecb c\u1ee7a m\u1ed9t m\u00e1y n\u00e9n kh\u00ed \u0111\u00e1ng tin c\u1eady c\u00f3 th\u1ec3 gi\u00fap b\u1ea1n n\u1ed5i b\u1eadt so v\u1edbi c\u00e1c \u0111\u1ed1i th\u1ee7 c\u1ea1nh tranh.<\/p>\n<p>\u0110\u1ed1i v\u1edbi c\u00e1c nh\u00e0 ph\u00e2n ph\u1ed1i, vi\u1ec7c l\u1ef1a ch\u1ecdn \u0111\u00fang lo\u1ea1i b\u01a1m h\u01a1i s\u1ebd gi\u00fap gi\u1ea3m thi\u1ec3u c\u00e1c khi\u1ebfu n\u1ea1i v\u1ec1 nh\u1eefng v\u1ea5n \u0111\u1ec1 nh\u01b0 \"c\u1eaft kh\u00f4ng ho\u00e0n ch\u1ec9nh\" v\u00e0 \"\u1ed1ng k\u00ednh b\u1ecb h\u01b0 h\u1ecfng\", t\u1eeb \u0111\u00f3 d\u1eabn \u0111\u1ebfn t\u1ef7 l\u1ec7 gi\u1eef ch\u00e2n kh\u00e1ch h\u00e0ng cao h\u01a1n.<\/p>\n<h2>2. Ph\u00e2n t\u00edch \u0111i\u1ec3m kh\u00f3 kh\u0103n: Chi ph\u00ed \u1ea9n c\u1ee7a m\u00e1y n\u00e9n kh\u00ed gi\u00e1 r\u1ebb<\/h2>\n<h3>Ch\u1ea5t l\u01b0\u1ee3ng c\u1eaft k\u00e9m<\/h3>\n<p>Khi s\u1eed d\u1ee5ng m\u00e1y b\u01a1m kh\u00ed k\u00e9m ch\u1ea5t l\u01b0\u1ee3ng, s\u1ef1 kh\u00f4ng \u1ed5n \u0111\u1ecbnh c\u1ee7a lu\u1ed3ng kh\u00ed c\u00f3 th\u1ec3 d\u1eabn \u0111\u1ebfn nh\u1eefng k\u1ebft qu\u1ea3 kh\u00f4ng mong mu\u1ed1n. V\u00ed d\u1ee5, c\u00e1c c\u1ea1nh c\u00f3 th\u1ec3 b\u1ecb ch\u00e1y x\u00e9m ho\u1eb7c kh\u00e9t, \u1ea3nh h\u01b0\u1edfng \u0111\u00e1ng k\u1ec3 \u0111\u1ebfn t\u00ednh th\u1ea9m m\u1ef9 c\u1ee7a s\u1ea3n ph\u1ea9m cu\u1ed1i c\u00f9ng. \u0110i\u1ec1u n\u00e0y kh\u00f4ng ch\u1ec9 \u1ea3nh h\u01b0\u1edfng \u0111\u1ebfn s\u1ef1 h\u00e0i l\u00f2ng c\u1ee7a kh\u00e1ch h\u00e0ng m\u00e0 c\u00f2n c\u00f3 th\u1ec3 d\u1eabn \u0111\u1ebfn m\u1ea5t doanh thu.<\/p>\n<h3>Nguy c\u01a1 h\u01b0 h\u1ecfng thi\u1ebft b\u1ecb<\/h3>\n<p>C\u00e1c m\u00e1y n\u00e9n kh\u00ed ch\u1ea5t l\u01b0\u1ee3ng th\u1ea5p, \u0111\u1eb7c bi\u1ec7t l\u00e0 lo\u1ea1i s\u1eed d\u1ee5ng d\u1ea7u, c\u00f3 kh\u1ea3 n\u0103ng gi\u1ea3i ph\u00f3ng h\u01a1i d\u1ea7u ho\u1eb7c h\u01a1i \u1ea9m l\u00e0m \u00f4 nhi\u1ec5m th\u1ea5u k\u00ednh laser. S\u1ef1 \u00f4 nhi\u1ec5m n\u00e0y c\u00f3 th\u1ec3 d\u1eabn \u0111\u1ebfn chi ph\u00ed s\u1eeda ch\u1eefa v\u00e0 tr\u1ea3 l\u1ea1i h\u00e0ng t\u1ed1n k\u00e9m, \u0111i\u1ec1u m\u00e0 l\u1ebd ra c\u00f3 th\u1ec3 tr\u00e1nh \u0111\u01b0\u1ee3c n\u1ebfu s\u1eed d\u1ee5ng h\u1ec7 th\u1ed1ng cung c\u1ea5p kh\u00ed n\u00e9n \u0111\u00e1ng tin c\u1eady.<\/p>\n<h3>Ng\u0103n ch\u1eb7n ti\u1ebfng \u1ed3n<\/h3>\n<p>M\u00e1y n\u00e9n kh\u00ed truy\u1ec1n th\u1ed1ng n\u1ed5i ti\u1ebfng l\u00e0 \u1ed3n \u00e0o, t\u1ea1o ra r\u00e0o c\u1ea3n cho ng\u01b0\u1eddi d\u00f9ng gia \u0111\u00ecnh v\u00e0 c\u00e1c kh\u00f4ng gian ch\u1ebf t\u1ea1o gi\u00e1o d\u1ee5c. \u00d4 nhi\u1ec5m ti\u1ebfng \u1ed3n n\u00e0y l\u00e0m gi\u1ea3m t\u00ednh h\u1eefu d\u1ee5ng c\u1ee7a s\u1ea3n ph\u1ea9m trong m\u00f4i tr\u01b0\u1eddng d\u00e2n c\u01b0 v\u00e0 h\u1ea1n ch\u1ebf ph\u1ea1m vi ti\u1ebfp c\u1eadn th\u1ecb tr\u01b0\u1eddng c\u1ee7a b\u1ea1n.<\/p>\n<h2>3. Gi\u1ea3i ph\u00e1p c\u1ee7a ch\u00fang t\u00f4i<\/h2>\n<h3>Thi\u1ebft k\u1ebf kh\u00f4ng d\u1ea7u, kh\u00f4ng \u1ea9m<\/h3>\n<p>M\u00e1y n\u00e9n kh\u00ed c\u1ee7a ch\u00fang t\u00f4i c\u00f3 thi\u1ebft k\u1ebf kh\u00f4ng d\u1ea7u v\u00e0 kh\u00f4ng n\u01b0\u1edbc 100%, \u0111\u1ea3m b\u1ea3o b\u1ea3o v\u1ec7 th\u1ea5u k\u00ednh laser. Ng\u01b0\u1eddi d\u00f9ng cu\u1ed1i c\u00f3 th\u1ec3 y\u00ean t\u00e2m v\u00ec kh\u00f4ng g\u1eb7p ph\u1ea3i v\u1ea5n \u0111\u1ec1 b\u1ea3o tr\u00ec, cho ph\u00e9p h\u1ecd t\u1eadp trung ho\u00e0n to\u00e0n v\u00e0o c\u00e1c d\u1ef1 \u00e1n s\u00e1ng t\u1ea1o c\u1ee7a m\u00ecnh.<\/p>\n<h3>C\u00f4ng ngh\u1ec7 si\u00eau y\u00ean t\u0129nh<\/h3>\n<p>\u0110\u01b0\u1ee3c thi\u1ebft k\u1ebf \u0111\u1eb7c bi\u1ec7t cho m\u00f4i tr\u01b0\u1eddng ph\u00f2ng thu trong nh\u00e0 v\u00e0 t\u1ea1i gia, m\u00e1y n\u00e9n c\u1ee7a ch\u00fang t\u00f4i ho\u1ea1t \u0111\u1ed9ng \u1edf m\u1ee9c \u0111\u1ed9 ti\u1ebfng \u1ed3n c\u1ef1c th\u1ea5p. <strong>&lt;60dB<\/strong>\u0110i\u1ec1u n\u00e0y n\u00e2ng cao tr\u1ea3i nghi\u1ec7m ng\u01b0\u1eddi d\u00f9ng, khi\u1ebfn n\u00f3 tr\u1edf n\u00ean l\u00fd t\u01b0\u1edfng cho nh\u1eefng ng\u01b0\u1eddi \u0111am m\u00ea th\u1ee7 c\u00f4ng c\u1ea7n m\u1ed9t kh\u00f4ng gian l\u00e0m vi\u1ec7c y\u00ean t\u0129nh.<\/p>\n<h3>Hi\u1ec7u su\u1ea5t m\u1ea1nh m\u1ebd<\/h3>\n<p>V\u1edbi c\u00f4ng su\u1ea5t \u0111\u1ea7u ra li\u00ean t\u1ee5c v\u00e0 \u1ed5n \u0111\u1ecbnh 30 l\u00edt\/ph\u00fat, m\u00e1y n\u00e9n kh\u00ed c\u1ee7a ch\u00fang t\u00f4i \u0111\u1ea3m b\u1ea3o ngay c\u1ea3 nh\u1eefng v\u1eadt li\u1ec7u d\u00e0y nh\u1ea5t \u2013 nh\u01b0 g\u1ed7 c\u1ee9ng ho\u1eb7c acrylic \u2013 c\u0169ng \u0111\u01b0\u1ee3c c\u1eaft s\u1ea1ch s\u1ebd v\u00e0 kh\u00f4ng kh\u00f3i. Hi\u1ec7u su\u1ea5t n\u00e0y kh\u00f4ng ch\u1ec9 n\u00e2ng cao hi\u1ec7u qu\u1ea3 c\u1eaft m\u00e0 c\u00f2n duy tr\u00ec ch\u1ea5t l\u01b0\u1ee3ng c\u1ee7a s\u1ea3n ph\u1ea9m cu\u1ed1i c\u00f9ng.<\/p>\n<h2>4. Kh\u1ea3 n\u0103ng t\u01b0\u01a1ng th\u00edch r\u1ed9ng r\u00e3i: Gh\u00e9p n\u1ed1i tr\u1ecdn g\u00f3i (Kh\u00f4ng c\u1ea7n lo l\u1eafng v\u1ec1 kho h\u00e0ng)<\/h2>\n<h3>Ph\u1ea1m vi \u1ee9ng d\u1ee5ng r\u1ed9ng r\u00e3i<\/h3>\n<p>M\u00e1y n\u00e9n kh\u00ed c\u1ee7a ch\u00fang t\u00f4i ho\u00e0n to\u00e0n t\u01b0\u01a1ng th\u00edch v\u1edbi 95% c\u1ee7a c\u00e1c d\u00f2ng m\u00e1y c\u1eaft laser ph\u1ed5 bi\u1ebfn, bao g\u1ed3m xTool, Ortur, Atomstack v\u00e0 nhi\u1ec1u m\u00e1y laser CO2 kh\u00e1c. M\u1ee9c \u0111\u1ed9 t\u01b0\u01a1ng th\u00edch n\u00e0y \u0111\u1ea3m b\u1ea3o b\u1ea1n c\u00f3 th\u1ec3 \u0111\u00e1p \u1ee9ng nhu c\u1ea7u \u0111a d\u1ea1ng c\u1ee7a kh\u00e1ch h\u00e0ng m\u1ed9t c\u00e1ch d\u1ec5 d\u00e0ng.<\/p>\n<h3>L\u1ee3i \u00edch d\u00e0nh cho nh\u00e0 ph\u00e2n ph\u1ed1i<\/h3>\n<p>V\u1edbi m\u1ed9t m\u00e3 s\u1ea3n ph\u1ea9m duy nh\u1ea5t ph\u00f9 h\u1ee3p v\u1edbi nhi\u1ec1u lo\u1ea1i m\u00e1y, b\u1ea1n s\u1ebd gi\u1ea3m \u0111\u00e1ng k\u1ec3 \u00e1p l\u1ef1c t\u1ed3n kho v\u00e0 \u0111\u01a1n gi\u1ea3n h\u00f3a vi\u1ec7c qu\u1ea3n l\u00fd h\u00e0ng h\u00f3a. C\u00e1ch ti\u1ebfp c\u1eadn tinh g\u1ecdn n\u00e0y cho ph\u00e9p b\u1ea1n t\u1eadp trung v\u00e0o ph\u00e1t tri\u1ec3n kinh doanh thay v\u00ec ph\u1ea3i v\u1eadt l\u1ed9n v\u1edbi c\u00e1c v\u1ea5n \u0111\u1ec1 h\u1eadu c\u1ea7n ph\u1ee9c t\u1ea1p.<\/p>\n<h2>5. L\u1ee3i th\u1ebf c\u1ee7a chu\u1ed7i cung \u1ee9ng v\u00e0 quan h\u1ec7 \u0111\u1ed1i t\u00e1c<\/h2>\n<h3>S\u1ee9c m\u1ea1nh c\u1ee7a nh\u00e0 m\u00e1y<\/h3>\n<p>C\u00e1c quy tr\u00ecnh ki\u1ec3m so\u00e1t ch\u1ea5t l\u01b0\u1ee3ng nghi\u00eam ng\u1eb7t c\u1ee7a ch\u00fang t\u00f4i \u0111\u1ea3m b\u1ea3o t\u1ef7 l\u1ec7 l\u1ed7i c\u1ef1c th\u1ea5p, d\u01b0\u1edbi m\u1ee9c... <strong>1%<\/strong>\u0110i\u1ec1u n\u00e0y kh\u00f4ng ch\u1ec9 gi\u00fap gi\u1ea3m thi\u1ec3u chi ph\u00ed v\u1eadn chuy\u1ec3n h\u00e0ng tr\u1ea3 l\u1ea1i m\u00e0 c\u00f2n t\u1ea1o d\u1ef1ng ni\u1ec1m tin v\u1edbi kh\u00e1ch h\u00e0ng v\u00ec h\u1ecd nh\u1eadn \u0111\u01b0\u1ee3c s\u1ea3n ph\u1ea9m ch\u1ea5t l\u01b0\u1ee3ng cao.<\/p>\n<h3>Gi\u1ea3i ph\u00e1p t\u00f9y ch\u1ec9nh (OEM\/ODM)<\/h3>\n<p>Ch\u00fang t\u00f4i cung c\u1ea5p c\u00e1c gi\u1ea3i ph\u00e1p t\u00f9y ch\u1ec9nh bao g\u1ed3m thi\u1ebft k\u1ebf logo, thi\u1ebft k\u1ebf bao b\u00ec v\u00e0 c\u00e1c th\u00f4ng s\u1ed1 k\u1ef9 thu\u1eadt ph\u00edch c\u1eafm kh\u00e1c nhau cho t\u1eebng qu\u1ed1c gia. S\u1ef1 linh ho\u1ea1t n\u00e0y cho ph\u00e9p b\u1ea1n x\u00e2y d\u1ef1ng b\u1ea3n s\u1eafc th\u01b0\u01a1ng hi\u1ec7u ri\u00eang v\u00e0 \u0111\u00e1p \u1ee9ng nhu c\u1ea7u c\u1ee5 th\u1ec3 c\u1ee7a th\u1ecb tr\u01b0\u1eddng.<\/p>\n<h3>H\u1ed7 tr\u1ee3 sau b\u00e1n h\u00e0ng<\/h3>\n<p>Cam k\u1ebft c\u1ee7a ch\u00fang t\u00f4i v\u1ec1 s\u1ef1 h\u00e0i l\u00f2ng c\u1ee7a kh\u00e1ch h\u00e0ng kh\u00f4ng ch\u1ec9 d\u1eebng l\u1ea1i \u1edf vi\u1ec7c b\u00e1n h\u00e0ng. Ch\u00fang t\u00f4i cung c\u1ea5p h\u1ed7 tr\u1ee3 k\u1ef9 thu\u1eadt nhanh ch\u00f3ng v\u00e0 ngu\u1ed3n cung c\u1ea5p ph\u1ee5 t\u00f9ng thay th\u1ebf \u0111\u1ec3 \u0111\u1ea3m b\u1ea3o ho\u1ea1t \u0111\u1ed9ng c\u1ee7a b\u1ea1n di\u1ec5n ra su\u00f4n s\u1ebb v\u00e0 hi\u1ec7u qu\u1ea3.<\/p>\n<h2>6. K\u1ebft lu\u1eadn v\u00e0 l\u1eddi k\u00eau g\u1ecdi h\u00e0nh \u0111\u1ed9ng<\/h2>\n<p>\u0110\u1eebng \u0111\u1ec3 c\u00e1c linh ki\u1ec7n k\u00e9m ch\u1ea5t l\u01b0\u1ee3ng l\u00e0m \u1ea3nh h\u01b0\u1edfng \u0111\u1ebfn danh ti\u1ebfng c\u1ee7a nh\u1eefng thi\u1ebft b\u1ecb cao c\u1ea5p c\u1ee7a b\u1ea1n. H\u00e3y ch\u1ecdn m\u00e1y n\u00e9n kh\u00ed ph\u00f9 h\u1ee3p v\u1edbi ch\u1ea5t l\u01b0\u1ee3ng thi\u1ebft b\u1ecb c\u1ee7a b\u1ea1n.<\/p>\n<p><strong>Li\u00ean h\u1ec7 v\u1edbi ch\u00fang t\u00f4i<\/strong> H\u00e3y li\u00ean h\u1ec7 ngay h\u00f4m nay \u0111\u1ec3 y\u00eau c\u1ea7u m\u1eabu th\u1eed nghi\u1ec7m ho\u1eb7c \u0111\u1ec3 nh\u1eadn b\u1ea3ng gi\u00e1 b\u00e1n bu\u00f4n B2B m\u1edbi nh\u1ea5t t\u1ea1i... <a href=\"https:\/\/aircompressorforlasercutter.com\/vi\/lien-he-voi-chung-toi\/\">Ever-power<\/a>Kh\u00e1ch h\u00e0ng c\u1ee7a b\u1ea1n x\u1ee9ng \u0111\u00e1ng nh\u1eadn \u0111\u01b0\u1ee3c nh\u1eefng d\u1ecbch v\u1ee5 t\u1ed1t nh\u1ea5t, v\u00e0 ch\u00fang t\u00f4i \u1edf \u0111\u00e2y \u0111\u1ec3 cung c\u1ea5p \u0111i\u1ec1u \u0111\u00f3.<\/p>","protected":false},"excerpt":{"rendered":"<p>Laser Cutter Air Compressor for Ortur Laser Master 3: The Unsung Hero 1. Background: The Overlooked Component In today&#8217;s competitive market, many buyers invest significantly in high-quality laser engraving machines, often overlooking the critical support equipment: the air compressor. While a top-of-the-line laser cutter can transform materials with precision, it is the auxiliary systems that [&hellip;]<\/p>","protected":false},"featured_media":454,"comment_status":"open","ping_status":"closed","template":"","meta":{"_et_pb_use_builder":"","_et_pb_old_content":"","_et_gb_content_width":""},"product_brand":[],"product_cat":[1093],"product_tag":[1095],"class_list":{"0":"post-463","1":"product","2":"type-product","3":"status-publish","4":"has-post-thumbnail","6":"product_cat-air-compressor-for-laser-cutter","7":"product_tag-air-compressor-for-laser-cutter-price","9":"first","10":"instock","11":"shipping-taxable","12":"product-type-simple"},"_links":{"self":[{"href":"https:\/\/aircompressorforlasercutter.com\/vi\/wp-json\/wp\/v2\/product\/463","targetHints":{"allow":["GET"]}}],"collection":[{"href":"https:\/\/aircompressorforlasercutter.com\/vi\/wp-json\/wp\/v2\/product"}],"about":[{"href":"https:\/\/aircompressorforlasercutter.com\/vi\/wp-json\/wp\/v2\/types\/product"}],"replies":[{"embeddable":true,"href":"https:\/\/aircompressorforlasercutter.com\/vi\/wp-json\/wp\/v2\/comments?post=463"}],"wp:featuredmedia":[{"embeddable":true,"href":"https:\/\/aircompressorforlasercutter.com\/vi\/wp-json\/wp\/v2\/media\/454"}],"wp:attachment":[{"href":"https:\/\/aircompressorforlasercutter.com\/vi\/wp-json\/wp\/v2\/media?parent=463"}],"wp:term":[{"taxonomy":"product_brand","embeddable":true,"href":"https:\/\/aircompressorforlasercutter.com\/vi\/wp-json\/wp\/v2\/product_brand?post=463"},{"taxonomy":"product_cat","embeddable":true,"href":"https:\/\/aircompressorforlasercutter.com\/vi\/wp-json\/wp\/v2\/product_cat?post=463"},{"taxonomy":"product_tag","embeddable":true,"href":"https:\/\/aircompressorforlasercutter.com\/vi\/wp-json\/wp\/v2\/product_tag?post=463"}],"curies":[{"name":"wp","href":"https:\/\/api.w.org\/{rel}","templated":true}]}}