{"id":465,"date":"2026-01-14T08:26:17","date_gmt":"2026-01-14T08:26:17","guid":{"rendered":"https:\/\/aircompressorforlasercutter.com\/product\/air-assist-kit-for-sculpfun-s9-s10-s30\/"},"modified":"2026-01-14T08:47:40","modified_gmt":"2026-01-14T08:47:40","slug":"air-assist-kit-for-sculpfun-s9-s10-s30","status":"publish","type":"product","link":"https:\/\/aircompressorforlasercutter.com\/vi\/san-pham\/bo-ho-tro-khi-nen-cho-sculpfun-s9-s10-s30\/","title":{"rendered":"B\u1ed9 h\u1ed7 tr\u1ee3 kh\u00ed n\u00e9n cho SCULPFUN S9 S10 S30"},"content":{"rendered":"<h1>B\u1ed9 h\u1ed7 tr\u1ee3 kh\u00ed n\u00e9n cho m\u00e1y c\u1eaft laser SCULPFUN S9 S10 S30: Ng\u01b0\u1eddi h\u00f9ng th\u1ea7m l\u1eb7ng c\u1ee7a c\u00f4ng ngh\u1ec7 c\u1eaft laser.<\/h1>\n<h2>1. B\u1ed1i c\u1ea3nh: Y\u1ebfu t\u1ed1 thi\u1ebft y\u1ebfu b\u1ecb b\u1ecf qua<\/h2>\n<p>Trong th\u1ecb tr\u01b0\u1eddng m\u00e1y kh\u1eafc laser s\u00f4i \u0111\u1ed9ng hi\u1ec7n nay, nhi\u1ec1u ng\u01b0\u1eddi mua \u0111\u1ea7u t\u01b0 m\u1ea1nh v\u00e0o thi\u1ebft b\u1ecb c\u1ee7a m\u00ecnh, t\u1eadp trung v\u00e0o c\u00e1c m\u1eabu m\u00e3 m\u1edbi nh\u1ea5t v\u00e0 c\u00e1c t\u00ednh n\u0103ng ti\u00ean ti\u1ebfn. Tuy nhi\u00ean, m\u1ed9t b\u1ed9 ph\u1eadn quan tr\u1ecdng th\u01b0\u1eddng b\u1ecb b\u1ecf qua l\u00e0 b\u01a1m kh\u00ed. M\u1eb7c d\u00f9 b\u1ea3n th\u00e2n m\u00e1y laser l\u00e0 m\u1ed9t k\u1ef3 t\u00edch c\u00f4ng ngh\u1ec7, nh\u01b0ng b\u1ed9 h\u1ed7 tr\u1ee3 kh\u00ed n\u00e9n l\u1ea1i l\u00e0 y\u1ebfu t\u1ed1 quan tr\u1ecdng kh\u00f4ng th\u1ec3 ph\u1ee7 nh\u1eadn, gi\u00fap n\u00e2ng cao tr\u1ea3i nghi\u1ec7m ng\u01b0\u1eddi d\u00f9ng m\u1ed9t c\u00e1ch \u0111\u00e1ng k\u1ec3.<\/p>\n<p>H\u1ed7 tr\u1ee3 kh\u00ed n\u00e9n kh\u00f4ng ch\u1ec9 l\u00e0 m\u1ed9t thi\u1ebft b\u1ecb ngo\u1ea1i vi; n\u00f3 \u0111\u00f3ng vai tr\u00f2 quan tr\u1ecdng trong vi\u1ec7c quy\u1ebft \u0111\u1ecbnh ch\u1ea5t l\u01b0\u1ee3ng c\u1eaft cu\u1ed1i c\u00f9ng v\u00e0 tu\u1ed5i th\u1ecd c\u1ee7a m\u00e1y. \u0110\u1ed1i v\u1edbi c\u00e1c doanh nghi\u1ec7p, vi\u1ec7c l\u1ef1a ch\u1ecdn \u0111\u00fang b\u01a1m kh\u00ed c\u00f3 th\u1ec3 gi\u00fap gi\u1ea3m thi\u1ec3u khi\u1ebfu n\u1ea1i c\u1ee7a kh\u00e1ch h\u00e0ng v\u1ec1 c\u00e1c v\u1ea5n \u0111\u1ec1 nh\u01b0 \"c\u1eaft kh\u00f4ng ho\u00e0n ch\u1ec9nh\" ho\u1eb7c \"l\u00e0m h\u1ecfng th\u1ea5u k\u00ednh\", t\u1eeb \u0111\u00f3 n\u00e2ng cao t\u1ef7 l\u1ec7 gi\u1eef ch\u00e2n kh\u00e1ch h\u00e0ng.<\/p>\n<h2>2. Ph\u00e2n t\u00edch \u0111i\u1ec3m kh\u00f3 kh\u0103n: Chi ph\u00ed \u1ea9n c\u1ee7a m\u00e1y b\u01a1m h\u01a1i gi\u00e1 r\u1ebb<\/h2>\n<h3>Ch\u1ea5t l\u01b0\u1ee3ng c\u1eaft k\u00e9m<\/h3>\n<p>Vi\u1ec7c s\u1eed d\u1ee5ng b\u01a1m kh\u00ed ch\u1ea5t l\u01b0\u1ee3ng th\u1ea5p c\u00f3 th\u1ec3 d\u1eabn \u0111\u1ebfn k\u1ebft qu\u1ea3 c\u1eaft kh\u00f4ng \u0111\u1ea1t y\u00eau c\u1ea7u. Lu\u1ed3ng kh\u00ed kh\u00f4ng \u1ed5n \u0111\u1ecbnh khi\u1ebfn c\u00e1c c\u1ea1nh c\u1ee7a v\u1eadt li\u1ec7u b\u1ecb ch\u00e1y x\u00e9m, cu\u1ed1i c\u00f9ng \u1ea3nh h\u01b0\u1edfng \u0111\u1ebfn t\u00ednh th\u1ea9m m\u1ef9 c\u1ee7a s\u1ea3n ph\u1ea9m cu\u1ed1i c\u00f9ng \u0111\u1ed1i v\u1edbi ng\u01b0\u1eddi d\u00f9ng. S\u1ef1 kh\u00f4ng nh\u1ea5t qu\u00e1n n\u00e0y c\u00f3 th\u1ec3 g\u00e2y \u1ea3nh h\u01b0\u1edfng x\u1ea5u \u0111\u1ebfn th\u01b0\u01a1ng hi\u1ec7u c\u1ee7a b\u1ea1n.<\/p>\n<h3>Nguy c\u01a1 h\u01b0 h\u1ecfng thi\u1ebft b\u1ecb<\/h3>\n<p>\u0110\u1ea7u t\u01b0 v\u00e0o m\u00e1y b\u01a1m kh\u00ed k\u00e9m ch\u1ea5t l\u01b0\u1ee3ng, \u0111\u1eb7c bi\u1ec7t l\u00e0 nh\u1eefng lo\u1ea1i \u0111\u01b0a h\u01a1i d\u1ea7u ho\u1eb7c h\u01a1i \u1ea9m v\u00e0o h\u1ec7 th\u1ed1ng, ti\u1ec1m \u1ea9n nguy c\u01a1 l\u00e0m \u00f4 nhi\u1ec5m th\u1ea5u k\u00ednh laser. H\u01b0 h\u1ecfng nh\u01b0 v\u1eady d\u1eabn \u0111\u1ebfn chi ph\u00ed s\u1eeda ch\u1eefa sau b\u00e1n h\u00e0ng \u0111\u1eaft \u0111\u1ecf v\u00e0 c\u00f3 th\u1ec3 l\u00e0m t\u0103ng t\u1ef7 l\u1ec7 tr\u1ea3 l\u1ea1i h\u00e0ng, \u1ea3nh h\u01b0\u1edfng th\u00eam \u0111\u1ebfn l\u1ee3i nhu\u1eadn c\u1ee7a b\u1ea1n.<\/p>\n<h3>Ng\u0103n ch\u1eb7n ti\u1ebfng \u1ed3n<\/h3>\n<p>M\u00e1y n\u00e9n kh\u00ed truy\u1ec1n th\u1ed1ng th\u01b0\u1eddng r\u1ea5t \u1ed3n, v\u01b0\u1ee3t qu\u00e1 m\u1ee9c decibel cho ph\u00e9p. \u00d4 nhi\u1ec5m ti\u1ebfng \u1ed3n n\u00e0y khi\u1ebfn ng\u01b0\u1eddi d\u00f9ng gia \u0111\u00ecnh v\u00e0 c\u00e1c kh\u00f4ng gian ch\u1ebf t\u1ea1o gi\u00e1o d\u1ee5c ng\u1ea7n ng\u1ea1i s\u1eed d\u1ee5ng c\u00f4ng ngh\u1ec7 c\u1eaft laser, t\u1eeb \u0111\u00f3 l\u00e0m gi\u1ea3m \u0111\u00e1ng k\u1ec3 l\u01b0\u1ee3ng kh\u00e1ch h\u00e0ng ti\u1ec1m n\u0103ng.<\/p>\n<h2>3. Gi\u1ea3i ph\u00e1p c\u1ee7a ch\u00fang t\u00f4i: \u0110\u1ecbnh ngh\u0129a l\u1ea1i d\u1ecbch v\u1ee5 h\u1ed7 tr\u1ee3 tr\u00ean kh\u00f4ng chuy\u00ean nghi\u1ec7p.<\/h2>\n<h3>Thi\u1ebft k\u1ebf kh\u00f4ng d\u1ea7u v\u00e0 kh\u00f4ng n\u01b0\u1edbc<\/h3>\n<p>B\u1ed9 h\u1ed7 tr\u1ee3 kh\u00ed n\u00e9n c\u1ee7a ch\u00fang t\u00f4i c\u00f3 thi\u1ebft k\u1ebf kh\u00f4ng d\u1ea7u v\u00e0 kh\u00f4ng n\u01b0\u1edbc 100%, \u0111\u1ea3m b\u1ea3o b\u1ea3o v\u1ec7 ho\u00e0n to\u00e0n cho th\u1ea5u k\u00ednh laser. Ng\u01b0\u1eddi d\u00f9ng cu\u1ed1i \u0111\u01b0\u1ee3c t\u1eadn h\u01b0\u1edfng tr\u1ea3i nghi\u1ec7m kh\u00f4ng c\u1ea7n b\u1ea3o tr\u00ec, cho ph\u00e9p h\u1ecd t\u1eadp trung v\u00e0o c\u00e1c d\u1ef1 \u00e1n s\u00e1ng t\u1ea1o m\u00e0 kh\u00f4ng ph\u1ea3i lo l\u1eafng v\u1ec1 vi\u1ec7c b\u1ea3o d\u01b0\u1ee1ng th\u01b0\u1eddng xuy\u00ean.<\/p>\n<h3>C\u00f4ng ngh\u1ec7 si\u00eau y\u00ean t\u0129nh<\/h3>\n<p>\u0110\u01b0\u1ee3c thi\u1ebft k\u1ebf \u0111\u1eb7c bi\u1ec7t cho c\u00e1c \u1ee9ng d\u1ee5ng trong nh\u00e0 ho\u1eb7c ph\u00f2ng thu t\u1ea1i gia, m\u00e1y b\u01a1m kh\u00ed c\u1ee7a ch\u00fang t\u00f4i ho\u1ea1t \u0111\u1ed9ng v\u1edbi \u0111\u1ed9 \u1ed3n c\u1ef1c th\u1ea5p, d\u01b0\u1edbi 60 dB. T\u00ednh n\u0103ng si\u00eau y\u00ean t\u0129nh n\u00e0y gi\u00fap n\u00e2ng cao \u0111\u00e1ng k\u1ec3 tr\u1ea3i nghi\u1ec7m ng\u01b0\u1eddi d\u00f9ng, l\u00fd t\u01b0\u1edfng cho nh\u1eefng m\u00f4i tr\u01b0\u1eddng m\u00e0 ti\u1ebfng \u1ed3n l\u00e0 m\u1ed9t v\u1ea5n \u0111\u1ec1 c\u1ea7n quan t\u00e2m.<\/p>\n<h3>Hi\u1ec7u su\u1ea5t m\u1ea1nh m\u1ebd<\/h3>\n<p>V\u1edbi l\u01b0u l\u01b0\u1ee3ng kh\u00ed \u1ed5n \u0111\u1ecbnh 30 l\u00edt\/ph\u00fat, m\u00e1y b\u01a1m kh\u00ed c\u1ee7a ch\u00fang t\u00f4i \u0111\u1ea3m b\u1ea3o lu\u1ed3ng kh\u00ed \u0111\u1ec1u \u0111\u1eb7n, \u0111i\u1ec1u n\u00e0y r\u1ea5t quan tr\u1ecdng khi c\u1eaft c\u00e1c v\u1eadt li\u1ec7u g\u1ed7 ho\u1eb7c acrylic d\u00e0y. K\u1ebft qu\u1ea3 l\u00e0 c\u00e1c \u0111\u01b0\u1eddng c\u1eaft s\u1ea1ch h\u01a1n v\u1edbi l\u01b0\u1ee3ng kh\u00f3i th\u1ea3i t\u1ed1i thi\u1ec3u, d\u1eabn \u0111\u1ebfn s\u1ea3n ph\u1ea9m ho\u00e0n thi\u1ec7n b\u00f3ng b\u1ea9y h\u01a1n.<\/p>\n<h2>4. Kh\u1ea3 n\u0103ng t\u01b0\u01a1ng th\u00edch r\u1ed9ng r\u00e3i: Gi\u1ea3i ph\u00e1p tr\u1ecdn g\u00f3i<\/h2>\n<h3>Kh\u1ea3 n\u0103ng \u00e1p d\u1ee5ng r\u1ed9ng r\u00e3i<\/h3>\n<p>B\u1ed9 h\u1ed7 tr\u1ee3 kh\u00ed n\u00e9n c\u1ee7a ch\u00fang t\u00f4i \u0111\u01b0\u1ee3c thi\u1ebft k\u1ebf \u0111\u1ec3 ho\u00e0n to\u00e0n ph\u00f9 h\u1ee3p v\u1edbi chu\u1ea9n 95% c\u1ee7a c\u00e1c d\u00f2ng m\u00e1y laser ph\u1ed5 bi\u1ebfn hi\u1ec7n nay tr\u00ean th\u1ecb tr\u01b0\u1eddng, bao g\u1ed3m xTool, Ortur, Atomstack v\u00e0 nhi\u1ec1u m\u00e1y laser CO2 kh\u00e1c. Kh\u1ea3 n\u0103ng t\u01b0\u01a1ng th\u00edch r\u1ed9ng r\u00e3i n\u00e0y cho ph\u00e9p kh\u00e1ch h\u00e0ng m\u1edf r\u1ed9ng kh\u1ea3 n\u0103ng c\u1ee7a m\u00ecnh m\u00e0 kh\u00f4ng c\u1ea7n ph\u1ea3i t\u00ecm ki\u1ebfm nhi\u1ec1u gi\u1ea3i ph\u00e1p kh\u00e1c nhau.<\/p>\n<h3>L\u1ee3i \u00edch d\u00e0nh cho \u0111\u1ea1i l\u00fd<\/h3>\n<p>Vi\u1ec7c cung c\u1ea5p m\u1ed9t m\u00e3 s\u1ea3n ph\u1ea9m duy nh\u1ea5t t\u01b0\u01a1ng th\u00edch v\u1edbi nhi\u1ec1u lo\u1ea1i m\u00e1y gi\u00fap gi\u1ea3m \u0111\u00e1ng k\u1ec3 \u00e1p l\u1ef1c v\u1ec1 t\u1ed3n kho v\u00e0 \u0111\u1ed9 ph\u1ee9c t\u1ea1p cho c\u00e1c \u0111\u1ea1i l\u00fd. C\u00e1ch ti\u1ebfp c\u1eadn tinh g\u1ecdn n\u00e0y cho ph\u00e9p qu\u1ea3n l\u00fd kho t\u1ed1t h\u01a1n v\u00e0 n\u00e2ng cao hi\u1ec7u qu\u1ea3 ho\u1ea1t \u0111\u1ed9ng.<\/p>\n<h2>5. L\u1ee3i th\u1ebf c\u1ee7a chu\u1ed7i cung \u1ee9ng v\u00e0 quan h\u1ec7 \u0111\u1ed1i t\u00e1c<\/h2>\n<h3>S\u1ee9c m\u1ea1nh c\u1ee7a nh\u00e0 m\u00e1y<\/h3>\n<p>Ch\u00fang t\u00f4i tu\u00e2n th\u1ee7 c\u00e1c quy tr\u00ecnh ki\u1ec3m so\u00e1t ch\u1ea5t l\u01b0\u1ee3ng nghi\u00eam ng\u1eb7t, \u0111\u1ea3m b\u1ea3o t\u1ef7 l\u1ec7 l\u1ed7i c\u1ef1c th\u1ea5p, d\u01b0\u1edbi 1%. Cam k\u1ebft v\u1ec1 ch\u1ea5t l\u01b0\u1ee3ng n\u00e0y gi\u00fap gi\u1ea3m thi\u1ec3u h\u00e0ng tr\u1ea3 l\u1ea1i v\u00e0 chi ph\u00ed v\u1eadn chuy\u1ec3n, cho ph\u00e9p b\u1ea1n qu\u1ea3n l\u00fd ngu\u1ed3n l\u1ef1c hi\u1ec7u qu\u1ea3 h\u01a1n.<\/p>\n<h3>D\u1ecbch v\u1ee5 t\u00f9y ch\u1ec9nh (OEM\/ODM)<\/h3>\n<p>Ch\u00fang t\u00f4i cung c\u1ea5p c\u00e1c d\u1ecbch v\u1ee5 \u0111\u01b0\u1ee3c thi\u1ebft k\u1ebf ri\u00eang, bao g\u1ed3m c\u00e1c t\u00f9y ch\u1ecdn v\u1ec1 th\u01b0\u01a1ng hi\u1ec7u, thi\u1ebft k\u1ebf bao b\u00ec v\u00e0 th\u00f4ng s\u1ed1 k\u1ef9 thu\u1eadt ph\u00edch c\u1eafm cho nhi\u1ec1u qu\u1ed1c gia kh\u00e1c nhau. S\u1ef1 linh ho\u1ea1t n\u00e0y cho ph\u00e9p b\u1ea1n x\u00e2y d\u1ef1ng b\u1ea3n s\u1eafc th\u01b0\u01a1ng hi\u1ec7u ri\u00eang \u0111\u1ed3ng th\u1eddi \u0111\u00e1p \u1ee9ng c\u00e1c nhu c\u1ea7u c\u1ee5 th\u1ec3 c\u1ee7a th\u1ecb tr\u01b0\u1eddng.<\/p>\n<h3>H\u1ed7 tr\u1ee3 sau b\u00e1n h\u00e0ng<\/h3>\n<p>\u0110\u1ed9i ng\u0169 h\u1ed7 tr\u1ee3 k\u1ef9 thu\u1eadt t\u1eadn t\u00e2m v\u00e0 kh\u1ea3 n\u0103ng cung c\u1ea5p ph\u1ee5 t\u00f9ng nhanh ch\u00f3ng c\u1ee7a ch\u00fang t\u00f4i \u0111\u1ea3m b\u1ea3o b\u1ea1n c\u00f3 th\u1ec3 tin t\u01b0\u1edfng v\u00e0o s\u1ef1 h\u1ed7 tr\u1ee3 c\u1ee7a ch\u00fang t\u00f4i b\u1ea5t c\u1ee9 khi n\u00e0o c\u1ea7n. \u0110i\u1ec1u n\u00e0y \u0111\u1ea3m b\u1ea3o ho\u1ea1t \u0111\u1ed9ng c\u1ee7a b\u1ea1n lu\u00f4n di\u1ec5n ra su\u00f4n s\u1ebb v\u00e0 kh\u00f4ng b\u1ecb gi\u00e1n \u0111o\u1ea1n.<\/p>\n<h2>6. K\u1ebft lu\u1eadn v\u00e0 l\u1eddi k\u00eau g\u1ecdi h\u00e0nh \u0111\u1ed9ng<\/h2>\n<p>\u0110\u1eebng \u0111\u1ec3 c\u00e1c linh ki\u1ec7n k\u00e9m ch\u1ea5t l\u01b0\u1ee3ng l\u00e0m \u1ea3nh h\u01b0\u1edfng \u0111\u1ebfn danh ti\u1ebfng c\u1ee7a nh\u1eefng m\u00e1y m\u00f3c cao c\u1ea5p c\u1ee7a b\u1ea1n. H\u00e3y ch\u1ecdn m\u1ed9t m\u00e1y b\u01a1m kh\u00ed ph\u00f9 h\u1ee3p v\u1edbi ch\u1ea5t l\u01b0\u1ee3ng thi\u1ebft b\u1ecb c\u1ee7a b\u1ea1n. B\u1ed9 h\u1ed7 tr\u1ee3 kh\u00ed n\u00e9n c\u1ee7a ch\u00fang t\u00f4i l\u00e0 s\u1ef1 l\u1ef1a ch\u1ecdn l\u00fd t\u01b0\u1edfng \u0111\u1ec3 \u0111\u1ea3m b\u1ea3o hi\u1ec7u su\u1ea5t c\u1eaft t\u1ed1i \u01b0u v\u00e0 tu\u1ed5i th\u1ecd l\u00e2u d\u00e0i.<\/p>\n<p>Li\u00ean h\u1ec7 v\u1edbi ch\u00fang t\u00f4i ngay h\u00f4m nay \u0111\u1ec3 d\u00f9ng th\u1eed m\u1eabu ho\u1eb7c nh\u1eadn th\u00f4ng tin chi ti\u1ebft v\u1ec1 gi\u00e1 b\u00e1n bu\u00f4n B2B m\u1edbi nh\u1ea5t. N\u00e2ng t\u1ea7m tr\u1ea3i nghi\u1ec7m c\u1eaft laser c\u1ee7a b\u1ea1n v\u1edbi Ever-power.<\/p>\n<p><a href=\"https:\/\/aircompressorforlasercutter.com\/vi\/lien-he-voi-chung-toi\/\">Li\u00ean h\u1ec7 v\u1edbi ch\u00fang t\u00f4i<\/a><\/p>","protected":false},"excerpt":{"rendered":"<p>Air Assist Kit for SCULPFUN S9 S10 S30: The Unsung Hero of Laser Cutting 1. Background: The Overlooked Essential In today&#8217;s vibrant market for laser engraving machines, many buyers invest heavily in their equipment, focusing on the latest models and advanced features. However, a critical component that often goes unnoticed is the air pump. While [&hellip;]<\/p>","protected":false},"featured_media":454,"comment_status":"open","ping_status":"closed","template":"","meta":{"_et_pb_use_builder":"","_et_pb_old_content":"","_et_gb_content_width":""},"product_brand":[],"product_cat":[1093],"product_tag":[1094],"class_list":{"0":"post-465","1":"product","2":"type-product","3":"status-publish","4":"has-post-thumbnail","6":"product_cat-air-compressor-for-laser-cutter","7":"product_tag-air-compressor-for-laser-cutter","9":"first","10":"instock","11":"shipping-taxable","12":"product-type-simple"},"_links":{"self":[{"href":"https:\/\/aircompressorforlasercutter.com\/vi\/wp-json\/wp\/v2\/product\/465","targetHints":{"allow":["GET"]}}],"collection":[{"href":"https:\/\/aircompressorforlasercutter.com\/vi\/wp-json\/wp\/v2\/product"}],"about":[{"href":"https:\/\/aircompressorforlasercutter.com\/vi\/wp-json\/wp\/v2\/types\/product"}],"replies":[{"embeddable":true,"href":"https:\/\/aircompressorforlasercutter.com\/vi\/wp-json\/wp\/v2\/comments?post=465"}],"wp:featuredmedia":[{"embeddable":true,"href":"https:\/\/aircompressorforlasercutter.com\/vi\/wp-json\/wp\/v2\/media\/454"}],"wp:attachment":[{"href":"https:\/\/aircompressorforlasercutter.com\/vi\/wp-json\/wp\/v2\/media?parent=465"}],"wp:term":[{"taxonomy":"product_brand","embeddable":true,"href":"https:\/\/aircompressorforlasercutter.com\/vi\/wp-json\/wp\/v2\/product_brand?post=465"},{"taxonomy":"product_cat","embeddable":true,"href":"https:\/\/aircompressorforlasercutter.com\/vi\/wp-json\/wp\/v2\/product_cat?post=465"},{"taxonomy":"product_tag","embeddable":true,"href":"https:\/\/aircompressorforlasercutter.com\/vi\/wp-json\/wp\/v2\/product_tag?post=465"}],"curies":[{"name":"wp","href":"https:\/\/api.w.org\/{rel}","templated":true}]}}