{"id":466,"date":"2026-01-14T08:26:17","date_gmt":"2026-01-14T08:26:17","guid":{"rendered":"https:\/\/aircompressorforlasercutter.com\/product\/quiet-air-pump-for-omtech-60w-co2-laser\/"},"modified":"2026-01-14T08:26:17","modified_gmt":"2026-01-14T08:26:17","slug":"quiet-air-pump-for-omtech-60w-co2-laser","status":"publish","type":"product","link":"https:\/\/aircompressorforlasercutter.com\/vi\/san-pham\/bom-khi-em-ai-cho-laser-co2-omtech-60w-2\/","title":{"rendered":"B\u01a1m kh\u00ed \u00eam \u00e1i cho m\u00e1y laser CO2 OmTech 60W"},"content":{"rendered":"<h1>B\u01a1m kh\u00ed \u00eam \u00e1i cho m\u00e1y c\u1eaft laser CO2 OmTech 60W: Ng\u01b0\u1eddi h\u00f9ng th\u1ea7m l\u1eb7ng c\u1ee7a c\u00f4ng ngh\u1ec7 c\u1eaft laser<\/h1>\n<h2>1. B\u1ed1i c\u1ea3nh: Y\u1ebfu t\u1ed1 thi\u1ebft y\u1ebfu b\u1ecb b\u1ecf qua<\/h2>\n<p>Trong l\u0129nh v\u1ef1c kh\u1eafc v\u00e0 c\u1eaft laser, h\u1ea7u h\u1ebft ng\u01b0\u1eddi mua \u0111\u1ea7u t\u01b0 \u0111\u00e1ng k\u1ec3 v\u00e0o c\u00e1c m\u00e1y laser ch\u1ea5t l\u01b0\u1ee3ng cao, th\u01b0\u1eddng b\u1ecf qua m\u1ed9t ph\u1ee5 ki\u1ec7n quan tr\u1ecdng \u2013 b\u01a1m kh\u00ed. M\u1eb7c d\u00f9 m\u00e1y c\u1eaft laser ch\u1eafc ch\u1eafn l\u00e0 ng\u00f4i sao c\u1ee7a qu\u00e1 tr\u00ecnh, nh\u01b0ng b\u01a1m kh\u00ed \u0111\u00f3ng vai tr\u00f2 then ch\u1ed1t \u1edf h\u1eadu tr\u01b0\u1eddng, \u0111\u1ea3m b\u1ea3o hi\u1ec7u su\u1ea5t t\u1ed1i \u01b0u v\u00e0 tu\u1ed5i th\u1ecd. H\u1ed7 tr\u1ee3 kh\u00ed kh\u00f4ng ch\u1ec9 \u0111\u01a1n thu\u1ea7n l\u00e0 m\u1ed9t ph\u1ee5 ki\u1ec7n; n\u00f3 \u1ea3nh h\u01b0\u1edfng tr\u1ef1c ti\u1ebfp \u0111\u1ebfn ch\u1ea5t l\u01b0\u1ee3ng c\u1eaft v\u00e0 tu\u1ed5i th\u1ecd c\u1ee7a m\u00e1y m\u00f3c. \u0110\u1ed1i v\u1edbi c\u00e1c b\u00ean li\u00ean quan trong l\u0129nh v\u1ef1c B2B, vi\u1ec7c l\u1ef1a ch\u1ecdn \u0111\u00fang b\u01a1m kh\u00ed \u0111\u1ed3ng ngh\u0129a v\u1edbi vi\u1ec7c gi\u1ea3m thi\u1ec3u khi\u1ebfu n\u1ea1i c\u1ee7a kh\u00e1ch h\u00e0ng v\u1ec1 c\u00e1c v\u1ea5n \u0111\u1ec1 nh\u01b0 ch\u1ea5t l\u01b0\u1ee3ng c\u1eaft kh\u00f4ng \u0111\u1ea1t y\u00eau c\u1ea7u v\u00e0 th\u1ea5u k\u00ednh b\u1ecb h\u01b0 h\u1ecfng, cu\u1ed1i c\u00f9ng d\u1eabn \u0111\u1ebfn t\u1ef7 l\u1ec7 gi\u1eef ch\u00e2n kh\u00e1ch h\u00e0ng cao h\u01a1n.<\/p>\n<h2>2. Ph\u00e2n t\u00edch \u0111i\u1ec3m kh\u00f3 kh\u0103n: Chi ph\u00ed \u1ea9n c\u1ee7a m\u00e1y b\u01a1m h\u01a1i gi\u00e1 r\u1ebb<\/h2>\n<h3>Ch\u1ea5t l\u01b0\u1ee3ng c\u1eaft k\u00e9m<\/h3>\n<p>Vi\u1ec7c s\u1eed d\u1ee5ng b\u01a1m kh\u00ed gi\u00e1 r\u1ebb c\u00f3 th\u1ec3 d\u1eabn \u0111\u1ebfn l\u01b0u l\u01b0\u1ee3ng kh\u00ed kh\u00f4ng \u1ed5n \u0111\u1ecbnh, g\u00e2y ra hi\u1ec7n t\u01b0\u1ee3ng ch\u00e1y ho\u1eb7c kh\u00e9t m\u00e9p v\u1eadt li\u1ec7u v\u00e0 l\u00e0m gi\u1ea3m hi\u1ec7u qu\u1ea3 c\u1eaft. \u0110i\u1ec1u n\u00e0y kh\u00f4ng ch\u1ec9 \u1ea3nh h\u01b0\u1edfng \u0111\u1ebfn ch\u1ea5t l\u01b0\u1ee3ng th\u1ea9m m\u1ef9 c\u1ee7a s\u1ea3n ph\u1ea9m cu\u1ed1i c\u00f9ng m\u00e0 c\u00f2n \u1ea3nh h\u01b0\u1edfng \u0111\u1ebfn s\u1ef1 h\u00e0i l\u00f2ng c\u1ee7a kh\u00e1ch h\u00e0ng v\u00e0 kh\u1ea3 n\u0103ng kinh doanh l\u1eb7p l\u1ea1i.<\/p>\n<h3>Nguy c\u01a1 h\u01b0 h\u1ecfng thi\u1ebft b\u1ecb<\/h3>\n<p>C\u00e1c lo\u1ea1i b\u01a1m kh\u00ed k\u00e9m ch\u1ea5t l\u01b0\u1ee3ng, \u0111\u1eb7c bi\u1ec7t l\u00e0 nh\u1eefng lo\u1ea1i c\u00f3 c\u00e1c b\u1ed9 ph\u1eadn ch\u1ee9a d\u1ea7u, c\u00f3 nguy c\u01a1 l\u00e0m nhi\u1ec5m b\u1ea9n th\u1ea5u k\u00ednh laser b\u1eb1ng s\u01b0\u01a1ng d\u1ea7u ho\u1eb7c h\u01a1i \u1ea9m. H\u01b0 h\u1ecfng nh\u01b0 v\u1eady c\u00f3 th\u1ec3 d\u1eabn \u0111\u1ebfn chi ph\u00ed s\u1eeda ch\u1eefa v\u00e0 tr\u1ea3 l\u1ea1i h\u00e0ng t\u1ed1n k\u00e9m, l\u00e0m gi\u1ea3m l\u1ee3i nhu\u1eadn v\u00e0 l\u00f2ng tin c\u1ee7a kh\u00e1ch h\u00e0ng.<\/p>\n<h3>Ng\u0103n ch\u1eb7n ti\u1ebfng \u1ed3n<\/h3>\n<p>M\u00e1y n\u00e9n kh\u00ed truy\u1ec1n th\u1ed1ng th\u01b0\u1eddng t\u1ea1o ra ti\u1ebfng \u1ed3n qu\u00e1 m\u1ee9c, khi\u1ebfn ng\u01b0\u1eddi d\u00f9ng gia \u0111\u00ecnh v\u00e0 ng\u01b0\u1eddi ch\u1ebf t\u1ea1o trong m\u00f4i tr\u01b0\u1eddng gi\u00e1o d\u1ee5c ng\u1ea7n ng\u1ea1i s\u1eed d\u1ee5ng. H\u1ea1n ch\u1ebf n\u00e0y thu h\u1eb9p th\u1ecb tr\u01b0\u1eddng ti\u1ec1m n\u0103ng v\u00e0 l\u00e0m gi\u1ea3m \u0111\u00e1ng k\u1ec3 c\u01a1 h\u1ed9i b\u00e1n h\u00e0ng.<\/p>\n<h2>3. Gi\u1ea3i ph\u00e1p c\u1ee7a ch\u00fang t\u00f4i: \u0110\u1ecbnh ngh\u0129a l\u1ea1i d\u1ecbch v\u1ee5 h\u1ed7 tr\u1ee3 h\u00e0ng kh\u00f4ng \u201cchuy\u00ean nghi\u1ec7p\u201d.<\/h2>\n<h3>Thi\u1ebft k\u1ebf kh\u00f4ng d\u1ea7u, kh\u00f4ng n\u01b0\u1edbc<\/h3>\n<p>M\u00e1y b\u01a1m kh\u00ed c\u1ee7a ch\u00fang t\u00f4i \u0111\u1ea3m b\u1ea3o b\u1ea3o v\u1ec7 100% cho th\u1ea5u k\u00ednh laser, lo\u1ea1i b\u1ecf nhu c\u1ea7u b\u1ea3o tr\u00ec t\u1eeb ph\u00eda ng\u01b0\u1eddi d\u00f9ng cu\u1ed1i. Ho\u1ea1t \u0111\u1ed9ng \u0111\u01a1n gi\u1ea3n n\u00e0y kh\u00f4ng ch\u1ec9 ti\u1ebft ki\u1ec7m th\u1eddi gian m\u00e0 c\u00f2n n\u00e2ng cao tr\u1ea3i nghi\u1ec7m ng\u01b0\u1eddi d\u00f9ng.<\/p>\n<h3>C\u00f4ng ngh\u1ec7 si\u00eau y\u00ean t\u0129nh<\/h3>\n<p>\u0110\u01b0\u1ee3c thi\u1ebft k\u1ebf \u0111\u1eb7c bi\u1ec7t cho ph\u00f2ng thu trong nh\u00e0 v\u00e0 t\u1ea1i gia, m\u00e1y b\u01a1m kh\u00ed c\u1ee7a ch\u00fang t\u00f4i ho\u1ea1t \u0111\u1ed9ng v\u1edbi \u0111\u1ed9 \u1ed3n c\u1ef1c th\u1ea5p.<60dB). This feature significantly improves the user experience, allowing for a conducive working environment.<\/p>\n<h3>Hi\u1ec7u su\u1ea5t m\u1ea1nh m\u1ebd<\/h3>\n<p>V\u1edbi l\u01b0u l\u01b0\u1ee3ng \u1ed5n \u0111\u1ecbnh 30 l\u00edt\/ph\u00fat, m\u00e1y b\u01a1m kh\u00ed c\u1ee7a ch\u00fang t\u00f4i \u0111\u1ea3m b\u1ea3o c\u00e1c v\u1ebft c\u1eaft s\u1ea1ch s\u1ebd, kh\u00f4ng kh\u00f3i ngay c\u1ea3 khi l\u00e0m vi\u1ec7c v\u1edbi c\u00e1c v\u1eadt li\u1ec7u d\u00e0y nh\u01b0 g\u1ed7 c\u1ee9ng ho\u1eb7c acrylic. Hi\u1ec7u su\u1ea5t v\u01b0\u1ee3t tr\u1ed9i n\u00e0y gi\u00fap n\u00e2ng cao c\u1ea3 hi\u1ec7u qu\u1ea3 v\u00e0 ch\u1ea5t l\u01b0\u1ee3ng trong m\u1ecdi d\u1ef1 \u00e1n.<\/p>\n<h2>4. Kh\u1ea3 n\u0103ng t\u01b0\u01a1ng th\u00edch r\u1ed9ng r\u00e3i: Gi\u1ea3i ph\u00e1p tr\u1ecdn g\u00f3i<\/h2>\n<h3>Kh\u1ea3 n\u0103ng \u00e1p d\u1ee5ng r\u1ed9ng r\u00e3i<\/h3>\n<p>M\u00e1y b\u01a1m kh\u00ed n\u00e0y ho\u00e0n to\u00e0n ph\u00f9 h\u1ee3p v\u1edbi c\u00e1c m\u1eabu m\u00e1y ph\u1ed5 bi\u1ebfn tr\u00ean th\u1ecb tr\u01b0\u1eddng (m\u00e3 s\u1ea3n ph\u1ea9m 95%), bao g\u1ed3m xTool, Ortur, Atomstack v\u00e0 nhi\u1ec1u m\u00e1y c\u1eaft laser CO2 kh\u00e1c. T\u00ednh linh ho\u1ea1t n\u00e0y khi\u1ebfn n\u00f3 tr\u1edf th\u00e0nh l\u1ef1a ch\u1ecdn l\u00fd t\u01b0\u1edfng cho c\u00e1c doanh nghi\u1ec7p mu\u1ed1n t\u1ed1i \u01b0u h\u00f3a kho h\u00e0ng c\u1ee7a m\u00ecnh.<\/p>\n<h3>L\u1ee3i \u00edch d\u00e0nh cho nh\u00e0 ph\u00e2n ph\u1ed1i<\/h3>\n<p>Vi\u1ec7c cung c\u1ea5p m\u1ed9t m\u00e3 s\u1ea3n ph\u1ea9m duy nh\u1ea5t ph\u00f9 h\u1ee3p v\u1edbi nhi\u1ec1u lo\u1ea1i m\u00e1y gi\u00fap gi\u1ea3m \u0111\u00e1ng k\u1ec3 \u00e1p l\u1ef1c t\u1ed3n kho v\u00e0 s\u1ef1 ph\u1ee9c t\u1ea1p cho c\u00e1c nh\u00e0 ph\u00e2n ph\u1ed1i. L\u1ee3i th\u1ebf chi\u1ebfn l\u01b0\u1ee3c n\u00e0y cho ph\u00e9p qu\u1ea3n l\u00fd kho hi\u1ec7u qu\u1ea3 h\u01a1n v\u00e0 \u0111\u01a1n gi\u1ea3n h\u00f3a quy tr\u00ecnh mua s\u1eafm.<\/p>\n<h2>5. L\u1ee3i th\u1ebf c\u1ee7a chu\u1ed7i cung \u1ee9ng v\u00e0 quan h\u1ec7 \u0111\u1ed1i t\u00e1c<\/h2>\n<h3>S\u1ee9c m\u1ea1nh c\u1ee7a nh\u00e0 m\u00e1y<\/h3>\n<p>Ch\u00fang t\u00f4i \u00e1p d\u1ee5ng c\u00e1c quy tr\u00ecnh ki\u1ec3m so\u00e1t ch\u1ea5t l\u01b0\u1ee3ng nghi\u00eam ng\u1eb7t, \u0111\u1ea3m b\u1ea3o t\u1ef7 l\u1ec7 l\u1ed7i c\u1ef1c th\u1ea5p (<1%). This commitment to quality translates into savings on return logistics and boosts customer confidence in your offerings.<\/p>\n<h3>D\u1ecbch v\u1ee5 t\u00f9y ch\u1ec9nh (OEM\/ODM)<\/h3>\n<p>Ch\u00fang t\u00f4i h\u1ed7 tr\u1ee3 t\u00f9y ch\u1ec9nh logo th\u01b0\u01a1ng hi\u1ec7u, thi\u1ebft k\u1ebf bao b\u00ec v\u00e0 nhi\u1ec1u th\u00f4ng s\u1ed1 k\u1ef9 thu\u1eadt ph\u00edch c\u1eafm kh\u00e1c nhau, gi\u00fap b\u1ea1n x\u00e2y d\u1ef1ng b\u1ea3n s\u1eafc th\u01b0\u01a1ng hi\u1ec7u \u0111\u1ed9c \u0111\u00e1o c\u1ee7a ri\u00eang m\u00ecnh m\u1ed9t c\u00e1ch li\u1ec1n m\u1ea1ch.<\/p>\n<h3>H\u1ed7 tr\u1ee3 sau b\u00e1n h\u00e0ng<\/h3>\n<p>Kh\u1ea3 n\u0103ng ph\u1ea3n h\u1ed3i k\u1ef9 thu\u1eadt nhanh ch\u00f3ng v\u00e0 cung c\u1ea5p ph\u1ee5 t\u00f9ng thay th\u1ebf c\u1ee7a ch\u00fang t\u00f4i \u0111\u1ea3m b\u1ea3o b\u1ea1n nh\u1eadn \u0111\u01b0\u1ee3c s\u1ef1 h\u1ed7 tr\u1ee3 c\u1ea7n thi\u1ebft k\u1ecbp th\u1eddi, t\u1eeb \u0111\u00f3 th\u00fac \u0111\u1ea9y m\u1ed1i quan h\u1ec7 l\u00e2u d\u00e0i v\u1edbi kh\u00e1ch h\u00e0ng c\u1ee7a b\u1ea1n.<\/p>\n<h2>6. K\u1ebft lu\u1eadn v\u00e0 L\u1eddi k\u00eau g\u1ecdi h\u00e0nh \u0111\u1ed9ng (CTA)<\/h2>\n<p>\u0110\u1eebng \u0111\u1ec3 ph\u1ee5 ki\u1ec7n k\u00e9m ch\u1ea5t l\u01b0\u1ee3ng l\u00e0m \u1ea3nh h\u01b0\u1edfng \u0111\u1ebfn danh ti\u1ebfng c\u1ee7a m\u00e1y m\u00f3c cao c\u1ea5p c\u1ee7a b\u1ea1n. H\u00e3y ch\u1ecdn m\u00e1y b\u01a1m kh\u00ed ph\u00f9 h\u1ee3p v\u1edbi ch\u1ea5t l\u01b0\u1ee3ng thi\u1ebft b\u1ecb c\u1ee7a b\u1ea1n. Li\u00ean h\u1ec7 v\u1edbi ch\u00fang t\u00f4i ngay h\u00f4m nay \u0111\u1ec3 y\u00eau c\u1ea7u ki\u1ec3m tra m\u1eabu ho\u1eb7c nh\u1eadn b\u1ea3ng gi\u00e1 b\u00e1n bu\u00f4n B2B m\u1edbi nh\u1ea5t. Truy c\u1eadp <a href=\"https:\/\/aircompressorforlasercutter.com\/vi\/lien-he-voi-chung-toi\/\">trang li\u00ean h\u1ec7 c\u1ee7a ch\u00fang t\u00f4i<\/a> \u0110\u1ec3 bi\u1ebft th\u00eam th\u00f4ng tin.<\/p>","protected":false},"excerpt":{"rendered":"<p>Quiet Air Pump for OmTech 60W CO2 Laser: The Unsung Hero of Laser Cutting 1. Background: The Overlooked Essential In the realm of laser engraving and cutting, most buyers invest significantly in high-quality laser machines, often overlooking a crucial accessory??the air pump. While the laser cutter is undoubtedly the star of the show, the air [&hellip;]<\/p>","protected":false},"featured_media":454,"comment_status":"open","ping_status":"closed","template":"","meta":{"_et_pb_use_builder":"","_et_pb_old_content":"","_et_gb_content_width":""},"product_brand":[],"product_cat":[1093],"product_tag":[1095],"class_list":{"0":"post-466","1":"product","2":"type-product","3":"status-publish","4":"has-post-thumbnail","6":"product_cat-air-compressor-for-laser-cutter","7":"product_tag-air-compressor-for-laser-cutter-price","9":"first","10":"instock","11":"shipping-taxable","12":"product-type-simple"},"_links":{"self":[{"href":"https:\/\/aircompressorforlasercutter.com\/vi\/wp-json\/wp\/v2\/product\/466","targetHints":{"allow":["GET"]}}],"collection":[{"href":"https:\/\/aircompressorforlasercutter.com\/vi\/wp-json\/wp\/v2\/product"}],"about":[{"href":"https:\/\/aircompressorforlasercutter.com\/vi\/wp-json\/wp\/v2\/types\/product"}],"replies":[{"embeddable":true,"href":"https:\/\/aircompressorforlasercutter.com\/vi\/wp-json\/wp\/v2\/comments?post=466"}],"wp:featuredmedia":[{"embeddable":true,"href":"https:\/\/aircompressorforlasercutter.com\/vi\/wp-json\/wp\/v2\/media\/454"}],"wp:attachment":[{"href":"https:\/\/aircompressorforlasercutter.com\/vi\/wp-json\/wp\/v2\/media?parent=466"}],"wp:term":[{"taxonomy":"product_brand","embeddable":true,"href":"https:\/\/aircompressorforlasercutter.com\/vi\/wp-json\/wp\/v2\/product_brand?post=466"},{"taxonomy":"product_cat","embeddable":true,"href":"https:\/\/aircompressorforlasercutter.com\/vi\/wp-json\/wp\/v2\/product_cat?post=466"},{"taxonomy":"product_tag","embeddable":true,"href":"https:\/\/aircompressorforlasercutter.com\/vi\/wp-json\/wp\/v2\/product_tag?post=466"}],"curies":[{"name":"wp","href":"https:\/\/api.w.org\/{rel}","templated":true}]}}