{"id":467,"date":"2026-01-14T08:26:17","date_gmt":"2026-01-14T08:26:17","guid":{"rendered":"https:\/\/aircompressorforlasercutter.com\/product\/air-compressor-for-neje-master-2s-max\/"},"modified":"2026-01-14T08:47:11","modified_gmt":"2026-01-14T08:47:11","slug":"air-compressor-for-neje-master-2s-max","status":"publish","type":"product","link":"https:\/\/aircompressorforlasercutter.com\/vi\/san-pham\/may-nen-khi-cho-may-nen-khi-neje-master-2s-max\/","title":{"rendered":"M\u00e1y n\u00e9n kh\u00ed cho NEJE Master 2S Max"},"content":{"rendered":"<h1>M\u00e1y n\u00e9n kh\u00ed cho m\u00e1y c\u1eaft NEJE Master 2S Max: Ng\u01b0\u1eddi h\u00f9ng th\u1ea7m l\u1eb7ng \u0111\u1eb1ng sau \u0111\u1ed9 ch\u00ednh x\u00e1c c\u1ee7a vi\u1ec7c c\u1eaft.<\/h1>\n<h2>1. B\u1ed1i c\u1ea3nh: Th\u00e0nh ph\u1ea7n b\u1ecb b\u1ecf qua<\/h2>\n<p>Th\u1ecb tr\u01b0\u1eddng kh\u1eafc laser \u0111\u00e3 ch\u1ee9ng ki\u1ebfn \u200b\u200bs\u1ef1 t\u0103ng tr\u01b0\u1edfng \u0111\u00e1ng k\u1ec3 v\u1ec1 nhu c\u1ea7u, v\u1edbi vi\u1ec7c ng\u01b0\u1eddi mua \u0111\u1ea7u t\u01b0 m\u1ea1nh v\u00e0o c\u00e1c m\u00e1y c\u1eaft laser cao c\u1ea5p nh\u01b0 NEJE Master 2S Max. Tuy nhi\u00ean, m\u1ed9t b\u1ed9 ph\u1eadn quan tr\u1ecdng th\u01b0\u1eddng b\u1ecb b\u1ecf qua l\u00e0 m\u00e1y n\u00e9n kh\u00ed. Trong khi kh\u00e1ch h\u00e0ng t\u1eadp trung v\u00e0o th\u00f4ng s\u1ed1 k\u1ef9 thu\u1eadt v\u00e0 kh\u1ea3 n\u0103ng c\u1ee7a m\u00e1y laser, h\u1ecd th\u01b0\u1eddng b\u1ecf qua t\u1ea7m quan tr\u1ecdng c\u1ee7a m\u1ed9t m\u00e1y b\u01a1m kh\u00ed hi\u1ec7u qu\u1ea3. S\u1ef1 thi\u1ebfu s\u00f3t n\u00e0y c\u00f3 th\u1ec3 d\u1eabn \u0111\u1ebfn hi\u1ec7u su\u1ea5t k\u00e9m v\u00e0 tu\u1ed5i th\u1ecd ng\u1eafn h\u01a1n cho thi\u1ebft b\u1ecb c\u1ee7a h\u1ecd.<\/p>\n<h2>Lu\u1eadn \u0111i\u1ec3m ch\u00ednh: H\u1ec7 th\u1ed1ng h\u1ed7 tr\u1ee3 kh\u00ed n\u00e9n kh\u00f4ng ch\u1ec9 l\u00e0 m\u1ed9t ph\u1ee5 ki\u1ec7n.<\/h2>\n<p>T\u00ednh n\u0103ng h\u1ed7 tr\u1ee3 kh\u00ed n\u00e9n r\u1ea5t quan tr\u1ecdng, v\u00ec n\u00f3 \u1ea3nh h\u01b0\u1edfng tr\u1ef1c ti\u1ebfp \u0111\u1ebfn c\u1ea3 ch\u1ea5t l\u01b0\u1ee3ng c\u1eaft v\u00e0 tu\u1ed5i th\u1ecd c\u1ee7a m\u00e1y laser. \u0110\u1ed1i v\u1edbi kh\u00e1ch h\u00e0ng B2B, vi\u1ec7c l\u1ef1a ch\u1ecdn m\u00e1y n\u00e9n kh\u00ed ch\u1ea5t l\u01b0\u1ee3ng cao s\u1ebd d\u1eabn \u0111\u1ebfn \u00edt khi\u1ebfu n\u1ea1i h\u01a1n v\u1ec1 c\u00e1c v\u1ea5n \u0111\u1ec1 nh\u01b0 \"c\u1eaft kh\u00f4ng ho\u00e0n ch\u1ec9nh\" ho\u1eb7c \"l\u00e0m h\u1ecfng th\u1ea5u k\u00ednh\". \u0110i\u1ec1u n\u00e0y, \u0111\u1ebfn l\u01b0\u1ee3t n\u00f3, th\u00fac \u0111\u1ea9y t\u1ef7 l\u1ec7 gi\u1eef ch\u00e2n kh\u00e1ch h\u00e0ng cao h\u01a1n v\u00e0 t\u0103ng c\u01b0\u1eddng l\u00f2ng trung th\u00e0nh v\u1edbi th\u01b0\u01a1ng hi\u1ec7u.<\/p>\n<h2>2. Ph\u00e2n t\u00edch \u0111i\u1ec3m kh\u00f3 kh\u0103n: Chi ph\u00ed \u1ea9n c\u1ee7a m\u00e1y b\u01a1m h\u01a1i gi\u00e1 r\u1ebb<\/h2>\n<h3>Ch\u1ea5t l\u01b0\u1ee3ng c\u1eaft kh\u00f4ng \u0111\u1ea1t y\u00eau c\u1ea7u<\/h3>\n<p>Vi\u1ec7c s\u1eed d\u1ee5ng b\u01a1m kh\u00ed gi\u00e1 r\u1ebb c\u00f3 th\u1ec3 \u1ea3nh h\u01b0\u1edfng nghi\u00eam tr\u1ecdng \u0111\u1ebfn ch\u1ea5t l\u01b0\u1ee3ng c\u1eaft. Lu\u1ed3ng kh\u00ed kh\u00f4ng \u1ed5n \u0111\u1ecbnh d\u1eabn \u0111\u1ebfn c\u00e1c c\u1ea1nh b\u1ecb ch\u00e1y x\u00e9m tr\u00ean v\u1eadt li\u1ec7u, l\u00e0m gi\u1ea3m t\u00ednh th\u1ea9m m\u1ef9 c\u1ee7a s\u1ea3n ph\u1ea9m cu\u1ed1i c\u00f9ng. Khi s\u1ea3n ph\u1ea9m kh\u00f4ng \u0111\u00e1p \u1ee9ng \u0111\u01b0\u1ee3c k\u1ef3 v\u1ecdng, kh\u00e1ch h\u00e0ng c\u00f3 th\u1ec3 t\u00ecm \u0111\u1ebfn nh\u00e0 cung c\u1ea5p kh\u00e1c, d\u1eabn \u0111\u1ebfn vi\u1ec7c b\u1ea1n m\u1ea5t kh\u00e1ch h\u00e0ng.<\/p>\n<h3>Nguy c\u01a1 h\u01b0 h\u1ecfng thi\u1ebft b\u1ecb<\/h3>\n<p>C\u00e1c lo\u1ea1i b\u01a1m kh\u00ed k\u00e9m ch\u1ea5t l\u01b0\u1ee3ng, \u0111\u1eb7c bi\u1ec7t l\u00e0 nh\u1eefng lo\u1ea1i c\u00f3 ch\u1ee9a d\u1ea7u, c\u00f3 th\u1ec3 th\u1ea3i ra s\u01b0\u01a1ng d\u1ea7u ho\u1eb7c h\u01a1i \u1ea9m, l\u00e0m \u00f4 nhi\u1ec5m th\u1ea5u k\u00ednh laser. S\u1ef1 \u00f4 nhi\u1ec5m n\u00e0y c\u00f3 th\u1ec3 d\u1eabn \u0111\u1ebfn chi ph\u00ed s\u1eeda ch\u1eefa v\u00e0 tr\u1ea3 l\u1ea1i h\u00e0ng t\u1ed1n k\u00e9m, kh\u00f4ng ch\u1ec9 l\u00e0m hao ph\u00ed ngu\u1ed3n l\u1ef1c m\u00e0 c\u00f2n l\u00e0m t\u1ed5n h\u1ea1i \u0111\u1ebfn uy t\u00edn th\u01b0\u01a1ng hi\u1ec7u c\u1ee7a b\u1ea1n.<\/p>\n<h3>Ng\u0103n ch\u1eb7n ti\u1ebfng \u1ed3n<\/h3>\n<p>M\u00e1y n\u00e9n kh\u00ed truy\u1ec1n th\u1ed1ng n\u1ed5i ti\u1ebfng v\u1edbi ti\u1ebfng \u1ed3n l\u1edbn khi ho\u1ea1t \u0111\u1ed9ng, \u0111i\u1ec1u n\u00e0y c\u00f3 th\u1ec3 khi\u1ebfn ng\u01b0\u1eddi d\u00f9ng gia \u0111\u00ecnh v\u00e0 c\u00e1c kh\u00f4ng gian ch\u1ebf t\u1ea1o trong gi\u00e1o d\u1ee5c ng\u1ea7n ng\u1ea1i s\u1eed d\u1ee5ng c\u00f4ng ngh\u1ec7 c\u1eaft laser. H\u1ea1n ch\u1ebf n\u00e0y c\u00f3 th\u1ec3 l\u00e0m gi\u1ea3m \u0111\u00e1ng k\u1ec3 ph\u1ea1m vi ti\u1ebfp c\u1eadn th\u1ecb tr\u01b0\u1eddng v\u00e0 ti\u1ec1m n\u0103ng b\u00e1n h\u00e0ng c\u1ee7a b\u1ea1n.<\/p>\n<h2>3. Gi\u1ea3i ph\u00e1p c\u1ee7a ch\u00fang t\u00f4i: \u0110\u1ecbnh ngh\u0129a l\u1ea1i d\u1ecbch v\u1ee5 h\u1ed7 tr\u1ee3 h\u00e0ng kh\u00f4ng chuy\u00ean nghi\u1ec7p<\/h2>\n<h3>Thi\u1ebft k\u1ebf kh\u00f4ng d\u1ea7u, kh\u00f4ng n\u01b0\u1edbc<\/h3>\n<p>M\u00e1y n\u00e9n kh\u00ed c\u1ee7a ch\u00fang t\u00f4i c\u00f3 thi\u1ebft k\u1ebf kh\u00f4ng d\u1ea7u v\u00e0 kh\u00f4ng n\u01b0\u1edbc 100%, \u0111\u1ea3m b\u1ea3o b\u1ea3o v\u1ec7 ho\u00e0n to\u00e0n cho th\u1ea5u k\u00ednh laser. Ng\u01b0\u1eddi d\u00f9ng \u0111\u01b0\u1ee3c h\u01b0\u1edfng l\u1ee3i t\u1eeb ho\u1ea1t \u0111\u1ed9ng d\u1ec5 d\u00e0ng, gi\u1ea3m nhu c\u1ea7u b\u1ea3o tr\u00ec th\u01b0\u1eddng xuy\u00ean v\u00e0 cho ph\u00e9p h\u1ecd t\u1eadp trung v\u00e0o c\u00e1c d\u1ef1 \u00e1n c\u1ee7a m\u00ecnh.<\/p>\n<h3>C\u00f4ng ngh\u1ec7 si\u00eau y\u00ean t\u0129nh<\/h3>\n<p>\u0110\u01b0\u1ee3c thi\u1ebft k\u1ebf \u0111\u1eb7c bi\u1ec7t cho vi\u1ec7c s\u1eed d\u1ee5ng t\u1ea1i nh\u00e0 v\u00e0 ph\u00f2ng thu, m\u00e1y n\u00e9n \u00e2m c\u1ee7a ch\u00fang t\u00f4i duy tr\u00ec m\u1ee9c \u0111\u1ed9 ti\u1ebfng \u1ed3n d\u01b0\u1edbi 60dB. S\u1ef1 c\u1ea3i ti\u1ebfn n\u00e0y gi\u00fap n\u00e2ng cao \u0111\u00e1ng k\u1ec3 tr\u1ea3i nghi\u1ec7m ng\u01b0\u1eddi d\u00f9ng, l\u00e0m cho n\u00f3 ph\u00f9 h\u1ee3p v\u1edbi m\u00f4i tr\u01b0\u1eddng gi\u00e1o d\u1ee5c v\u00e0 DIY m\u00e0 kh\u00f4ng g\u00e2y ra ti\u1ebfng \u1ed3n n\u1ec1n kh\u00f3 ch\u1ecbu.<\/p>\n<h3>Hi\u1ec7u su\u1ea5t m\u1ea1nh m\u1ebd<\/h3>\n<p>V\u1edbi l\u01b0u l\u01b0\u1ee3ng kh\u00ed \u1ed5n \u0111\u1ecbnh 30 l\u00edt\/ph\u00fat, m\u00e1y n\u00e9n kh\u00ed c\u1ee7a ch\u00fang t\u00f4i \u0111\u1ea3m b\u1ea3o c\u00e1c v\u1ebft c\u1eaft s\u1ea1ch s\u1ebd, kh\u00f4ng \u0111\u1ec3 l\u1ea1i c\u1eb7n, ngay c\u1ea3 khi l\u00e0m vi\u1ec7c v\u1edbi c\u00e1c v\u1eadt li\u1ec7u d\u00e0y h\u01a1n nh\u01b0 v\u00e1n \u00e9p ho\u1eb7c acrylic. \u0110\u1ed9 tin c\u1eady n\u00e0y th\u00fac \u0111\u1ea9y ch\u1ea5t l\u01b0\u1ee3ng s\u1ea3n ph\u1ea9m cao h\u01a1n, \u0111\u1ea3m b\u1ea3o s\u1ef1 h\u00e0i l\u00f2ng c\u1ee7a kh\u00e1ch h\u00e0ng v\u00e0 thu h\u00fat kh\u00e1ch h\u00e0ng quay l\u1ea1i.<\/p>\n<h2>4. Kh\u1ea3 n\u0103ng t\u01b0\u01a1ng th\u00edch r\u1ed9ng r\u00e3i: Gi\u1ea3i ph\u00e1p tr\u1ecdn g\u00f3i<\/h2>\n<h3>\u1ee8ng d\u1ee5ng r\u1ed9ng r\u00e3i<\/h3>\n<p>M\u00e1y n\u00e9n kh\u00ed c\u1ee7a ch\u00fang t\u00f4i \u0111\u01b0\u1ee3c thi\u1ebft k\u1ebf \u0111\u1ec3 t\u01b0\u01a1ng th\u00edch v\u1edbi model 95% c\u1ee7a c\u00e1c m\u00e1y kh\u1eafc laser ph\u1ed5 bi\u1ebfn tr\u00ean th\u1ecb tr\u01b0\u1eddng, bao g\u1ed3m c\u00e1c th\u01b0\u01a1ng hi\u1ec7u nh\u01b0 xTool, Ortur, Atomstack v\u00e0 nhi\u1ec1u m\u1eabu m\u00e1y laser CO2 kh\u00e1c nhau. Kh\u1ea3 n\u0103ng t\u01b0\u01a1ng th\u00edch n\u00e0y gi\u00fap \u0111\u01a1n gi\u1ea3n h\u00f3a vi\u1ec7c qu\u1ea3n l\u00fd kho h\u00e0ng cho c\u00e1c nh\u00e0 ph\u00e2n ph\u1ed1i.<\/p>\n<h3>L\u1ee3i \u00edch d\u00e0nh cho nh\u00e0 ph\u00e2n ph\u1ed1i<\/h3>\n<p>B\u1eb1ng c\u00e1ch cung c\u1ea5p m\u1ed9t m\u00e3 s\u1ea3n ph\u1ea9m duy nh\u1ea5t t\u01b0\u01a1ng th\u00edch v\u1edbi nhi\u1ec1u lo\u1ea1i m\u00e1y, b\u1ea1n c\u00f3 th\u1ec3 gi\u1ea3m \u0111\u00e1ng k\u1ec3 \u00e1p l\u1ef1c t\u1ed3n kho v\u00e0 \u0111\u01a1n gi\u1ea3n h\u00f3a qu\u00e1 tr\u00ecnh nh\u1eadp h\u00e0ng, t\u1eeb \u0111\u00f3 n\u00e2ng cao hi\u1ec7u qu\u1ea3 ho\u1ea1t \u0111\u1ed9ng.<\/p>\n<h2>5. L\u1ee3i th\u1ebf v\u1ec1 chu\u1ed7i cung \u1ee9ng v\u00e0 h\u1ee3p t\u00e1c<\/h2>\n<h3>S\u1ee9c m\u1ea1nh c\u1ee7a nh\u00e0 m\u00e1y<\/h3>\n<p>Ch\u00fang t\u00f4i t\u1ef1 h\u00e0o v\u1ec1 quy tr\u00ecnh ki\u1ec3m so\u00e1t ch\u1ea5t l\u01b0\u1ee3ng nghi\u00eam ng\u1eb7t, \u0111\u1ea3m b\u1ea3o t\u1ef7 l\u1ec7 l\u1ed7i c\u1ef1c th\u1ea5p, d\u01b0\u1edbi 11%,3%. S\u1ef1 ch\u00fa tr\u1ecdng t\u1ec9 m\u1ec9 \u0111\u1ebfn t\u1eebng chi ti\u1ebft n\u00e0y gi\u00fap gi\u1ea3m thi\u1ec3u chi ph\u00ed v\u1eadn chuy\u1ec3n li\u00ean quan \u0111\u1ebfn vi\u1ec7c tr\u1ea3 l\u1ea1i v\u00e0 \u0111\u1ed5i h\u00e0ng, t\u1eeb \u0111\u00f3 b\u1ea3o v\u1ec7 l\u1ee3i nhu\u1eadn c\u1ee7a b\u1ea1n.<\/p>\n<h3>D\u1ecbch v\u1ee5 t\u00f9y ch\u1ec9nh (OEM\/ODM)<\/h3>\n<p>Ch\u00fang t\u00f4i cung c\u1ea5p c\u00e1c d\u1ecbch v\u1ee5 t\u00f9y ch\u1ec9nh, bao g\u1ed3m x\u00e2y d\u1ef1ng th\u01b0\u01a1ng hi\u1ec7u v\u1edbi logo c\u1ee7a b\u1ea1n, thi\u1ebft k\u1ebf bao b\u00ec ri\u00eang v\u00e0 th\u00f4ng s\u1ed1 k\u1ef9 thu\u1eadt cho c\u00e1c lo\u1ea1i ph\u00edch c\u1eafm kh\u00e1c nhau. S\u1ef1 linh ho\u1ea1t n\u00e0y cho ph\u00e9p b\u1ea1n x\u00e2y d\u1ef1ng v\u00e0 qu\u1ea3ng b\u00e1 th\u01b0\u01a1ng hi\u1ec7u m\u1ed9t c\u00e1ch hi\u1ec7u qu\u1ea3 t\u1ea1i nhi\u1ec1u th\u1ecb tr\u01b0\u1eddng kh\u00e1c nhau.<\/p>\n<h3>H\u1ed7 tr\u1ee3 sau b\u00e1n h\u00e0ng<\/h3>\n<p>Cam k\u1ebft c\u1ee7a ch\u00fang t\u00f4i \u0111\u1ed1i v\u1edbi d\u1ecbch v\u1ee5 kh\u00e1ch h\u00e0ng bao g\u1ed3m ph\u1ea3n h\u1ed3i k\u1ef9 thu\u1eadt nhanh ch\u00f3ng v\u00e0 cung c\u1ea5p ph\u1ee5 t\u00f9ng thay th\u1ebf hi\u1ec7u qu\u1ea3, \u0111\u1ea3m b\u1ea3o ho\u1ea1t \u0111\u1ed9ng c\u1ee7a b\u1ea1n di\u1ec5n ra su\u00f4n s\u1ebb m\u00e0 kh\u00f4ng b\u1ecb gi\u00e1n \u0111o\u1ea1n kh\u00f4ng c\u1ea7n thi\u1ebft.<\/p>\n<h2>6. K\u1ebft lu\u1eadn v\u00e0 l\u1eddi k\u00eau g\u1ecdi h\u00e0nh \u0111\u1ed9ng<\/h2>\n<p>\u0110\u1eebng \u0111\u1ec3 c\u00e1c linh ki\u1ec7n k\u00e9m ch\u1ea5t l\u01b0\u1ee3ng l\u00e0m \u1ea3nh h\u01b0\u1edfng \u0111\u1ebfn danh ti\u1ebfng v\u1ec1 ch\u1ea5t l\u01b0\u1ee3ng c\u1ee7a c\u00e1c m\u00e1y m\u00f3c cao c\u1ea5p c\u1ee7a b\u1ea1n. H\u00e3y ch\u1ecdn m\u00e1y n\u00e9n kh\u00ed ph\u00f9 h\u1ee3p v\u1edbi \u0111\u1eb3ng c\u1ea5p thi\u1ebft b\u1ecb c\u1ee7a b\u1ea1n. Li\u00ean h\u1ec7 v\u1edbi ch\u00fang t\u00f4i ngay h\u00f4m nay \u0111\u1ec3 y\u00eau c\u1ea7u m\u1eabu th\u1eed nghi\u1ec7m ho\u1eb7c \u0111\u1ec3 nh\u1eadn \u0111\u01b0\u1ee3c gi\u00e1 b\u00e1n bu\u00f4n B2B m\u1edbi nh\u1ea5t b\u1eb1ng c\u00e1ch truy c\u1eadp trang web c\u1ee7a ch\u00fang t\u00f4i. <a href=\"https:\/\/aircompressorforlasercutter.com\/vi\/lien-he-voi-chung-toi\/\">li\u00ean k\u1ebft n\u00e0y<\/a>.<\/p>","protected":false},"excerpt":{"rendered":"<p>Air Compressor for NEJE Master 2S Max: The Unsung Hero Behind Precision Cutting 1. Background: The Overlooked Component The laser engraving market has seen a significant uptick in demand, with buyers investing heavily in top-tier laser cutting machines such as the NEJE Master 2S Max. However, a critical component often overlooked is the air compressor. [&hellip;]<\/p>","protected":false},"featured_media":455,"comment_status":"open","ping_status":"closed","template":"","meta":{"_et_pb_use_builder":"","_et_pb_old_content":"","_et_gb_content_width":""},"product_brand":[],"product_cat":[1093],"product_tag":[1096],"class_list":{"0":"post-467","1":"product","2":"type-product","3":"status-publish","4":"has-post-thumbnail","6":"product_cat-air-compressor-for-laser-cutter","7":"product_tag-air-compressor-for-laser-cutter-cost","9":"first","10":"instock","11":"shipping-taxable","12":"product-type-simple"},"_links":{"self":[{"href":"https:\/\/aircompressorforlasercutter.com\/vi\/wp-json\/wp\/v2\/product\/467","targetHints":{"allow":["GET"]}}],"collection":[{"href":"https:\/\/aircompressorforlasercutter.com\/vi\/wp-json\/wp\/v2\/product"}],"about":[{"href":"https:\/\/aircompressorforlasercutter.com\/vi\/wp-json\/wp\/v2\/types\/product"}],"replies":[{"embeddable":true,"href":"https:\/\/aircompressorforlasercutter.com\/vi\/wp-json\/wp\/v2\/comments?post=467"}],"wp:featuredmedia":[{"embeddable":true,"href":"https:\/\/aircompressorforlasercutter.com\/vi\/wp-json\/wp\/v2\/media\/455"}],"wp:attachment":[{"href":"https:\/\/aircompressorforlasercutter.com\/vi\/wp-json\/wp\/v2\/media?parent=467"}],"wp:term":[{"taxonomy":"product_brand","embeddable":true,"href":"https:\/\/aircompressorforlasercutter.com\/vi\/wp-json\/wp\/v2\/product_brand?post=467"},{"taxonomy":"product_cat","embeddable":true,"href":"https:\/\/aircompressorforlasercutter.com\/vi\/wp-json\/wp\/v2\/product_cat?post=467"},{"taxonomy":"product_tag","embeddable":true,"href":"https:\/\/aircompressorforlasercutter.com\/vi\/wp-json\/wp\/v2\/product_tag?post=467"}],"curies":[{"name":"wp","href":"https:\/\/api.w.org\/{rel}","templated":true}]}}